{"id":10051,"date":"2020-03-05T10:33:33","date_gmt":"2020-03-06T09:18:27","guid":{"rendered":"https:\/\/meditex.ee\/?post_type=product&#038;p=10051"},"modified":"2021-10-06T14:08:11","modified_gmt":"2021-10-06T14:08:11","slug":"nordicare-sandra","status":"publish","type":"product","link":"https:\/\/meditex.ee\/fi\/tuote\/nordicare-sandra\/","title":{"rendered":"NordiCare Sandra"},"content":{"rendered":"<div class=\"row\"  id=\"row-568839123\">\n\n\t<div id=\"col-971266558\" class=\"col medium-4 small-12 large-4\"  >\n\t\t\t\t<div class=\"col-inner\"  >\n\t\t\t\n\t\t\t\n\t\t<\/div>\n\t\t\t\t\t<\/div>\n\n\t\n\n\t<div id=\"col-658734384\" class=\"col medium-4 small-12 large-4\"  >\n\t\t\t\t<div class=\"col-inner\"  >\n\t\t\t\n\t\t\t\n\t\t<\/div>\n\t\t\t\t\t<\/div>\n\n\t\n\n\t<div id=\"col-1423126916\" class=\"col medium-4 small-12 large-4\"  >\n\t\t\t\t<div class=\"col-inner text-right\"  >\n\t\t\t\n\t\t\t\n\t<div class=\"img has-hover x md-x lg-x y md-y lg-y\" id=\"image_1383973497\">\n\t\t\t\t\t\t\t\t<div class=\"img-inner dark\" >\n\t\t\t<img decoding=\"async\" width=\"488\" height=\"154\" src=\"https:\/\/meditex.ee\/wp-content\/uploads\/2020\/03\/nordicare_logo.png\" class=\"attachment-large size-large\" alt=\"\" \/>\t\t\t\t\t\t\n\t\t\t\t\t<\/div>\n\t\t\t\t\t\t\t\t\n<style>\n#image_1383973497 {\n  width: 55%;\n}\n<\/style>\n\t<\/div>\n\t\n\t\t<\/div>\n\t\t\t\t\t<\/div>\n\n\t\n<\/div>\n<p class=\"Standard\" style=\"text-align: left;\"><span style=\"color: #000000;\"><span class=\"TextRun SCXW46156099 BCX0\" lang=\"FI\" xml:lang=\"FI\" data-contrast=\"auto\"><span class=\"NormalTextRun SCXW46156099 BCX0\" data-ccp-parastyle=\"Standard\">Tukevat<\/span><\/span><span class=\"TextRun SCXW46156099 BCX0\" lang=\"FI\" xml:lang=\"FI\" data-contrast=\"auto\"><span class=\"NormalTextRun SCXW46156099 BCX0\" data-ccp-parastyle=\"Standard\">\u00a0ja<\/span><\/span><span class=\"TextRun SCXW46156099 BCX0\" lang=\"FI\" xml:lang=\"FI\" data-contrast=\"auto\"><span class=\"NormalTextRun SCXW46156099 BCX0\" data-ccp-parastyle=\"Standard\">\u00a0<\/span><\/span><span class=\"TextRun SCXW46156099 BCX0\" lang=\"FI\" xml:lang=\"FI\" data-contrast=\"auto\"><span class=\"NormalTextRun SCXW46156099 BCX0\" data-ccp-parastyle=\"Standard\">mukavat saumattomat\u00a0<\/span><\/span><span class=\"TextRun SCXW46156099 BCX0\" lang=\"FI\" xml:lang=\"FI\" data-contrast=\"auto\"><span class=\"NormalTextRun SCXW46156099 BCX0\" data-ccp-parastyle=\"Standard\">operaation j\u00e4lkeiset<\/span><\/span><span class=\"TextRun SCXW46156099 BCX0\" lang=\"FI\" xml:lang=\"FI\" data-contrast=\"auto\"><span class=\"NormalTextRun SCXW46156099 BCX0\" data-ccp-parastyle=\"Standard\">\u00a0rintaliivit\/proteesirintaliivit. Tyylik\u00e4s muotoilu syv\u00e4ll\u00e4 p\u00e4\u00e4ntiell\u00e4. Sopii k\u00e4ytett\u00e4v\u00e4ksi rintaleikkauksen yhteydess\u00e4, koska neulottu, eritt\u00e4in pehme\u00e4 materiaali suojaa herkk\u00e4\u00e4 ihoa. Sopii my\u00f6s toisen vaiheen rintaliiv<\/span><\/span><span class=\"TextRun SCXW46156099 BCX0\" lang=\"FI\" xml:lang=\"FI\" data-contrast=\"auto\"><span class=\"NormalTextRun SCXW46156099 BCX0\" data-ccp-parastyle=\"Standard\">eiksi\u00a0<\/span><\/span><span class=\"TextRun SCXW46156099 BCX0\" lang=\"FI\" xml:lang=\"FI\" data-contrast=\"auto\"><span class=\"NormalTextRun SCXW46156099 BCX0\" data-ccp-parastyle=\"Standard\">leikkauksen j\u00e4lkeen tai\u00a0<\/span><\/span><span class=\"TextRun SCXW46156099 BCX0\" lang=\"FI\" xml:lang=\"FI\" data-contrast=\"auto\"><span class=\"NormalTextRun SCXW46156099 BCX0\" data-ccp-parastyle=\"Standard\">pehme\u00e4proteesirintaliiv<\/span><\/span><span class=\"TextRun SCXW46156099 BCX0\" lang=\"FI\" xml:lang=\"FI\" data-contrast=\"auto\"><span class=\"NormalTextRun SCXW46156099 BCX0\" data-ccp-parastyle=\"Standard\">eiksi<\/span><\/span><span class=\"TextRun SCXW46156099 BCX0\" lang=\"FI\" xml:lang=\"FI\" data-contrast=\"auto\"><span class=\"NormalTextRun SCXW46156099 BCX0\" data-ccp-parastyle=\"Standard\">.<\/span><\/span><\/span><\/p>\n<p style=\"text-align: left;\"><span style=\"color: #000000;\"><strong>V\u00e4ri:<\/strong> musta.<\/span><\/p>\n<p style=\"text-align: left;\"><span style=\"color: #000000;\"><strong>Saatavana koot:<\/strong> pieni kuppi (A-C) S-2XL iso kuppi (D-F) S-2XL.<\/span><\/p>\n<p style=\"text-align: left;\"><span style=\"color: #000000; font-size: 85%;\">NB! Jos etsim\u00e4\u00e4si kokoa ei ole saatavilla kaupassa, ota meihin yhteytt\u00e4.<\/span><\/p>\n<p style=\"text-align: left;\"><span style=\"color: #000000;\">Kokotaulukko, jossa Cup Size = kuppin koko<\/span><\/p>\n\t<div class=\"img has-hover x md-x lg-x y md-y lg-y\" id=\"image_686175341\">\n\t\t\t\t\t\t\t\t<div class=\"img-inner dark\" >\n\t\t\t<img decoding=\"async\" width=\"500\" height=\"177\" src=\"https:\/\/meditex.ee\/wp-content\/uploads\/2020\/03\/unnamed.png\" class=\"attachment-large size-large\" alt=\"\" \/>\t\t\t\t\t\t\n\t\t\t\t\t<\/div>\n\t\t\t\t\t\t\t\t\n<style>\n#image_686175341 {\n  width: 50%;\n}\n<\/style>\n\t<\/div>\n\t\n\t<div id=\"gap-161139254\" class=\"gap-element clearfix\" style=\"display:block; height:auto;\">\n\t\t\n<style>\n#gap-161139254 {\n  padding-top: 30px;\n}\n<\/style>\n\t<\/div>\n\t\n<p style=\"text-align: left;\"><strong><span style=\"color: #000000;\">Proteesirintaliivit, joissa on tilaa rintaproteesille<\/span><\/strong><\/p>\n<p style=\"text-align: left;\"><span style=\"color: #000000;\">Tavoitteenamme on tehd\u00e4 alusvaatteita, jotka sopivat t\u00e4ydellisesti sinulle. Meill\u00e4 on laaja kokemus tuotteiden suunnittelemisesta naisille, jotka ovat k\u00e4yneet l\u00e4pi erilaisia rintaleikkauksia, kuten rinnanpoiston, rintojen pienennyksen, rintojen rekonstruktion ja rintaimplanttien asennuksen. Huolellisesti suunnitelluilla malleilla ja erityisesti valituilla materiaaleilla, jotka takaavat maksimaalisen mukavuuden, olemme luoneet alusvaatteita, joita k\u00e4yt\u00e4t mielell\u00e4\u00e4n.<\/span><\/p>\n<p style=\"text-align: left;\"><span style=\"color: #000000;\">Ymm\u00e4rr\u00e4mme,\u00a0\u00a0kuinka t\u00e4rke\u00e4\u00e4 on, ett\u00e4 naiset, jotka ovat olleet rintaleikkauksessa, l\u00f6yt\u00e4v\u00e4t rintaliivit, jotka istuvat hyvin, tarjoavat runsaasti tukea, ja ovat my\u00f6s mukavia k\u00e4ytt\u00e4\u00e4. T\u00e4t\u00e4 varten olemme ylpeit\u00e4 voidessamme tarjota n\u00e4it\u00e4 tyylikk\u00e4it\u00e4 ja mukavia alusvaatteita niille, jotka k\u00e4ytt\u00e4v\u00e4t rintaproteeseja \u2013 tai jopa niille, jotka haluavat vain k\u00e4ytt\u00e4\u00e4 niit\u00e4 vaatteiden alla.<\/span><\/p>\n","protected":false},"excerpt":{"rendered":"<p style=\"text-align: left;\"><span style=\"color: #000000; font-size: 75%;\"><span class=\"TextRun SCXW201248096 BCX0\" lang=\"FI\" xml:lang=\"FI\" data-contrast=\"auto\"><span class=\"NormalTextRun SCXW201248096 BCX0\" data-ccp-parastyle=\"Standard\">Tukevat<\/span><\/span><span class=\"TextRun SCXW201248096 BCX0\" lang=\"FI\" xml:lang=\"FI\" data-contrast=\"auto\"><span class=\"NormalTextRun SCXW201248096 BCX0\" data-ccp-parastyle=\"Standard\">\u00a0ja<\/span><\/span><span class=\"TextRun SCXW201248096 BCX0\" lang=\"FI\" xml:lang=\"FI\" data-contrast=\"auto\"><span class=\"NormalTextRun SCXW201248096 BCX0\" data-ccp-parastyle=\"Standard\">\u00a0<\/span><\/span><span class=\"TextRun SCXW201248096 BCX0\" lang=\"FI\" xml:lang=\"FI\" data-contrast=\"auto\"><span class=\"NormalTextRun SCXW201248096 BCX0\" data-ccp-parastyle=\"Standard\">mukavat saumattomat\u00a0<\/span><\/span><span class=\"TextRun SCXW201248096 BCX0\" lang=\"FI\" xml:lang=\"FI\" data-contrast=\"auto\"><span class=\"NormalTextRun SCXW201248096 BCX0\" data-ccp-parastyle=\"Standard\">operaation j\u00e4lkeiset<\/span><\/span><span class=\"TextRun SCXW201248096 BCX0\" lang=\"FI\" xml:lang=\"FI\" data-contrast=\"auto\"><span class=\"NormalTextRun SCXW201248096 BCX0\" data-ccp-parastyle=\"Standard\"> rintaliivit\/proteesirintaliivit.<\/span><\/span><\/span><\/p>\n","protected":false},"featured_media":10565,"template":"","meta":[],"product_brand":[],"product_cat":[229],"product_tag":[286],"class_list":{"0":"post-10051","1":"product","2":"type-product","3":"status-publish","4":"has-post-thumbnail","6":"product_cat-rintaliivit","7":"product_tag-nordicare-fi","9":"first","10":"instock","11":"taxable","12":"shipping-taxable","13":"purchasable","14":"product-type-variable"},"yoast_head":"<!-- This site is optimized with the Yoast SEO plugin v27.3 - https:\/\/yoast.com\/product\/yoast-seo-wordpress\/ -->\n<title>NordiCare Sandra tukirintaliivit - Meditex .ee verkkokauppa<\/title>\n<meta name=\"description\" content=\"Tukevat\u00a0ja\u00a0mukavat saumattomat\u00a0operaation j\u00e4lkeiset\u00a0tukirintaliivit\/proteesirintaliivit. Tyylik\u00e4s muotoilu syv\u00e4ll\u00e4 p\u00e4\u00e4ntiell\u00e4.\" \/>\n<meta name=\"robots\" content=\"index, follow, max-snippet:-1, max-image-preview:large, max-video-preview:-1\" \/>\n<link rel=\"canonical\" href=\"https:\/\/meditex.ee\/fi\/tuote\/nordicare-sandra\/\" \/>\n<meta property=\"og:locale\" content=\"fi_FI\" \/>\n<meta property=\"og:type\" content=\"article\" \/>\n<meta property=\"og:title\" content=\"NordiCare Sandra tukirintaliivit - Meditex .ee verkkokauppa\" \/>\n<meta property=\"og:description\" content=\"Tukevat\u00a0ja\u00a0mukavat saumattomat\u00a0operaation j\u00e4lkeiset\u00a0tukirintaliivit\/proteesirintaliivit. Tyylik\u00e4s muotoilu syv\u00e4ll\u00e4 p\u00e4\u00e4ntiell\u00e4.\" \/>\n<meta property=\"og:url\" content=\"https:\/\/meditex.ee\/fi\/tuote\/nordicare-sandra\/\" \/>\n<meta property=\"og:site_name\" content=\"Meditex\" \/>\n<meta property=\"article:publisher\" content=\"https:\/\/www.facebook.com\/meditexepood\/\" \/>\n<meta property=\"article:modified_time\" content=\"2021-10-06T14:08:11+00:00\" \/>\n<meta property=\"og:image\" content=\"https:\/\/meditex.ee\/wp-content\/uploads\/2020\/03\/NordiCare-Sandra.png\" \/>\n\t<meta property=\"og:image:width\" content=\"500\" \/>\n\t<meta property=\"og:image:height\" content=\"600\" \/>\n\t<meta property=\"og:image:type\" content=\"image\/png\" \/>\n<meta name=\"twitter:card\" content=\"summary_large_image\" \/>\n<meta name=\"twitter:label1\" content=\"Arvioitu lukuaika\" \/>\n\t<meta name=\"twitter:data1\" content=\"1 minuutti\" \/>\n<script type=\"application\/ld+json\" class=\"yoast-schema-graph\">{\"@context\":\"https:\\\/\\\/schema.org\",\"@graph\":[{\"@type\":\"WebPage\",\"@id\":\"https:\\\/\\\/meditex.ee\\\/fi\\\/tuote\\\/nordicare-sandra\\\/\",\"url\":\"https:\\\/\\\/meditex.ee\\\/fi\\\/tuote\\\/nordicare-sandra\\\/\",\"name\":\"NordiCare Sandra tukirintaliivit - Meditex .ee verkkokauppa\",\"isPartOf\":{\"@id\":\"https:\\\/\\\/meditex.ee\\\/en\\\/#website\"},\"primaryImageOfPage\":{\"@id\":\"https:\\\/\\\/meditex.ee\\\/fi\\\/tuote\\\/nordicare-sandra\\\/#primaryimage\"},\"image\":{\"@id\":\"https:\\\/\\\/meditex.ee\\\/fi\\\/tuote\\\/nordicare-sandra\\\/#primaryimage\"},\"thumbnailUrl\":\"https:\\\/\\\/meditex.ee\\\/wp-content\\\/uploads\\\/2020\\\/03\\\/NordiCare-Sandra.png\",\"datePublished\":\"2020-03-06T09:18:27+00:00\",\"dateModified\":\"2021-10-06T14:08:11+00:00\",\"description\":\"Tukevat\u00a0ja\u00a0mukavat saumattomat\u00a0operaation j\u00e4lkeiset\u00a0tukirintaliivit\\\/proteesirintaliivit. Tyylik\u00e4s muotoilu syv\u00e4ll\u00e4 p\u00e4\u00e4ntiell\u00e4.\",\"breadcrumb\":{\"@id\":\"https:\\\/\\\/meditex.ee\\\/fi\\\/tuote\\\/nordicare-sandra\\\/#breadcrumb\"},\"inLanguage\":\"fi\",\"potentialAction\":[{\"@type\":\"ReadAction\",\"target\":[\"https:\\\/\\\/meditex.ee\\\/fi\\\/tuote\\\/nordicare-sandra\\\/\"]}]},{\"@type\":\"ImageObject\",\"inLanguage\":\"fi\",\"@id\":\"https:\\\/\\\/meditex.ee\\\/fi\\\/tuote\\\/nordicare-sandra\\\/#primaryimage\",\"url\":\"https:\\\/\\\/meditex.ee\\\/wp-content\\\/uploads\\\/2020\\\/03\\\/NordiCare-Sandra.png\",\"contentUrl\":\"https:\\\/\\\/meditex.ee\\\/wp-content\\\/uploads\\\/2020\\\/03\\\/NordiCare-Sandra.png\",\"width\":500,\"height\":600,\"caption\":\"Sandra rinnahoidja\"},{\"@type\":\"BreadcrumbList\",\"@id\":\"https:\\\/\\\/meditex.ee\\\/fi\\\/tuote\\\/nordicare-sandra\\\/#breadcrumb\",\"itemListElement\":[{\"@type\":\"ListItem\",\"position\":1,\"name\":\"Home\",\"item\":\"https:\\\/\\\/meditex.ee\\\/fi\\\/\"},{\"@type\":\"ListItem\",\"position\":2,\"name\":\"Verkkokauppa\",\"item\":\"https:\\\/\\\/meditex.ee\\\/fi\\\/verkkokauppa\\\/\"},{\"@type\":\"ListItem\",\"position\":3,\"name\":\"NordiCare Sandra\"}]},{\"@type\":\"WebSite\",\"@id\":\"https:\\\/\\\/meditex.ee\\\/en\\\/#website\",\"url\":\"https:\\\/\\\/meditex.ee\\\/en\\\/\",\"name\":\"Meditex\",\"description\":\"\",\"publisher\":{\"@id\":\"https:\\\/\\\/meditex.ee\\\/en\\\/#organization\"},\"potentialAction\":[{\"@type\":\"SearchAction\",\"target\":{\"@type\":\"EntryPoint\",\"urlTemplate\":\"https:\\\/\\\/meditex.ee\\\/en\\\/?s={search_term_string}\"},\"query-input\":{\"@type\":\"PropertyValueSpecification\",\"valueRequired\":true,\"valueName\":\"search_term_string\"}}],\"inLanguage\":\"fi\"},{\"@type\":\"Organization\",\"@id\":\"https:\\\/\\\/meditex.ee\\\/en\\\/#organization\",\"name\":\"Meditex\",\"url\":\"https:\\\/\\\/meditex.ee\\\/en\\\/\",\"logo\":{\"@type\":\"ImageObject\",\"inLanguage\":\"fi\",\"@id\":\"https:\\\/\\\/meditex.ee\\\/en\\\/#\\\/schema\\\/logo\\\/image\\\/\",\"url\":\"https:\\\/\\\/meditex.ee\\\/wp-content\\\/uploads\\\/2018\\\/03\\\/mdtx_logo.png\",\"contentUrl\":\"https:\\\/\\\/meditex.ee\\\/wp-content\\\/uploads\\\/2018\\\/03\\\/mdtx_logo.png\",\"width\":669,\"height\":235,\"caption\":\"Meditex\"},\"image\":{\"@id\":\"https:\\\/\\\/meditex.ee\\\/en\\\/#\\\/schema\\\/logo\\\/image\\\/\"},\"sameAs\":[\"https:\\\/\\\/www.facebook.com\\\/meditexepood\\\/\"]}]}<\/script>\n<!-- \/ Yoast SEO plugin. -->","yoast_head_json":{"title":"NordiCare Sandra tukirintaliivit - Meditex .ee verkkokauppa","description":"Tukevat\u00a0ja\u00a0mukavat saumattomat\u00a0operaation j\u00e4lkeiset\u00a0tukirintaliivit\/proteesirintaliivit. Tyylik\u00e4s muotoilu syv\u00e4ll\u00e4 p\u00e4\u00e4ntiell\u00e4.","robots":{"index":"index","follow":"follow","max-snippet":"max-snippet:-1","max-image-preview":"max-image-preview:large","max-video-preview":"max-video-preview:-1"},"canonical":"https:\/\/meditex.ee\/fi\/tuote\/nordicare-sandra\/","og_locale":"fi_FI","og_type":"article","og_title":"NordiCare Sandra tukirintaliivit - Meditex .ee verkkokauppa","og_description":"Tukevat\u00a0ja\u00a0mukavat saumattomat\u00a0operaation j\u00e4lkeiset\u00a0tukirintaliivit\/proteesirintaliivit. Tyylik\u00e4s muotoilu syv\u00e4ll\u00e4 p\u00e4\u00e4ntiell\u00e4.","og_url":"https:\/\/meditex.ee\/fi\/tuote\/nordicare-sandra\/","og_site_name":"Meditex","article_publisher":"https:\/\/www.facebook.com\/meditexepood\/","article_modified_time":"2021-10-06T14:08:11+00:00","og_image":[{"width":500,"height":600,"url":"https:\/\/meditex.ee\/wp-content\/uploads\/2020\/03\/NordiCare-Sandra.png","type":"image\/png"}],"twitter_card":"summary_large_image","twitter_misc":{"Arvioitu lukuaika":"1 minuutti"},"schema":{"@context":"https:\/\/schema.org","@graph":[{"@type":"WebPage","@id":"https:\/\/meditex.ee\/fi\/tuote\/nordicare-sandra\/","url":"https:\/\/meditex.ee\/fi\/tuote\/nordicare-sandra\/","name":"NordiCare Sandra tukirintaliivit - Meditex .ee verkkokauppa","isPartOf":{"@id":"https:\/\/meditex.ee\/en\/#website"},"primaryImageOfPage":{"@id":"https:\/\/meditex.ee\/fi\/tuote\/nordicare-sandra\/#primaryimage"},"image":{"@id":"https:\/\/meditex.ee\/fi\/tuote\/nordicare-sandra\/#primaryimage"},"thumbnailUrl":"https:\/\/meditex.ee\/wp-content\/uploads\/2020\/03\/NordiCare-Sandra.png","datePublished":"2020-03-06T09:18:27+00:00","dateModified":"2021-10-06T14:08:11+00:00","description":"Tukevat\u00a0ja\u00a0mukavat saumattomat\u00a0operaation j\u00e4lkeiset\u00a0tukirintaliivit\/proteesirintaliivit. Tyylik\u00e4s muotoilu syv\u00e4ll\u00e4 p\u00e4\u00e4ntiell\u00e4.","breadcrumb":{"@id":"https:\/\/meditex.ee\/fi\/tuote\/nordicare-sandra\/#breadcrumb"},"inLanguage":"fi","potentialAction":[{"@type":"ReadAction","target":["https:\/\/meditex.ee\/fi\/tuote\/nordicare-sandra\/"]}]},{"@type":"ImageObject","inLanguage":"fi","@id":"https:\/\/meditex.ee\/fi\/tuote\/nordicare-sandra\/#primaryimage","url":"https:\/\/meditex.ee\/wp-content\/uploads\/2020\/03\/NordiCare-Sandra.png","contentUrl":"https:\/\/meditex.ee\/wp-content\/uploads\/2020\/03\/NordiCare-Sandra.png","width":500,"height":600,"caption":"Sandra rinnahoidja"},{"@type":"BreadcrumbList","@id":"https:\/\/meditex.ee\/fi\/tuote\/nordicare-sandra\/#breadcrumb","itemListElement":[{"@type":"ListItem","position":1,"name":"Home","item":"https:\/\/meditex.ee\/fi\/"},{"@type":"ListItem","position":2,"name":"Verkkokauppa","item":"https:\/\/meditex.ee\/fi\/verkkokauppa\/"},{"@type":"ListItem","position":3,"name":"NordiCare Sandra"}]},{"@type":"WebSite","@id":"https:\/\/meditex.ee\/en\/#website","url":"https:\/\/meditex.ee\/en\/","name":"Meditex","description":"","publisher":{"@id":"https:\/\/meditex.ee\/en\/#organization"},"potentialAction":[{"@type":"SearchAction","target":{"@type":"EntryPoint","urlTemplate":"https:\/\/meditex.ee\/en\/?s={search_term_string}"},"query-input":{"@type":"PropertyValueSpecification","valueRequired":true,"valueName":"search_term_string"}}],"inLanguage":"fi"},{"@type":"Organization","@id":"https:\/\/meditex.ee\/en\/#organization","name":"Meditex","url":"https:\/\/meditex.ee\/en\/","logo":{"@type":"ImageObject","inLanguage":"fi","@id":"https:\/\/meditex.ee\/en\/#\/schema\/logo\/image\/","url":"https:\/\/meditex.ee\/wp-content\/uploads\/2018\/03\/mdtx_logo.png","contentUrl":"https:\/\/meditex.ee\/wp-content\/uploads\/2018\/03\/mdtx_logo.png","width":669,"height":235,"caption":"Meditex"},"image":{"@id":"https:\/\/meditex.ee\/en\/#\/schema\/logo\/image\/"},"sameAs":["https:\/\/www.facebook.com\/meditexepood\/"]}]}},"_links":{"self":[{"href":"https:\/\/meditex.ee\/fi\/wp-json\/wp\/v2\/product\/10051","targetHints":{"allow":["GET"]}}],"collection":[{"href":"https:\/\/meditex.ee\/fi\/wp-json\/wp\/v2\/product"}],"about":[{"href":"https:\/\/meditex.ee\/fi\/wp-json\/wp\/v2\/types\/product"}],"wp:featuredmedia":[{"embeddable":true,"href":"https:\/\/meditex.ee\/fi\/wp-json\/wp\/v2\/media\/10565"}],"wp:attachment":[{"href":"https:\/\/meditex.ee\/fi\/wp-json\/wp\/v2\/media?parent=10051"}],"wp:term":[{"taxonomy":"product_brand","embeddable":true,"href":"https:\/\/meditex.ee\/fi\/wp-json\/wp\/v2\/product_brand?post=10051"},{"taxonomy":"product_cat","embeddable":true,"href":"https:\/\/meditex.ee\/fi\/wp-json\/wp\/v2\/product_cat?post=10051"},{"taxonomy":"product_tag","embeddable":true,"href":"https:\/\/meditex.ee\/fi\/wp-json\/wp\/v2\/product_tag?post=10051"}],"curies":[{"name":"wp","href":"https:\/\/api.w.org\/{rel}","templated":true}]}}