{"id":7217,"date":"2019-11-04T12:21:31","date_gmt":"2019-11-04T12:21:31","guid":{"rendered":"https:\/\/meditex.ee\/?page_id=7217"},"modified":"2023-07-31T09:48:38","modified_gmt":"2023-07-31T09:48:38","slug":"ehdot","status":"publish","type":"page","link":"https:\/\/meditex.ee\/fi\/ehdot\/","title":{"rendered":"Ehdot ja edellytykset"},"content":{"rendered":"\n<h4 style=\"text-align: left;\"><span style=\"color: #000000;\"><strong>YLEISET EHDOT<\/strong><\/span><\/h4>\n<p style=\"text-align: left;\"><span style=\"color: #000000;\">Verkkokaupan meditex.ee (j\u00e4ljemp\u00e4n\u00e4 Verkkokauppa) omistaja on O\u00dc Scabo (rekisteritunnus 14316126), jonka kotipaikka on Nurme tn 5a, 75501, Saku, Harjumaa. S\u00e4hk\u00f6posti <a style=\"color: #000000;\" href=\"mailto:info@scabo.ee\">info@scabo.ee,<\/a> puhelin +372 514 8131.<\/span><\/p>\n<p style=\"text-align: left;\"><span style=\"color: #000000;\"><strong>Myyntisopimuksen voimassaolo, kaupalliset tiedot ja hintatiedot  <\/strong><\/span><\/p>\n<p style=\"text-align: left;\"><span style=\"color: #000000;\">Myyntiehdot koskevat tavaroiden ostamista verkkokaupasta. Verkkokaupassa myyt\u00e4vien tuotteiden hinnat on ilmoitettu tuotteiden yhteydess\u00e4. Hintaan lis\u00e4t\u00e4\u00e4n toimitusmaksu. Toimitusmaksu riippuu ostajan sijainnista ja toimitustavasta. Toimitusmaksu ilmoitetaan ostajalle kuitin laatimisen yhteydess\u00e4. Tietoa tavaroista on verkkokaupassa suoraan tavaran vieress\u00e4.<\/span><\/p>\n<p style=\"text-align: left;\"><span style=\"color: #000000;\"><strong>Tilauksen tekeminen<\/strong><\/span><\/p>\n<p style=\"text-align: left;\"><span style=\"color: #000000;\">Tilausta varten sinun on lis\u00e4tt\u00e4v\u00e4 haluamasi tuotteet ostoskoriin. Tilausta varten sinun on t\u00e4ytett\u00e4v\u00e4 vaaditut kent\u00e4t ja valittava sopiva toimitustapa. T\u00e4m\u00e4n j\u00e4lkeen n\u00e4yt\u00f6ll\u00e4 n\u00e4kyy maksun m\u00e4\u00e4r\u00e4, joka voidaan maksaa pankkisiirrolla tai muulla maksutavalla. Sopimus tulee voimaan p\u00e4iv\u00e4n\u00e4, jona verkkokaupan k\u00e4ytt\u00f6tilille maksettava summa on vastaanotettu. Jos tilattuja tavaroita ei voida toimittaa toimitusajan umpeutumisen tai muun syyn vuoksi, ostajalle ilmoitetaan asiasta mahdollisimman pian ja maksetut rahat (toimituskulut mukaan lukien) palautetaan v\u00e4litt\u00f6m\u00e4sti, kuitenkin viimeist\u00e4\u00e4n 14 p\u00e4iv\u00e4n kuluttua ilmoituksesta.<\/span><\/p>\n<p style=\"text-align: left;\"><span style=\"color: #000000;\">Kaikki myym\u00e4l\u00e4ss\u00e4 ilmoitetut hinnat ovat euroissa (\u20ac) ja sis\u00e4lt\u00e4v\u00e4t arvonlis\u00e4veron.<\/span><\/p>\n<p style=\"text-align: left;\"><span style=\"color: #000000;\"><strong>Toimitus osoitteeseen<\/strong><\/span><\/p>\n<p style=\"text-align: left;\"><span style=\"color: #000000;\">Tavaroita l\u00e4hetet\u00e4\u00e4n Viroon, Latviaan, Liettuaan ja Suomeen. Ostaja vastaa toimituskuluista, ja vastaavat hintatiedot n\u00e4kyv\u00e4t toimitustavan yhteydess\u00e4. Viron sis\u00e4iset l\u00e4hetykset saapuvat ostajan ilmoittamaan m\u00e4\u00e4r\u00e4np\u00e4\u00e4h\u00e4n yleens\u00e4 2-5 ty\u00f6p\u00e4iv\u00e4n kuluessa kauppasopimuksen voimaantulosta. Viron ulkopuolelle toimitus tapahtuu 7 kalenterip\u00e4iv\u00e4n kuluessa. Poikkeustapauksissa sinulla on oikeus saada tavarat toimitettua 45 kalenterip\u00e4iv\u00e4n kuluessa.<\/span><\/p>\n<p style=\"text-align: left;\"><span style=\"color: #000000;\"><strong>Peruuttamisoikeus<\/strong><\/span><\/p>\n<p style=\"text-align: left;\"><span style=\"color: #000000;\">Tilauksen vastaanottamisen j\u00e4lkeen ostajalla on oikeus peruuttaa s\u00e4hk\u00f6inen sopimus 14 p\u00e4iv\u00e4n kuluessa.<\/span><\/p>\n<p style=\"text-align: left;\"><span style=\"color: #000000;\">Peruuttamisoikeutta ei sovelleta, jos ostaja on oikeushenkil\u00f6.<\/span><\/p>\n<p style=\"text-align: left;\"><span style=\"color: #000000;\">14 p\u00e4iv\u00e4n peruuttamisoikeuden k\u00e4ytt\u00e4miseksi tilattuja tavaroita ei saa k\u00e4ytt\u00e4\u00e4 muulla tavoin kuin on tarpeen tavaroiden luonteen, ominaisuuksien ja toiminnan selvitt\u00e4miseksi samalla tavalla kuin on sallittua tavaroiden testaamiseksi fyysisess\u00e4 myym\u00e4l\u00e4ss\u00e4.<\/span><\/p>\n<p style=\"text-align: left;\"><span style=\"color: #000000;\">Jos tavaroita on k\u00e4ytetty muuhun kuin tavaran luonteen, ominaisuuksien ja toiminnan selvitt\u00e4miseen tarvittavaan tarkoitukseen tai jos tavaroissa on k\u00e4yt\u00f6n tai kulumisen merkkej\u00e4, verkkokaupalla on oikeus alentaa palautettavaa maksua tavaran arvon alenemisen mukaisesti.<\/span><\/p>\n<p style=\"text-align: left;\"><span style=\"color: #000000;\">Palauttaaksesi tavarat sinun on l\u00e4hetett\u00e4v\u00e4 peruutuslomake, joka l\u00f6ytyy osoitteesta. <em><a style=\"color: #000000;\" href=\"https:\/\/www.riigiteataja.ee\/aktilisa\/1030\/1201\/4001\/JM_m41_lisa1.pdf\">t\u00e4\u00e4lt\u00e4<\/a> <\/em>ja l\u00e4hett\u00e4\u00e4 se osoitteeseen <a style=\"color: #000000;\" href=\"mailto:info@meditex.ee\">info@meditex.ee<\/a> 14 p\u00e4iv\u00e4n kuluessa tavaroiden vastaanottamisesta.<\/span><\/p>\n<p style=\"text-align: left;\"><span style=\"color: #000000;\">Ostaja vastaa tavaran palauttamisesta aiheutuvista kustannuksista, paitsi jos palautuksen syyn\u00e4 on se, ett\u00e4 tavara ei vastaa tilattua (esim. se on v\u00e4\u00e4r\u00e4 tai viallinen).<\/span><\/p>\n<p style=\"text-align: left;\"><span style=\"color: #000000;\">Ostajan on palautettava tavarat 14 p\u00e4iv\u00e4n kuluessa hakemuksen j\u00e4tt\u00e4misest\u00e4 tai todistettava, ett\u00e4 h\u00e4n on luovuttanut ne rahdinkuljettajalle kyseisen ajan kuluessa.<\/span><\/p>\n<p style=\"text-align: left;\"><span style=\"color: #000000;\">Verkkokauppa palauttaa palautetun tavaran saatuaan ostajalle v\u00e4litt\u00f6m\u00e4sti, mutta viimeist\u00e4\u00e4n 14 p\u00e4iv\u00e4n kuluessa peruutuksen vastaanottamisesta, kaikki ostajalta sopimuksen perusteella saadut maksut.<\/span><\/p>\n<p style=\"text-align: left;\"><span style=\"color: #000000;\">Verkkokauppa voi kielt\u00e4yty\u00e4 palautuksesta ennen kuin se on vastaanottanut sopimuksen kohteena olevat tavarat tai ennen kuin ostaja on todistanut palauttaneensa tavarat, riippuen siit\u00e4, kumpi ajankohta on aikaisempi.<\/span><\/p>\n<p style=\"text-align: left;\"><span style=\"color: #000000;\">Jos ostaja on nimenomaisesti valinnut muun toimitustavan kuin verkkokaupan tarjoaman halvimman toimitustavan, verkkokauppa ei ole velvollinen korvaamaan kuluttajalle kustannuksia, jotka ylitt\u00e4v\u00e4t tavanomaisen toimitustavan kustannukset.<\/span><\/p>\n<p style=\"text-align: left;\"><span style=\"color: #000000;\">Verkkokaupalla on oikeus peruuttaa kauppa ja vaatia ostajalta tavaran palauttamista, jos tavaran hinta verkkokaupassa on virheest\u00e4 johtuen merkitty huomattavasti alle tavaran markkinahinnan.<\/span><\/p>\n<p style=\"text-align: left;\"><span style=\"color: #000000;\"><strong>Oikeus tehd\u00e4 valitus<\/strong><\/span><\/p>\n<p style=\"text-align: left;\"><span style=\"color: #000000;\">Verkkokauppa on vastuussa ostajalle myydyn tavaran virheest\u00e4 tai puutteesta, joka on ollut olemassa jo toimitushetkell\u00e4 ja joka ilmenee enint\u00e4\u00e4n kahden vuoden kuluessa siit\u00e4, kun tavara on toimitettu ostajalle. Kuuden ensimm\u00e4isen kuukauden kuluessa siit\u00e4, kun tavarat on toimitettu ostajalle, vian oletetaan olleen olemassa toimitushetkell\u00e4. Verkkokaupan vastuulla on kumota t\u00e4m\u00e4 olettamus.<\/span><\/p>\n<p style=\"text-align: left;\"><span style=\"color: #000000;\">Jos virhe ilmenee, ostajalla on oikeus ottaa yhteytt\u00e4 verkkokauppaan viimeist\u00e4\u00e4n kahden kuukauden kuluessa l\u00e4hett\u00e4m\u00e4ll\u00e4 s\u00e4hk\u00f6postia osoitteeseen <a style=\"color: #000000;\" href=\"mailto:info@meditex.ee\">info@meditex.ee<\/a> tai soittamalla numeroon +372 514 8131.<\/span><\/p>\n<p style=\"text-align: left;\"><span style=\"color: #000000;\">Verkkokauppa ei vastaa virheist\u00e4, jotka ilmenev\u00e4t sen j\u00e4lkeen, kun tavarat on toimitettu ostajalle.<\/span><\/p>\n<p style=\"text-align: left;\"><span style=\"color: #000000;\">Jos Verkkokaupasta ostetuissa tavaroissa on virheit\u00e4, joista Verkkokauppa on vastuussa, Verkkokauppa korjaa tai vaihtaa vialliset tavarat. Jos tavaraa ei ole mahdollista korjata tai vaihtaa, verkkokauppa palauttaa ostajalle kaikki kauppasopimukseen liittyv\u00e4t maksut.<\/span><\/p>\n<p style=\"text-align: left;\"><span style=\"color: #000000;\">Verkkokaupan on vastattava kuluttajan valitukseen kirjallisesti tai kirjallisesti toistettavassa muodossa 15 p\u00e4iv\u00e4n kuluessa.<\/span><\/p>\n<p style=\"text-align: left;\"><span style=\"color: #000000;\"><strong>Suoramarkkinointi ja henkil\u00f6tietojen k\u00e4sittely<\/strong><\/span><\/p>\n<p style=\"text-align: left;\"><span style=\"color: #000000;\">Verkkokauppa k\u00e4ytt\u00e4\u00e4 ostajan antamia henkil\u00f6tietoja (kuten nimi, puhelinnumero, osoite, s\u00e4hk\u00f6postiosoite, pankkitiedot) ainoastaan tilauksen k\u00e4sittelyyn ja tavaroiden l\u00e4hett\u00e4miseen ostajalle. Verkkokauppa siirt\u00e4\u00e4 henkil\u00f6tietoja kuljetusyrityksille tavaroiden toimittamista varten.<\/span><\/p>\n<p style=\"text-align: left;\"><span style=\"color: #000000;\">Verkkokauppa l\u00e4hett\u00e4\u00e4 uutiskirjeit\u00e4 ja tarjouksia ostajan s\u00e4hk\u00f6postiosoitteeseen vain, jos ostaja on ilmaissut halunsa saada niit\u00e4 sy\u00f6tt\u00e4m\u00e4ll\u00e4 s\u00e4hk\u00f6postiosoitteensa verkkosivustolle ja ilmoittanut haluavansa vastaanottaa suoramainontailmoituksia.<\/span><\/p>\n<p style=\"text-align: left;\"><span style=\"color: #000000;\">Ostaja voi milloin tahansa kielt\u00e4yty\u00e4 vastaanottamasta tarjouksia ja uutiskirjeit\u00e4 s\u00e4hk\u00f6postitse ilmoittamalla siit\u00e4 meille s\u00e4hk\u00f6postitse tai noudattamalla tarjoukset sis\u00e4lt\u00e4v\u00e4ss\u00e4 s\u00e4hk\u00f6postiviestiss\u00e4 annettuja ohjeita.<\/span><\/p>\n<p style=\"text-align: left;\"><span style=\"color: #000000;\"><strong>Riitojen ratkaiseminen<\/strong><\/span><\/p>\n<p style=\"text-align: left;\"><span style=\"color: #000000;\">Jos ostajalla on verkkokauppaa koskevia valituksia, ne on l\u00e4hetett\u00e4v\u00e4 s\u00e4hk\u00f6postitse osoitteeseen <a style=\"color: #000000;\" href=\"mailto:info@meditex.ee\">info@meditex.ee<\/a> tai puhelimitse +372 514 8131.<\/span><\/p>\n<p style=\"text-align: left;\"><span style=\"color: #000000;\">Jos ostaja ja verkkokauppa eiv\u00e4t pysty ratkaisemaan riitaa sopimuksella, ostaja voi k\u00e4\u00e4nty\u00e4 kuluttajariitalautakunnan puoleen. Voit tutustua menettelys\u00e4\u00e4nt\u00f6ihin ja j\u00e4tt\u00e4\u00e4 hakemuksen seuraavassa osoitteessa. <a style=\"color: #000000;\" href=\"https:\/\/www.tarbijakaitseamet.ee\/et\/tarbijavaidluste-komisjon\">\n  <em>t\u00e4\u00e4ll\u00e4<\/em>\n<\/a>. Kuluttajariitalautakunta on toimivaltainen ratkaisemaan ostajan ja verkkokaupan v\u00e4lisest\u00e4 sopimuksesta johtuvat riidat. Ostajan valituksen tutkiminen on komissiolle maksutonta.<\/span><\/p>\n<p style=\"text-align: left;\"><span style=\"color: #000000;\">Ostaja voi k\u00e4\u00e4nty\u00e4 Euroopan unionin kuluttajariitojen ratkaisufoorumin puoleen. <a style=\"color: #000000;\" href=\"https:\/\/ec.europa.eu\/consumers\/odr\/main\/index.cfm?event=main.home.chooseLanguage\">\n  <em>t\u00e4\u00e4ll\u00e4.<\/em>\n<\/a><\/span><\/p>\n<p style=\"text-align: left;\" align=\"left\"> <\/p>\n","protected":false},"excerpt":{"rendered":"<p>YLEISET EHDOT Verkkokaupan meditex.ee (j\u00e4ljemp\u00e4n\u00e4 Verkkokauppa) omistaja on O\u00dc Scabo (rekisteritunnus 14316126), jonka kotipaikka on Nurme tn 5a, 75501, Saku, Harjumaa. S\u00e4hk\u00f6posti info@scabo.ee, puhelin +372 514 8131. Myyntisopimuksen voimassaolo, kaupalliset tiedot ja hintatiedot Myyntiehdot koskevat tavaroiden ostamista verkkokaupasta. Verkkokaupassa myyt\u00e4vien tuotteiden hinnat on ilmoitettu tuotteiden yhteydess\u00e4. Hintaan lis\u00e4t\u00e4\u00e4n toimitusmaksu. Toimitusmaksu riippuu ostajan sijainnista ja toimitustavasta. [&#8230;]\n","protected":false},"author":1,"featured_media":0,"parent":0,"menu_order":0,"comment_status":"closed","ping_status":"closed","template":"","meta":{"footnotes":""},"class_list":["post-7217","page","type-page","status-publish","hentry"],"yoast_head":"<!-- This site is optimized with the Yoast SEO plugin v27.3 - https:\/\/yoast.com\/product\/yoast-seo-wordpress\/ -->\n<title>Ehdot ja edellytykset - Meditex<\/title>\n<meta name=\"robots\" content=\"noindex, nofollow\" \/>\n<meta property=\"og:locale\" content=\"fi_FI\" \/>\n<meta property=\"og:type\" content=\"article\" \/>\n<meta property=\"og:title\" content=\"Ehdot ja edellytykset - Meditex\" \/>\n<meta property=\"og:description\" content=\"YLEISET EHDOT Verkkokaupan meditex.ee (j\u00e4ljemp\u00e4n\u00e4 Verkkokauppa) omistaja on O\u00dc Scabo (rekisteritunnus 14316126), jonka kotipaikka on Nurme tn 5a, 75501, Saku, Harjumaa. S\u00e4hk\u00f6posti info@scabo.ee, puhelin +372 514 8131. Myyntisopimuksen voimassaolo, kaupalliset tiedot ja hintatiedot Myyntiehdot koskevat tavaroiden ostamista verkkokaupasta. Verkkokaupassa myyt\u00e4vien tuotteiden hinnat on ilmoitettu tuotteiden yhteydess\u00e4. Hintaan lis\u00e4t\u00e4\u00e4n toimitusmaksu. Toimitusmaksu riippuu ostajan sijainnista ja toimitustavasta. [...]\" \/>\n<meta property=\"og:url\" content=\"https:\/\/meditex.ee\/fi\/ehdot\/\" \/>\n<meta property=\"og:site_name\" content=\"Meditex\" \/>\n<meta property=\"article:publisher\" content=\"https:\/\/www.facebook.com\/meditexepood\/\" \/>\n<meta property=\"article:modified_time\" content=\"2023-07-31T09:48:38+00:00\" \/>\n<meta name=\"twitter:card\" content=\"summary_large_image\" \/>\n<meta name=\"twitter:label1\" content=\"Arvioitu lukuaika\" \/>\n\t<meta name=\"twitter:data1\" content=\"4 minuuttia\" \/>\n<script type=\"application\/ld+json\" class=\"yoast-schema-graph\">{\"@context\":\"https:\\\/\\\/schema.org\",\"@graph\":[{\"@type\":\"WebPage\",\"@id\":\"https:\\\/\\\/meditex.ee\\\/fi\\\/ehdot\\\/\",\"url\":\"https:\\\/\\\/meditex.ee\\\/fi\\\/ehdot\\\/\",\"name\":\"Ehdot ja edellytykset - Meditex\",\"isPartOf\":{\"@id\":\"https:\\\/\\\/meditex.ee\\\/en\\\/#website\"},\"datePublished\":\"2019-11-04T12:21:31+00:00\",\"dateModified\":\"2023-07-31T09:48:38+00:00\",\"breadcrumb\":{\"@id\":\"https:\\\/\\\/meditex.ee\\\/fi\\\/ehdot\\\/#breadcrumb\"},\"inLanguage\":\"fi\",\"potentialAction\":[{\"@type\":\"ReadAction\",\"target\":[\"https:\\\/\\\/meditex.ee\\\/fi\\\/ehdot\\\/\"]}]},{\"@type\":\"BreadcrumbList\",\"@id\":\"https:\\\/\\\/meditex.ee\\\/fi\\\/ehdot\\\/#breadcrumb\",\"itemListElement\":[{\"@type\":\"ListItem\",\"position\":1,\"name\":\"Home\",\"item\":\"https:\\\/\\\/meditex.ee\\\/fi\\\/\"},{\"@type\":\"ListItem\",\"position\":2,\"name\":\"Ehdot ja edellytykset\"}]},{\"@type\":\"WebSite\",\"@id\":\"https:\\\/\\\/meditex.ee\\\/en\\\/#website\",\"url\":\"https:\\\/\\\/meditex.ee\\\/en\\\/\",\"name\":\"Meditex\",\"description\":\"\",\"publisher\":{\"@id\":\"https:\\\/\\\/meditex.ee\\\/en\\\/#organization\"},\"potentialAction\":[{\"@type\":\"SearchAction\",\"target\":{\"@type\":\"EntryPoint\",\"urlTemplate\":\"https:\\\/\\\/meditex.ee\\\/en\\\/?s={search_term_string}\"},\"query-input\":{\"@type\":\"PropertyValueSpecification\",\"valueRequired\":true,\"valueName\":\"search_term_string\"}}],\"inLanguage\":\"fi\"},{\"@type\":\"Organization\",\"@id\":\"https:\\\/\\\/meditex.ee\\\/en\\\/#organization\",\"name\":\"Meditex\",\"url\":\"https:\\\/\\\/meditex.ee\\\/en\\\/\",\"logo\":{\"@type\":\"ImageObject\",\"inLanguage\":\"fi\",\"@id\":\"https:\\\/\\\/meditex.ee\\\/en\\\/#\\\/schema\\\/logo\\\/image\\\/\",\"url\":\"https:\\\/\\\/meditex.ee\\\/wp-content\\\/uploads\\\/2018\\\/03\\\/mdtx_logo.png\",\"contentUrl\":\"https:\\\/\\\/meditex.ee\\\/wp-content\\\/uploads\\\/2018\\\/03\\\/mdtx_logo.png\",\"width\":669,\"height\":235,\"caption\":\"Meditex\"},\"image\":{\"@id\":\"https:\\\/\\\/meditex.ee\\\/en\\\/#\\\/schema\\\/logo\\\/image\\\/\"},\"sameAs\":[\"https:\\\/\\\/www.facebook.com\\\/meditexepood\\\/\"]}]}<\/script>\n<!-- \/ Yoast SEO plugin. -->","yoast_head_json":{"title":"Ehdot ja edellytykset - Meditex","robots":{"index":"noindex","follow":"nofollow"},"og_locale":"fi_FI","og_type":"article","og_title":"Ehdot ja edellytykset - Meditex","og_description":"YLEISET EHDOT Verkkokaupan meditex.ee (j\u00e4ljemp\u00e4n\u00e4 Verkkokauppa) omistaja on O\u00dc Scabo (rekisteritunnus 14316126), jonka kotipaikka on Nurme tn 5a, 75501, Saku, Harjumaa. S\u00e4hk\u00f6posti info@scabo.ee, puhelin +372 514 8131. Myyntisopimuksen voimassaolo, kaupalliset tiedot ja hintatiedot Myyntiehdot koskevat tavaroiden ostamista verkkokaupasta. Verkkokaupassa myyt\u00e4vien tuotteiden hinnat on ilmoitettu tuotteiden yhteydess\u00e4. Hintaan lis\u00e4t\u00e4\u00e4n toimitusmaksu. Toimitusmaksu riippuu ostajan sijainnista ja toimitustavasta. [...]","og_url":"https:\/\/meditex.ee\/fi\/ehdot\/","og_site_name":"Meditex","article_publisher":"https:\/\/www.facebook.com\/meditexepood\/","article_modified_time":"2023-07-31T09:48:38+00:00","twitter_card":"summary_large_image","twitter_misc":{"Arvioitu lukuaika":"4 minuuttia"},"schema":{"@context":"https:\/\/schema.org","@graph":[{"@type":"WebPage","@id":"https:\/\/meditex.ee\/fi\/ehdot\/","url":"https:\/\/meditex.ee\/fi\/ehdot\/","name":"Ehdot ja edellytykset - Meditex","isPartOf":{"@id":"https:\/\/meditex.ee\/en\/#website"},"datePublished":"2019-11-04T12:21:31+00:00","dateModified":"2023-07-31T09:48:38+00:00","breadcrumb":{"@id":"https:\/\/meditex.ee\/fi\/ehdot\/#breadcrumb"},"inLanguage":"fi","potentialAction":[{"@type":"ReadAction","target":["https:\/\/meditex.ee\/fi\/ehdot\/"]}]},{"@type":"BreadcrumbList","@id":"https:\/\/meditex.ee\/fi\/ehdot\/#breadcrumb","itemListElement":[{"@type":"ListItem","position":1,"name":"Home","item":"https:\/\/meditex.ee\/fi\/"},{"@type":"ListItem","position":2,"name":"Ehdot ja edellytykset"}]},{"@type":"WebSite","@id":"https:\/\/meditex.ee\/en\/#website","url":"https:\/\/meditex.ee\/en\/","name":"Meditex","description":"","publisher":{"@id":"https:\/\/meditex.ee\/en\/#organization"},"potentialAction":[{"@type":"SearchAction","target":{"@type":"EntryPoint","urlTemplate":"https:\/\/meditex.ee\/en\/?s={search_term_string}"},"query-input":{"@type":"PropertyValueSpecification","valueRequired":true,"valueName":"search_term_string"}}],"inLanguage":"fi"},{"@type":"Organization","@id":"https:\/\/meditex.ee\/en\/#organization","name":"Meditex","url":"https:\/\/meditex.ee\/en\/","logo":{"@type":"ImageObject","inLanguage":"fi","@id":"https:\/\/meditex.ee\/en\/#\/schema\/logo\/image\/","url":"https:\/\/meditex.ee\/wp-content\/uploads\/2018\/03\/mdtx_logo.png","contentUrl":"https:\/\/meditex.ee\/wp-content\/uploads\/2018\/03\/mdtx_logo.png","width":669,"height":235,"caption":"Meditex"},"image":{"@id":"https:\/\/meditex.ee\/en\/#\/schema\/logo\/image\/"},"sameAs":["https:\/\/www.facebook.com\/meditexepood\/"]}]}},"_links":{"self":[{"href":"https:\/\/meditex.ee\/fi\/wp-json\/wp\/v2\/pages\/7217","targetHints":{"allow":["GET"]}}],"collection":[{"href":"https:\/\/meditex.ee\/fi\/wp-json\/wp\/v2\/pages"}],"about":[{"href":"https:\/\/meditex.ee\/fi\/wp-json\/wp\/v2\/types\/page"}],"author":[{"embeddable":true,"href":"https:\/\/meditex.ee\/fi\/wp-json\/wp\/v2\/users\/1"}],"replies":[{"embeddable":true,"href":"https:\/\/meditex.ee\/fi\/wp-json\/wp\/v2\/comments?post=7217"}],"version-history":[{"count":0,"href":"https:\/\/meditex.ee\/fi\/wp-json\/wp\/v2\/pages\/7217\/revisions"}],"wp:attachment":[{"href":"https:\/\/meditex.ee\/fi\/wp-json\/wp\/v2\/media?parent=7217"}],"curies":[{"name":"wp","href":"https:\/\/api.w.org\/{rel}","templated":true}]}}