{"id":7001,"date":"2019-11-03T06:32:17","date_gmt":"2019-11-03T06:32:17","guid":{"rendered":"https:\/\/meditex.ee\/?page_id=7001"},"modified":"2023-07-31T09:48:18","modified_gmt":"2023-07-31T09:48:18","slug":"mittaaminen","status":"publish","type":"page","link":"https:\/\/meditex.ee\/fi\/mittaaminen\/","title":{"rendered":"Carefixin koon valitseminen"},"content":{"rendered":"\n<div class=\"text-center\"><div class=\"is-divider divider clearfix\" ><\/div><\/div>\n\n<div class=\"row\"  id=\"row-77011391\">\n\n\n\t<div id=\"col-2048277174\" class=\"col medium-4 small-12 large-4\"  >\n\t\t\t\t<div class=\"col-inner\"  >\n\t\t\t\n\t\t\t\n\n\t<div class=\"img has-hover x md-x lg-x y md-y lg-y\" id=\"image_1022243484\">\n\t\t\t\t\t\t\t\t<div class=\"img-inner dark\" >\n\t\t\t<img decoding=\"async\" width=\"1020\" height=\"315\" src=\"https:\/\/meditex.ee\/wp-content\/uploads\/2018\/03\/CAREFIX_PAYOFF_4F-1400x433.png\" class=\"attachment-large size-large\" alt=\"\" srcset=\"https:\/\/meditex.ee\/wp-content\/uploads\/2018\/03\/CAREFIX_PAYOFF_4F-1400x433.png 1400w, https:\/\/meditex.ee\/wp-content\/uploads\/2018\/03\/CAREFIX_PAYOFF_4F-510x158.png 510w, https:\/\/meditex.ee\/wp-content\/uploads\/2018\/03\/CAREFIX_PAYOFF_4F-800x248.png 800w, https:\/\/meditex.ee\/wp-content\/uploads\/2018\/03\/CAREFIX_PAYOFF_4F-768x238.png 768w, https:\/\/meditex.ee\/wp-content\/uploads\/2018\/03\/CAREFIX_PAYOFF_4F-600x186.png 600w, https:\/\/meditex.ee\/wp-content\/uploads\/2018\/03\/CAREFIX_PAYOFF_4F.png 2038w\" sizes=\"(max-width: 1020px) 100vw, 1020px\" \/>\t\t\t\t\t\t\n\t\t\t\t\t<\/div>\n\t\t\t\t\t\t\t\t\n<style>\n#image_1022243484 {\n  width: 85%;\n}\n<\/style>\n\t<\/div>\n\t\n\n\n\t\t<\/div>\n\t\t\t\t\t<\/div>\n\n\t\n\n\t<div id=\"col-1700145289\" class=\"col medium-4 small-12 large-4\"  >\n\t\t\t\t<div class=\"col-inner\"  >\n\t\t\t\n\t\t\t\n\n\n\t\t<\/div>\n\t\t\t\t\t<\/div>\n\n\t\n\n\t<div id=\"col-737581535\" class=\"col medium-4 small-12 large-4\"  >\n\t\t\t\t<div class=\"col-inner\"  >\n\t\t\t\n\t\t\t\n\n\n\t\t<\/div>\n\t\t\t\t\t<\/div>\n\n\t\n\n<\/div>\n<h3 style=\"text-align: left;\" data-fontsize=\"28\" data-lineheight=\"52\"><span style=\"color: #00aae7;\">Oikean rintaliivikoon l\u00f6yt\u00e4minen<\/span><\/h3>\n<p style=\"text-align: left;\" data-fontsize=\"16\" data-lineheight=\"19\"><span style=\"color: #000000;\">Lue alla oleva opas l\u00f6yt\u00e4\u00e4ksesi sinulle sopivan koon*.<\/span><\/p>\n\t<div class=\"img has-hover x md-x lg-x y md-y lg-y\" id=\"image_1514633584\">\n\t\t\t\t\t\t\t\t<div class=\"img-inner dark\" >\n\t\t\t<img decoding=\"async\" width=\"251\" height=\"258\" src=\"https:\/\/meditex.ee\/wp-content\/uploads\/2018\/04\/carefix-bra_how-to-measure_1-2.png\" class=\"attachment-large size-large\" alt=\"\" \/>\t\t\t\t\t\t\n\t\t\t\t\t<\/div>\n\t\t\t\t\t\t\t\t\n<style>\n#image_1514633584 {\n  width: 22%;\n}\n<\/style>\n\t<\/div>\n\t\n\n<div class=\"fusion-text\">\n<p data-fontsize=\"16\" data-lineheight=\"19\"> <\/p>\n<p style=\"text-align: left;\" data-fontsize=\"16\" data-lineheight=\"19\"><span style=\"color: #000000;\">1. Mittaa vartalosi ymp\u00e4rysmitta rintojen alta e. Ymp\u00e4rysmitta rinnanymp\u00e4ryksen alapuolella (kaistaleen koko)<\/span><\/p>\n<\/div>\n<div class=\"fusion-text\">\n<p style=\"text-align: left;\" data-fontsize=\"16\" data-lineheight=\"19\"><span style=\"color: #000000;\">2. Mittaa kehon ymp\u00e4rysmitta rintakeh\u00e4n leveimm\u00e4lt\u00e4 kohdalta e. rintojen ymp\u00e4rysmitta (rintakoko)<\/span><\/p>\n<p style=\"text-align: left;\" data-fontsize=\"16\" data-lineheight=\"19\"><span style=\"color: #000000;\">3. Kuppikoko m\u00e4\u00e4r\u00e4ytyy rinnan ymp\u00e4rysmitan ja alarinnan ymp\u00e4rysmitan erotuksen perusteella.<\/span><\/p>\n<p style=\"text-align: left;\" data-fontsize=\"16\" data-lineheight=\"19\"><span style=\"color: #000000;\">Esimerkki: rinnanymp\u00e4rys 95 cm &#8211; rinnanymp\u00e4ryksen alapuolella 80 cm = korikoko 15 e. Kori B<\/span><\/p>\n<p style=\"text-align: left;\" data-fontsize=\"16\" data-lineheight=\"19\"><span style=\"color: #000000;\">Korin koot:<\/span><\/p>\n<p style=\"text-align: left;\" data-fontsize=\"16\" data-lineheight=\"19\"><span style=\"color: #000000;\">10 &#8211; 12 cm = AA-kori<\/span><br\/><span style=\"color: #000000;\">12 &#8211; 14 cm = kori A<\/span><br\/><span style=\"color: #000000;\">14 &#8211; 16 cm = kori B<\/span><br\/><span style=\"color: #000000;\">16 &#8211; 18 cm = kori C<\/span><br\/><span style=\"color: #000000;\">18 &#8211; 20 cm = kori D<\/span><br\/><span style=\"color: #000000;\">20 &#8211; 22 cm = kori E<\/span><br\/><span style=\"color: #000000;\">22 &#8211; 24 cm = kori F<\/span><\/p>\n<p style=\"text-align: left;\" data-fontsize=\"16\" data-lineheight=\"19\"><span style=\"color: #000000;\">4. Rintaliivien koon m\u00e4\u00e4ritt\u00e4miseksi k\u00e4yt\u00e4 rinnan alapuolen ymp\u00e4rysmittaa ja korin kokoa. Jos rintakeh\u00e4n ymp\u00e4rysmitta on 80 cm ja sinulla on koko B, l\u00f6yd\u00e4t oikean koon kokotaulukosta (koko M alla olevassa taulukossa).<\/span><\/p>\n<\/div>\n\t<div class=\"img has-hover x md-x lg-x y md-y lg-y\" id=\"image_1322820763\">\n\t\t\t\t\t\t\t\t<div class=\"img-inner dark\" >\n\t\t\t<img decoding=\"async\" width=\"521\" height=\"176\" src=\"https:\/\/meditex.ee\/wp-content\/uploads\/2018\/04\/carefix-bra_how-to-measure_size-table.png\" class=\"attachment-large size-large\" alt=\"\" srcset=\"https:\/\/meditex.ee\/wp-content\/uploads\/2018\/04\/carefix-bra_how-to-measure_size-table.png 521w, https:\/\/meditex.ee\/wp-content\/uploads\/2018\/04\/carefix-bra_how-to-measure_size-table-510x172.png 510w\" sizes=\"(max-width: 521px) 100vw, 521px\" \/>\t\t\t\t\t\t\n\t\t\t\t\t<\/div>\n\t\t\t\t\t\t\t\t\n<style>\n#image_1322820763 {\n  width: 55%;\n}\n<\/style>\n\t<\/div>\n\t\n\n<p> <\/p>\n<p class=\"fusion-sep-clear\" style=\"text-align: left;\"><span style=\"color: #000000;\">* Leikkauksen j\u00e4lkeisen turvotuksen vuoksi saatat tarvita 1-2 kokoa tavallista suurempia rintaliivej\u00e4.<\/span><\/p>\n<div class=\"fusion-text\">\n<p style=\"text-align: left;\" data-fontsize=\"16\" data-lineheight=\"19\"><span style=\"color: #000000;\">Valitse yht\u00e4 kokoa pienemm\u00e4t rintaliivit, jos haluat voimakkaamman puristuksen, ja yht\u00e4 kokoa suuremmat, jos haluat heikomman puristuksen.<\/span><\/p>\n<p style=\"text-align: left;\" data-fontsize=\"16\" data-lineheight=\"19\"><span style=\"color: #000000;\">NB! Mittaa aina itsesi oikean koon l\u00f6yt\u00e4miseksi.<\/span><\/p>\n<\/div>\n<p data-fontsize=\"16\" data-lineheight=\"19\"> <\/p>\n<p style=\"text-align: left;\" data-fontsize=\"16\" data-lineheight=\"19\"><span style=\"color: #000000;\">Katso my\u00f6s mitoitusvideo (englanniksi).<\/span><\/p>\n<div class=\"video video-fit mb\" style=\"padding-top:50%;\"><iframe title=\"Carefix post op bra size guide\" width=\"1020\" height=\"574\" src=\"https:\/\/www.youtube.com\/embed\/dbbiT3K8OrQ?feature=oembed\" frameborder=\"0\" allow=\"accelerometer; autoplay; clipboard-write; encrypted-media; gyroscope; picture-in-picture; web-share\" referrerpolicy=\"strict-origin-when-cross-origin\" allowfullscreen><\/iframe><\/div>\n","protected":false},"excerpt":{"rendered":"<p>Oikean rintaliivikoon l\u00f6yt\u00e4minen Lue alla oleva opas l\u00f6yt\u00e4\u00e4ksesi sinulle sopivan koon*. 1. Mittaa vartalosi ymp\u00e4rysmitta rintojen alta e. Ymp\u00e4rysmitta rinnanymp\u00e4ryksen alapuolella (kaistaleen koko) 2. Mittaa kehon ymp\u00e4rysmitta rintakeh\u00e4n leveimm\u00e4lt\u00e4 kohdalta e. rintojen ymp\u00e4rysmitta (rintakoko) 3. Kuppikoko m\u00e4\u00e4r\u00e4ytyy rinnan ymp\u00e4rysmitan ja alarinnan ymp\u00e4rysmitan erotuksen perusteella. Esimerkki: rinnanymp\u00e4rys 95 cm &#8211; rinnanymp\u00e4ryksen alapuolella 80 cm = korikoko [&#8230;]\n","protected":false},"author":1,"featured_media":0,"parent":0,"menu_order":0,"comment_status":"closed","ping_status":"closed","template":"","meta":{"footnotes":""},"class_list":["post-7001","page","type-page","status-publish","hentry"],"yoast_head":"<!-- This site is optimized with the Yoast SEO plugin v27.3 - https:\/\/yoast.com\/product\/yoast-seo-wordpress\/ -->\n<title>Carefix-rintaliivien koon valitseminen<\/title>\n<meta name=\"description\" content=\"Lue t\u00e4\u00e4lt\u00e4, miten l\u00f6yd\u00e4t sinulle sopivan rintaliivikoon. NB! \u00c4l\u00e4 vertaa Carefix-rintaliivien kokoja tavalliseen rintaliivikokoosi.\" \/>\n<meta name=\"robots\" content=\"index, follow, max-snippet:-1, max-image-preview:large, max-video-preview:-1\" \/>\n<link rel=\"canonical\" href=\"https:\/\/meditex.ee\/fi\/mittaaminen\/\" \/>\n<meta property=\"og:locale\" content=\"fi_FI\" \/>\n<meta property=\"og:type\" content=\"article\" \/>\n<meta property=\"og:title\" content=\"Carefix-rintaliivien koon valitseminen\" \/>\n<meta property=\"og:description\" content=\"Lue t\u00e4\u00e4lt\u00e4, miten l\u00f6yd\u00e4t sinulle sopivan rintaliivikoon. NB! \u00c4l\u00e4 vertaa Carefix-rintaliivien kokoja tavalliseen rintaliivikokoosi.\" \/>\n<meta property=\"og:url\" content=\"https:\/\/meditex.ee\/fi\/mittaaminen\/\" \/>\n<meta property=\"og:site_name\" content=\"Meditex\" \/>\n<meta property=\"article:publisher\" content=\"https:\/\/www.facebook.com\/meditexepood\/\" \/>\n<meta property=\"article:modified_time\" content=\"2023-07-31T09:48:18+00:00\" \/>\n<meta name=\"twitter:card\" content=\"summary_large_image\" \/>\n<meta name=\"twitter:label1\" content=\"Arvioitu lukuaika\" \/>\n\t<meta name=\"twitter:data1\" content=\"1 minuutti\" \/>\n<script type=\"application\/ld+json\" class=\"yoast-schema-graph\">{\"@context\":\"https:\\\/\\\/schema.org\",\"@graph\":[{\"@type\":\"WebPage\",\"@id\":\"https:\\\/\\\/meditex.ee\\\/fi\\\/mittaaminen\\\/\",\"url\":\"https:\\\/\\\/meditex.ee\\\/fi\\\/mittaaminen\\\/\",\"name\":\"Carefix-rintaliivien koon valitseminen\",\"isPartOf\":{\"@id\":\"https:\\\/\\\/meditex.ee\\\/en\\\/#website\"},\"datePublished\":\"2019-11-03T06:32:17+00:00\",\"dateModified\":\"2023-07-31T09:48:18+00:00\",\"description\":\"Lue t\u00e4\u00e4lt\u00e4, miten l\u00f6yd\u00e4t sinulle sopivan rintaliivikoon. NB! \u00c4l\u00e4 vertaa Carefix-rintaliivien kokoja tavalliseen rintaliivikokoosi.\",\"breadcrumb\":{\"@id\":\"https:\\\/\\\/meditex.ee\\\/fi\\\/mittaaminen\\\/#breadcrumb\"},\"inLanguage\":\"fi\",\"potentialAction\":[{\"@type\":\"ReadAction\",\"target\":[\"https:\\\/\\\/meditex.ee\\\/fi\\\/mittaaminen\\\/\"]}]},{\"@type\":\"BreadcrumbList\",\"@id\":\"https:\\\/\\\/meditex.ee\\\/fi\\\/mittaaminen\\\/#breadcrumb\",\"itemListElement\":[{\"@type\":\"ListItem\",\"position\":1,\"name\":\"Home\",\"item\":\"https:\\\/\\\/meditex.ee\\\/fi\\\/\"},{\"@type\":\"ListItem\",\"position\":2,\"name\":\"Carefixin koon valitseminen\"}]},{\"@type\":\"WebSite\",\"@id\":\"https:\\\/\\\/meditex.ee\\\/en\\\/#website\",\"url\":\"https:\\\/\\\/meditex.ee\\\/en\\\/\",\"name\":\"Meditex\",\"description\":\"\",\"publisher\":{\"@id\":\"https:\\\/\\\/meditex.ee\\\/en\\\/#organization\"},\"potentialAction\":[{\"@type\":\"SearchAction\",\"target\":{\"@type\":\"EntryPoint\",\"urlTemplate\":\"https:\\\/\\\/meditex.ee\\\/en\\\/?s={search_term_string}\"},\"query-input\":{\"@type\":\"PropertyValueSpecification\",\"valueRequired\":true,\"valueName\":\"search_term_string\"}}],\"inLanguage\":\"fi\"},{\"@type\":\"Organization\",\"@id\":\"https:\\\/\\\/meditex.ee\\\/en\\\/#organization\",\"name\":\"Meditex\",\"url\":\"https:\\\/\\\/meditex.ee\\\/en\\\/\",\"logo\":{\"@type\":\"ImageObject\",\"inLanguage\":\"fi\",\"@id\":\"https:\\\/\\\/meditex.ee\\\/en\\\/#\\\/schema\\\/logo\\\/image\\\/\",\"url\":\"https:\\\/\\\/meditex.ee\\\/wp-content\\\/uploads\\\/2018\\\/03\\\/mdtx_logo.png\",\"contentUrl\":\"https:\\\/\\\/meditex.ee\\\/wp-content\\\/uploads\\\/2018\\\/03\\\/mdtx_logo.png\",\"width\":669,\"height\":235,\"caption\":\"Meditex\"},\"image\":{\"@id\":\"https:\\\/\\\/meditex.ee\\\/en\\\/#\\\/schema\\\/logo\\\/image\\\/\"},\"sameAs\":[\"https:\\\/\\\/www.facebook.com\\\/meditexepood\\\/\"]}]}<\/script>\n<!-- \/ Yoast SEO plugin. -->","yoast_head_json":{"title":"Carefix-rintaliivien koon valitseminen","description":"Lue t\u00e4\u00e4lt\u00e4, miten l\u00f6yd\u00e4t sinulle sopivan rintaliivikoon. NB! \u00c4l\u00e4 vertaa Carefix-rintaliivien kokoja tavalliseen rintaliivikokoosi.","robots":{"index":"index","follow":"follow","max-snippet":"max-snippet:-1","max-image-preview":"max-image-preview:large","max-video-preview":"max-video-preview:-1"},"canonical":"https:\/\/meditex.ee\/fi\/mittaaminen\/","og_locale":"fi_FI","og_type":"article","og_title":"Carefix-rintaliivien koon valitseminen","og_description":"Lue t\u00e4\u00e4lt\u00e4, miten l\u00f6yd\u00e4t sinulle sopivan rintaliivikoon. NB! \u00c4l\u00e4 vertaa Carefix-rintaliivien kokoja tavalliseen rintaliivikokoosi.","og_url":"https:\/\/meditex.ee\/fi\/mittaaminen\/","og_site_name":"Meditex","article_publisher":"https:\/\/www.facebook.com\/meditexepood\/","article_modified_time":"2023-07-31T09:48:18+00:00","twitter_card":"summary_large_image","twitter_misc":{"Arvioitu lukuaika":"1 minuutti"},"schema":{"@context":"https:\/\/schema.org","@graph":[{"@type":"WebPage","@id":"https:\/\/meditex.ee\/fi\/mittaaminen\/","url":"https:\/\/meditex.ee\/fi\/mittaaminen\/","name":"Carefix-rintaliivien koon valitseminen","isPartOf":{"@id":"https:\/\/meditex.ee\/en\/#website"},"datePublished":"2019-11-03T06:32:17+00:00","dateModified":"2023-07-31T09:48:18+00:00","description":"Lue t\u00e4\u00e4lt\u00e4, miten l\u00f6yd\u00e4t sinulle sopivan rintaliivikoon. NB! \u00c4l\u00e4 vertaa Carefix-rintaliivien kokoja tavalliseen rintaliivikokoosi.","breadcrumb":{"@id":"https:\/\/meditex.ee\/fi\/mittaaminen\/#breadcrumb"},"inLanguage":"fi","potentialAction":[{"@type":"ReadAction","target":["https:\/\/meditex.ee\/fi\/mittaaminen\/"]}]},{"@type":"BreadcrumbList","@id":"https:\/\/meditex.ee\/fi\/mittaaminen\/#breadcrumb","itemListElement":[{"@type":"ListItem","position":1,"name":"Home","item":"https:\/\/meditex.ee\/fi\/"},{"@type":"ListItem","position":2,"name":"Carefixin koon valitseminen"}]},{"@type":"WebSite","@id":"https:\/\/meditex.ee\/en\/#website","url":"https:\/\/meditex.ee\/en\/","name":"Meditex","description":"","publisher":{"@id":"https:\/\/meditex.ee\/en\/#organization"},"potentialAction":[{"@type":"SearchAction","target":{"@type":"EntryPoint","urlTemplate":"https:\/\/meditex.ee\/en\/?s={search_term_string}"},"query-input":{"@type":"PropertyValueSpecification","valueRequired":true,"valueName":"search_term_string"}}],"inLanguage":"fi"},{"@type":"Organization","@id":"https:\/\/meditex.ee\/en\/#organization","name":"Meditex","url":"https:\/\/meditex.ee\/en\/","logo":{"@type":"ImageObject","inLanguage":"fi","@id":"https:\/\/meditex.ee\/en\/#\/schema\/logo\/image\/","url":"https:\/\/meditex.ee\/wp-content\/uploads\/2018\/03\/mdtx_logo.png","contentUrl":"https:\/\/meditex.ee\/wp-content\/uploads\/2018\/03\/mdtx_logo.png","width":669,"height":235,"caption":"Meditex"},"image":{"@id":"https:\/\/meditex.ee\/en\/#\/schema\/logo\/image\/"},"sameAs":["https:\/\/www.facebook.com\/meditexepood\/"]}]}},"_links":{"self":[{"href":"https:\/\/meditex.ee\/fi\/wp-json\/wp\/v2\/pages\/7001","targetHints":{"allow":["GET"]}}],"collection":[{"href":"https:\/\/meditex.ee\/fi\/wp-json\/wp\/v2\/pages"}],"about":[{"href":"https:\/\/meditex.ee\/fi\/wp-json\/wp\/v2\/types\/page"}],"author":[{"embeddable":true,"href":"https:\/\/meditex.ee\/fi\/wp-json\/wp\/v2\/users\/1"}],"replies":[{"embeddable":true,"href":"https:\/\/meditex.ee\/fi\/wp-json\/wp\/v2\/comments?post=7001"}],"version-history":[{"count":0,"href":"https:\/\/meditex.ee\/fi\/wp-json\/wp\/v2\/pages\/7001\/revisions"}],"wp:attachment":[{"href":"https:\/\/meditex.ee\/fi\/wp-json\/wp\/v2\/media?parent=7001"}],"curies":[{"name":"wp","href":"https:\/\/api.w.org\/{rel}","templated":true}]}}