{"id":6938,"date":"2019-11-01T12:18:14","date_gmt":"2019-11-01T12:18:14","guid":{"rendered":"https:\/\/meditex.ee\/?page_id=6938"},"modified":"2023-08-02T12:09:30","modified_gmt":"2023-08-02T12:09:30","slug":"isavela","status":"publish","type":"page","link":"https:\/\/meditex.ee\/fi\/isavela\/","title":{"rendered":"Isavela"},"content":{"rendered":"\n<div class=\"row\"  id=\"row-739980448\">\n\n\n\t<div id=\"col-1193038481\" class=\"col medium-6 small-12 large-6\"  >\n\t\t\t\t<div class=\"col-inner\"  >\n\t\t\t\n\t\t\t\n\n<div class=\"is-divider divider clearfix\" style=\"background-color:rgb(255, 255, 255);\"><\/div>\n\n<h2><span style=\"color: #000080;\">KOMPRESSIOVAATTEET<\/span><\/h2>\n\n\t\t<\/div>\n\t\t\t\t\t<\/div>\n\n\t\n\n\t<div id=\"col-1147993516\" class=\"col medium-6 small-12 large-6\"  >\n\t\t\t\t<div class=\"col-inner text-right\"  >\n\t\t\t\n\t\t\t\n\n\t<div class=\"img has-hover x md-x lg-x y md-y lg-y\" id=\"image_920466929\">\n\t\t\t\t\t\t\t\t<div class=\"img-inner dark\" >\n\t\t\t<img decoding=\"async\" width=\"486\" height=\"199\" src=\"https:\/\/meditex.ee\/wp-content\/uploads\/2020\/10\/isavela_logo-1.png\" class=\"attachment-large size-large\" alt=\"\" \/>\t\t\t\t\t\t\n\t\t\t\t\t<\/div>\n\t\t\t\t\t\t\t\t\n<style>\n#image_920466929 {\n  width: 60%;\n}\n<\/style>\n\t<\/div>\n\t\n\n\n\t\t<\/div>\n\t\t\t\t\t<\/div>\n\n\t\n\n<\/div>\n<p>Isavela Enterprises, Inc. aloitti toimintansa vuoden 2008 alussa t\u00e4ytt\u00e4\u00e4kseen vaatimukset korkealaatuisista ja edullisista kompressiovaatteista, jotka on valmistettu yhdysvaltalaisesta kest\u00e4v\u00e4st\u00e4 kankaasta.<\/p>\n<div class=\"row\"  id=\"row-554224161\">\n\n\n\t<div id=\"col-971802317\" class=\"col medium-6 small-12 large-6\"  >\n\t\t\t\t<div class=\"col-inner\"  >\n\t\t\t\n\t\t\t\n\n<p>10 menestyksekk\u00e4\u00e4n vuoden j\u00e4lkeen Isavelasta on tullut yksi maailman parhaimmista kompressiovaatteiden valmistajista. Niiden ylellinen huipputekninen kangas on valmistettu Amerikassa. Yrityksen Comprexxwear\u00ae -kangas tarjoaa juuri oikean m\u00e4\u00e4r\u00e4n kompressiota.<\/p>\n<p>Isavelan kompressiovaatteissa on erityisi\u00e4 kohdistettuja kompressiopaneeleita, jotka auttavat v\u00e4hent\u00e4m\u00e4\u00e4n verenvuotoa ja turvotusta heti leikkauksen j\u00e4lkeen ja paranemisprosessin aikana.<\/p>\n\n\t\t<\/div>\n\t\t\t\t\t<\/div>\n\n\t\n\n\t<div id=\"col-54377110\" class=\"col medium-6 small-12 large-6\"  >\n\t\t\t\t<div class=\"col-inner text-center\"  >\n\t\t\t\n\t\t\t\n\n\t<div class=\"img has-hover x md-x lg-x y md-y lg-y\" id=\"image_19632668\">\n\t\t\t\t\t\t\t\t<div class=\"img-inner dark\" >\n\t\t\t<img decoding=\"async\" width=\"640\" height=\"427\" src=\"https:\/\/meditex.ee\/wp-content\/uploads\/2018\/03\/isavela-compression-garments-manufacturing-technology-autonesting-setting-rules.jpg\" class=\"attachment-large size-large\" alt=\"\" srcset=\"https:\/\/meditex.ee\/wp-content\/uploads\/2018\/03\/isavela-compression-garments-manufacturing-technology-autonesting-setting-rules.jpg 640w, https:\/\/meditex.ee\/wp-content\/uploads\/2018\/03\/isavela-compression-garments-manufacturing-technology-autonesting-setting-rules-510x340.jpg 510w, https:\/\/meditex.ee\/wp-content\/uploads\/2018\/03\/isavela-compression-garments-manufacturing-technology-autonesting-setting-rules-600x400.jpg 600w\" sizes=\"(max-width: 640px) 100vw, 640px\" \/>\t\t\t\t\t\t\n\t\t\t\t\t<\/div>\n\t\t\t\t\t\t\t\t\n<style>\n#image_19632668 {\n  width: 70%;\n}\n<\/style>\n\t<\/div>\n\t\n\n\n\t\t<\/div>\n\t\t\t\t\t<\/div>\n\n\t\n\n<\/div>\n<div class=\"row\"  id=\"row-545189413\">\n\n\n\t<div id=\"col-730205495\" class=\"col medium-6 small-12 large-6\"  >\n\t\t\t\t<div class=\"col-inner text-center\"  >\n\t\t\t\n\t\t\t\n\n<div class=\"is-divider divider clearfix\" style=\"height:20px;background-color:rgb(255, 255, 255);\"><\/div>\n\n\t<div class=\"img has-hover x md-x lg-x y md-y lg-y\" id=\"image_1988913579\">\n\t\t\t\t\t\t\t\t<div class=\"img-inner dark\" >\n\t\t\t<img decoding=\"async\" width=\"640\" height=\"427\" src=\"https:\/\/meditex.ee\/wp-content\/uploads\/2018\/03\/isavela-compression-garments-manufacturing-technology-cutter-automation-closeup.jpg\" class=\"attachment-large size-large\" alt=\"\" srcset=\"https:\/\/meditex.ee\/wp-content\/uploads\/2018\/03\/isavela-compression-garments-manufacturing-technology-cutter-automation-closeup.jpg 640w, https:\/\/meditex.ee\/wp-content\/uploads\/2018\/03\/isavela-compression-garments-manufacturing-technology-cutter-automation-closeup-510x340.jpg 510w, https:\/\/meditex.ee\/wp-content\/uploads\/2018\/03\/isavela-compression-garments-manufacturing-technology-cutter-automation-closeup-600x400.jpg 600w\" sizes=\"(max-width: 640px) 100vw, 640px\" \/>\t\t\t\t\t\t\n\t\t\t\t\t<\/div>\n\t\t\t\t\t\t\t\t\n<style>\n#image_1988913579 {\n  width: 80%;\n}\n<\/style>\n\t<\/div>\n\t\n\n\n\t\t<\/div>\n\t\t\t\t\t<\/div>\n\n\t\n\n\t<div id=\"col-2106729301\" class=\"col medium-6 small-12 large-6\"  >\n\t\t\t\t<div class=\"col-inner\"  >\n\t\t\t\n\t\t\t\n\n<p>Comprexxwear tuntuu toiselta iholtasi, joten voit k\u00e4ytt\u00e4\u00e4 sit\u00e4 mukavasti joka p\u00e4iv\u00e4 tai niin kauan kuin kirurgisi suosittelee. Vaatteemme ovat hengitt\u00e4vi\u00e4 ja pehmeit\u00e4 pit\u00e4en sinut viile\u00e4n\u00e4 ja kuivana. Vaatteet on my\u00f6s k\u00e4sitelty hajunkest\u00e4v\u00e4ll\u00e4 pintak\u00e4sittelyll\u00e4, joka pit\u00e4\u00e4 olosi puhtaana koko ajan.<\/p>\n<p>Isavelan vaatteet sopivat ihanteellisesti seuraaviin tilanteisiin:<\/p>\n<p>&#8211; Leikkauksen j\u00e4lkeinen vaihe<\/p>\n<p>&#8211; \u00c4itiystuki<\/p>\n<p>&#8211; Raskauden j\u00e4lkeinen tuki<\/p>\n<p>&#8211; Muotoilu<\/p>\n<p>&#8211; Pakaroiden tuki<\/p>\n\n\t\t<\/div>\n\t\t\t\t\t<\/div>\n\n\t\n\n<\/div>\n<p>Isavelan vaatteet antaa sinulle mukavuuden, luottamuksen ja optimaaliset olosuhteet auttamaan paranemisprosessissa.<\/p>\n<div class=\"row\"  id=\"row-76032935\">\n\n\n\t<div id=\"col-2087656085\" class=\"col small-12 large-12\"  >\n\t\t\t\t<div class=\"col-inner\"  >\n\t\t\t\n\t\t\t\n\n\t<div class=\"img has-hover x md-x lg-x y md-y lg-y\" id=\"image_566568393\">\n\t\t\t\t\t\t\t\t<div class=\"img-inner dark\" >\n\t\t\t<img decoding=\"async\" width=\"683\" height=\"400\" src=\"https:\/\/meditex.ee\/wp-content\/uploads\/2020\/10\/isavela-683x400.png\" class=\"attachment-medium size-medium\" alt=\"\" srcset=\"https:\/\/meditex.ee\/wp-content\/uploads\/2020\/10\/isavela-683x400.png 683w, https:\/\/meditex.ee\/wp-content\/uploads\/2020\/10\/isavela-510x299.png 510w, https:\/\/meditex.ee\/wp-content\/uploads\/2020\/10\/isavela-768x450.png 768w, https:\/\/meditex.ee\/wp-content\/uploads\/2020\/10\/isavela-600x351.png 600w, https:\/\/meditex.ee\/wp-content\/uploads\/2020\/10\/isavela.png 1170w\" sizes=\"(max-width: 683px) 100vw, 683px\" \/>\t\t\t\t\t\t\n\t\t\t\t\t<\/div>\n\t\t\t\t\t\t\t\t\n<style>\n#image_566568393 {\n  width: 100%;\n}\n<\/style>\n\t<\/div>\n\t\n\n\n\t\t<\/div>\n\t\t\t\t\t<\/div>\n\n\t\n\n<\/div>\n<div class=\"text-center\"><div class=\"is-divider divider clearfix\" style=\"background-color:rgb(255, 255, 255);\"><\/div><\/div>\n\n<a href=\"https:\/\/meditex.ee\/fi\/tuote-osasto\/kasvojen-sidos\/\" class=\"button primary is-bevel box-shadow-3 box-shadow-5-hover expand\" style=\"border-radius:8px;\">\n\t<i class=\"icon-shopping-cart\" aria-hidden=\"true\"><\/i>\t<span>Osta kaupasta<\/span>\n\t<\/a>\n\n\n\n","protected":false},"excerpt":{"rendered":"","protected":false},"author":1,"featured_media":0,"parent":0,"menu_order":0,"comment_status":"closed","ping_status":"closed","template":"","meta":{"footnotes":""},"class_list":["post-6938","page","type-page","status-publish","hentry"],"yoast_head":"<!-- This site is optimized with the Yoast SEO plugin v27.3 - https:\/\/yoast.com\/product\/yoast-seo-wordpress\/ -->\n<title>Isavela - Meditex<\/title>\n<meta name=\"robots\" content=\"index, follow, max-snippet:-1, max-image-preview:large, max-video-preview:-1\" \/>\n<link rel=\"canonical\" href=\"https:\/\/meditex.ee\/fi\/isavela\/\" \/>\n<meta property=\"og:locale\" content=\"fi_FI\" \/>\n<meta property=\"og:type\" content=\"article\" \/>\n<meta property=\"og:title\" content=\"Isavela - Meditex\" \/>\n<meta property=\"og:url\" content=\"https:\/\/meditex.ee\/fi\/isavela\/\" \/>\n<meta property=\"og:site_name\" content=\"Meditex\" \/>\n<meta property=\"article:publisher\" content=\"https:\/\/www.facebook.com\/meditexepood\/\" \/>\n<meta property=\"article:modified_time\" content=\"2023-08-02T12:09:30+00:00\" \/>\n<meta name=\"twitter:card\" content=\"summary_large_image\" \/>\n<meta name=\"twitter:label1\" content=\"Arvioitu lukuaika\" \/>\n\t<meta name=\"twitter:data1\" content=\"1 minuutti\" \/>\n<script type=\"application\/ld+json\" class=\"yoast-schema-graph\">{\"@context\":\"https:\\\/\\\/schema.org\",\"@graph\":[{\"@type\":\"WebPage\",\"@id\":\"https:\\\/\\\/meditex.ee\\\/fi\\\/isavela\\\/\",\"url\":\"https:\\\/\\\/meditex.ee\\\/fi\\\/isavela\\\/\",\"name\":\"Isavela - Meditex\",\"isPartOf\":{\"@id\":\"https:\\\/\\\/meditex.ee\\\/en\\\/#website\"},\"datePublished\":\"2019-11-01T12:18:14+00:00\",\"dateModified\":\"2023-08-02T12:09:30+00:00\",\"breadcrumb\":{\"@id\":\"https:\\\/\\\/meditex.ee\\\/fi\\\/isavela\\\/#breadcrumb\"},\"inLanguage\":\"fi\",\"potentialAction\":[{\"@type\":\"ReadAction\",\"target\":[\"https:\\\/\\\/meditex.ee\\\/fi\\\/isavela\\\/\"]}]},{\"@type\":\"BreadcrumbList\",\"@id\":\"https:\\\/\\\/meditex.ee\\\/fi\\\/isavela\\\/#breadcrumb\",\"itemListElement\":[{\"@type\":\"ListItem\",\"position\":1,\"name\":\"Home\",\"item\":\"https:\\\/\\\/meditex.ee\\\/fi\\\/\"},{\"@type\":\"ListItem\",\"position\":2,\"name\":\"Isavela\"}]},{\"@type\":\"WebSite\",\"@id\":\"https:\\\/\\\/meditex.ee\\\/en\\\/#website\",\"url\":\"https:\\\/\\\/meditex.ee\\\/en\\\/\",\"name\":\"Meditex\",\"description\":\"\",\"publisher\":{\"@id\":\"https:\\\/\\\/meditex.ee\\\/en\\\/#organization\"},\"potentialAction\":[{\"@type\":\"SearchAction\",\"target\":{\"@type\":\"EntryPoint\",\"urlTemplate\":\"https:\\\/\\\/meditex.ee\\\/en\\\/?s={search_term_string}\"},\"query-input\":{\"@type\":\"PropertyValueSpecification\",\"valueRequired\":true,\"valueName\":\"search_term_string\"}}],\"inLanguage\":\"fi\"},{\"@type\":\"Organization\",\"@id\":\"https:\\\/\\\/meditex.ee\\\/en\\\/#organization\",\"name\":\"Meditex\",\"url\":\"https:\\\/\\\/meditex.ee\\\/en\\\/\",\"logo\":{\"@type\":\"ImageObject\",\"inLanguage\":\"fi\",\"@id\":\"https:\\\/\\\/meditex.ee\\\/en\\\/#\\\/schema\\\/logo\\\/image\\\/\",\"url\":\"https:\\\/\\\/meditex.ee\\\/wp-content\\\/uploads\\\/2018\\\/03\\\/mdtx_logo.png\",\"contentUrl\":\"https:\\\/\\\/meditex.ee\\\/wp-content\\\/uploads\\\/2018\\\/03\\\/mdtx_logo.png\",\"width\":669,\"height\":235,\"caption\":\"Meditex\"},\"image\":{\"@id\":\"https:\\\/\\\/meditex.ee\\\/en\\\/#\\\/schema\\\/logo\\\/image\\\/\"},\"sameAs\":[\"https:\\\/\\\/www.facebook.com\\\/meditexepood\\\/\"]}]}<\/script>\n<!-- \/ Yoast SEO plugin. -->","yoast_head_json":{"title":"Isavela - Meditex","robots":{"index":"index","follow":"follow","max-snippet":"max-snippet:-1","max-image-preview":"max-image-preview:large","max-video-preview":"max-video-preview:-1"},"canonical":"https:\/\/meditex.ee\/fi\/isavela\/","og_locale":"fi_FI","og_type":"article","og_title":"Isavela - Meditex","og_url":"https:\/\/meditex.ee\/fi\/isavela\/","og_site_name":"Meditex","article_publisher":"https:\/\/www.facebook.com\/meditexepood\/","article_modified_time":"2023-08-02T12:09:30+00:00","twitter_card":"summary_large_image","twitter_misc":{"Arvioitu lukuaika":"1 minuutti"},"schema":{"@context":"https:\/\/schema.org","@graph":[{"@type":"WebPage","@id":"https:\/\/meditex.ee\/fi\/isavela\/","url":"https:\/\/meditex.ee\/fi\/isavela\/","name":"Isavela - Meditex","isPartOf":{"@id":"https:\/\/meditex.ee\/en\/#website"},"datePublished":"2019-11-01T12:18:14+00:00","dateModified":"2023-08-02T12:09:30+00:00","breadcrumb":{"@id":"https:\/\/meditex.ee\/fi\/isavela\/#breadcrumb"},"inLanguage":"fi","potentialAction":[{"@type":"ReadAction","target":["https:\/\/meditex.ee\/fi\/isavela\/"]}]},{"@type":"BreadcrumbList","@id":"https:\/\/meditex.ee\/fi\/isavela\/#breadcrumb","itemListElement":[{"@type":"ListItem","position":1,"name":"Home","item":"https:\/\/meditex.ee\/fi\/"},{"@type":"ListItem","position":2,"name":"Isavela"}]},{"@type":"WebSite","@id":"https:\/\/meditex.ee\/en\/#website","url":"https:\/\/meditex.ee\/en\/","name":"Meditex","description":"","publisher":{"@id":"https:\/\/meditex.ee\/en\/#organization"},"potentialAction":[{"@type":"SearchAction","target":{"@type":"EntryPoint","urlTemplate":"https:\/\/meditex.ee\/en\/?s={search_term_string}"},"query-input":{"@type":"PropertyValueSpecification","valueRequired":true,"valueName":"search_term_string"}}],"inLanguage":"fi"},{"@type":"Organization","@id":"https:\/\/meditex.ee\/en\/#organization","name":"Meditex","url":"https:\/\/meditex.ee\/en\/","logo":{"@type":"ImageObject","inLanguage":"fi","@id":"https:\/\/meditex.ee\/en\/#\/schema\/logo\/image\/","url":"https:\/\/meditex.ee\/wp-content\/uploads\/2018\/03\/mdtx_logo.png","contentUrl":"https:\/\/meditex.ee\/wp-content\/uploads\/2018\/03\/mdtx_logo.png","width":669,"height":235,"caption":"Meditex"},"image":{"@id":"https:\/\/meditex.ee\/en\/#\/schema\/logo\/image\/"},"sameAs":["https:\/\/www.facebook.com\/meditexepood\/"]}]}},"_links":{"self":[{"href":"https:\/\/meditex.ee\/fi\/wp-json\/wp\/v2\/pages\/6938","targetHints":{"allow":["GET"]}}],"collection":[{"href":"https:\/\/meditex.ee\/fi\/wp-json\/wp\/v2\/pages"}],"about":[{"href":"https:\/\/meditex.ee\/fi\/wp-json\/wp\/v2\/types\/page"}],"author":[{"embeddable":true,"href":"https:\/\/meditex.ee\/fi\/wp-json\/wp\/v2\/users\/1"}],"replies":[{"embeddable":true,"href":"https:\/\/meditex.ee\/fi\/wp-json\/wp\/v2\/comments?post=6938"}],"version-history":[{"count":0,"href":"https:\/\/meditex.ee\/fi\/wp-json\/wp\/v2\/pages\/6938\/revisions"}],"wp:attachment":[{"href":"https:\/\/meditex.ee\/fi\/wp-json\/wp\/v2\/media?parent=6938"}],"curies":[{"name":"wp","href":"https:\/\/api.w.org\/{rel}","templated":true}]}}