{"id":6935,"date":"2019-11-01T12:13:56","date_gmt":"2019-11-01T12:13:56","guid":{"rendered":"https:\/\/meditex.ee\/?page_id=6935"},"modified":"2023-08-02T12:08:13","modified_gmt":"2023-08-02T12:08:13","slug":"corsinel","status":"publish","type":"page","link":"https:\/\/meditex.ee\/fi\/corsinel\/","title":{"rendered":"Corsinel"},"content":{"rendered":"\n<div class=\"text-center\"><div class=\"is-divider divider clearfix\" style=\"background-color:rgb(255, 255, 255);\"><\/div><\/div>\n\n<div class=\"row\"  id=\"row-1421249119\">\n\n\n\t<div id=\"col-529930333\" class=\"col medium-6 small-12 large-6\"  >\n\t\t\t\t<div class=\"col-inner\"  >\n\t\t\t\n\t\t\t\n\n<h1><span style=\"color: #000080;\">AVANNE- JA TYR\u00c4TUOTTEET<\/span><\/h1>\n\n\n\t\t<\/div>\n\t\t\t\t\t<\/div>\n\n\t\n\n\t<div id=\"col-1024022093\" class=\"col medium-6 small-12 large-6\"  >\n\t\t\t\t<div class=\"col-inner text-right\"  >\n\t\t\t\n\t\t\t\n\n\t<div class=\"img has-hover x md-x lg-x y md-y lg-y\" id=\"image_1690497759\">\n\t\t\t\t\t\t\t\t<div class=\"img-inner dark\" >\n\t\t\t<img fetchpriority=\"high\" decoding=\"async\" width=\"800\" height=\"215\" src=\"https:\/\/meditex.ee\/wp-content\/uploads\/2018\/03\/Corsinel_Live-as-you-like_200mm-800x215.png\" class=\"attachment-medium size-medium\" alt=\"\" srcset=\"https:\/\/meditex.ee\/wp-content\/uploads\/2018\/03\/Corsinel_Live-as-you-like_200mm-800x215.png 800w, https:\/\/meditex.ee\/wp-content\/uploads\/2018\/03\/Corsinel_Live-as-you-like_200mm-510x137.png 510w, https:\/\/meditex.ee\/wp-content\/uploads\/2018\/03\/Corsinel_Live-as-you-like_200mm-768x206.png 768w, https:\/\/meditex.ee\/wp-content\/uploads\/2018\/03\/Corsinel_Live-as-you-like_200mm-1400x376.png 1400w, https:\/\/meditex.ee\/wp-content\/uploads\/2018\/03\/Corsinel_Live-as-you-like_200mm-600x161.png 600w\" sizes=\"(max-width: 800px) 100vw, 800px\" \/>\t\t\t\t\t\t\n\t\t\t\t\t<\/div>\n\t\t\t\t\t\t\t\t\n<style>\n#image_1690497759 {\n  width: 65%;\n}\n<\/style>\n\t<\/div>\n\t\n\n\n\t\t<\/div>\n\t\t\t\t\t<\/div>\n\n\t\n\n<\/div>\n<div class=\"fusion-text\">\n<p>Avanteen kanssa el\u00e4misell\u00e4 on suuri vaikutus ihmisen jokap\u00e4iv\u00e4iseen el\u00e4m\u00e4\u00e4n. Avanne haastaa ihmisen sosiaalisen el\u00e4m\u00e4n, kehon kuvan ja itsetunnon tunnetta.<\/p>\n<p>Vatsan alueen leikkaus, jossa leikataan suuria vatsalihaksia, voi my\u00f6s lis\u00e4t\u00e4 niveltulehduksen riski\u00e4, mik\u00e4 aiheuttaa paljon haittoja: avanteiden virheellinen asennus, vuotojen riski, negatiivinen kehon kuva ja ulkon\u00e4k\u00f6, ep\u00e4mukavuus, kipu ja painovoima jne. tai ilman leikkausta, t\u00e4m\u00e4 yleinen tila vaatii erityist\u00e4 huomiota ja tukea.<\/p>\n<p>Auttaaksemme el\u00e4m\u00e4\u00e4n el\u00e4m\u00e4\u00e4si haluamallasi tavalla, olemme kehitt\u00e4neet luotettavia tuotteita tyrien ehk\u00e4isyyn sek\u00e4 avanteiden ja tyrien hoitoon. Corsinel-tuotteemme on kehitetty l\u00e4heisess\u00e4 yhteisty\u00f6ss\u00e4 l\u00e4\u00e4k\u00e4reiden, sairaanhoitajien ja avannehoitajien kanssa parhaan suorituskyvyn, mukavuuden ja korkeimman laadun takaamiseksi.<\/p>\n<p>Lis\u00e4ksi varmistamme, ett\u00e4 suunnittelemme Corsinelin avanteiden hoitotuotteet yksil\u00f6llist\u00e4 kehon anatomiaa silm\u00e4ll\u00e4 pit\u00e4en. Tuotteidemme on sovelluttava, jotta niill\u00e4 on merkityst\u00e4 ja niit\u00e4 on mahdollista k\u00e4ytt\u00e4\u00e4. Siksi Corsinelin avannehoitotuotteet on valmistettu nelj\u00e4\u00e4n suuntaan joustavasta materiaalista, joka mukautuu aina vartaloosi. T\u00e4m\u00e4 ainutlaatuinen joustavuus varmistaa my\u00f6s, ett\u00e4 Corsinelin avannetuotteet tukevat avannetta tai tyr\u00e4\u00e4 est\u00e4m\u00e4tt\u00e4 avanteen virtaamista.<\/p>\n<p>Koska tied\u00e4mme hyvin, ett\u00e4 Corsinelin tuotteita k\u00e4ytet\u00e4\u00e4n usein koko p\u00e4iv\u00e4n ja mahdollisesti \u00f6isin, hengitt\u00e4v\u00e4t tuotteet on suunniteltu mukavuutta ajatellen. Haluamme, ett\u00e4 avannehoitotuotteitamme k\u00e4ytet\u00e4\u00e4n apuv\u00e4linein\u00e4, joilla vastataan jokap\u00e4iv\u00e4isen el\u00e4m\u00e4n haasteisiin ja helpotetaan niit\u00e4.<\/p>\n<\/div>\n<p><strong>Erilaiset tarpeet &#8211; erilaiset tukitasot<\/strong><\/p>\n<p>Koska tuki- ja kompressiotarve vaihtelee henkil\u00f6itt\u00e4in, Corsinel-sarja on jaettu kolmeen tukitasoon: Kevyt, kohtalainen ja maksimi.<\/p>\n<div class=\"text-center\"><div class=\"is-divider divider clearfix\" style=\"background-color:rgb(255, 255, 255);\"><\/div><\/div>\n\n<div class=\"row\"  id=\"row-977640003\">\n\n\n\t<div id=\"col-362818118\" class=\"col medium-4 small-12 large-4\"  >\n\t\t\t\t<div class=\"col-inner text-center\"  >\n\t\t\t\n\t\t\t\n\n<h3>KEVYT TUKI<\/h3>\n\n\t<div class=\"img has-hover x md-x lg-x y md-y lg-y\" id=\"image_1871072718\">\n\t\t\t\t\t\t\t\t<div class=\"img-inner dark\" >\n\t\t\t<img decoding=\"async\" width=\"402\" height=\"400\" src=\"https:\/\/meditex.ee\/wp-content\/uploads\/2018\/03\/Corsinel-compression-level-icon_LIGHT-402x400.png\" class=\"attachment-medium size-medium\" alt=\"\" srcset=\"https:\/\/meditex.ee\/wp-content\/uploads\/2018\/03\/Corsinel-compression-level-icon_LIGHT-402x400.png 402w, https:\/\/meditex.ee\/wp-content\/uploads\/2018\/03\/Corsinel-compression-level-icon_LIGHT-100x100.png 100w, https:\/\/meditex.ee\/wp-content\/uploads\/2018\/03\/Corsinel-compression-level-icon_LIGHT-280x280.png 280w, https:\/\/meditex.ee\/wp-content\/uploads\/2018\/03\/Corsinel-compression-level-icon_LIGHT-300x300.png 300w, https:\/\/meditex.ee\/wp-content\/uploads\/2018\/03\/Corsinel-compression-level-icon_LIGHT.png 419w\" sizes=\"(max-width: 402px) 100vw, 402px\" \/>\t\t\t\t\t\t\n\t\t\t\t\t<\/div>\n\t\t\t\t\t\t\t\t\n<style>\n#image_1871072718 {\n  width: 45%;\n}\n<\/style>\n\t<\/div>\n\t\n\n\n\t\t<\/div>\n\t\t\t\t\t<\/div>\n\n\t\n\n\t<div id=\"col-103716515\" class=\"col medium-8 small-12 large-8\"  >\n\t\t\t\t<div class=\"col-inner\"  >\n\t\t\t\n\t\t\t\n\n<p>Kevyet tukivaatteet on suunniteltu vain avannepussin kiinnitt\u00e4miseen ja kevyeen tukemiseen (ei tyr\u00e4n hallintaa\/est\u00e4mist\u00e4).<\/p>\n<ul>\n<li>Voidaan k\u00e4ytt\u00e4\u00e4 y\u00f6t\u00e4 p\u00e4iv\u00e4\u00e4<\/li>\n<li>Ovat huomaamattomia sile\u00e4n ulkon\u00e4\u00f6n ansiosta ja ovat eritt\u00e4in hy\u00f6dyllisi\u00e4 suorittaessa p\u00e4ivitt\u00e4isi\u00e4 toimintoja<\/li>\n<li>Pehme\u00e4, saumaton ja hengitt\u00e4v\u00e4 materiaali tarjoaa optimaalisen mukavuuden<\/li>\n<\/ul>\n\n\t\t<\/div>\n\t\t\t\t\t<\/div>\n\n\t\n\n<\/div>\n<div class=\"text-center\"><div class=\"is-divider divider clearfix\" style=\"background-color:rgb(255, 255, 255);\"><\/div><\/div>\n\n<div class=\"row\"  id=\"row-276375128\">\n\n\n\t<div id=\"col-949147026\" class=\"col medium-4 small-12 large-4\"  >\n\t\t\t\t<div class=\"col-inner text-center\"  >\n\t\t\t\n\t\t\t\n\n<div class=\"is-divider divider clearfix\" style=\"margin-top:30px;margin-bottom:30px;background-color:rgb(255, 255, 255);\"><\/div>\n\n<h3>KOHTALAINEN TUGI<\/h3>\n\n\t<div class=\"img has-hover x md-x lg-x y md-y lg-y\" id=\"image_244914076\">\n\t\t\t\t\t\t\t\t<div class=\"img-inner dark\" >\n\t\t\t<img decoding=\"async\" width=\"399\" height=\"400\" src=\"https:\/\/meditex.ee\/wp-content\/uploads\/2018\/03\/Corsinel-compression-level-icon_MEDIUM-1-399x400.png\" class=\"attachment-medium size-medium\" alt=\"\" srcset=\"https:\/\/meditex.ee\/wp-content\/uploads\/2018\/03\/Corsinel-compression-level-icon_MEDIUM-1-399x400.png 399w, https:\/\/meditex.ee\/wp-content\/uploads\/2018\/03\/Corsinel-compression-level-icon_MEDIUM-1-100x100.png 100w, https:\/\/meditex.ee\/wp-content\/uploads\/2018\/03\/Corsinel-compression-level-icon_MEDIUM-1-280x280.png 280w, https:\/\/meditex.ee\/wp-content\/uploads\/2018\/03\/Corsinel-compression-level-icon_MEDIUM-1-300x300.png 300w, https:\/\/meditex.ee\/wp-content\/uploads\/2018\/03\/Corsinel-compression-level-icon_MEDIUM-1.png 419w\" sizes=\"(max-width: 399px) 100vw, 399px\" \/>\t\t\t\t\t\t\n\t\t\t\t\t<\/div>\n\t\t\t\t\t\t\t\t\n<style>\n#image_244914076 {\n  width: 45%;\n}\n<\/style>\n\t<\/div>\n\t\n\n\n\t\t<\/div>\n\t\t\t\t\t<\/div>\n\n\t\n\n\t<div id=\"col-106931994\" class=\"col medium-8 small-12 large-8\"  >\n\t\t\t\t<div class=\"col-inner\"  >\n\t\t\t\n\t\t\t\n\n<p>Kohtalaiset tukivaatteet on suunniteltu vain kiinnitt\u00e4miseen ja kevyeen tukemiseen tai tyr\u00e4n hallintaan\/ehk\u00e4isemiseen.<\/p>\n<ul>\n<li>Hy\u00f6dyllinen, jos k\u00e4ytt\u00e4j\u00e4 tarvitsee huomaamttomuutta ja lis\u00e4tukea avannepussillensa rasittavan liikunnan aikana<\/li>\n<li>Vaihtoehto joko tyr\u00e4n hallinnassa tai ehk\u00e4isemisess\u00e4, jos suurta tukea ei suositella tai jos k\u00e4ytt\u00e4j\u00e4 ei sied\u00e4 maksimaalista tukea hyvin<\/li>\n<li>Voidaan k\u00e4ytt\u00e4\u00e4 y\u00f6t\u00e4 p\u00e4iv\u00e4\u00e4<\/li>\n<li>N\u00e4ytt\u00e4\u00e4 tavallisilta alusvaatteilta, mutta tyr\u00e4n\/vatsan alueen lis\u00e4tuki tarjoaa huomaamattomuutta rajoittamatta avanteen virtausta tai aiheuttamasta vuotoa<\/li>\n<li>Pehme\u00e4, saumaton ja hengitt\u00e4v\u00e4 materiaali tarjoaa optimaalisen mukavuuden<\/li>\n<\/ul>\n\n\t\t<\/div>\n\t\t\t\t\t<\/div>\n\n\t\n\n<\/div>\n<div class=\"text-center\"><div class=\"is-divider divider clearfix\" style=\"background-color:rgb(255, 255, 255);\"><\/div><\/div>\n\n<div class=\"row\"  id=\"row-235590960\">\n\n\n\t<div id=\"col-398746744\" class=\"col medium-4 small-12 large-4\"  >\n\t\t\t\t<div class=\"col-inner text-center\"  >\n\t\t\t\n\t\t\t\n\n<h3>MAKSIMAALINEN TUKI<\/h3>\n\t<div class=\"img has-hover x md-x lg-x y md-y lg-y\" id=\"image_303145526\">\n\t\t\t\t\t\t\t\t<div class=\"img-inner dark\" >\n\t\t\t<img loading=\"lazy\" decoding=\"async\" width=\"399\" height=\"400\" src=\"https:\/\/meditex.ee\/wp-content\/uploads\/2018\/03\/Corsinel-compression-level-icon_MAXIMUM-399x400.png\" class=\"attachment-medium size-medium\" alt=\"\" srcset=\"https:\/\/meditex.ee\/wp-content\/uploads\/2018\/03\/Corsinel-compression-level-icon_MAXIMUM-399x400.png 399w, https:\/\/meditex.ee\/wp-content\/uploads\/2018\/03\/Corsinel-compression-level-icon_MAXIMUM-100x100.png 100w, https:\/\/meditex.ee\/wp-content\/uploads\/2018\/03\/Corsinel-compression-level-icon_MAXIMUM-280x280.png 280w, https:\/\/meditex.ee\/wp-content\/uploads\/2018\/03\/Corsinel-compression-level-icon_MAXIMUM-300x300.png 300w, https:\/\/meditex.ee\/wp-content\/uploads\/2018\/03\/Corsinel-compression-level-icon_MAXIMUM.png 419w\" sizes=\"(max-width: 399px) 100vw, 399px\" \/>\t\t\t\t\t\t\n\t\t\t\t\t<\/div>\n\t\t\t\t\t\t\t\t\n<style>\n#image_303145526 {\n  width: 45%;\n}\n<\/style>\n\t<\/div>\n\t\n\n\n\t\t<\/div>\n\t\t\t\t\t<\/div>\n\n\t\n\n\t<div id=\"col-900866793\" class=\"col medium-8 small-12 large-8\"  >\n\t\t\t\t<div class=\"col-inner\"  >\n\t\t\t\n\t\t\t\n\n<p>Maksimaaliset tukivaatteet on suunniteltu tyr\u00e4n hallintaan tai ehk\u00e4isyyn, kun maksimaalinen tuki ja kompressio on suositeltavaa.<\/p>\n<ul>\n<li>Yleens\u00e4 ensimm\u00e4inen valinta tyr\u00e4n hallintaan tai ehk\u00e4isyyn, koska ne tarjoavat k\u00e4ytt\u00e4j\u00e4lle korkeatasoisen tuen rajoittamatta avanteen virtausta tai aiheuttamatta vuotoja. Jos k\u00e4ytt\u00e4j\u00e4 ei sied\u00e4 enimm\u00e4istukea hyvin, vaihtoehtona voisi olla kohtalaiset tukivaatteet<\/li>\n<li>Voidaan k\u00e4ytt\u00e4\u00e4 koko p\u00e4iv\u00e4n. Haluttaessaan vaatteita voidaan k\u00e4ytt\u00e4\u00e4 my\u00f6s y\u00f6ll\u00e4<\/li>\n<li>Pehme\u00e4, saumaton ja hengitt\u00e4v\u00e4 materiaali tarjoaa optimaalisen mukavuuden<\/li>\n<\/ul>\n\n\t\t<\/div>\n\t\t\t\t\t<\/div>\n\n\t\n\n<\/div>\n<div class=\"text-center\"><div class=\"is-divider divider clearfix\" style=\"background-color:rgb(255, 255, 255);\"><\/div><\/div>\n\n<div class=\"row\"  id=\"row-1413934348\">\n\n\n\t<div id=\"col-1545810578\" class=\"col medium-4 small-12 large-4\"  >\n\t\t\t\t<div class=\"col-inner text-center\"  >\n\t\t\t\n\t\t\t\n\n\t<div class=\"img has-hover x md-x lg-x y md-y lg-y\" id=\"image_954131889\">\n\t\t\t\t\t\t\t\t<div class=\"img-inner dark\" >\n\t\t\t<img loading=\"lazy\" decoding=\"async\" width=\"320\" height=\"167\" src=\"https:\/\/meditex.ee\/wp-content\/uploads\/2018\/03\/STA100_Label_RGB_EN_6234-7001.jpg\" class=\"attachment-medium size-medium\" alt=\"\" \/>\t\t\t\t\t\t\n\t\t\t\t\t<\/div>\n\t\t\t\t\t\t\t\t\n<style>\n#image_954131889 {\n  width: 100%;\n}\n<\/style>\n\t<\/div>\n\t\n\n\n\t\t<\/div>\n\t\t\t\t\t<\/div>\n\n\t\n\n\t<div id=\"col-360987668\" class=\"col medium-8 small-12 large-8\"  >\n\t\t\t\t<div class=\"col-inner\"  >\n\t\t\t\n\t\t\t\n\n<div class=\"fusion-text\">\n<p>Tytexill\u00e4 on Oeko-Tex Standard 100 -sertifikaatti, joka osoittaa, ett\u00e4 tuotteissamme ei ole haitallisia aineita.<\/p>\n<p>Lis\u00e4ksi yrityksell\u00e4 on seuraavat sertifikaatit: CE (luokka I), ISO 9001, ISO 13485, ISO 14001, SEDEX, FDA (USA), SFDA (Kiina), PZN (Saksa), Hilfsmittel (Saksa), MiGel (It\u00e4valta), e-mediat (Saksa).<\/p>\n<\/div>\n\n\t\t<\/div>\n\t\t\t\t\t<\/div>\n\n\t\n\n<\/div>\n<div class=\"text-center\"><div class=\"is-divider divider clearfix\" style=\"background-color:rgb(255, 255, 255);\"><\/div><\/div>\n\n<a href=\"https:\/\/meditex.ee\/fi\/verkkokauppa\/\" class=\"button primary is-bevel box-shadow-3 box-shadow-5-hover expand\" style=\"border-radius:8px;\">\n\t<i class=\"icon-shopping-cart\" aria-hidden=\"true\"><\/i>\t<span>Osta kaupasta<\/span>\n\t<\/a>\n\n\n\n","protected":false},"excerpt":{"rendered":"","protected":false},"author":1,"featured_media":0,"parent":0,"menu_order":0,"comment_status":"closed","ping_status":"closed","template":"","meta":{"footnotes":""},"class_list":["post-6935","page","type-page","status-publish","hentry"],"yoast_head":"<!-- This site is optimized with the Yoast SEO plugin v27.4 - https:\/\/yoast.com\/product\/yoast-seo-wordpress\/ -->\n<title>Corsinel stoma ja songa tuotteet%- Meditex% .ee verkkokaupan verkkosivusto<\/title>\n<meta name=\"description\" content=\"Jotta voisit el\u00e4\u00e4 el\u00e4m\u00e4\u00e4si haluamallasi tavalla, on kehitetty luotettavia tuotteita, joilla voidaan ehk\u00e4ist\u00e4 ja hoitaa stoomia ja styroksia.\" \/>\n<meta name=\"robots\" content=\"index, follow, max-snippet:-1, max-image-preview:large, max-video-preview:-1\" \/>\n<link rel=\"canonical\" href=\"https:\/\/meditex.ee\/fi\/corsinel\/\" \/>\n<meta property=\"og:locale\" content=\"fi_FI\" \/>\n<meta property=\"og:type\" content=\"article\" \/>\n<meta property=\"og:title\" content=\"Corsinel stoma ja songa tuotteet%- Meditex% .ee verkkokaupan verkkosivusto\" \/>\n<meta property=\"og:description\" content=\"Jotta voisit el\u00e4\u00e4 el\u00e4m\u00e4\u00e4si haluamallasi tavalla, on kehitetty luotettavia tuotteita, joilla voidaan ehk\u00e4ist\u00e4 ja hoitaa stoomia ja styroksia.\" \/>\n<meta property=\"og:url\" content=\"https:\/\/meditex.ee\/fi\/corsinel\/\" \/>\n<meta property=\"og:site_name\" content=\"Meditex\" \/>\n<meta property=\"article:publisher\" content=\"https:\/\/www.facebook.com\/meditexepood\/\" \/>\n<meta property=\"article:modified_time\" content=\"2023-08-02T12:08:13+00:00\" \/>\n<meta name=\"twitter:card\" content=\"summary_large_image\" \/>\n<meta name=\"twitter:label1\" content=\"Arvioitu lukuaika\" \/>\n\t<meta name=\"twitter:data1\" content=\"3 minuuttia\" \/>\n<script type=\"application\/ld+json\" class=\"yoast-schema-graph\">{\"@context\":\"https:\\\/\\\/schema.org\",\"@graph\":[{\"@type\":\"WebPage\",\"@id\":\"https:\\\/\\\/meditex.ee\\\/fi\\\/corsinel\\\/\",\"url\":\"https:\\\/\\\/meditex.ee\\\/fi\\\/corsinel\\\/\",\"name\":\"Corsinel stoma ja songa tuotteet%- Meditex% .ee verkkokaupan verkkosivusto\",\"isPartOf\":{\"@id\":\"https:\\\/\\\/meditex.ee\\\/en\\\/#website\"},\"datePublished\":\"2019-11-01T12:13:56+00:00\",\"dateModified\":\"2023-08-02T12:08:13+00:00\",\"description\":\"Jotta voisit el\u00e4\u00e4 el\u00e4m\u00e4\u00e4si haluamallasi tavalla, on kehitetty luotettavia tuotteita, joilla voidaan ehk\u00e4ist\u00e4 ja hoitaa stoomia ja styroksia.\",\"breadcrumb\":{\"@id\":\"https:\\\/\\\/meditex.ee\\\/fi\\\/corsinel\\\/#breadcrumb\"},\"inLanguage\":\"fi\",\"potentialAction\":[{\"@type\":\"ReadAction\",\"target\":[\"https:\\\/\\\/meditex.ee\\\/fi\\\/corsinel\\\/\"]}]},{\"@type\":\"BreadcrumbList\",\"@id\":\"https:\\\/\\\/meditex.ee\\\/fi\\\/corsinel\\\/#breadcrumb\",\"itemListElement\":[{\"@type\":\"ListItem\",\"position\":1,\"name\":\"Home\",\"item\":\"https:\\\/\\\/meditex.ee\\\/fi\\\/\"},{\"@type\":\"ListItem\",\"position\":2,\"name\":\"Corsinel\"}]},{\"@type\":\"WebSite\",\"@id\":\"https:\\\/\\\/meditex.ee\\\/en\\\/#website\",\"url\":\"https:\\\/\\\/meditex.ee\\\/en\\\/\",\"name\":\"Meditex\",\"description\":\"\",\"publisher\":{\"@id\":\"https:\\\/\\\/meditex.ee\\\/en\\\/#organization\"},\"potentialAction\":[{\"@type\":\"SearchAction\",\"target\":{\"@type\":\"EntryPoint\",\"urlTemplate\":\"https:\\\/\\\/meditex.ee\\\/en\\\/?s={search_term_string}\"},\"query-input\":{\"@type\":\"PropertyValueSpecification\",\"valueRequired\":true,\"valueName\":\"search_term_string\"}}],\"inLanguage\":\"fi\"},{\"@type\":\"Organization\",\"@id\":\"https:\\\/\\\/meditex.ee\\\/en\\\/#organization\",\"name\":\"Meditex\",\"url\":\"https:\\\/\\\/meditex.ee\\\/en\\\/\",\"logo\":{\"@type\":\"ImageObject\",\"inLanguage\":\"fi\",\"@id\":\"https:\\\/\\\/meditex.ee\\\/en\\\/#\\\/schema\\\/logo\\\/image\\\/\",\"url\":\"https:\\\/\\\/meditex.ee\\\/wp-content\\\/uploads\\\/2018\\\/03\\\/mdtx_logo.png\",\"contentUrl\":\"https:\\\/\\\/meditex.ee\\\/wp-content\\\/uploads\\\/2018\\\/03\\\/mdtx_logo.png\",\"width\":669,\"height\":235,\"caption\":\"Meditex\"},\"image\":{\"@id\":\"https:\\\/\\\/meditex.ee\\\/en\\\/#\\\/schema\\\/logo\\\/image\\\/\"},\"sameAs\":[\"https:\\\/\\\/www.facebook.com\\\/meditexepood\\\/\"]}]}<\/script>\n<!-- \/ Yoast SEO plugin. -->","yoast_head_json":{"title":"Corsinel stoma ja songa tuotteet%- Meditex% .ee verkkokaupan verkkosivusto","description":"Jotta voisit el\u00e4\u00e4 el\u00e4m\u00e4\u00e4si haluamallasi tavalla, on kehitetty luotettavia tuotteita, joilla voidaan ehk\u00e4ist\u00e4 ja hoitaa stoomia ja styroksia.","robots":{"index":"index","follow":"follow","max-snippet":"max-snippet:-1","max-image-preview":"max-image-preview:large","max-video-preview":"max-video-preview:-1"},"canonical":"https:\/\/meditex.ee\/fi\/corsinel\/","og_locale":"fi_FI","og_type":"article","og_title":"Corsinel stoma ja songa tuotteet%- Meditex% .ee verkkokaupan verkkosivusto","og_description":"Jotta voisit el\u00e4\u00e4 el\u00e4m\u00e4\u00e4si haluamallasi tavalla, on kehitetty luotettavia tuotteita, joilla voidaan ehk\u00e4ist\u00e4 ja hoitaa stoomia ja styroksia.","og_url":"https:\/\/meditex.ee\/fi\/corsinel\/","og_site_name":"Meditex","article_publisher":"https:\/\/www.facebook.com\/meditexepood\/","article_modified_time":"2023-08-02T12:08:13+00:00","twitter_card":"summary_large_image","twitter_misc":{"Arvioitu lukuaika":"3 minuuttia"},"schema":{"@context":"https:\/\/schema.org","@graph":[{"@type":"WebPage","@id":"https:\/\/meditex.ee\/fi\/corsinel\/","url":"https:\/\/meditex.ee\/fi\/corsinel\/","name":"Corsinel stoma ja songa tuotteet%- Meditex% .ee verkkokaupan verkkosivusto","isPartOf":{"@id":"https:\/\/meditex.ee\/en\/#website"},"datePublished":"2019-11-01T12:13:56+00:00","dateModified":"2023-08-02T12:08:13+00:00","description":"Jotta voisit el\u00e4\u00e4 el\u00e4m\u00e4\u00e4si haluamallasi tavalla, on kehitetty luotettavia tuotteita, joilla voidaan ehk\u00e4ist\u00e4 ja hoitaa stoomia ja styroksia.","breadcrumb":{"@id":"https:\/\/meditex.ee\/fi\/corsinel\/#breadcrumb"},"inLanguage":"fi","potentialAction":[{"@type":"ReadAction","target":["https:\/\/meditex.ee\/fi\/corsinel\/"]}]},{"@type":"BreadcrumbList","@id":"https:\/\/meditex.ee\/fi\/corsinel\/#breadcrumb","itemListElement":[{"@type":"ListItem","position":1,"name":"Home","item":"https:\/\/meditex.ee\/fi\/"},{"@type":"ListItem","position":2,"name":"Corsinel"}]},{"@type":"WebSite","@id":"https:\/\/meditex.ee\/en\/#website","url":"https:\/\/meditex.ee\/en\/","name":"Meditex","description":"","publisher":{"@id":"https:\/\/meditex.ee\/en\/#organization"},"potentialAction":[{"@type":"SearchAction","target":{"@type":"EntryPoint","urlTemplate":"https:\/\/meditex.ee\/en\/?s={search_term_string}"},"query-input":{"@type":"PropertyValueSpecification","valueRequired":true,"valueName":"search_term_string"}}],"inLanguage":"fi"},{"@type":"Organization","@id":"https:\/\/meditex.ee\/en\/#organization","name":"Meditex","url":"https:\/\/meditex.ee\/en\/","logo":{"@type":"ImageObject","inLanguage":"fi","@id":"https:\/\/meditex.ee\/en\/#\/schema\/logo\/image\/","url":"https:\/\/meditex.ee\/wp-content\/uploads\/2018\/03\/mdtx_logo.png","contentUrl":"https:\/\/meditex.ee\/wp-content\/uploads\/2018\/03\/mdtx_logo.png","width":669,"height":235,"caption":"Meditex"},"image":{"@id":"https:\/\/meditex.ee\/en\/#\/schema\/logo\/image\/"},"sameAs":["https:\/\/www.facebook.com\/meditexepood\/"]}]}},"_links":{"self":[{"href":"https:\/\/meditex.ee\/fi\/wp-json\/wp\/v2\/pages\/6935","targetHints":{"allow":["GET"]}}],"collection":[{"href":"https:\/\/meditex.ee\/fi\/wp-json\/wp\/v2\/pages"}],"about":[{"href":"https:\/\/meditex.ee\/fi\/wp-json\/wp\/v2\/types\/page"}],"author":[{"embeddable":true,"href":"https:\/\/meditex.ee\/fi\/wp-json\/wp\/v2\/users\/1"}],"replies":[{"embeddable":true,"href":"https:\/\/meditex.ee\/fi\/wp-json\/wp\/v2\/comments?post=6935"}],"version-history":[{"count":0,"href":"https:\/\/meditex.ee\/fi\/wp-json\/wp\/v2\/pages\/6935\/revisions"}],"wp:attachment":[{"href":"https:\/\/meditex.ee\/fi\/wp-json\/wp\/v2\/media?parent=6935"}],"curies":[{"name":"wp","href":"https:\/\/api.w.org\/{rel}","templated":true}]}}