{"id":6930,"date":"2019-11-01T12:06:08","date_gmt":"2019-11-01T12:06:08","guid":{"rendered":"https:\/\/meditex.ee\/?page_id=6930"},"modified":"2019-11-01T12:07:01","modified_gmt":"2019-11-01T12:07:01","slug":"tietosuojaehdot","status":"publish","type":"page","link":"https:\/\/meditex.ee\/fi\/tietosuojaehdot\/","title":{"rendered":"Tietosuojaehdot"},"content":{"rendered":"\n<p style=\"text-align: left;\"><span style=\"color: #000000;\"><strong>TIETOSUOJAEHDOT<\/strong><\/span><\/p>\n<p style=\"text-align: left;\"><span style=\"color: #000000;\">M\u00e4\u00e4ritelm\u00e4t:<\/span><\/p>\n<p style=\"text-align: left;\"><span style=\"color: #000000;\">Verkkokauppa \u2013 verkkokauppa, joka toimii osoitteessa www.meditex.ee<\/span><\/p>\n<p style=\"text-align: left;\"><span style=\"color: #000000;\">Ostaja \u2013 luonnollinen tai oikeushenkil\u00f6, joka ostaa tuotteita meditex.ee -verkkokaupasta.<\/span><\/p>\n<p style=\"text-align: left;\"><span style=\"color: #000000;\">Verkkokaupan omistaja \u2013 Scabo O\u00dc, yritystunnus 14316126. Osoite: Nurme tn 5a, 75501 Saku, Viro. S\u00e4hk\u00f6postiosoite:\u00a0<a style=\"color: #000000;\" href=\"mailto:info@scabo.ee\">info@scabo.ee<\/a>. Puhelin: +372\u00a0514 8131<\/span><\/p>\n<p style=\"text-align: left;\"><span style=\"color: #000000;\">Asiakkaan henkil\u00f6tietojen k\u00e4sittely:<\/span><\/p>\n<p style=\"text-align: left;\"><span style=\"color: #000000;\">Verkkokauppa k\u00e4ytt\u00e4\u00e4 ostajan toimittamia henkil\u00f6tietoja ainoastaan henkil\u00f6tietojen suojasta annetun lain mukaisesti, erityisesti silt\u00e4 osin kuin se on tarpeen tilauksen t\u00e4ytt\u00e4miseksi.<\/span><\/p>\n<p style=\"text-align: left;\"><span style=\"color: #000000;\">Verkkokauppa ei v\u00e4lit\u00e4 ostajan henkil\u00f6tietoja kolmansille osapuolille, lukuun ottamatta kuljetusyhti\u00f6it\u00e4 tai palveluita tarjoavia yrityksi\u00e4, siin\u00e4 m\u00e4\u00e4rin kuin on tarpeen tavaroiden toimittamiseksi asiakkaalle tai palvelun kuluttamiseksi.<\/span><\/p>\n<p style=\"text-align: left;\"><span style=\"color: #000000;\">Verkkokauppa voi my\u00f6s k\u00e4ytt\u00e4\u00e4 henkil\u00f6tietoja markkinointiviestien v\u00e4litt\u00e4miseen.<\/span><\/p>\n<p style=\"text-align: left;\"><span style=\"color: #000000;\">Henkil\u00f6tiedot ovat ostajan tilauksen yhteydess\u00e4 toimittamia tietoja; etunimi ja sukunimi, osoite, puhelinnumero, s\u00e4hk\u00f6postiosoite ja pankkitiedot.<\/span><\/p>\n<p style=\"text-align: left;\"><span style=\"color: #000000;\">Verkkokauppa l\u00e4hett\u00e4\u00e4 uutiskirjeit\u00e4 ja tarjouksia ostajan s\u00e4hk\u00f6postiosoitteeseen vain, jos ostaja on ilmaissut kiinnostuksensa antamalla s\u00e4hk\u00f6postiosoitteensa verkkosivustolle ja ilmoittanut haluavansa vastaanottaa suoraviestej\u00e4. Ostajalla on oikeus peruuttaa ne l\u00e4hett\u00e4m\u00e4ll\u00e4 ilmoitus verkkokaupalle osoitteeseen info@meditex.ee.<\/span><\/p>\n<p style=\"text-align: left;\"><span style=\"color: #000000;\"><strong>Ev\u00e4steet <\/strong>(Cookies)<\/span><\/p>\n<p style=\"text-align: left;\"><span style=\"color: #000000;\">Meditex.ee k\u00e4ytt\u00e4\u00e4 ev\u00e4steit\u00e4 varmistaakseen paremman k\u00e4ytt\u00f6kokemuksen ja tehokkaamman markkinoinnin sek\u00e4 ker\u00e4t\u00e4kseen k\u00e4ytt\u00f6tilastoja.<\/span><\/p>\n<p style=\"text-align: left;\"><span style=\"color: #000000;\">Ev\u00e4ste on tekstitiedosto, jonka k\u00e4ytt\u00e4j\u00e4n k\u00e4ytt\u00e4m\u00e4t verkkosivut l\u00e4hett\u00e4v\u00e4t ja tallentavat k\u00e4ytt\u00e4j\u00e4n tietokoneelle. Ev\u00e4ste tallennetaan k\u00e4ytt\u00e4j\u00e4n selaintiedostohakemistoon. Jos k\u00e4ytt\u00e4j\u00e4 on aiemmin k\u00e4ynyt sivustolla, selain lukee ev\u00e4steen ja v\u00e4litt\u00e4\u00e4 tiedot verkkosivulle tai elementille, joka ev\u00e4steen alun perin tallensi.<\/span><\/p>\n<p style=\"text-align: left;\"><span style=\"color: #000000;\">Ev\u00e4steit\u00e4 voivat luoda my\u00f6s eri palveluntarjoajat, kuten Google ja Facebook (lis\u00e4tietoja: Google \u2013\u00a0<a style=\"color: #000000;\" href=\"https:\/\/policies.google.com\/privacy?hl=et&amp;gl=ee\">https:\/\/policies.google.com\/privacy?hl=et&amp;gl=ee<\/a>, Facebook \u2013\u00a0<a style=\"color: #000000;\" href=\"https:\/\/www.facebook.com\/policies\/cookies\/\">https:\/\/www.facebook.com\/policies\/cookies\/<\/a>). Muut palveluntarjoajat voivat k\u00e4ytt\u00e4\u00e4 ev\u00e4steit\u00e4\u00e4n ker\u00e4t\u00e4kseen tietoja verkkosivuston k\u00e4vij\u00f6iden verkkok\u00e4ytt\u00f6tavoista, ja n\u00e4it\u00e4 tietoja voidaan k\u00e4ytt\u00e4\u00e4 tarjoamaan k\u00e4ytt\u00e4j\u00e4lle kohdennettua mainontaa.<\/span><\/p>\n<p style=\"text-align: left;\"><span style=\"color: #000000;\">Ev\u00e4steet eiv\u00e4t ole vaarallisia tietokoneellesi. Katso lis\u00e4tietoja ev\u00e4steist\u00e4 osoitteesta\u00a0<a style=\"color: #000000;\" href=\"http:\/\/www.aki.ee\/et\/kupsised\">http:\/\/www.aki.ee\/et\/kupsised<\/a>.<\/span><\/p>\n<p style=\"text-align: left;\"><span style=\"color: #000000;\">Ev\u00e4steit\u00e4 on kahdenlaisia: pysyvi\u00e4 ev\u00e4steit\u00e4 ja istuntoev\u00e4steit\u00e4.<\/span><\/p>\n<p style=\"text-align: left;\"><span style=\"color: #000000;\">Pysyv\u00e4t ev\u00e4steet pysyv\u00e4t k\u00e4ytt\u00e4j\u00e4n tietokoneen ev\u00e4stetiedostossa. Pysyvien ev\u00e4steiden k\u00e4ytt\u00f6ik\u00e4 on pidempi kuin istuntoev\u00e4steiden, ja ne ovat voimassa ev\u00e4steess\u00e4 m\u00e4\u00e4ritetyn ajan. Niit\u00e4 voidaan k\u00e4ytt\u00e4\u00e4 esimerkiksi tunnistamaan k\u00e4ytt\u00e4j\u00e4 verkkosivun toistuvana k\u00e4vij\u00e4n\u00e4 ja muokkaamaan verkkosivun sis\u00e4lt\u00f6\u00e4 vastaamaan k\u00e4ytt\u00e4j\u00e4n tarpeita tai ker\u00e4\u00e4m\u00e4\u00e4n tilastotietoja.<\/span><\/p>\n<p style=\"text-align: left;\"><span style=\"color: #000000;\">Istuntoev\u00e4steet ovat v\u00e4liaikaisia ja katoavat, kun k\u00e4ytt\u00e4j\u00e4 poistuu verkkosivulta tai sulkee selaimensa. Istuntoev\u00e4steit\u00e4 voidaan k\u00e4ytt\u00e4\u00e4 verkkosivun tiettyjen ominaisuuksien, kuten kielivalinnan, muistamiseen.<\/span><\/p>\n<p style=\"text-align: left;\"><span style=\"color: #000000;\">Verkkosivun k\u00e4vij\u00e4n katsotaan hyv\u00e4ksyneen ev\u00e4steet, jos heid\u00e4n selaimensa asetukset sallivat ev\u00e4steet. Selaimet sallivat ev\u00e4steiden tallentamisen laitteeseesi usein oletuksena. K\u00e4ytt\u00e4j\u00e4 voi poistaa k\u00e4yt\u00f6st\u00e4 tai poistaa ev\u00e4steet laitteeltaan muuttamalla selaimen asetuksia. Jos et k\u00e4yt\u00e4 ev\u00e4steit\u00e4, verkkosivusto ei v\u00e4ltt\u00e4m\u00e4tt\u00e4 toimi oikein. Katso lis\u00e4tietoja ev\u00e4steiden poistamisesta ja asetusten muuttamisesta osoitteesta:\u00a0<a style=\"color: #000000;\" href=\"https:\/\/support.google.com\/chrome\/answer\/95647?co=GENIE.Platform=Desktop&amp;hl=en\">Chrome<\/a>,\u00a0<a style=\"color: #000000;\" href=\"https:\/\/support.microsoft.com\/et-ee\/help\/17442\/windows-internet-explorer-delete-manage-cookies\">Internet Explorer<\/a>,\u00a0<a style=\"color: #000000;\" href=\"https:\/\/support.microsoft.com\/en-us\/help\/4468242\/microsoft-edge-browsing-data-and-privacy-microsoft-privacy\">Microsoft Edge<\/a>,\u00a0<a style=\"color: #000000;\" href=\"https:\/\/support.mozilla.org\/et\/kb\/enable-and-disable-cookies-website-preferences\">Mozilla Firefox<\/a>,\u00a0<a style=\"color: #000000;\" href=\"https:\/\/support.apple.com\/guide\/safari\/sfri11471\/11.0\/mac\/10.13\">Safari<\/a>,\u00a0<a style=\"color: #000000;\" href=\"https:\/\/blogs.opera.com\/news\/2015\/08\/how-to-manage-cookies-in-opera\/\">Opera<\/a>.<\/span><\/p>\n<p style=\"text-align: left;\"><span style=\"color: #000000;\">K\u00e4ytt\u00e4m\u00e4ll\u00e4 meditex.ee -verkkosivua, k\u00e4ytt\u00e4j\u00e4 suostuu ev\u00e4steiden k\u00e4ytt\u00f6\u00f6n.<\/span><\/p>\n\n","protected":false},"excerpt":{"rendered":"<p>TIETOSUOJAEHDOT M\u00e4\u00e4ritelm\u00e4t: Verkkokauppa \u2013 verkkokauppa, joka toimii osoitteessa www.meditex.ee Ostaja \u2013 luonnollinen tai oikeushenkil\u00f6, joka ostaa tuotteita meditex.ee -verkkokaupasta. Verkkokaupan omistaja \u2013 Scabo O\u00dc, yritystunnus 14316126. Osoite: Nurme tn 5a, 75501 Saku, Viro. S\u00e4hk\u00f6postiosoite:\u00a0info@scabo.ee. Puhelin: +372\u00a0514 8131 Asiakkaan henkil\u00f6tietojen k\u00e4sittely: Verkkokauppa k\u00e4ytt\u00e4\u00e4 ostajan toimittamia henkil\u00f6tietoja ainoastaan henkil\u00f6tietojen suojasta annetun lain mukaisesti, erityisesti silt\u00e4 osin kuin [&#8230;]\n","protected":false},"author":1,"featured_media":0,"parent":0,"menu_order":0,"comment_status":"closed","ping_status":"closed","template":"","meta":{"footnotes":""},"class_list":["post-6930","page","type-page","status-publish","hentry"],"yoast_head":"<!-- This site is optimized with the Yoast SEO plugin v27.4 - https:\/\/yoast.com\/product\/yoast-seo-wordpress\/ -->\n<title>Tietosuojaehdot - Meditex<\/title>\n<meta name=\"robots\" content=\"noindex, nofollow\" \/>\n<meta property=\"og:locale\" content=\"fi_FI\" \/>\n<meta property=\"og:type\" content=\"article\" \/>\n<meta property=\"og:title\" content=\"Tietosuojaehdot - Meditex\" \/>\n<meta property=\"og:description\" content=\"TIETOSUOJAEHDOT M\u00e4\u00e4ritelm\u00e4t: Verkkokauppa \u2013 verkkokauppa, joka toimii osoitteessa www.meditex.ee Ostaja \u2013 luonnollinen tai oikeushenkil\u00f6, joka ostaa tuotteita meditex.ee -verkkokaupasta. Verkkokaupan omistaja \u2013 Scabo O\u00dc, yritystunnus 14316126. Osoite: Nurme tn 5a, 75501 Saku, Viro. S\u00e4hk\u00f6postiosoite:\u00a0info@scabo.ee. Puhelin: +372\u00a0514 8131 Asiakkaan henkil\u00f6tietojen k\u00e4sittely: Verkkokauppa k\u00e4ytt\u00e4\u00e4 ostajan toimittamia henkil\u00f6tietoja ainoastaan henkil\u00f6tietojen suojasta annetun lain mukaisesti, erityisesti silt\u00e4 osin kuin [...]\" \/>\n<meta property=\"og:url\" content=\"https:\/\/meditex.ee\/fi\/tietosuojaehdot\/\" \/>\n<meta property=\"og:site_name\" content=\"Meditex\" \/>\n<meta property=\"article:publisher\" content=\"https:\/\/www.facebook.com\/meditexepood\/\" \/>\n<meta property=\"article:modified_time\" content=\"2019-11-01T12:07:01+00:00\" \/>\n<meta name=\"twitter:card\" content=\"summary_large_image\" \/>\n<meta name=\"twitter:label1\" content=\"Arvioitu lukuaika\" \/>\n\t<meta name=\"twitter:data1\" content=\"3 minuuttia\" \/>\n<script type=\"application\/ld+json\" class=\"yoast-schema-graph\">{\"@context\":\"https:\\\/\\\/schema.org\",\"@graph\":[{\"@type\":\"WebPage\",\"@id\":\"https:\\\/\\\/meditex.ee\\\/fi\\\/tietosuojaehdot\\\/\",\"url\":\"https:\\\/\\\/meditex.ee\\\/fi\\\/tietosuojaehdot\\\/\",\"name\":\"Tietosuojaehdot - Meditex\",\"isPartOf\":{\"@id\":\"https:\\\/\\\/meditex.ee\\\/en\\\/#website\"},\"datePublished\":\"2019-11-01T12:06:08+00:00\",\"dateModified\":\"2019-11-01T12:07:01+00:00\",\"breadcrumb\":{\"@id\":\"https:\\\/\\\/meditex.ee\\\/fi\\\/tietosuojaehdot\\\/#breadcrumb\"},\"inLanguage\":\"fi\",\"potentialAction\":[{\"@type\":\"ReadAction\",\"target\":[\"https:\\\/\\\/meditex.ee\\\/fi\\\/tietosuojaehdot\\\/\"]}]},{\"@type\":\"BreadcrumbList\",\"@id\":\"https:\\\/\\\/meditex.ee\\\/fi\\\/tietosuojaehdot\\\/#breadcrumb\",\"itemListElement\":[{\"@type\":\"ListItem\",\"position\":1,\"name\":\"Home\",\"item\":\"https:\\\/\\\/meditex.ee\\\/fi\\\/\"},{\"@type\":\"ListItem\",\"position\":2,\"name\":\"Tietosuojaehdot\"}]},{\"@type\":\"WebSite\",\"@id\":\"https:\\\/\\\/meditex.ee\\\/en\\\/#website\",\"url\":\"https:\\\/\\\/meditex.ee\\\/en\\\/\",\"name\":\"Meditex\",\"description\":\"\",\"publisher\":{\"@id\":\"https:\\\/\\\/meditex.ee\\\/en\\\/#organization\"},\"potentialAction\":[{\"@type\":\"SearchAction\",\"target\":{\"@type\":\"EntryPoint\",\"urlTemplate\":\"https:\\\/\\\/meditex.ee\\\/en\\\/?s={search_term_string}\"},\"query-input\":{\"@type\":\"PropertyValueSpecification\",\"valueRequired\":true,\"valueName\":\"search_term_string\"}}],\"inLanguage\":\"fi\"},{\"@type\":\"Organization\",\"@id\":\"https:\\\/\\\/meditex.ee\\\/en\\\/#organization\",\"name\":\"Meditex\",\"url\":\"https:\\\/\\\/meditex.ee\\\/en\\\/\",\"logo\":{\"@type\":\"ImageObject\",\"inLanguage\":\"fi\",\"@id\":\"https:\\\/\\\/meditex.ee\\\/en\\\/#\\\/schema\\\/logo\\\/image\\\/\",\"url\":\"https:\\\/\\\/meditex.ee\\\/wp-content\\\/uploads\\\/2018\\\/03\\\/mdtx_logo.png\",\"contentUrl\":\"https:\\\/\\\/meditex.ee\\\/wp-content\\\/uploads\\\/2018\\\/03\\\/mdtx_logo.png\",\"width\":669,\"height\":235,\"caption\":\"Meditex\"},\"image\":{\"@id\":\"https:\\\/\\\/meditex.ee\\\/en\\\/#\\\/schema\\\/logo\\\/image\\\/\"},\"sameAs\":[\"https:\\\/\\\/www.facebook.com\\\/meditexepood\\\/\"]}]}<\/script>\n<!-- \/ Yoast SEO plugin. -->","yoast_head_json":{"title":"Tietosuojaehdot - Meditex","robots":{"index":"noindex","follow":"nofollow"},"og_locale":"fi_FI","og_type":"article","og_title":"Tietosuojaehdot - Meditex","og_description":"TIETOSUOJAEHDOT M\u00e4\u00e4ritelm\u00e4t: Verkkokauppa \u2013 verkkokauppa, joka toimii osoitteessa www.meditex.ee Ostaja \u2013 luonnollinen tai oikeushenkil\u00f6, joka ostaa tuotteita meditex.ee -verkkokaupasta. Verkkokaupan omistaja \u2013 Scabo O\u00dc, yritystunnus 14316126. Osoite: Nurme tn 5a, 75501 Saku, Viro. S\u00e4hk\u00f6postiosoite:\u00a0info@scabo.ee. Puhelin: +372\u00a0514 8131 Asiakkaan henkil\u00f6tietojen k\u00e4sittely: Verkkokauppa k\u00e4ytt\u00e4\u00e4 ostajan toimittamia henkil\u00f6tietoja ainoastaan henkil\u00f6tietojen suojasta annetun lain mukaisesti, erityisesti silt\u00e4 osin kuin [...]","og_url":"https:\/\/meditex.ee\/fi\/tietosuojaehdot\/","og_site_name":"Meditex","article_publisher":"https:\/\/www.facebook.com\/meditexepood\/","article_modified_time":"2019-11-01T12:07:01+00:00","twitter_card":"summary_large_image","twitter_misc":{"Arvioitu lukuaika":"3 minuuttia"},"schema":{"@context":"https:\/\/schema.org","@graph":[{"@type":"WebPage","@id":"https:\/\/meditex.ee\/fi\/tietosuojaehdot\/","url":"https:\/\/meditex.ee\/fi\/tietosuojaehdot\/","name":"Tietosuojaehdot - Meditex","isPartOf":{"@id":"https:\/\/meditex.ee\/en\/#website"},"datePublished":"2019-11-01T12:06:08+00:00","dateModified":"2019-11-01T12:07:01+00:00","breadcrumb":{"@id":"https:\/\/meditex.ee\/fi\/tietosuojaehdot\/#breadcrumb"},"inLanguage":"fi","potentialAction":[{"@type":"ReadAction","target":["https:\/\/meditex.ee\/fi\/tietosuojaehdot\/"]}]},{"@type":"BreadcrumbList","@id":"https:\/\/meditex.ee\/fi\/tietosuojaehdot\/#breadcrumb","itemListElement":[{"@type":"ListItem","position":1,"name":"Home","item":"https:\/\/meditex.ee\/fi\/"},{"@type":"ListItem","position":2,"name":"Tietosuojaehdot"}]},{"@type":"WebSite","@id":"https:\/\/meditex.ee\/en\/#website","url":"https:\/\/meditex.ee\/en\/","name":"Meditex","description":"","publisher":{"@id":"https:\/\/meditex.ee\/en\/#organization"},"potentialAction":[{"@type":"SearchAction","target":{"@type":"EntryPoint","urlTemplate":"https:\/\/meditex.ee\/en\/?s={search_term_string}"},"query-input":{"@type":"PropertyValueSpecification","valueRequired":true,"valueName":"search_term_string"}}],"inLanguage":"fi"},{"@type":"Organization","@id":"https:\/\/meditex.ee\/en\/#organization","name":"Meditex","url":"https:\/\/meditex.ee\/en\/","logo":{"@type":"ImageObject","inLanguage":"fi","@id":"https:\/\/meditex.ee\/en\/#\/schema\/logo\/image\/","url":"https:\/\/meditex.ee\/wp-content\/uploads\/2018\/03\/mdtx_logo.png","contentUrl":"https:\/\/meditex.ee\/wp-content\/uploads\/2018\/03\/mdtx_logo.png","width":669,"height":235,"caption":"Meditex"},"image":{"@id":"https:\/\/meditex.ee\/en\/#\/schema\/logo\/image\/"},"sameAs":["https:\/\/www.facebook.com\/meditexepood\/"]}]}},"_links":{"self":[{"href":"https:\/\/meditex.ee\/fi\/wp-json\/wp\/v2\/pages\/6930","targetHints":{"allow":["GET"]}}],"collection":[{"href":"https:\/\/meditex.ee\/fi\/wp-json\/wp\/v2\/pages"}],"about":[{"href":"https:\/\/meditex.ee\/fi\/wp-json\/wp\/v2\/types\/page"}],"author":[{"embeddable":true,"href":"https:\/\/meditex.ee\/fi\/wp-json\/wp\/v2\/users\/1"}],"replies":[{"embeddable":true,"href":"https:\/\/meditex.ee\/fi\/wp-json\/wp\/v2\/comments?post=6930"}],"version-history":[{"count":0,"href":"https:\/\/meditex.ee\/fi\/wp-json\/wp\/v2\/pages\/6930\/revisions"}],"wp:attachment":[{"href":"https:\/\/meditex.ee\/fi\/wp-json\/wp\/v2\/media?parent=6930"}],"curies":[{"name":"wp","href":"https:\/\/api.w.org\/{rel}","templated":true}]}}