{"id":6926,"date":"2018-04-09T11:25:54","date_gmt":"2018-04-09T11:25:54","guid":{"rendered":"https:\/\/meditex.ee\/?page_id=6926"},"modified":"2026-03-09T08:13:02","modified_gmt":"2026-03-09T08:13:02","slug":"palautukset","status":"publish","type":"page","link":"https:\/\/meditex.ee\/fi\/palautukset\/","title":{"rendered":"Palautukset"},"content":{"rendered":"\n<p style=\"text-align: left;\"><span style=\"color: #000000;\"><strong>PALAUTUKSET<\/strong><\/span><\/p>\n<p style=\"text-align: left;\"><span style=\"color: #000000;\">Ostajalla on oikeus ottaa yhteytt\u00e4 verkkokauppaan viimeist\u00e4\u00e4n kahden kuukauden kuluessa virheen havaitsemisesta ja esitt\u00e4\u00e4 tuotteiden ostolasku. Verkkokauppa ei ole vastuussa tuotteen puutteellisesta varastoinnista tai muusta kuin sen k\u00e4yt\u00f6st\u00e4 johtuvista ostajan aiheuttamista tuotevioista.<\/span><\/p>\n<p style=\"text-align: left;\"><span style=\"color: #000000;\">Suorat valitukset voi l\u00e4hett\u00e4\u00e4 suoraan myyj\u00e4lle s\u00e4hk\u00f6postitse osoitteeseen info@meditex.ee tai postitse osoitteeseen O\u00dc Scabo, Nurme 5a, 75501 Saku, Harjumaa, Viro. Vaatimuksessa on ilmoitettava tilauksen tekij\u00e4n nimi, puhelinnumero, tilausnumero ja tarkka kuvaus tuotteen vaatimustenvastaisuudesta tai virheest\u00e4. Kaikki valitukset tarkistetaan ja asiakkaisiin otetaan yhteytt\u00e4 mahdollisimman pian, kuitenkin viimeist\u00e4\u00e4n 14 p\u00e4iv\u00e4n kuluessa valituksen vastaanottamisesta. Valitukset voidaan esitt\u00e4\u00e4 my\u00f6s yleiseurooppalaiselle riitojenratkaisuymp\u00e4rist\u00f6lle osoitteessa https:\/\/ec.europa.eu\/consumers\/odr\/main\/index.cfm?event=main.home2.show&amp;lng=ET<\/span><\/p>\n<p style=\"text-align: left;\"><span style=\"color: #000000;\">Jos ostetut tuotteet eiv\u00e4t jostain syyst\u00e4 ole sopivia, ostajalla on oikeus palauttaa ne 14 p\u00e4iv\u00e4n kuluessa tavaroiden vastaanottamisesta. Palautuksiin on liitett\u00e4v\u00e4 palautuslomake, joka l\u00f6ytyy <a href=\"https:\/\/www.riigiteataja.ee\/aktilisa\/1030\/1201\/4001\/JM_m41_lisa1.pdf#\">t\u00e4\u00e4lt\u00e4<\/a>. Palautuslomake on l\u00e4hetett\u00e4v\u00e4 s\u00e4hk\u00f6postitse osoitteeseen info@meditex.ee viimeist\u00e4\u00e4n 14 p\u00e4iv\u00e4n kuluessa tuotteiden vastaanottamisesta. Jos lomaketta ei ole mahdollista l\u00e4hett\u00e4\u00e4 s\u00e4hk\u00f6postitse, se voidaan my\u00f6s sis\u00e4llytt\u00e4\u00e4 palautettavaan l\u00e4hetykseen.<\/span><\/p>\n<p style=\"text-align: left;\"><span style=\"color: #000000;\">Palautettavat tuotteet tulee olla <strong>k\u00e4ytt\u00e4m\u00e4tt\u00f6mi\u00e4 sek\u00e4 alkuper\u00e4ispakkauksessaan<\/strong>. <strong>Jos mahdollista, ostajan on pid\u00e4tt\u00e4ydytt\u00e4v\u00e4 vahingoittamasta pakettia ja sen sis\u00e4lt\u00f6\u00e4 avattaessa pakettia.<\/strong> Ostajan on palautettava tuotteet 14 p\u00e4iv\u00e4n kuluessa palautuslomakkeen l\u00e4hett\u00e4misest\u00e4. Verkkokauppa palauttaa kuluttajalle viipym\u00e4tt\u00e4, mutta viimeist\u00e4\u00e4n 14 p\u00e4iv\u00e4n kuluttua palautuslomakkeen, kaikki ostajalta saadut maksut, mukaan lukien tuotteen toimituskustannukset. <strong>Palautuskulut ovat ostajan vastuulla<\/strong>, ellei palautuksen syyn\u00e4 ole se, ett\u00e4 palautettava tuote ei vastaa tilausta (esim. v\u00e4\u00e4r\u00e4 tai viallinen tuote).<\/span><\/p>\n<p style=\"text-align: left;\"><span style=\"color: #000000;\">Rahat palautetuista tuotteista palautetaan ostajan ilmoittamalle pankkitilille 14 p\u00e4iv\u00e4n kuluessa palautuslomakkeen vastaanottamisesta. K\u00e4ytetty\u00e4, vaurioitunutta ja avattua pakkausta ei korvata.<\/span><\/p>\n\n","protected":false},"excerpt":{"rendered":"","protected":false},"author":1,"featured_media":0,"parent":0,"menu_order":0,"comment_status":"closed","ping_status":"closed","template":"","meta":{"footnotes":""},"class_list":["post-6926","page","type-page","status-publish","hentry"],"yoast_head":"<!-- This site is optimized with the Yoast SEO plugin v27.3 - https:\/\/yoast.com\/product\/yoast-seo-wordpress\/ -->\n<title>Palautukset - Meditex<\/title>\n<meta name=\"robots\" content=\"noindex, nofollow\" \/>\n<meta property=\"og:locale\" content=\"fi_FI\" \/>\n<meta property=\"og:type\" content=\"article\" \/>\n<meta property=\"og:title\" content=\"Palautukset - Meditex\" \/>\n<meta property=\"og:url\" content=\"https:\/\/meditex.ee\/fi\/palautukset\/\" \/>\n<meta property=\"og:site_name\" content=\"Meditex\" \/>\n<meta property=\"article:publisher\" content=\"https:\/\/www.facebook.com\/meditexepood\/\" \/>\n<meta property=\"article:modified_time\" content=\"2026-03-09T08:13:02+00:00\" \/>\n<meta name=\"twitter:card\" content=\"summary_large_image\" \/>\n<meta name=\"twitter:label1\" content=\"Arvioitu lukuaika\" \/>\n\t<meta name=\"twitter:data1\" content=\"2 minuuttia\" \/>\n<script type=\"application\/ld+json\" class=\"yoast-schema-graph\">{\"@context\":\"https:\\\/\\\/schema.org\",\"@graph\":[{\"@type\":\"WebPage\",\"@id\":\"https:\\\/\\\/meditex.ee\\\/fi\\\/palautukset\\\/\",\"url\":\"https:\\\/\\\/meditex.ee\\\/fi\\\/palautukset\\\/\",\"name\":\"Palautukset - Meditex\",\"isPartOf\":{\"@id\":\"https:\\\/\\\/meditex.ee\\\/en\\\/#website\"},\"datePublished\":\"2018-04-09T11:25:54+00:00\",\"dateModified\":\"2026-03-09T08:13:02+00:00\",\"breadcrumb\":{\"@id\":\"https:\\\/\\\/meditex.ee\\\/fi\\\/palautukset\\\/#breadcrumb\"},\"inLanguage\":\"fi\",\"potentialAction\":[{\"@type\":\"ReadAction\",\"target\":[\"https:\\\/\\\/meditex.ee\\\/fi\\\/palautukset\\\/\"]}]},{\"@type\":\"BreadcrumbList\",\"@id\":\"https:\\\/\\\/meditex.ee\\\/fi\\\/palautukset\\\/#breadcrumb\",\"itemListElement\":[{\"@type\":\"ListItem\",\"position\":1,\"name\":\"Home\",\"item\":\"https:\\\/\\\/meditex.ee\\\/fi\\\/\"},{\"@type\":\"ListItem\",\"position\":2,\"name\":\"Palautukset\"}]},{\"@type\":\"WebSite\",\"@id\":\"https:\\\/\\\/meditex.ee\\\/en\\\/#website\",\"url\":\"https:\\\/\\\/meditex.ee\\\/en\\\/\",\"name\":\"Meditex\",\"description\":\"\",\"publisher\":{\"@id\":\"https:\\\/\\\/meditex.ee\\\/en\\\/#organization\"},\"potentialAction\":[{\"@type\":\"SearchAction\",\"target\":{\"@type\":\"EntryPoint\",\"urlTemplate\":\"https:\\\/\\\/meditex.ee\\\/en\\\/?s={search_term_string}\"},\"query-input\":{\"@type\":\"PropertyValueSpecification\",\"valueRequired\":true,\"valueName\":\"search_term_string\"}}],\"inLanguage\":\"fi\"},{\"@type\":\"Organization\",\"@id\":\"https:\\\/\\\/meditex.ee\\\/en\\\/#organization\",\"name\":\"Meditex\",\"url\":\"https:\\\/\\\/meditex.ee\\\/en\\\/\",\"logo\":{\"@type\":\"ImageObject\",\"inLanguage\":\"fi\",\"@id\":\"https:\\\/\\\/meditex.ee\\\/en\\\/#\\\/schema\\\/logo\\\/image\\\/\",\"url\":\"https:\\\/\\\/meditex.ee\\\/wp-content\\\/uploads\\\/2018\\\/03\\\/mdtx_logo.png\",\"contentUrl\":\"https:\\\/\\\/meditex.ee\\\/wp-content\\\/uploads\\\/2018\\\/03\\\/mdtx_logo.png\",\"width\":669,\"height\":235,\"caption\":\"Meditex\"},\"image\":{\"@id\":\"https:\\\/\\\/meditex.ee\\\/en\\\/#\\\/schema\\\/logo\\\/image\\\/\"},\"sameAs\":[\"https:\\\/\\\/www.facebook.com\\\/meditexepood\\\/\"]}]}<\/script>\n<!-- \/ Yoast SEO plugin. -->","yoast_head_json":{"title":"Palautukset - Meditex","robots":{"index":"noindex","follow":"nofollow"},"og_locale":"fi_FI","og_type":"article","og_title":"Palautukset - Meditex","og_url":"https:\/\/meditex.ee\/fi\/palautukset\/","og_site_name":"Meditex","article_publisher":"https:\/\/www.facebook.com\/meditexepood\/","article_modified_time":"2026-03-09T08:13:02+00:00","twitter_card":"summary_large_image","twitter_misc":{"Arvioitu lukuaika":"2 minuuttia"},"schema":{"@context":"https:\/\/schema.org","@graph":[{"@type":"WebPage","@id":"https:\/\/meditex.ee\/fi\/palautukset\/","url":"https:\/\/meditex.ee\/fi\/palautukset\/","name":"Palautukset - Meditex","isPartOf":{"@id":"https:\/\/meditex.ee\/en\/#website"},"datePublished":"2018-04-09T11:25:54+00:00","dateModified":"2026-03-09T08:13:02+00:00","breadcrumb":{"@id":"https:\/\/meditex.ee\/fi\/palautukset\/#breadcrumb"},"inLanguage":"fi","potentialAction":[{"@type":"ReadAction","target":["https:\/\/meditex.ee\/fi\/palautukset\/"]}]},{"@type":"BreadcrumbList","@id":"https:\/\/meditex.ee\/fi\/palautukset\/#breadcrumb","itemListElement":[{"@type":"ListItem","position":1,"name":"Home","item":"https:\/\/meditex.ee\/fi\/"},{"@type":"ListItem","position":2,"name":"Palautukset"}]},{"@type":"WebSite","@id":"https:\/\/meditex.ee\/en\/#website","url":"https:\/\/meditex.ee\/en\/","name":"Meditex","description":"","publisher":{"@id":"https:\/\/meditex.ee\/en\/#organization"},"potentialAction":[{"@type":"SearchAction","target":{"@type":"EntryPoint","urlTemplate":"https:\/\/meditex.ee\/en\/?s={search_term_string}"},"query-input":{"@type":"PropertyValueSpecification","valueRequired":true,"valueName":"search_term_string"}}],"inLanguage":"fi"},{"@type":"Organization","@id":"https:\/\/meditex.ee\/en\/#organization","name":"Meditex","url":"https:\/\/meditex.ee\/en\/","logo":{"@type":"ImageObject","inLanguage":"fi","@id":"https:\/\/meditex.ee\/en\/#\/schema\/logo\/image\/","url":"https:\/\/meditex.ee\/wp-content\/uploads\/2018\/03\/mdtx_logo.png","contentUrl":"https:\/\/meditex.ee\/wp-content\/uploads\/2018\/03\/mdtx_logo.png","width":669,"height":235,"caption":"Meditex"},"image":{"@id":"https:\/\/meditex.ee\/en\/#\/schema\/logo\/image\/"},"sameAs":["https:\/\/www.facebook.com\/meditexepood\/"]}]}},"_links":{"self":[{"href":"https:\/\/meditex.ee\/fi\/wp-json\/wp\/v2\/pages\/6926","targetHints":{"allow":["GET"]}}],"collection":[{"href":"https:\/\/meditex.ee\/fi\/wp-json\/wp\/v2\/pages"}],"about":[{"href":"https:\/\/meditex.ee\/fi\/wp-json\/wp\/v2\/types\/page"}],"author":[{"embeddable":true,"href":"https:\/\/meditex.ee\/fi\/wp-json\/wp\/v2\/users\/1"}],"replies":[{"embeddable":true,"href":"https:\/\/meditex.ee\/fi\/wp-json\/wp\/v2\/comments?post=6926"}],"version-history":[{"count":3,"href":"https:\/\/meditex.ee\/fi\/wp-json\/wp\/v2\/pages\/6926\/revisions"}],"predecessor-version":[{"id":20071,"href":"https:\/\/meditex.ee\/fi\/wp-json\/wp\/v2\/pages\/6926\/revisions\/20071"}],"wp:attachment":[{"href":"https:\/\/meditex.ee\/fi\/wp-json\/wp\/v2\/media?parent=6926"}],"curies":[{"name":"wp","href":"https:\/\/api.w.org\/{rel}","templated":true}]}}