{"id":6922,"date":"2019-11-01T11:56:19","date_gmt":"2019-11-01T11:56:19","guid":{"rendered":"https:\/\/meditex.ee\/?page_id=6922"},"modified":"2025-02-24T07:46:39","modified_gmt":"2025-02-24T07:46:39","slug":"toimitus","status":"publish","type":"page","link":"https:\/\/meditex.ee\/fi\/toimitus\/","title":{"rendered":"Toimitus"},"content":{"rendered":"\n<p style=\"text-align: left;\"><span style=\"color: #000000;\"><strong>TOIMITUS<\/strong><\/span><\/p>\n<p style=\"text-align: left;\"><span style=\"color: #000000;\">Tuotteita l\u00e4hetet\u00e4\u00e4n seuraaviin maihin: Viro, Latvia, Liettua, Suomi.<\/span><\/p>\n<p style=\"text-align: left;\"><span style=\"color: #000000;\">Ostaja vastaa l\u00e4hetyskustannuksista, ja vastaavat hintatiedot n\u00e4ytet\u00e4\u00e4n l\u00e4hetystavan vieress\u00e4. Kaikki Viron sis\u00e4iset l\u00e4hetykset saapuvat yleens\u00e4 ostajan ilmoittamaan m\u00e4\u00e4r\u00e4paikkaan 2\u20135 ty\u00f6p\u00e4iv\u00e4n kuluessa myyntisopimuksen voimaantulop\u00e4iv\u00e4st\u00e4. Kaikki l\u00e4hetykset toimitetaan Viron ulkopuolelle 7 arkip\u00e4iv\u00e4n kuluessa. Meill\u00e4 on oikeus poikkeustapauksissa l\u00e4hett\u00e4\u00e4 tuotteet 45 kalenterip\u00e4iv\u00e4n kuluessa.<\/span><\/p>\n<div class=\"text-center\"><div class=\"is-divider divider clearfix\" ><\/div><\/div>\n\n<div class=\"row align-bottom\"  id=\"row-7328534\">\n\n\n\t<div id=\"col-784855347\" class=\"col medium-4 small-12 large-4\"  >\n\t\t\t\t<div class=\"col-inner text-left\"  >\n\t\t\t\n\t\t\t\n\n\t<div class=\"img has-hover x md-x lg-x y md-y lg-y\" id=\"image_1008846867\">\n\t\t\t\t\t\t\t\t<div class=\"img-inner dark\" >\n\t\t\t<img fetchpriority=\"high\" decoding=\"async\" width=\"800\" height=\"800\" src=\"https:\/\/meditex.ee\/wp-content\/uploads\/2022\/11\/omniva-800x800.jpg\" class=\"attachment-large size-large\" alt=\"\" srcset=\"https:\/\/meditex.ee\/wp-content\/uploads\/2022\/11\/omniva-800x800.jpg 800w, https:\/\/meditex.ee\/wp-content\/uploads\/2022\/11\/omniva-100x100.jpg 100w, https:\/\/meditex.ee\/wp-content\/uploads\/2022\/11\/omniva-510x510.jpg 510w, https:\/\/meditex.ee\/wp-content\/uploads\/2022\/11\/omniva-400x400.jpg 400w, https:\/\/meditex.ee\/wp-content\/uploads\/2022\/11\/omniva-280x280.jpg 280w, https:\/\/meditex.ee\/wp-content\/uploads\/2022\/11\/omniva-768x768.jpg 768w, https:\/\/meditex.ee\/wp-content\/uploads\/2022\/11\/omniva-1536x1536.jpg 1536w, https:\/\/meditex.ee\/wp-content\/uploads\/2022\/11\/omniva.jpg 1920w\" sizes=\"(max-width: 800px) 100vw, 800px\" \/>\t\t\t\t\t\t\n\t\t\t\t\t<\/div>\n\t\t\t\t\t\t\t\t\n<style>\n#image_1008846867 {\n  width: 35%;\n}\n<\/style>\n\t<\/div>\n\t\n\n\n\t\t<\/div>\n\t\t\t\t\t<\/div>\n\n\t\n\n\t<div id=\"col-455351818\" class=\"col medium-4 small-12 large-4\"  >\n\t\t\t\t<div class=\"col-inner\"  >\n\t\t\t\n\t\t\t\n\n\n\t\t<\/div>\n\t\t\t\t\t<\/div>\n\n\t\n\n\t<div id=\"col-972404755\" class=\"col medium-4 small-12 large-4\"  >\n\t\t\t\t<div class=\"col-inner\"  >\n\t\t\t\n\t\t\t\n\n\n\t\t<\/div>\n\t\t\t\t\t<\/div>\n\n\t\n\n<\/div>\n<p style=\"text-align: left;\"><strong><span style=\"color: #000000;\">Omnivan pakkausautomaatti (Viro, Latvia, Liettua)<\/span><\/strong><\/p>\n<p style=\"text-align: left;\"><span style=\"color: #000000;\">Pakkaus voidaan noutaa pakettiautomaatista ajasta riippumatta. Ulkona olevia automaatteja voidaan k\u00e4ytt\u00e4\u00e4 24 tuntia vuorokaudessa. K\u00e4yt\u00f6ss\u00e4si on pakettiautomaatteja, jotka sijaitsevat suosituimmissa paikoissa ymp\u00e4ri Viroa \u2013 l\u00e4hes 60 kaupungissa.<\/span><\/p>\n<div class=\"text-center\"><div class=\"is-divider divider clearfix\" ><\/div><\/div>\n\n<div class=\"row align-bottom\"  id=\"row-1488175428\">\n\n\n\t<div id=\"col-1502681162\" class=\"col medium-4 small-12 large-4\"  >\n\t\t\t\t<div class=\"col-inner text-left\"  >\n\t\t\t\n\t\t\t\n\n\t<div class=\"img has-hover x md-x lg-x y md-y lg-y\" id=\"image_1596126647\">\n\t\t\t\t\t\t\t\t<div class=\"img-inner dark\" >\n\t\t\t<img decoding=\"async\" width=\"1020\" height=\"224\" src=\"https:\/\/meditex.ee\/wp-content\/uploads\/2025\/02\/SmartPosti_logo-RGB-1400x307.webp\" class=\"attachment-large size-large\" alt=\"\" srcset=\"https:\/\/meditex.ee\/wp-content\/uploads\/2025\/02\/SmartPosti_logo-RGB-1400x307.webp 1400w, https:\/\/meditex.ee\/wp-content\/uploads\/2025\/02\/SmartPosti_logo-RGB-800x176.webp 800w, https:\/\/meditex.ee\/wp-content\/uploads\/2025\/02\/SmartPosti_logo-RGB-768x169.webp 768w, https:\/\/meditex.ee\/wp-content\/uploads\/2025\/02\/SmartPosti_logo-RGB-1536x337.webp 1536w, https:\/\/meditex.ee\/wp-content\/uploads\/2025\/02\/SmartPosti_logo-RGB-510x112.webp 510w, https:\/\/meditex.ee\/wp-content\/uploads\/2025\/02\/SmartPosti_logo-RGB.webp 1808w\" sizes=\"(max-width: 1020px) 100vw, 1020px\" \/>\t\t\t\t\t\t\n\t\t\t\t\t<\/div>\n\t\t\t\t\t\t\t\t\n<style>\n#image_1596126647 {\n  width: 70%;\n}\n<\/style>\n\t<\/div>\n\t\n\n\n\t\t<\/div>\n\t\t\t\t\t<\/div>\n\n\t\n\n\t<div id=\"col-1800984625\" class=\"col medium-4 small-12 large-4\"  >\n\t\t\t\t<div class=\"col-inner\"  >\n\t\t\t\n\t\t\t\n\n\n\t\t<\/div>\n\t\t\t\t\t<\/div>\n\n\t\n\n\t<div id=\"col-794006983\" class=\"col medium-4 small-12 large-4\"  >\n\t\t\t\t<div class=\"col-inner\"  >\n\t\t\t\n\t\t\t\n\n\n\t\t<\/div>\n\t\t\t\t\t<\/div>\n\n\t\n\n<\/div>\n<p style=\"text-align: left;\"><strong><span style=\"color: #000000;\">SmartPosti pakettiautomaatti (Viro, Suomi)<\/span><\/strong><\/p>\n<p style=\"text-align: left;\"><span style=\"color: #000000;\">Pakettiautomaatit sijaitsevat ostoskeskuksissa, joten voit noutaa paketin p\u00e4ivitt\u00e4isten asioiden hoitamisen ohessa. Kaikki SmartPosti-pakettiautomaatit sijaitsevat ostoskeskusten sis\u00e4tiloissa. T\u00e4m\u00e4 tarkoittaa, ett\u00e4 l\u00e4hetykset on suojattu koko vuoden ajan kylm\u00e4n, kuuman tai kostean s\u00e4\u00e4n mahdollisesti aiheuttamilta vaurioilta.<\/span><\/p>\n<div class=\"text-center\"><div class=\"is-divider divider clearfix\" ><\/div><\/div>\n\n<div class=\"row align-bottom\"  id=\"row-926719630\">\n\n\n\t<div id=\"col-656863577\" class=\"col medium-4 small-12 large-4\"  >\n\t\t\t\t<div class=\"col-inner\"  >\n\t\t\t\n\t\t\t\n\n\t<div class=\"img has-hover x md-x lg-x y md-y lg-y\" id=\"image_26572077\">\n\t\t\t\t\t\t\t\t<div class=\"img-inner dark\" >\n\t\t\t<img decoding=\"async\" width=\"1020\" height=\"454\" src=\"https:\/\/meditex.ee\/wp-content\/uploads\/2018\/03\/DPD_logo_redgrad_rgb-1400x623.png\" class=\"attachment-large size-large\" alt=\"\" srcset=\"https:\/\/meditex.ee\/wp-content\/uploads\/2018\/03\/DPD_logo_redgrad_rgb-1400x623.png 1400w, https:\/\/meditex.ee\/wp-content\/uploads\/2018\/03\/DPD_logo_redgrad_rgb-510x227.png 510w, https:\/\/meditex.ee\/wp-content\/uploads\/2018\/03\/DPD_logo_redgrad_rgb-800x356.png 800w, https:\/\/meditex.ee\/wp-content\/uploads\/2018\/03\/DPD_logo_redgrad_rgb-768x342.png 768w, https:\/\/meditex.ee\/wp-content\/uploads\/2018\/03\/DPD_logo_redgrad_rgb-600x267.png 600w\" sizes=\"(max-width: 1020px) 100vw, 1020px\" \/>\t\t\t\t\t\t\n\t\t\t\t\t<\/div>\n\t\t\t\t\t\t\t\t\n<style>\n#image_26572077 {\n  width: 40%;\n}\n<\/style>\n\t<\/div>\n\t\n\n\n\t\t<\/div>\n\t\t\t\t\t<\/div>\n\n\t\n\n\t<div id=\"col-240452272\" class=\"col medium-4 small-12 large-4\"  >\n\t\t\t\t<div class=\"col-inner\"  >\n\t\t\t\n\t\t\t\n\n\n\t\t<\/div>\n\t\t\t\t\t<\/div>\n\n\t\n\n\t<div id=\"col-390625404\" class=\"col medium-4 small-12 large-4\"  >\n\t\t\t\t<div class=\"col-inner\"  >\n\t\t\t\n\t\t\t\n\n\n\t\t<\/div>\n\t\t\t\t\t<\/div>\n\n\t\n\n<\/div>\n<p style=\"text-align: left;\"><strong><span style=\"color: #000000;\">DPD-pakettiautomaatti tai -robotti (Viro, Latvia, Liettua, Suomi)<\/span><\/strong><\/p>\n<p style=\"text-align: left;\"><span style=\"color: #000000;\">DPD tarjoaa nopeatempoisen ja k\u00e4tev\u00e4n sijaintiperusteisen pakettiautomaatin pakettien vastaanottamiseen ja l\u00e4hett\u00e4miseen. Kaikki DPD-pakettiautomaatit ja -robotit sijaitsevat helposti ulottuvilla ja ovat avoinna ymp\u00e4ri vuorokauden.<\/span><\/p>\n<div class=\"text-center\"><div class=\"is-divider divider clearfix\" ><\/div><\/div>\n\n<p style=\"text-align: left;\"><span style=\"color: #000000;\"><strong>Lis\u00e4tietoa<\/strong><\/span><\/p>\n<p style=\"text-align: left;\"><span style=\"color: #000000;\">Toimituksen lis\u00e4tiedot:<\/span><\/p>\n<ul>\n<li style=\"text-align: left;\"><span style=\"color: #000000;\">tuotteiden toimitus voi kest\u00e4\u00e4 tavallista pidemp\u00e4\u00e4n, mik\u00e4li tuotteet on tilattava, jos niit\u00e4 ei ole riitt\u00e4v\u00e4sti tai jos niit\u00e4 tilataan ulkomailta.<\/span><\/li>\n<li style=\"text-align: left;\"><span style=\"color: #000000;\">jos tuotteiden l\u00e4hett\u00e4minen vaikeutuu verkkokaupasta riippumatta, otamme sinuun yhteytt\u00e4 ilmoittamalla ongelmasta. Voit korvata puuttuvan tai viiv\u00e4styneen tuotteen toisella tuotteella tai peruuttaa tilauksesi.<\/span><\/li>\n<li style=\"text-align: left;\"><span style=\"color: #000000;\">kuljetusyhti\u00f6 &#8211; kun valitset kuljetusyhti\u00f6n, kuljettaja ottaa sinuun yhteytt\u00e4 etuk\u00e4teen ja sopii toimitusajasta.<\/span><\/li>\n<li style=\"text-align: left;\"><span style=\"color: #000000;\">pakettiautomaatti (robotti) &#8211; koodi l\u00e4hetet\u00e4\u00e4n tekstiviestin\u00e4 matkapuhelimeesi.<\/span><\/li>\n<li style=\"text-align: left;\"><span style=\"color: #000000;\">voit tilata meditex.ee -verkkokaupasta ilman rekister\u00f6itymist\u00e4.<\/span><\/li>\n<\/ul>\n\n","protected":false},"excerpt":{"rendered":"","protected":false},"author":1,"featured_media":0,"parent":0,"menu_order":0,"comment_status":"closed","ping_status":"closed","template":"","meta":{"footnotes":""},"class_list":["post-6922","page","type-page","status-publish","hentry"],"yoast_head":"<!-- This site is optimized with the Yoast SEO plugin v27.4 - https:\/\/yoast.com\/product\/yoast-seo-wordpress\/ -->\n<title>Toimitus - Meditex<\/title>\n<meta name=\"robots\" content=\"index, follow, max-snippet:-1, max-image-preview:large, max-video-preview:-1\" \/>\n<link rel=\"canonical\" href=\"https:\/\/meditex.ee\/fi\/toimitus\/\" \/>\n<meta property=\"og:locale\" content=\"fi_FI\" \/>\n<meta property=\"og:type\" content=\"article\" \/>\n<meta property=\"og:title\" content=\"Toimitus - Meditex\" \/>\n<meta property=\"og:url\" content=\"https:\/\/meditex.ee\/fi\/toimitus\/\" \/>\n<meta property=\"og:site_name\" content=\"Meditex\" \/>\n<meta property=\"article:publisher\" content=\"https:\/\/www.facebook.com\/meditexepood\/\" \/>\n<meta property=\"article:modified_time\" content=\"2025-02-24T07:46:39+00:00\" \/>\n<meta name=\"twitter:card\" content=\"summary_large_image\" \/>\n<script type=\"application\/ld+json\" class=\"yoast-schema-graph\">{\"@context\":\"https:\\\/\\\/schema.org\",\"@graph\":[{\"@type\":\"WebPage\",\"@id\":\"https:\\\/\\\/meditex.ee\\\/fi\\\/toimitus\\\/\",\"url\":\"https:\\\/\\\/meditex.ee\\\/fi\\\/toimitus\\\/\",\"name\":\"Toimitus - Meditex\",\"isPartOf\":{\"@id\":\"https:\\\/\\\/meditex.ee\\\/en\\\/#website\"},\"datePublished\":\"2019-11-01T11:56:19+00:00\",\"dateModified\":\"2025-02-24T07:46:39+00:00\",\"breadcrumb\":{\"@id\":\"https:\\\/\\\/meditex.ee\\\/fi\\\/toimitus\\\/#breadcrumb\"},\"inLanguage\":\"fi\",\"potentialAction\":[{\"@type\":\"ReadAction\",\"target\":[\"https:\\\/\\\/meditex.ee\\\/fi\\\/toimitus\\\/\"]}]},{\"@type\":\"BreadcrumbList\",\"@id\":\"https:\\\/\\\/meditex.ee\\\/fi\\\/toimitus\\\/#breadcrumb\",\"itemListElement\":[{\"@type\":\"ListItem\",\"position\":1,\"name\":\"Home\",\"item\":\"https:\\\/\\\/meditex.ee\\\/fi\\\/\"},{\"@type\":\"ListItem\",\"position\":2,\"name\":\"Toimitus\"}]},{\"@type\":\"WebSite\",\"@id\":\"https:\\\/\\\/meditex.ee\\\/en\\\/#website\",\"url\":\"https:\\\/\\\/meditex.ee\\\/en\\\/\",\"name\":\"Meditex\",\"description\":\"\",\"publisher\":{\"@id\":\"https:\\\/\\\/meditex.ee\\\/en\\\/#organization\"},\"potentialAction\":[{\"@type\":\"SearchAction\",\"target\":{\"@type\":\"EntryPoint\",\"urlTemplate\":\"https:\\\/\\\/meditex.ee\\\/en\\\/?s={search_term_string}\"},\"query-input\":{\"@type\":\"PropertyValueSpecification\",\"valueRequired\":true,\"valueName\":\"search_term_string\"}}],\"inLanguage\":\"fi\"},{\"@type\":\"Organization\",\"@id\":\"https:\\\/\\\/meditex.ee\\\/en\\\/#organization\",\"name\":\"Meditex\",\"url\":\"https:\\\/\\\/meditex.ee\\\/en\\\/\",\"logo\":{\"@type\":\"ImageObject\",\"inLanguage\":\"fi\",\"@id\":\"https:\\\/\\\/meditex.ee\\\/en\\\/#\\\/schema\\\/logo\\\/image\\\/\",\"url\":\"https:\\\/\\\/meditex.ee\\\/wp-content\\\/uploads\\\/2018\\\/03\\\/mdtx_logo.png\",\"contentUrl\":\"https:\\\/\\\/meditex.ee\\\/wp-content\\\/uploads\\\/2018\\\/03\\\/mdtx_logo.png\",\"width\":669,\"height\":235,\"caption\":\"Meditex\"},\"image\":{\"@id\":\"https:\\\/\\\/meditex.ee\\\/en\\\/#\\\/schema\\\/logo\\\/image\\\/\"},\"sameAs\":[\"https:\\\/\\\/www.facebook.com\\\/meditexepood\\\/\"]}]}<\/script>\n<!-- \/ Yoast SEO plugin. -->","yoast_head_json":{"title":"Toimitus - Meditex","robots":{"index":"index","follow":"follow","max-snippet":"max-snippet:-1","max-image-preview":"max-image-preview:large","max-video-preview":"max-video-preview:-1"},"canonical":"https:\/\/meditex.ee\/fi\/toimitus\/","og_locale":"fi_FI","og_type":"article","og_title":"Toimitus - Meditex","og_url":"https:\/\/meditex.ee\/fi\/toimitus\/","og_site_name":"Meditex","article_publisher":"https:\/\/www.facebook.com\/meditexepood\/","article_modified_time":"2025-02-24T07:46:39+00:00","twitter_card":"summary_large_image","schema":{"@context":"https:\/\/schema.org","@graph":[{"@type":"WebPage","@id":"https:\/\/meditex.ee\/fi\/toimitus\/","url":"https:\/\/meditex.ee\/fi\/toimitus\/","name":"Toimitus - Meditex","isPartOf":{"@id":"https:\/\/meditex.ee\/en\/#website"},"datePublished":"2019-11-01T11:56:19+00:00","dateModified":"2025-02-24T07:46:39+00:00","breadcrumb":{"@id":"https:\/\/meditex.ee\/fi\/toimitus\/#breadcrumb"},"inLanguage":"fi","potentialAction":[{"@type":"ReadAction","target":["https:\/\/meditex.ee\/fi\/toimitus\/"]}]},{"@type":"BreadcrumbList","@id":"https:\/\/meditex.ee\/fi\/toimitus\/#breadcrumb","itemListElement":[{"@type":"ListItem","position":1,"name":"Home","item":"https:\/\/meditex.ee\/fi\/"},{"@type":"ListItem","position":2,"name":"Toimitus"}]},{"@type":"WebSite","@id":"https:\/\/meditex.ee\/en\/#website","url":"https:\/\/meditex.ee\/en\/","name":"Meditex","description":"","publisher":{"@id":"https:\/\/meditex.ee\/en\/#organization"},"potentialAction":[{"@type":"SearchAction","target":{"@type":"EntryPoint","urlTemplate":"https:\/\/meditex.ee\/en\/?s={search_term_string}"},"query-input":{"@type":"PropertyValueSpecification","valueRequired":true,"valueName":"search_term_string"}}],"inLanguage":"fi"},{"@type":"Organization","@id":"https:\/\/meditex.ee\/en\/#organization","name":"Meditex","url":"https:\/\/meditex.ee\/en\/","logo":{"@type":"ImageObject","inLanguage":"fi","@id":"https:\/\/meditex.ee\/en\/#\/schema\/logo\/image\/","url":"https:\/\/meditex.ee\/wp-content\/uploads\/2018\/03\/mdtx_logo.png","contentUrl":"https:\/\/meditex.ee\/wp-content\/uploads\/2018\/03\/mdtx_logo.png","width":669,"height":235,"caption":"Meditex"},"image":{"@id":"https:\/\/meditex.ee\/en\/#\/schema\/logo\/image\/"},"sameAs":["https:\/\/www.facebook.com\/meditexepood\/"]}]}},"_links":{"self":[{"href":"https:\/\/meditex.ee\/fi\/wp-json\/wp\/v2\/pages\/6922","targetHints":{"allow":["GET"]}}],"collection":[{"href":"https:\/\/meditex.ee\/fi\/wp-json\/wp\/v2\/pages"}],"about":[{"href":"https:\/\/meditex.ee\/fi\/wp-json\/wp\/v2\/types\/page"}],"author":[{"embeddable":true,"href":"https:\/\/meditex.ee\/fi\/wp-json\/wp\/v2\/users\/1"}],"replies":[{"embeddable":true,"href":"https:\/\/meditex.ee\/fi\/wp-json\/wp\/v2\/comments?post=6922"}],"version-history":[{"count":0,"href":"https:\/\/meditex.ee\/fi\/wp-json\/wp\/v2\/pages\/6922\/revisions"}],"wp:attachment":[{"href":"https:\/\/meditex.ee\/fi\/wp-json\/wp\/v2\/media?parent=6922"}],"curies":[{"name":"wp","href":"https:\/\/api.w.org\/{rel}","templated":true}]}}