{"id":6920,"date":"2019-11-01T11:51:57","date_gmt":"2019-11-01T11:51:57","guid":{"rendered":"https:\/\/meditex.ee\/?page_id=6920"},"modified":"2023-07-31T09:48:31","modified_gmt":"2023-07-31T09:48:31","slug":"tilauksen-maksaminen","status":"publish","type":"page","link":"https:\/\/meditex.ee\/fi\/tilauksen-maksaminen\/","title":{"rendered":"Maksu"},"content":{"rendered":"\n<h4 style=\"text-align: left;\"><span style=\"color: #000000;\"><strong>MAKSU<\/strong><\/span><\/h4>\n<p style=\"text-align: left;\"><span style=\"color: #000000;\">Voit maksaa ostoksesi pankkilinkill\u00e4 tai luottokortilla. Vastaavat vaihtoehdot n\u00e4kyv\u00e4t maksusivulla.<\/span><\/p>\n<p style=\"text-align: left;\"><span style=\"color: #000000;\">NB! Kun olet maksanut tavarat (pankkisiirrolla), poistu verkkopankkisivulta klikkaamalla &#8221;Takaisin kauppiaalle&#8221; -painiketta. N\u00e4ytt\u00f6\u00f6n tulee tilausvahvistus, jossa vahvistetaan tilauksesi ja maksusi, ja voit halutessasi tulostaa sen.<\/span><\/p>\n<p style=\"text-align: left;\"><span style=\"color: #000000;\">Kun olet maksanut ennakkolaskun, saat digitaalisen laskun. Voimme my\u00f6s toimittaa sinulle paperilaskun pyynn\u00f6st\u00e4.<\/span><\/p>\n<p style=\"text-align: left;\"><span style=\"color: #000000;\">Maksu on mahdollista suorittaa my\u00f6s ennakkoon ilmoittamalla siit\u00e4 verkkokaupalle s\u00e4hk\u00f6postitse <a style=\"color: #000000;\" href=\"mailto:info@meditex.ee\">osoitteeseen info@meditex.ee<\/a>. K\u00e4sittelemme tilauksen saatuamme laskun. Ennakkomaksulasku l\u00e4hetet\u00e4\u00e4n sinulle my\u00f6s automaattisesti s\u00e4hk\u00f6postitse.<\/span><\/p>\n<p style=\"text-align: left;\"><span style=\"color: #000000;\">Kaikki myym\u00e4l\u00e4ss\u00e4 ilmoitetut hinnat ovat euroissa (\u20ac) ja sis\u00e4lt\u00e4v\u00e4t arvonlis\u00e4veron.<\/span><\/p>\n","protected":false},"excerpt":{"rendered":"<p>MAKSU Voit maksaa ostoksesi pankkilinkill\u00e4 tai luottokortilla. Vastaavat vaihtoehdot n\u00e4kyv\u00e4t maksusivulla. NB! Kun olet maksanut tavarat (pankkisiirrolla), poistu verkkopankkisivulta klikkaamalla &#8221;Takaisin kauppiaalle&#8221; -painiketta. N\u00e4ytt\u00f6\u00f6n tulee tilausvahvistus, jossa vahvistetaan tilauksesi ja maksusi, ja voit halutessasi tulostaa sen. Kun olet maksanut ennakkolaskun, saat digitaalisen laskun. Voimme my\u00f6s toimittaa sinulle paperilaskun pyynn\u00f6st\u00e4. Maksu on mahdollista suorittaa my\u00f6s ennakkoon [&#8230;]\n","protected":false},"author":1,"featured_media":0,"parent":0,"menu_order":0,"comment_status":"closed","ping_status":"closed","template":"","meta":{"footnotes":""},"class_list":["post-6920","page","type-page","status-publish","hentry"],"yoast_head":"<!-- This site is optimized with the Yoast SEO plugin v27.4 - https:\/\/yoast.com\/product\/yoast-seo-wordpress\/ -->\n<title>Maksu - Meditex<\/title>\n<meta name=\"robots\" content=\"index, follow, max-snippet:-1, max-image-preview:large, max-video-preview:-1\" \/>\n<link rel=\"canonical\" href=\"https:\/\/meditex.ee\/fi\/tilauksen-maksaminen\/\" \/>\n<meta property=\"og:locale\" content=\"fi_FI\" \/>\n<meta property=\"og:type\" content=\"article\" \/>\n<meta property=\"og:title\" content=\"Maksu - Meditex\" \/>\n<meta property=\"og:description\" content=\"MAKSU Voit maksaa ostoksesi pankkilinkill\u00e4 tai luottokortilla. Vastaavat vaihtoehdot n\u00e4kyv\u00e4t maksusivulla. NB! Kun olet maksanut tavarat (pankkisiirrolla), poistu verkkopankkisivulta klikkaamalla &#8221;Takaisin kauppiaalle&#8221; -painiketta. N\u00e4ytt\u00f6\u00f6n tulee tilausvahvistus, jossa vahvistetaan tilauksesi ja maksusi, ja voit halutessasi tulostaa sen. Kun olet maksanut ennakkolaskun, saat digitaalisen laskun. Voimme my\u00f6s toimittaa sinulle paperilaskun pyynn\u00f6st\u00e4. Maksu on mahdollista suorittaa my\u00f6s ennakkoon [...]\" \/>\n<meta property=\"og:url\" content=\"https:\/\/meditex.ee\/fi\/tilauksen-maksaminen\/\" \/>\n<meta property=\"og:site_name\" content=\"Meditex\" \/>\n<meta property=\"article:publisher\" content=\"https:\/\/www.facebook.com\/meditexepood\/\" \/>\n<meta property=\"article:modified_time\" content=\"2023-07-31T09:48:31+00:00\" \/>\n<meta name=\"twitter:card\" content=\"summary_large_image\" \/>\n<meta name=\"twitter:label1\" content=\"Arvioitu lukuaika\" \/>\n\t<meta name=\"twitter:data1\" content=\"1 minuutti\" \/>\n<script type=\"application\/ld+json\" class=\"yoast-schema-graph\">{\"@context\":\"https:\\\/\\\/schema.org\",\"@graph\":[{\"@type\":\"WebPage\",\"@id\":\"https:\\\/\\\/meditex.ee\\\/fi\\\/tilauksen-maksaminen\\\/\",\"url\":\"https:\\\/\\\/meditex.ee\\\/fi\\\/tilauksen-maksaminen\\\/\",\"name\":\"Maksu - Meditex\",\"isPartOf\":{\"@id\":\"https:\\\/\\\/meditex.ee\\\/en\\\/#website\"},\"datePublished\":\"2019-11-01T11:51:57+00:00\",\"dateModified\":\"2023-07-31T09:48:31+00:00\",\"breadcrumb\":{\"@id\":\"https:\\\/\\\/meditex.ee\\\/fi\\\/tilauksen-maksaminen\\\/#breadcrumb\"},\"inLanguage\":\"fi\",\"potentialAction\":[{\"@type\":\"ReadAction\",\"target\":[\"https:\\\/\\\/meditex.ee\\\/fi\\\/tilauksen-maksaminen\\\/\"]}]},{\"@type\":\"BreadcrumbList\",\"@id\":\"https:\\\/\\\/meditex.ee\\\/fi\\\/tilauksen-maksaminen\\\/#breadcrumb\",\"itemListElement\":[{\"@type\":\"ListItem\",\"position\":1,\"name\":\"Home\",\"item\":\"https:\\\/\\\/meditex.ee\\\/fi\\\/\"},{\"@type\":\"ListItem\",\"position\":2,\"name\":\"Maksu\"}]},{\"@type\":\"WebSite\",\"@id\":\"https:\\\/\\\/meditex.ee\\\/en\\\/#website\",\"url\":\"https:\\\/\\\/meditex.ee\\\/en\\\/\",\"name\":\"Meditex\",\"description\":\"\",\"publisher\":{\"@id\":\"https:\\\/\\\/meditex.ee\\\/en\\\/#organization\"},\"potentialAction\":[{\"@type\":\"SearchAction\",\"target\":{\"@type\":\"EntryPoint\",\"urlTemplate\":\"https:\\\/\\\/meditex.ee\\\/en\\\/?s={search_term_string}\"},\"query-input\":{\"@type\":\"PropertyValueSpecification\",\"valueRequired\":true,\"valueName\":\"search_term_string\"}}],\"inLanguage\":\"fi\"},{\"@type\":\"Organization\",\"@id\":\"https:\\\/\\\/meditex.ee\\\/en\\\/#organization\",\"name\":\"Meditex\",\"url\":\"https:\\\/\\\/meditex.ee\\\/en\\\/\",\"logo\":{\"@type\":\"ImageObject\",\"inLanguage\":\"fi\",\"@id\":\"https:\\\/\\\/meditex.ee\\\/en\\\/#\\\/schema\\\/logo\\\/image\\\/\",\"url\":\"https:\\\/\\\/meditex.ee\\\/wp-content\\\/uploads\\\/2018\\\/03\\\/mdtx_logo.png\",\"contentUrl\":\"https:\\\/\\\/meditex.ee\\\/wp-content\\\/uploads\\\/2018\\\/03\\\/mdtx_logo.png\",\"width\":669,\"height\":235,\"caption\":\"Meditex\"},\"image\":{\"@id\":\"https:\\\/\\\/meditex.ee\\\/en\\\/#\\\/schema\\\/logo\\\/image\\\/\"},\"sameAs\":[\"https:\\\/\\\/www.facebook.com\\\/meditexepood\\\/\"]}]}<\/script>\n<!-- \/ Yoast SEO plugin. -->","yoast_head_json":{"title":"Maksu - Meditex","robots":{"index":"index","follow":"follow","max-snippet":"max-snippet:-1","max-image-preview":"max-image-preview:large","max-video-preview":"max-video-preview:-1"},"canonical":"https:\/\/meditex.ee\/fi\/tilauksen-maksaminen\/","og_locale":"fi_FI","og_type":"article","og_title":"Maksu - Meditex","og_description":"MAKSU Voit maksaa ostoksesi pankkilinkill\u00e4 tai luottokortilla. Vastaavat vaihtoehdot n\u00e4kyv\u00e4t maksusivulla. NB! Kun olet maksanut tavarat (pankkisiirrolla), poistu verkkopankkisivulta klikkaamalla &#8221;Takaisin kauppiaalle&#8221; -painiketta. N\u00e4ytt\u00f6\u00f6n tulee tilausvahvistus, jossa vahvistetaan tilauksesi ja maksusi, ja voit halutessasi tulostaa sen. Kun olet maksanut ennakkolaskun, saat digitaalisen laskun. Voimme my\u00f6s toimittaa sinulle paperilaskun pyynn\u00f6st\u00e4. Maksu on mahdollista suorittaa my\u00f6s ennakkoon [...]","og_url":"https:\/\/meditex.ee\/fi\/tilauksen-maksaminen\/","og_site_name":"Meditex","article_publisher":"https:\/\/www.facebook.com\/meditexepood\/","article_modified_time":"2023-07-31T09:48:31+00:00","twitter_card":"summary_large_image","twitter_misc":{"Arvioitu lukuaika":"1 minuutti"},"schema":{"@context":"https:\/\/schema.org","@graph":[{"@type":"WebPage","@id":"https:\/\/meditex.ee\/fi\/tilauksen-maksaminen\/","url":"https:\/\/meditex.ee\/fi\/tilauksen-maksaminen\/","name":"Maksu - Meditex","isPartOf":{"@id":"https:\/\/meditex.ee\/en\/#website"},"datePublished":"2019-11-01T11:51:57+00:00","dateModified":"2023-07-31T09:48:31+00:00","breadcrumb":{"@id":"https:\/\/meditex.ee\/fi\/tilauksen-maksaminen\/#breadcrumb"},"inLanguage":"fi","potentialAction":[{"@type":"ReadAction","target":["https:\/\/meditex.ee\/fi\/tilauksen-maksaminen\/"]}]},{"@type":"BreadcrumbList","@id":"https:\/\/meditex.ee\/fi\/tilauksen-maksaminen\/#breadcrumb","itemListElement":[{"@type":"ListItem","position":1,"name":"Home","item":"https:\/\/meditex.ee\/fi\/"},{"@type":"ListItem","position":2,"name":"Maksu"}]},{"@type":"WebSite","@id":"https:\/\/meditex.ee\/en\/#website","url":"https:\/\/meditex.ee\/en\/","name":"Meditex","description":"","publisher":{"@id":"https:\/\/meditex.ee\/en\/#organization"},"potentialAction":[{"@type":"SearchAction","target":{"@type":"EntryPoint","urlTemplate":"https:\/\/meditex.ee\/en\/?s={search_term_string}"},"query-input":{"@type":"PropertyValueSpecification","valueRequired":true,"valueName":"search_term_string"}}],"inLanguage":"fi"},{"@type":"Organization","@id":"https:\/\/meditex.ee\/en\/#organization","name":"Meditex","url":"https:\/\/meditex.ee\/en\/","logo":{"@type":"ImageObject","inLanguage":"fi","@id":"https:\/\/meditex.ee\/en\/#\/schema\/logo\/image\/","url":"https:\/\/meditex.ee\/wp-content\/uploads\/2018\/03\/mdtx_logo.png","contentUrl":"https:\/\/meditex.ee\/wp-content\/uploads\/2018\/03\/mdtx_logo.png","width":669,"height":235,"caption":"Meditex"},"image":{"@id":"https:\/\/meditex.ee\/en\/#\/schema\/logo\/image\/"},"sameAs":["https:\/\/www.facebook.com\/meditexepood\/"]}]}},"_links":{"self":[{"href":"https:\/\/meditex.ee\/fi\/wp-json\/wp\/v2\/pages\/6920","targetHints":{"allow":["GET"]}}],"collection":[{"href":"https:\/\/meditex.ee\/fi\/wp-json\/wp\/v2\/pages"}],"about":[{"href":"https:\/\/meditex.ee\/fi\/wp-json\/wp\/v2\/types\/page"}],"author":[{"embeddable":true,"href":"https:\/\/meditex.ee\/fi\/wp-json\/wp\/v2\/users\/1"}],"replies":[{"embeddable":true,"href":"https:\/\/meditex.ee\/fi\/wp-json\/wp\/v2\/comments?post=6920"}],"version-history":[{"count":0,"href":"https:\/\/meditex.ee\/fi\/wp-json\/wp\/v2\/pages\/6920\/revisions"}],"wp:attachment":[{"href":"https:\/\/meditex.ee\/fi\/wp-json\/wp\/v2\/media?parent=6920"}],"curies":[{"name":"wp","href":"https:\/\/api.w.org\/{rel}","templated":true}]}}