{"id":16631,"date":"2023-07-31T10:24:00","date_gmt":"2023-07-31T10:24:00","guid":{"rendered":"https:\/\/meditex.ee\/palautus-ja-palautuskaytanto\/"},"modified":"2023-07-31T10:24:03","modified_gmt":"2023-07-31T10:24:03","slug":"palautus-ja-palautuskaytanto","status":"publish","type":"page","link":"https:\/\/meditex.ee\/fi\/palautus-ja-palautuskaytanto\/","title":{"rendered":"Palautus- ja palautusk\u00e4yt\u00e4nt\u00f6"},"content":{"rendered":"\n<p><b>T\u00e4m\u00e4 on esimerkkisivu.<\/b><\/p>\n\n<h3>Overview<\/h3>\n\n<p>Palautus- ja palautusk\u00e4yt\u00e4nt\u00f6mme kest\u00e4\u00e4 30 p\u00e4iv\u00e4\u00e4. Jos ostoksestasi on kulunut 30 p\u00e4iv\u00e4\u00e4, emme voi tarjota sinulle t\u00e4ytt\u00e4 hyvityst\u00e4 tai vaihtoa.<\/p>\n\n<p>Jotta tuote voidaan palauttaa, sen on oltava k\u00e4ytt\u00e4m\u00e4t\u00f6n ja samassa kunnossa kuin se on vastaanotettu. Sen on my\u00f6s oltava alkuper\u00e4ispakkauksessa.<\/p>\n\n<p>Palauttaminen ei koske useita tavaralajeja. Pilaantuvia tavaroita, kuten elintarvikkeita, kukkia, sanomalehti\u00e4 tai aikakauslehti\u00e4, ei voi palauttaa. Emme my\u00f6sk\u00e4\u00e4n ota vastaan tuotteita, jotka ovat intiimej\u00e4 tai hygieniatuotteita, vaarallisia materiaaleja tai syttyvi\u00e4 nesteit\u00e4 tai kaasuja.<\/p>\n\n<p>Muita ei-palautettavia tuotteita:<\/p>\n\n<ul class=\"wp-block-list\">\n<li>Lahjakortit<\/li>\n<li>Ladattavat ohjelmistotuotteet<\/li>\n<li>Jotkin terveyden- ja henkil\u00f6kohtaisen hygienian tuotteet<\/li>\n<\/ul>\n\n<p>Palauttamista varten tarvitsemme kuitin tai ostotodistuksen.<\/p>\n\n<p>\u00c4l\u00e4 l\u00e4het\u00e4 ostoksiasi takaisin valmistajalle.<\/p>\n\n<p>Tietyiss\u00e4 tilanteissa voidaan my\u00f6nt\u00e4\u00e4 vain osittaisia palautuksia:<\/p>\n\n<ul class=\"wp-block-list\">\n<li>Kirja, jossa on selvi\u00e4 k\u00e4yt\u00f6n j\u00e4lki\u00e4<\/li>\n<li>CD- tai DVD-levy, VHS-kasetti, ohjelmisto, videopeli, kasetti tai vinyylilevy, joka on avattu.<\/li>\n<li>Mik\u00e4 tahansa tuote, joka ei ole alkuper\u00e4isess\u00e4 kunnossaan, on vaurioitunut tai josta puuttuu osia syist\u00e4, jotka eiv\u00e4t johdu virheest\u00e4mme.<\/li>\n<li>Kaikki tuotteet, jotka palautetaan yli 30 p\u00e4iv\u00e4n kuluttua toimituksesta.<\/li>\n<\/ul>\n\n<h2>Refunds<\/h2>\n\n<p>Kun palautuksesi on vastaanotettu ja tarkastettu, l\u00e4het\u00e4mme sinulle s\u00e4hk\u00f6postiviestin, jossa ilmoitamme, ett\u00e4 olemme vastaanottaneet palautetun tuotteen. Ilmoitamme sinulle my\u00f6s palautuksen hyv\u00e4ksymisest\u00e4 tai hylk\u00e4\u00e4misest\u00e4.<\/p>\n\n<p>Jos sinut hyv\u00e4ksyt\u00e4\u00e4n, hyvityksesi k\u00e4sitell\u00e4\u00e4n ja hyvitys tehd\u00e4\u00e4n automaattisesti luottokortillesi tai alkuper\u00e4iselle maksutavallesi tietyn ajan kuluessa.<\/p>\n\n<b>Late or missing refunds<\/b>\n\n<p>Jos et ole viel\u00e4 saanut palautusta, tarkista ensin pankkitilisi uudelleen.<\/p>\n\n<p>Ota sitten yhteytt\u00e4 luottokorttiyhti\u00f6\u00f6si, sill\u00e4 voi kest\u00e4\u00e4 jonkin aikaa ennen kuin palautus on virallisesti kirjattu.<\/p>\n\n<p>Ota seuraavaksi yhteytt\u00e4 pankkiisi. Ennen kuin palautus kirjataan, k\u00e4sittelyyn kuluu usein jonkin verran aikaa.<\/p>\n\n<p>Jos olet tehnyt kaiken t\u00e4m\u00e4n, etk\u00e4 ole viel\u00e4k\u00e4\u00e4n saanut hyvityst\u00e4, ota meihin yhteytt\u00e4 osoitteeseen {s\u00e4hk\u00f6postiosoite}.<\/p>\n\n<b>Sale items<\/b>\n\n<p>Vain normaalihintaiset tuotteet voidaan palauttaa. Myytyj\u00e4 tuotteita ei voida palauttaa.<\/p>\n\n<h2>Exchanges<\/h2>\n\n<p>Korvaamme tuotteet vain, jos ne ovat viallisia tai vahingoittuneita. Jos haluat vaihtaa sen samaan tuotteeseen, l\u00e4het\u00e4 meille s\u00e4hk\u00f6postia osoitteeseen {s\u00e4hk\u00f6postiosoite} ja l\u00e4het\u00e4 tuote osoitteeseen: {fyysinen osoite}.<\/p>\n\n<h2>Gifts<\/h2>\n\n<p>Jos tuote oli merkitty lahjaksi ostettaessa ja l\u00e4hetetty suoraan sinulle, saat lahjahyvityksen palautuksen arvosta. Kun palautettu tuote on vastaanotettu, sinulle l\u00e4hetet\u00e4\u00e4n lahjakortti.<\/p>\n\n<p>Jos tuotetta ei ollut merkitty lahjaksi ostettaessa tai jos lahjan antaja oli l\u00e4hett\u00e4nyt tilauksen itselleen antaakseen sen sinulle my\u00f6hemmin, l\u00e4het\u00e4mme palautuksen lahjan antajalle ja h\u00e4n saa tiet\u00e4\u00e4 palautuksestasi.<\/p>\n\n<h2>Shipping returns<\/h2>\n\n<p>Palauttaaksesi tuotteen sinun on l\u00e4hetett\u00e4v\u00e4 se postitse osoitteeseen: {fyysinen osoite}.<\/p>\n\n<p>Sinun on itse maksettava l\u00e4hetyskulut tuotteen palauttamisesta. Toimituskuluja ei palauteta. Jos saat hyvityksen, palautuksen toimituskulut v\u00e4hennet\u00e4\u00e4n hyvityksest\u00e4si.<\/p>\n\n<p>Asuinpaikastasi riippuen vaihtotuotteesi perille saapumiseen kuluva aika voi vaihdella.<\/p>\n\n<p>Jos palautat kalliimpia tuotteita, voit harkita j\u00e4ljitett\u00e4v\u00e4n kuljetuspalvelun k\u00e4ytt\u00e4mist\u00e4 tai kuljetusvakuutuksen hankkimista. Emme takaa, ett\u00e4 saamme palautetun tuotteen.<\/p>\n\n<h2>Need help?<\/h2>\n\n<p>Ota yhteytt\u00e4 osoitteeseen {email}, jos sinulla on palautuksiin ja palautuksiin liittyvi\u00e4 kysymyksi\u00e4.<\/p>\n","protected":false},"excerpt":{"rendered":"<p>T\u00e4m\u00e4 on esimerkkisivu. Overview Palautus- ja palautusk\u00e4yt\u00e4nt\u00f6mme kest\u00e4\u00e4 30 p\u00e4iv\u00e4\u00e4. Jos ostoksestasi on kulunut 30 p\u00e4iv\u00e4\u00e4, emme voi tarjota sinulle t\u00e4ytt\u00e4 hyvityst\u00e4 tai vaihtoa. Jotta tuote voidaan palauttaa, sen on oltava k\u00e4ytt\u00e4m\u00e4t\u00f6n ja samassa kunnossa kuin se on vastaanotettu. Sen on my\u00f6s oltava alkuper\u00e4ispakkauksessa. Palauttaminen ei koske useita tavaralajeja. Pilaantuvia tavaroita, kuten elintarvikkeita, kukkia, sanomalehti\u00e4 [&#8230;]\n","protected":false},"author":1,"featured_media":0,"parent":0,"menu_order":0,"comment_status":"closed","ping_status":"closed","template":"","meta":{"footnotes":""},"class_list":["post-16631","page","type-page","status-publish","hentry"],"yoast_head":"<!-- This site is optimized with the Yoast SEO plugin v27.4 - https:\/\/yoast.com\/product\/yoast-seo-wordpress\/ -->\n<title>Palautus- ja palautusk\u00e4yt\u00e4nt\u00f6 - Meditex<\/title>\n<meta name=\"robots\" content=\"index, follow, max-snippet:-1, max-image-preview:large, max-video-preview:-1\" \/>\n<link rel=\"canonical\" href=\"https:\/\/meditex.ee\/fi\/palautus-ja-palautuskaytanto\/\" \/>\n<meta property=\"og:locale\" content=\"fi_FI\" \/>\n<meta property=\"og:type\" content=\"article\" \/>\n<meta property=\"og:title\" content=\"Palautus- ja palautusk\u00e4yt\u00e4nt\u00f6 - Meditex\" \/>\n<meta property=\"og:description\" content=\"T\u00e4m\u00e4 on esimerkkisivu. Overview Palautus- ja palautusk\u00e4yt\u00e4nt\u00f6mme kest\u00e4\u00e4 30 p\u00e4iv\u00e4\u00e4. Jos ostoksestasi on kulunut 30 p\u00e4iv\u00e4\u00e4, emme voi tarjota sinulle t\u00e4ytt\u00e4 hyvityst\u00e4 tai vaihtoa. Jotta tuote voidaan palauttaa, sen on oltava k\u00e4ytt\u00e4m\u00e4t\u00f6n ja samassa kunnossa kuin se on vastaanotettu. Sen on my\u00f6s oltava alkuper\u00e4ispakkauksessa. Palauttaminen ei koske useita tavaralajeja. Pilaantuvia tavaroita, kuten elintarvikkeita, kukkia, sanomalehti\u00e4 [...]\" \/>\n<meta property=\"og:url\" content=\"https:\/\/meditex.ee\/fi\/palautus-ja-palautuskaytanto\/\" \/>\n<meta property=\"og:site_name\" content=\"Meditex\" \/>\n<meta property=\"article:publisher\" content=\"https:\/\/www.facebook.com\/meditexepood\/\" \/>\n<meta property=\"article:modified_time\" content=\"2023-07-31T10:24:03+00:00\" \/>\n<meta name=\"twitter:card\" content=\"summary_large_image\" \/>\n<meta name=\"twitter:label1\" content=\"Arvioitu lukuaika\" \/>\n\t<meta name=\"twitter:data1\" content=\"2 minuuttia\" \/>\n<script type=\"application\/ld+json\" class=\"yoast-schema-graph\">{\"@context\":\"https:\\\/\\\/schema.org\",\"@graph\":[{\"@type\":\"WebPage\",\"@id\":\"https:\\\/\\\/meditex.ee\\\/fi\\\/palautus-ja-palautuskaytanto\\\/\",\"url\":\"https:\\\/\\\/meditex.ee\\\/fi\\\/palautus-ja-palautuskaytanto\\\/\",\"name\":\"Palautus- ja palautusk\u00e4yt\u00e4nt\u00f6 - Meditex\",\"isPartOf\":{\"@id\":\"https:\\\/\\\/meditex.ee\\\/en\\\/#website\"},\"datePublished\":\"2023-07-31T10:24:00+00:00\",\"dateModified\":\"2023-07-31T10:24:03+00:00\",\"breadcrumb\":{\"@id\":\"https:\\\/\\\/meditex.ee\\\/fi\\\/palautus-ja-palautuskaytanto\\\/#breadcrumb\"},\"inLanguage\":\"fi\",\"potentialAction\":[{\"@type\":\"ReadAction\",\"target\":[\"https:\\\/\\\/meditex.ee\\\/fi\\\/palautus-ja-palautuskaytanto\\\/\"]}]},{\"@type\":\"BreadcrumbList\",\"@id\":\"https:\\\/\\\/meditex.ee\\\/fi\\\/palautus-ja-palautuskaytanto\\\/#breadcrumb\",\"itemListElement\":[{\"@type\":\"ListItem\",\"position\":1,\"name\":\"Home\",\"item\":\"https:\\\/\\\/meditex.ee\\\/fi\\\/\"},{\"@type\":\"ListItem\",\"position\":2,\"name\":\"Palautus- ja palautusk\u00e4yt\u00e4nt\u00f6\"}]},{\"@type\":\"WebSite\",\"@id\":\"https:\\\/\\\/meditex.ee\\\/en\\\/#website\",\"url\":\"https:\\\/\\\/meditex.ee\\\/en\\\/\",\"name\":\"Meditex\",\"description\":\"\",\"publisher\":{\"@id\":\"https:\\\/\\\/meditex.ee\\\/en\\\/#organization\"},\"potentialAction\":[{\"@type\":\"SearchAction\",\"target\":{\"@type\":\"EntryPoint\",\"urlTemplate\":\"https:\\\/\\\/meditex.ee\\\/en\\\/?s={search_term_string}\"},\"query-input\":{\"@type\":\"PropertyValueSpecification\",\"valueRequired\":true,\"valueName\":\"search_term_string\"}}],\"inLanguage\":\"fi\"},{\"@type\":\"Organization\",\"@id\":\"https:\\\/\\\/meditex.ee\\\/en\\\/#organization\",\"name\":\"Meditex\",\"url\":\"https:\\\/\\\/meditex.ee\\\/en\\\/\",\"logo\":{\"@type\":\"ImageObject\",\"inLanguage\":\"fi\",\"@id\":\"https:\\\/\\\/meditex.ee\\\/en\\\/#\\\/schema\\\/logo\\\/image\\\/\",\"url\":\"https:\\\/\\\/meditex.ee\\\/wp-content\\\/uploads\\\/2018\\\/03\\\/mdtx_logo.png\",\"contentUrl\":\"https:\\\/\\\/meditex.ee\\\/wp-content\\\/uploads\\\/2018\\\/03\\\/mdtx_logo.png\",\"width\":669,\"height\":235,\"caption\":\"Meditex\"},\"image\":{\"@id\":\"https:\\\/\\\/meditex.ee\\\/en\\\/#\\\/schema\\\/logo\\\/image\\\/\"},\"sameAs\":[\"https:\\\/\\\/www.facebook.com\\\/meditexepood\\\/\"]}]}<\/script>\n<!-- \/ Yoast SEO plugin. -->","yoast_head_json":{"title":"Palautus- ja palautusk\u00e4yt\u00e4nt\u00f6 - Meditex","robots":{"index":"index","follow":"follow","max-snippet":"max-snippet:-1","max-image-preview":"max-image-preview:large","max-video-preview":"max-video-preview:-1"},"canonical":"https:\/\/meditex.ee\/fi\/palautus-ja-palautuskaytanto\/","og_locale":"fi_FI","og_type":"article","og_title":"Palautus- ja palautusk\u00e4yt\u00e4nt\u00f6 - Meditex","og_description":"T\u00e4m\u00e4 on esimerkkisivu. Overview Palautus- ja palautusk\u00e4yt\u00e4nt\u00f6mme kest\u00e4\u00e4 30 p\u00e4iv\u00e4\u00e4. Jos ostoksestasi on kulunut 30 p\u00e4iv\u00e4\u00e4, emme voi tarjota sinulle t\u00e4ytt\u00e4 hyvityst\u00e4 tai vaihtoa. Jotta tuote voidaan palauttaa, sen on oltava k\u00e4ytt\u00e4m\u00e4t\u00f6n ja samassa kunnossa kuin se on vastaanotettu. Sen on my\u00f6s oltava alkuper\u00e4ispakkauksessa. Palauttaminen ei koske useita tavaralajeja. Pilaantuvia tavaroita, kuten elintarvikkeita, kukkia, sanomalehti\u00e4 [...]","og_url":"https:\/\/meditex.ee\/fi\/palautus-ja-palautuskaytanto\/","og_site_name":"Meditex","article_publisher":"https:\/\/www.facebook.com\/meditexepood\/","article_modified_time":"2023-07-31T10:24:03+00:00","twitter_card":"summary_large_image","twitter_misc":{"Arvioitu lukuaika":"2 minuuttia"},"schema":{"@context":"https:\/\/schema.org","@graph":[{"@type":"WebPage","@id":"https:\/\/meditex.ee\/fi\/palautus-ja-palautuskaytanto\/","url":"https:\/\/meditex.ee\/fi\/palautus-ja-palautuskaytanto\/","name":"Palautus- ja palautusk\u00e4yt\u00e4nt\u00f6 - Meditex","isPartOf":{"@id":"https:\/\/meditex.ee\/en\/#website"},"datePublished":"2023-07-31T10:24:00+00:00","dateModified":"2023-07-31T10:24:03+00:00","breadcrumb":{"@id":"https:\/\/meditex.ee\/fi\/palautus-ja-palautuskaytanto\/#breadcrumb"},"inLanguage":"fi","potentialAction":[{"@type":"ReadAction","target":["https:\/\/meditex.ee\/fi\/palautus-ja-palautuskaytanto\/"]}]},{"@type":"BreadcrumbList","@id":"https:\/\/meditex.ee\/fi\/palautus-ja-palautuskaytanto\/#breadcrumb","itemListElement":[{"@type":"ListItem","position":1,"name":"Home","item":"https:\/\/meditex.ee\/fi\/"},{"@type":"ListItem","position":2,"name":"Palautus- ja palautusk\u00e4yt\u00e4nt\u00f6"}]},{"@type":"WebSite","@id":"https:\/\/meditex.ee\/en\/#website","url":"https:\/\/meditex.ee\/en\/","name":"Meditex","description":"","publisher":{"@id":"https:\/\/meditex.ee\/en\/#organization"},"potentialAction":[{"@type":"SearchAction","target":{"@type":"EntryPoint","urlTemplate":"https:\/\/meditex.ee\/en\/?s={search_term_string}"},"query-input":{"@type":"PropertyValueSpecification","valueRequired":true,"valueName":"search_term_string"}}],"inLanguage":"fi"},{"@type":"Organization","@id":"https:\/\/meditex.ee\/en\/#organization","name":"Meditex","url":"https:\/\/meditex.ee\/en\/","logo":{"@type":"ImageObject","inLanguage":"fi","@id":"https:\/\/meditex.ee\/en\/#\/schema\/logo\/image\/","url":"https:\/\/meditex.ee\/wp-content\/uploads\/2018\/03\/mdtx_logo.png","contentUrl":"https:\/\/meditex.ee\/wp-content\/uploads\/2018\/03\/mdtx_logo.png","width":669,"height":235,"caption":"Meditex"},"image":{"@id":"https:\/\/meditex.ee\/en\/#\/schema\/logo\/image\/"},"sameAs":["https:\/\/www.facebook.com\/meditexepood\/"]}]}},"_links":{"self":[{"href":"https:\/\/meditex.ee\/fi\/wp-json\/wp\/v2\/pages\/16631","targetHints":{"allow":["GET"]}}],"collection":[{"href":"https:\/\/meditex.ee\/fi\/wp-json\/wp\/v2\/pages"}],"about":[{"href":"https:\/\/meditex.ee\/fi\/wp-json\/wp\/v2\/types\/page"}],"author":[{"embeddable":true,"href":"https:\/\/meditex.ee\/fi\/wp-json\/wp\/v2\/users\/1"}],"replies":[{"embeddable":true,"href":"https:\/\/meditex.ee\/fi\/wp-json\/wp\/v2\/comments?post=16631"}],"version-history":[{"count":0,"href":"https:\/\/meditex.ee\/fi\/wp-json\/wp\/v2\/pages\/16631\/revisions"}],"wp:attachment":[{"href":"https:\/\/meditex.ee\/fi\/wp-json\/wp\/v2\/media?parent=16631"}],"curies":[{"name":"wp","href":"https:\/\/api.w.org\/{rel}","templated":true}]}}