{"id":16491,"date":"2023-07-31T10:23:34","date_gmt":"2023-07-31T10:23:34","guid":{"rendered":"https:\/\/meditex.ee\/kirurgiset-risteykset-ja-saumattomien-korien-merkitys\/"},"modified":"2023-07-31T10:23:45","modified_gmt":"2023-07-31T10:23:45","slug":"kirurgiset-risteykset-ja-saumattomien-korien-merkitys","status":"publish","type":"page","link":"https:\/\/meditex.ee\/fi\/kirurgiset-risteykset-ja-saumattomien-korien-merkitys\/","title":{"rendered":"Kirurgiset risteykset ja saumattomien korien merkitys"},"content":{"rendered":"\n\t<div class=\"img has-hover x md-x lg-x y md-y lg-y\" id=\"image_2103209187\">\n\t\t\t\t\t\t\t\t<div class=\"img-inner dark\" >\n\t\t\t<img decoding=\"async\" width=\"1020\" height=\"250\" src=\"https:\/\/meditex.ee\/wp-content\/uploads\/2019\/04\/top_-post-op_Sophia-bra-1400x343.jpg\" class=\"attachment-large size-large\" alt=\"\" srcset=\"https:\/\/meditex.ee\/wp-content\/uploads\/2019\/04\/top_-post-op_Sophia-bra-1400x343.jpg 1400w, https:\/\/meditex.ee\/wp-content\/uploads\/2019\/04\/top_-post-op_Sophia-bra-510x125.jpg 510w, https:\/\/meditex.ee\/wp-content\/uploads\/2019\/04\/top_-post-op_Sophia-bra-800x196.jpg 800w, https:\/\/meditex.ee\/wp-content\/uploads\/2019\/04\/top_-post-op_Sophia-bra-768x188.jpg 768w, https:\/\/meditex.ee\/wp-content\/uploads\/2019\/04\/top_-post-op_Sophia-bra-600x147.jpg 600w, https:\/\/meditex.ee\/wp-content\/uploads\/2019\/04\/top_-post-op_Sophia-bra.jpg 2000w\" sizes=\"(max-width: 1020px) 100vw, 1020px\" \/>\t\t\t\t\t\t\n\t\t\t\t\t<\/div>\n\t\t\t\t\t\t\t\t\n<style>\n#image_2103209187 {\n  width: 100%;\n}\n<\/style>\n\t<\/div>\n\t\n\n<div class=\"is-divider divider clearfix\" style=\"background-color:rgb(255, 255, 255);\"><\/div>\n\n<h2><span style=\"color: #000080;\">Kirurgiset risteykset ja saumattomien korien merkitys<\/span><\/h2>\n<p style=\"text-align: left;\"><span style=\"color: #000000;\">Yksi rintaleikkauksen t\u00e4rkeimmist\u00e4 teht\u00e4vist\u00e4 on varmistaa, ett\u00e4 lopputulos on sek\u00e4 esteettinen ett\u00e4 houkutteleva. Toinen t\u00e4rke\u00e4 n\u00e4k\u00f6kohta on varmistaa, ett\u00e4 toipumisaika on naiselle mahdollisimman turvallinen ja mukava. Molemmissa tapauksissa leikkauksen j\u00e4lkeisten rintaliivien tyyppi on eritt\u00e4in t\u00e4rke\u00e4.<\/span><\/p>\n<p style=\"text-align: left;\"><span style=\"color: #000000;\">Maailmanlaajuisilla markkinoilla on saatavilla hyvin laaja valikoima leikkauksen j\u00e4lkeisi\u00e4 rintaliivej\u00e4, mutta voi olla melko haastavaa valita rintaliivit, jotka t\u00e4ytt\u00e4v\u00e4t samanaikaisesti sek\u00e4 kliiniset ett\u00e4 k\u00e4ytt\u00e4j\u00e4n vaatimukset.<\/span><\/p>\n<p style=\"text-align: left;\"><span style=\"color: #000000;\">Monet l\u00e4\u00e4ketieteen asiantuntijat, kuten rintojen hoitajat, pit\u00e4v\u00e4t saumattomia koririntsikoita eritt\u00e4in my\u00f6nteisen\u00e4 ominaisuutena. T\u00e4m\u00e4 johtuu siit\u00e4, ett\u00e4 kankaan, josta kori on tehty, on oltava sile\u00e4\u00e4 eik\u00e4 se saa aiheuttaa kitkaa haavasidoksiin, tikkeihin tai arpiin. Ompelematon kangas suojaa ja hoitaa kirurgista viiltoa ja ihoa eik\u00e4 aiheuta haavan paranemisen pitkittymist\u00e4, mik\u00e4 lis\u00e4isi infektioriski\u00e4 ja kipua.<\/span><\/p>\n<p style=\"text-align: left;\"><span style=\"color: #000000;\">Carefix-rintaliivit on suunniteltu leikkausviiltojen sijainti huomioon ottaen, jotta kaikki rintaliivit t\u00e4ytt\u00e4v\u00e4t edell\u00e4 mainitut kriteerit.<\/span><\/p>\n<p style=\"text-align: left;\"><span style=\"color: #000000;\"><b>Viiltojen sijainti.<\/b><\/span><\/p>\n<p style=\"text-align: left;\"><span style=\"color: #000000;\">Plastiikkakirurgien vaikutuksesta rintaleikkaustekniikat ovat kehittyneet nopeasti viime vuosikymmenin\u00e4, ja nyky\u00e4\u00e4n niihin sis\u00e4ltyy plastiikkakirurgisia tekniikoita, joilla parannetaan rintasy\u00f6p\u00e4leikkauksen j\u00e4lkeist\u00e4 esteettist\u00e4 lopputulosta.<\/span><\/p>\n<p style=\"text-align: left;\"><span style=\"color: #000000;\">Kirurgit pyrkiv\u00e4t mahdollisuuksien mukaan v\u00e4ltt\u00e4m\u00e4\u00e4n haavojen ja arpien syntymist\u00e4 rinnan yl\u00e4osaan, erityisesti siihen osaan, joka saattaa n\u00e4ky\u00e4 vaatteiden alta, mutta muuten viilto voidaan periaatteessa tehd\u00e4 mihin tahansa rinnan osaan.<\/span><\/p>\n<p style=\"text-align: left;\"><span style=\"color: #000000;\">Alla olevissa kuvissa esitet\u00e4\u00e4n yleisimm\u00e4t esimerkit viiltoviivojen sijainnista rintaleikkauksen j\u00e4lkeen, jos rinnat s\u00e4ilytet\u00e4\u00e4n. Punainen piste osoittaa kasvainten sijainnin ja oranssi alue niiden ymp\u00e4rill\u00e4 osoittaa leikatun kudoksen sijainnin.<\/span><\/p>\n\t<div class=\"img has-hover x md-x lg-x y md-y lg-y\" id=\"image_287825316\">\n\t\t\t\t\t\t\t\t<div class=\"img-inner dark\" >\n\t\t\t<img decoding=\"async\" width=\"530\" height=\"526\" src=\"https:\/\/meditex.ee\/wp-content\/uploads\/2019\/04\/00229.jpeg\" class=\"attachment-large size-large\" alt=\"\" srcset=\"https:\/\/meditex.ee\/wp-content\/uploads\/2019\/04\/00229.jpeg 530w, https:\/\/meditex.ee\/wp-content\/uploads\/2019\/04\/00229-100x100.jpeg 100w, https:\/\/meditex.ee\/wp-content\/uploads\/2019\/04\/00229-510x506.jpeg 510w, https:\/\/meditex.ee\/wp-content\/uploads\/2019\/04\/00229-403x400.jpeg 403w\" sizes=\"(max-width: 530px) 100vw, 530px\" \/>\t\t\t\t\t\t\n\t\t\t\t\t<\/div>\n\t\t\t\t\t\t\t\t\n<style>\n#image_287825316 {\n  width: 65%;\n}\n<\/style>\n\t<\/div>\n\t\n\n<p><strong><span style=\"color: #000000; font-size: 75%;\">Kuva 1<\/span><\/strong><\/p>\n<p><span style=\"color: #000000; font-size: 120%;\"><span style=\"font-family: Liberation Serif, serif;\"><b>Leikkausviiva mastektomian j\u00e4lkeen.<\/b><\/span><\/span><\/p>\n\t<div class=\"img has-hover x md-x lg-x y md-y lg-y\" id=\"image_1968035157\">\n\t\t\t\t\t\t\t\t<div class=\"img-inner dark\" >\n\t\t\t<img decoding=\"async\" width=\"375\" height=\"168\" src=\"https:\/\/meditex.ee\/wp-content\/uploads\/2019\/04\/Carefix-newsletter_incision-lines_illustration2.jpg\" class=\"attachment-large size-large\" alt=\"\" \/>\t\t\t\t\t\t\n\t\t\t\t\t<\/div>\n\t\t\t\t\t\t\t\t\n<style>\n#image_1968035157 {\n  width: 55%;\n}\n<\/style>\n\t<\/div>\n\t\n\n<p><span style=\"font-size: 75%;\"><strong>Kuva 2<\/strong><\/span><\/p>\n<p><strong>Erilaisia vaihtoehtoja viiltojen sijoittamiseen rintojen suurennusleikkauksen j\u00e4lkeen.<\/strong><\/p>\n\t<div class=\"img has-hover x md-x lg-x y md-y lg-y\" id=\"image_1583501382\">\n\t\t\t\t\t\t\t\t<div class=\"img-inner dark\" >\n\t\t\t<img decoding=\"async\" width=\"224\" height=\"199\" src=\"https:\/\/meditex.ee\/wp-content\/uploads\/2019\/04\/Carefix-newsletter_surgical-incision-lines_illustration3.jpg\" class=\"attachment-large size-large\" alt=\"\" \/>\t\t\t\t\t\t\n\t\t\t\t\t<\/div>\n\t\t\t\t\t\t\t\t\n<style>\n#image_1583501382 {\n  width: 35%;\n}\n<\/style>\n\t<\/div>\n\t\n\n<p><span style=\"font-size: 75%;\"><strong>Kuvio 3<\/strong><\/span><\/p>\n<p><span style=\"color: #000000;\">Koska yksi tai useampi leikkausviilto voidaan tehd\u00e4 mihin tahansa kohtaan rintaa, on eritt\u00e4in t\u00e4rke\u00e4\u00e4, ett\u00e4 leikkauksen j\u00e4lkeisiss\u00e4 rintaliivikupeissa ei ole ompeleita. Tikit voivat aiheuttaa iho- ja haava\u00e4rsytyst\u00e4, mik\u00e4 voi j\u00e4tt\u00e4\u00e4 haavan auki pidemm\u00e4ksi aikaa ja lis\u00e4t\u00e4 tulehdusriski\u00e4 merkitt\u00e4v\u00e4sti. Tulehdus todenn\u00e4k\u00f6isesti pitkitt\u00e4\u00e4 paranemisprosessia, ja monissa tapauksissa se aiheuttaa my\u00f6s suuren, n\u00e4kyv\u00e4n ja pelottavan arven, jonka kanssa naisen on elett\u00e4v\u00e4 loppuel\u00e4m\u00e4ns\u00e4 ajan.<\/span><\/p>\n<p><span style=\"color: #000000;\">\u00c4rsytt\u00e4v\u00e4\u00e4 ei ole vain korin ompeleet. Sivuilla olevat ompeleet voivat \u00e4rsytt\u00e4\u00e4 imusolmukkeiden poistoon liittyvi\u00e4 mahdollisia viiltokohtia, ja takana olevat ompeleet voivat \u00e4rsytt\u00e4\u00e4 rintojen rekonstruktiossa k\u00e4ytett\u00e4vi\u00e4 luovuttajakudosviiltoja.<\/span><\/p>\n<p><strong>Leikkausviiva imusolmukkeen poiston j\u00e4lkeen.<\/strong><\/p>\n\t<div class=\"img has-hover x md-x lg-x y md-y lg-y\" id=\"image_486605726\">\n\t\t\t\t\t\t\t\t<div class=\"img-inner dark\" >\n\t\t\t<img decoding=\"async\" width=\"185\" height=\"163\" src=\"https:\/\/meditex.ee\/wp-content\/uploads\/2019\/04\/Carefix-newsletter_surgical-incision-lines_illustration4.jpg\" class=\"attachment-large size-large\" alt=\"\" \/>\t\t\t\t\t\t\n\t\t\t\t\t<\/div>\n\t\t\t\t\t\t\t\t\n<style>\n#image_486605726 {\n  width: 35%;\n}\n<\/style>\n\t<\/div>\n\t\n\n<p><span style=\"font-size: 75%;\"><strong><span style=\"color: #000000;\">Kuvio 4<\/span><\/strong><\/span><\/p>\n<p style=\"text-align: left;\"><strong><span style=\"color: #000000;\">Leikkausviiva luovuttajakudoksen viillon j\u00e4lkeen.<\/span><\/strong><\/p>\n\t<div class=\"img has-hover x md-x lg-x y md-y lg-y\" id=\"image_941113710\">\n\t\t\t\t\t\t\t\t<div class=\"img-inner dark\" >\n\t\t\t<img decoding=\"async\" width=\"175\" height=\"144\" src=\"https:\/\/meditex.ee\/wp-content\/uploads\/2019\/04\/Carefix-newsletter_surgical-incision-lines_illustration5.jpg\" class=\"attachment-large size-large\" alt=\"\" \/>\t\t\t\t\t\t\n\t\t\t\t\t<\/div>\n\t\t\t\t\t\t\t\t\n<style>\n#image_941113710 {\n  width: 35%;\n}\n<\/style>\n\t<\/div>\n\t\n\n<p style=\"text-align: left;\"><span style=\"color: #000000;\">Viillon sijainnista riippumatta on t\u00e4rke\u00e4\u00e4 v\u00e4ltt\u00e4\u00e4 sen \u00e4rsytt\u00e4mist\u00e4, sill\u00e4 se voi viiv\u00e4stytt\u00e4\u00e4 haavan paranemisprosessia ja aiheuttaa kipua ja ep\u00e4mukavuutta. Yleisesti ottaen saumattomien leikkauksen j\u00e4lkeisten rintaliivien k\u00e4ytt\u00f6 on miellytt\u00e4v\u00e4\u00e4, koska k\u00e4ytt\u00e4j\u00e4n ei tarvitse huolehtia tikkien aiheuttamasta kutinasta tai naarmuuntumisesta, punoituksesta, \u00e4rsytyksest\u00e4 tai kivusta.<\/span><\/p>\n<p style=\"text-align: left;\"><span style=\"color: #000000;\">Siksi kaikki Carefix-rintaliivit ovat saumattomia. Toisin kuin monissa kilpailevissa rintaliiveiss\u00e4, Carefix-rintaliiveiss\u00e4 ei ole tikkej\u00e4 erityisen t\u00e4rke\u00e4ss\u00e4 kohdassa &#8211; rintakeh\u00e4ss\u00e4. My\u00f6s sivuilla ja takana.<\/span><\/p>\n<p style=\"text-align: left;\"><span style=\"color: #000000;\"><strong>Carefix-rintaliivit ovat todella saumattomat.<\/strong><\/span><\/p>\n<p style=\"text-align: left;\"><span style=\"color: #000000;\">Kaikki Carefix-rintaliivit ovat n.n. 100 % saumaton. Esimerkiksi rintaliiveiss\u00e4mme ei ole saumoja kupeissa, sivuilla, sel\u00e4ss\u00e4 tai rintanauhan alla. Lis\u00e4ksi korien alla olevan tukilangan sijasta k\u00e4ytet\u00e4\u00e4n patentoitua neulontamenetelm\u00e4\u00e4, jossa on puristus- ja tukivy\u00f6hykkeit\u00e4, jotta rintaliiveiss\u00e4 tarvittavat tuki- ja puristusominaisuudet saadaan aikaan.<\/span><\/p>\n<p style=\"text-align: left;\"><span style=\"color: #000000;\">N\u00e4iden ominaisuuksien ansiosta Carefix-rintaliivit soveltuvat erityisen hyvin kaikenlaisiin rintojen tai rintakeh\u00e4n alueella teht\u00e4viin toimenpiteisiin, kuten. mastektomia, lumpektomia ja rintojen suurennus\/ pienennys. Korjaava l\u00e4pp\u00e4leikkaus, jossa iho, rasva ja lihas poistetaan sel\u00e4st\u00e4, jolloin potilaan selk\u00e4\u00e4n j\u00e4\u00e4 haava leikkausalueen hoitoa varten.<\/span><\/p>\n<p style=\"text-align: left;\"><span style=\"color: #000000;\">Saumaton tuote saadaan aikaan putkineulontamenetelm\u00e4ll\u00e4, jossa rintaliivit neulotaan yhten\u00e4 kappaleena. T\u00e4m\u00e4n j\u00e4lkeen ommellaan olkahihnat, k\u00e4dentiet ja etureunan aukko. Rintaliivit on kuitenkin suunniteltu siten, ett\u00e4 mik\u00e4\u00e4n n\u00e4ist\u00e4 ompeleista ei joudu kosketuksiin leikatun alueen kanssa. T\u00e4m\u00e4 on t\u00e4rke\u00e4 etu, kun verrataan saumattomia rintaliivej\u00e4 leikattuihin ja ommeltuihin rintaliiveihin, joissa voi olla kirurgisesti sijoitettuja saumoja.<\/span><\/p>\n<p style=\"text-align: left;\"><span style=\"color: #000000;\">Alla olevissa kuvissa n\u00e4kyy tavallisen leikatun ja ommellun rintaliivin ja Carefix-rintaliivin erot.<\/span><\/p>\n\t<div class=\"img has-hover x md-x lg-x y md-y lg-y\" id=\"image_1578826001\">\n\t\t\t\t\t\t\t\t<div class=\"img-inner dark\" >\n\t\t\t<img decoding=\"async\" width=\"721\" height=\"800\" src=\"https:\/\/meditex.ee\/wp-content\/uploads\/2019\/04\/Vrdls-721x800.png\" class=\"attachment-large size-large\" alt=\"\" srcset=\"https:\/\/meditex.ee\/wp-content\/uploads\/2019\/04\/Vrdls-721x800.png 721w, https:\/\/meditex.ee\/wp-content\/uploads\/2019\/04\/Vrdls-510x566.png 510w, https:\/\/meditex.ee\/wp-content\/uploads\/2019\/04\/Vrdls-361x400.png 361w, https:\/\/meditex.ee\/wp-content\/uploads\/2019\/04\/Vrdls-600x665.png 600w, https:\/\/meditex.ee\/wp-content\/uploads\/2019\/04\/Vrdls.png 753w\" sizes=\"(max-width: 721px) 100vw, 721px\" \/>\t\t\t\t\t\t\n\t\t\t\t\t<\/div>\n\t\t\t\t\t\t\t\t\n<style>\n#image_1578826001 {\n  width: 60%;\n}\n<\/style>\n\t<\/div>\n\t\n\n<p><span style=\"color: #000000; font-size: 75%;\"><strong>Kuva 6: \u00a9Tytex 2019<\/strong><\/span><\/p>\n<p><span style=\"color: #000000; font-size: 80%;\">Linkit kuvituksiin:<\/span><\/p>\n<p><span style=\"color: #000000; font-size: 80%;\">[1] https:\/\/plasticsurgerykey.com\/techniques-for-correcting-lumpectomy-defects\/<\/span><\/p>\n<p><span style=\"color: #000000; font-size: 80%;\">[2] https:\/\/oncohemakey.com\/total-mastectomy\/<\/span><\/p>\n<p><span style=\"color: #000000; font-size: 80%;\">[3] https:\/\/www.mayoclinic.org\/tests-procedures\/breast-augmentation\/about\/pac-20393178<\/span><\/p>\n<p><span style=\"color: #000000; font-size: 80%;\">[4] https:\/\/www.sterlingcare.com\/resources\/resources\/diseases-and-conditions-library\/view\/types-of-surgery-for-breast-cancer\/<\/span><\/p>\n<p><span style=\"color: #000000; font-size: 80%;\">[5] http:\/\/www.rbsps.org\/en\/patient\/braday\/flap-reconstruction.html<\/span><\/p>\n<p><a href=\"https:\/\/tytex.com\/surgical-incision-lines#_ftn1\"><span style=\"color: #333399;\">L\u00e4hde.<\/span><\/a><\/p>\n<a href=\"https:\/\/meditex.ee\/tootekategooria\/rinnahoidjad\/\" class=\"button primary is-outline box-shadow-3 expand\" >\n\t\t<span>L\u00f6yd\u00e4 t\u00e4ydelliset rintaliivit t\u00e4\u00e4lt\u00e4<\/span>\n\t<\/a>\n\n\n<div class=\"social-icons share-icons share-row relative full-width text-right icon-style-fill\" ><a href=\"whatsapp:\/\/send?text=Kirurgiset%20risteykset%20ja%20saumattomien%20korien%20merkitys - https:\/\/meditex.ee\/fi\/kirurgiset-risteykset-ja-saumattomien-korien-merkitys\/\" data-action=\"share\/whatsapp\/share\" class=\"icon primary button circle tooltip whatsapp show-for-medium\" title=\"Share on WhatsApp\" aria-label=\"Share on WhatsApp\"><i class=\"icon-whatsapp\" aria-hidden=\"true\"><\/i><\/a><a href=\"https:\/\/www.facebook.com\/sharer.php?u=https:\/\/meditex.ee\/fi\/kirurgiset-risteykset-ja-saumattomien-korien-merkitys\/\" data-label=\"Facebook\" onclick=\"window.open(this.href,this.title,'width=500,height=500,top=300px,left=300px'); return false;\" target=\"_blank\" class=\"icon primary button circle tooltip facebook\" title=\"Share on Facebook\" aria-label=\"Share on Facebook\" rel=\"noopener nofollow\"><i class=\"icon-facebook\" aria-hidden=\"true\"><\/i><\/a><a href=\"https:\/\/twitter.com\/share?url=https:\/\/meditex.ee\/fi\/kirurgiset-risteykset-ja-saumattomien-korien-merkitys\/\" onclick=\"window.open(this.href,this.title,'width=500,height=500,top=300px,left=300px'); return false;\" target=\"_blank\" class=\"icon primary button circle tooltip twitter\" title=\"Share on Twitter\" aria-label=\"Share on Twitter\" rel=\"noopener nofollow\"><i class=\"icon-twitter\" aria-hidden=\"true\"><\/i><\/a><a href=\"mailto:?subject=Kirurgiset%20risteykset%20ja%20saumattomien%20korien%20merkitys&body=Check%20this%20out%3A%20https%3A%2F%2Fmeditex.ee%2Ffi%2Fkirurgiset-risteykset-ja-saumattomien-korien-merkitys%2F\" class=\"icon primary button circle tooltip email\" title=\"Email to a Friend\" aria-label=\"Email to a Friend\" rel=\"nofollow\"><i class=\"icon-envelop\" aria-hidden=\"true\"><\/i><\/a><a href=\"https:\/\/pinterest.com\/pin\/create\/button?url=https:\/\/meditex.ee\/fi\/kirurgiset-risteykset-ja-saumattomien-korien-merkitys\/&media&description=Kirurgiset%20risteykset%20ja%20saumattomien%20korien%20merkitys\" onclick=\"window.open(this.href,this.title,'width=500,height=500,top=300px,left=300px'); return false;\" target=\"_blank\" class=\"icon primary button circle tooltip pinterest\" title=\"Pin on Pinterest\" aria-label=\"Pin on Pinterest\" rel=\"noopener nofollow\"><i class=\"icon-pinterest\" aria-hidden=\"true\"><\/i><\/a><a href=\"https:\/\/www.linkedin.com\/shareArticle?mini=true&url=https:\/\/meditex.ee\/fi\/kirurgiset-risteykset-ja-saumattomien-korien-merkitys\/&title=Kirurgiset%20risteykset%20ja%20saumattomien%20korien%20merkitys\" onclick=\"window.open(this.href,this.title,'width=500,height=500,top=300px,left=300px'); return false;\" target=\"_blank\" class=\"icon primary button circle tooltip linkedin\" title=\"Share on LinkedIn\" aria-label=\"Share on LinkedIn\" rel=\"noopener nofollow\"><i class=\"icon-linkedin\" aria-hidden=\"true\"><\/i><\/a><\/div>\n\n\n","protected":false},"excerpt":{"rendered":"<p>Kirurgiset risteykset ja saumattomien korien merkitys Yksi rintaleikkauksen t\u00e4rkeimmist\u00e4 teht\u00e4vist\u00e4 on varmistaa, ett\u00e4 lopputulos on sek\u00e4 esteettinen ett\u00e4 houkutteleva. Toinen t\u00e4rke\u00e4 n\u00e4k\u00f6kohta on varmistaa, ett\u00e4 toipumisaika on naiselle mahdollisimman turvallinen ja mukava. Molemmissa tapauksissa leikkauksen j\u00e4lkeisten rintaliivien tyyppi on eritt\u00e4in t\u00e4rke\u00e4. Maailmanlaajuisilla markkinoilla on saatavilla hyvin laaja valikoima leikkauksen j\u00e4lkeisi\u00e4 rintaliivej\u00e4, mutta voi olla melko [&#8230;]\n","protected":false},"author":1,"featured_media":0,"parent":0,"menu_order":0,"comment_status":"closed","ping_status":"closed","template":"","meta":{"footnotes":""},"class_list":["post-16491","page","type-page","status-publish","hentry"],"yoast_head":"<!-- This site is optimized with the Yoast SEO plugin v27.3 - https:\/\/yoast.com\/product\/yoast-seo-wordpress\/ -->\n<title>Kirurgiset risteykset ja saumattomien korien merkitys - Meditex<\/title>\n<meta name=\"robots\" content=\"index, follow, max-snippet:-1, max-image-preview:large, max-video-preview:-1\" \/>\n<link rel=\"canonical\" href=\"https:\/\/meditex.ee\/fi\/kirurgiset-risteykset-ja-saumattomien-korien-merkitys\/\" \/>\n<meta property=\"og:locale\" content=\"fi_FI\" \/>\n<meta property=\"og:type\" content=\"article\" \/>\n<meta property=\"og:title\" content=\"Kirurgiset risteykset ja saumattomien korien merkitys - Meditex\" \/>\n<meta property=\"og:description\" content=\"Kirurgiset risteykset ja saumattomien korien merkitys Yksi rintaleikkauksen t\u00e4rkeimmist\u00e4 teht\u00e4vist\u00e4 on varmistaa, ett\u00e4 lopputulos on sek\u00e4 esteettinen ett\u00e4 houkutteleva. Toinen t\u00e4rke\u00e4 n\u00e4k\u00f6kohta on varmistaa, ett\u00e4 toipumisaika on naiselle mahdollisimman turvallinen ja mukava. Molemmissa tapauksissa leikkauksen j\u00e4lkeisten rintaliivien tyyppi on eritt\u00e4in t\u00e4rke\u00e4. Maailmanlaajuisilla markkinoilla on saatavilla hyvin laaja valikoima leikkauksen j\u00e4lkeisi\u00e4 rintaliivej\u00e4, mutta voi olla melko [...]\" \/>\n<meta property=\"og:url\" content=\"https:\/\/meditex.ee\/fi\/kirurgiset-risteykset-ja-saumattomien-korien-merkitys\/\" \/>\n<meta property=\"og:site_name\" content=\"Meditex\" \/>\n<meta property=\"article:publisher\" content=\"https:\/\/www.facebook.com\/meditexepood\/\" \/>\n<meta property=\"article:modified_time\" content=\"2023-07-31T10:23:45+00:00\" \/>\n<meta name=\"twitter:card\" content=\"summary_large_image\" \/>\n<meta name=\"twitter:label1\" content=\"Arvioitu lukuaika\" \/>\n\t<meta name=\"twitter:data1\" content=\"4 minuuttia\" \/>\n<script type=\"application\/ld+json\" class=\"yoast-schema-graph\">{\"@context\":\"https:\\\/\\\/schema.org\",\"@graph\":[{\"@type\":\"WebPage\",\"@id\":\"https:\\\/\\\/meditex.ee\\\/fi\\\/kirurgiset-risteykset-ja-saumattomien-korien-merkitys\\\/\",\"url\":\"https:\\\/\\\/meditex.ee\\\/fi\\\/kirurgiset-risteykset-ja-saumattomien-korien-merkitys\\\/\",\"name\":\"Kirurgiset risteykset ja saumattomien korien merkitys - Meditex\",\"isPartOf\":{\"@id\":\"https:\\\/\\\/meditex.ee\\\/en\\\/#website\"},\"datePublished\":\"2023-07-31T10:23:34+00:00\",\"dateModified\":\"2023-07-31T10:23:45+00:00\",\"breadcrumb\":{\"@id\":\"https:\\\/\\\/meditex.ee\\\/fi\\\/kirurgiset-risteykset-ja-saumattomien-korien-merkitys\\\/#breadcrumb\"},\"inLanguage\":\"fi\",\"potentialAction\":[{\"@type\":\"ReadAction\",\"target\":[\"https:\\\/\\\/meditex.ee\\\/fi\\\/kirurgiset-risteykset-ja-saumattomien-korien-merkitys\\\/\"]}]},{\"@type\":\"BreadcrumbList\",\"@id\":\"https:\\\/\\\/meditex.ee\\\/fi\\\/kirurgiset-risteykset-ja-saumattomien-korien-merkitys\\\/#breadcrumb\",\"itemListElement\":[{\"@type\":\"ListItem\",\"position\":1,\"name\":\"Home\",\"item\":\"https:\\\/\\\/meditex.ee\\\/fi\\\/\"},{\"@type\":\"ListItem\",\"position\":2,\"name\":\"Kirurgiset risteykset ja saumattomien korien merkitys\"}]},{\"@type\":\"WebSite\",\"@id\":\"https:\\\/\\\/meditex.ee\\\/en\\\/#website\",\"url\":\"https:\\\/\\\/meditex.ee\\\/en\\\/\",\"name\":\"Meditex\",\"description\":\"\",\"publisher\":{\"@id\":\"https:\\\/\\\/meditex.ee\\\/en\\\/#organization\"},\"potentialAction\":[{\"@type\":\"SearchAction\",\"target\":{\"@type\":\"EntryPoint\",\"urlTemplate\":\"https:\\\/\\\/meditex.ee\\\/en\\\/?s={search_term_string}\"},\"query-input\":{\"@type\":\"PropertyValueSpecification\",\"valueRequired\":true,\"valueName\":\"search_term_string\"}}],\"inLanguage\":\"fi\"},{\"@type\":\"Organization\",\"@id\":\"https:\\\/\\\/meditex.ee\\\/en\\\/#organization\",\"name\":\"Meditex\",\"url\":\"https:\\\/\\\/meditex.ee\\\/en\\\/\",\"logo\":{\"@type\":\"ImageObject\",\"inLanguage\":\"fi\",\"@id\":\"https:\\\/\\\/meditex.ee\\\/en\\\/#\\\/schema\\\/logo\\\/image\\\/\",\"url\":\"https:\\\/\\\/meditex.ee\\\/wp-content\\\/uploads\\\/2018\\\/03\\\/mdtx_logo.png\",\"contentUrl\":\"https:\\\/\\\/meditex.ee\\\/wp-content\\\/uploads\\\/2018\\\/03\\\/mdtx_logo.png\",\"width\":669,\"height\":235,\"caption\":\"Meditex\"},\"image\":{\"@id\":\"https:\\\/\\\/meditex.ee\\\/en\\\/#\\\/schema\\\/logo\\\/image\\\/\"},\"sameAs\":[\"https:\\\/\\\/www.facebook.com\\\/meditexepood\\\/\"]}]}<\/script>\n<!-- \/ Yoast SEO plugin. -->","yoast_head_json":{"title":"Kirurgiset risteykset ja saumattomien korien merkitys - Meditex","robots":{"index":"index","follow":"follow","max-snippet":"max-snippet:-1","max-image-preview":"max-image-preview:large","max-video-preview":"max-video-preview:-1"},"canonical":"https:\/\/meditex.ee\/fi\/kirurgiset-risteykset-ja-saumattomien-korien-merkitys\/","og_locale":"fi_FI","og_type":"article","og_title":"Kirurgiset risteykset ja saumattomien korien merkitys - Meditex","og_description":"Kirurgiset risteykset ja saumattomien korien merkitys Yksi rintaleikkauksen t\u00e4rkeimmist\u00e4 teht\u00e4vist\u00e4 on varmistaa, ett\u00e4 lopputulos on sek\u00e4 esteettinen ett\u00e4 houkutteleva. Toinen t\u00e4rke\u00e4 n\u00e4k\u00f6kohta on varmistaa, ett\u00e4 toipumisaika on naiselle mahdollisimman turvallinen ja mukava. Molemmissa tapauksissa leikkauksen j\u00e4lkeisten rintaliivien tyyppi on eritt\u00e4in t\u00e4rke\u00e4. Maailmanlaajuisilla markkinoilla on saatavilla hyvin laaja valikoima leikkauksen j\u00e4lkeisi\u00e4 rintaliivej\u00e4, mutta voi olla melko [...]","og_url":"https:\/\/meditex.ee\/fi\/kirurgiset-risteykset-ja-saumattomien-korien-merkitys\/","og_site_name":"Meditex","article_publisher":"https:\/\/www.facebook.com\/meditexepood\/","article_modified_time":"2023-07-31T10:23:45+00:00","twitter_card":"summary_large_image","twitter_misc":{"Arvioitu lukuaika":"4 minuuttia"},"schema":{"@context":"https:\/\/schema.org","@graph":[{"@type":"WebPage","@id":"https:\/\/meditex.ee\/fi\/kirurgiset-risteykset-ja-saumattomien-korien-merkitys\/","url":"https:\/\/meditex.ee\/fi\/kirurgiset-risteykset-ja-saumattomien-korien-merkitys\/","name":"Kirurgiset risteykset ja saumattomien korien merkitys - Meditex","isPartOf":{"@id":"https:\/\/meditex.ee\/en\/#website"},"datePublished":"2023-07-31T10:23:34+00:00","dateModified":"2023-07-31T10:23:45+00:00","breadcrumb":{"@id":"https:\/\/meditex.ee\/fi\/kirurgiset-risteykset-ja-saumattomien-korien-merkitys\/#breadcrumb"},"inLanguage":"fi","potentialAction":[{"@type":"ReadAction","target":["https:\/\/meditex.ee\/fi\/kirurgiset-risteykset-ja-saumattomien-korien-merkitys\/"]}]},{"@type":"BreadcrumbList","@id":"https:\/\/meditex.ee\/fi\/kirurgiset-risteykset-ja-saumattomien-korien-merkitys\/#breadcrumb","itemListElement":[{"@type":"ListItem","position":1,"name":"Home","item":"https:\/\/meditex.ee\/fi\/"},{"@type":"ListItem","position":2,"name":"Kirurgiset risteykset ja saumattomien korien merkitys"}]},{"@type":"WebSite","@id":"https:\/\/meditex.ee\/en\/#website","url":"https:\/\/meditex.ee\/en\/","name":"Meditex","description":"","publisher":{"@id":"https:\/\/meditex.ee\/en\/#organization"},"potentialAction":[{"@type":"SearchAction","target":{"@type":"EntryPoint","urlTemplate":"https:\/\/meditex.ee\/en\/?s={search_term_string}"},"query-input":{"@type":"PropertyValueSpecification","valueRequired":true,"valueName":"search_term_string"}}],"inLanguage":"fi"},{"@type":"Organization","@id":"https:\/\/meditex.ee\/en\/#organization","name":"Meditex","url":"https:\/\/meditex.ee\/en\/","logo":{"@type":"ImageObject","inLanguage":"fi","@id":"https:\/\/meditex.ee\/en\/#\/schema\/logo\/image\/","url":"https:\/\/meditex.ee\/wp-content\/uploads\/2018\/03\/mdtx_logo.png","contentUrl":"https:\/\/meditex.ee\/wp-content\/uploads\/2018\/03\/mdtx_logo.png","width":669,"height":235,"caption":"Meditex"},"image":{"@id":"https:\/\/meditex.ee\/en\/#\/schema\/logo\/image\/"},"sameAs":["https:\/\/www.facebook.com\/meditexepood\/"]}]}},"_links":{"self":[{"href":"https:\/\/meditex.ee\/fi\/wp-json\/wp\/v2\/pages\/16491","targetHints":{"allow":["GET"]}}],"collection":[{"href":"https:\/\/meditex.ee\/fi\/wp-json\/wp\/v2\/pages"}],"about":[{"href":"https:\/\/meditex.ee\/fi\/wp-json\/wp\/v2\/types\/page"}],"author":[{"embeddable":true,"href":"https:\/\/meditex.ee\/fi\/wp-json\/wp\/v2\/users\/1"}],"replies":[{"embeddable":true,"href":"https:\/\/meditex.ee\/fi\/wp-json\/wp\/v2\/comments?post=16491"}],"version-history":[{"count":0,"href":"https:\/\/meditex.ee\/fi\/wp-json\/wp\/v2\/pages\/16491\/revisions"}],"wp:attachment":[{"href":"https:\/\/meditex.ee\/fi\/wp-json\/wp\/v2\/media?parent=16491"}],"curies":[{"name":"wp","href":"https:\/\/api.w.org\/{rel}","templated":true}]}}