{"id":16484,"date":"2023-07-31T10:23:32","date_gmt":"2023-07-31T10:23:32","guid":{"rendered":"https:\/\/meditex.ee\/7-tekijaa-jotka-maarittavat-stooman-ja-laulutuotteen-oikean-korkeuden\/"},"modified":"2023-07-31T10:23:33","modified_gmt":"2023-07-31T10:23:33","slug":"7-tekijaa-jotka-maarittavat-stooman-ja-laulutuotteen-oikean-korkeuden","status":"publish","type":"page","link":"https:\/\/meditex.ee\/fi\/7-tekijaa-jotka-maarittavat-stooman-ja-laulutuotteen-oikean-korkeuden\/","title":{"rendered":"7 tekij\u00e4\u00e4, jotka m\u00e4\u00e4ritt\u00e4v\u00e4t stooman ja laulutuotteen oikean korkeuden."},"content":{"rendered":"\n\t<div class=\"img has-hover x md-x lg-x y md-y lg-y\" id=\"image_911344200\">\n\t\t\t\t\t\t\t\t<div class=\"img-inner dark\" >\n\t\t\t<img fetchpriority=\"high\" decoding=\"async\" width=\"1020\" height=\"250\" src=\"https:\/\/meditex.ee\/wp-content\/uploads\/2019\/07\/GetImage.png\" class=\"attachment-large size-large\" alt=\"\" srcset=\"https:\/\/meditex.ee\/wp-content\/uploads\/2019\/07\/GetImage.png 1170w, https:\/\/meditex.ee\/wp-content\/uploads\/2019\/07\/GetImage-510x125.png 510w, https:\/\/meditex.ee\/wp-content\/uploads\/2019\/07\/GetImage-800x196.png 800w, https:\/\/meditex.ee\/wp-content\/uploads\/2019\/07\/GetImage-768x188.png 768w, https:\/\/meditex.ee\/wp-content\/uploads\/2019\/07\/GetImage-600x147.png 600w\" sizes=\"(max-width: 1020px) 100vw, 1020px\" \/>\t\t\t\t\t\t\n\t\t\t\t\t<\/div>\n\t\t\t\t\t\t\t\t\n<style>\n#image_911344200 {\n  width: 100%;\n}\n<\/style>\n\t<\/div>\n\t\n\n<div class=\"is-divider divider clearfix\" style=\"background-color:rgb(255, 255, 255);\"><\/div>\n\n<h2><b>7 tekij\u00e4\u00e4, jotka m\u00e4\u00e4ritt\u00e4v\u00e4t stooman ja laulutuotteen oikean korkeuden.<\/b><\/h2>\n<div class=\"is-divider divider clearfix\" style=\"background-color:rgb(255, 255, 255);\"><\/div>\n\n<p style=\"text-align: left;\"><span style=\"color: #000000;\">Corsinel-stooman ja -kalvon maksimaalisen tuen alusvaatteet, vy\u00f6t ja letkut kattavat useita eri korkeuksia, ja meilt\u00e4 kysyt\u00e4\u00e4n usein, mit\u00e4 korkeutta kannattaa k\u00e4ytt\u00e4\u00e4. T\u00e4ss\u00e4 ovat suosituksemme. Oikean korkeuden l\u00f6yt\u00e4miseksi on suositeltavaa ottaa huomioon seitsem\u00e4n alla lueteltua tekij\u00e4\u00e4.<\/span><\/p>\n<p style=\"text-align: left;\"><strong><span style=\"color: #000000;\">1. Songan sijainti<\/span><\/strong><\/p>\n<p style=\"text-align: left;\"><span style=\"color: #000000;\">Songan sijainnilla on t\u00e4rke\u00e4 merkitys korkeutta suositeltaessa. Periaatteessa kappale voi sijaita miss\u00e4 tahansa vatsan alueella. Jos laulu sijaitsee vatsan yl\u00e4osassa, matala pellava ei v\u00e4ltt\u00e4m\u00e4tt\u00e4 peit\u00e4 laulua riitt\u00e4v\u00e4sti. T\u00e4ss\u00e4 tapauksessa tarvitaan korkeaa tuotetta. Jos kappale sijaitsee vatsan alaosassa, matala tuote voi kuitenkin peitt\u00e4\u00e4 sen kokonaan.<\/span><\/p>\n<p style=\"text-align: left;\"><strong><span style=\"color: #000000;\">2. Songan koko<\/span><\/strong><\/p>\n<p style=\"text-align: left;\"><span style=\"color: #000000;\">Hameen koko on arvioitava sen varmistamiseksi, ett\u00e4 vaatteen korkeus antaa t\u00e4yden peitt\u00e4vyyden. Jos vaate ei peit\u00e4 lantiota kokonaan, vaatteen tukitoiminto menetet\u00e4\u00e4n osittain ja vaate voi tuntua ep\u00e4mukavalta. Jos matalavy\u00f6t\u00e4r\u00f6iset alusvaatteet tai 15 tai 20 cm:n korkuinen vy\u00f6\/putki eiv\u00e4t kata alusvaatteiden koko korkeutta, suositellaan korkeampaa tuotetta.<\/span><\/p>\n<p style=\"text-align: left;\"><strong><span style=\"color: #000000;\">3. Rungon korkeus<\/span><\/strong><\/p>\n<p style=\"text-align: left;\"><span style=\"color: #000000;\">Jos rintakeh\u00e4st\u00e4 lantiolle mitattu vartalo on suhteellisen lyhyt, matalat alusvaatteet tai 15 ja 20 cm:n putket ja vy\u00f6t voivat peitt\u00e4\u00e4 koko vartalon. Vaikka korkea vartalo ja yl\u00e4vatsa voivat sopia korkealle songalle.<\/span>  tuotteet.<\/p>\n<div class=\"row\"  id=\"row-966829200\">\n\n\n\t<div id=\"col-1569721363\" class=\"col medium-6 small-12 large-6\"  >\n\t\t\t\t<div class=\"col-inner\"  >\n\t\t\t\n\t\t\t\n\n<p style=\"text-align: left;\"><strong><span style=\"color: #000000;\">4. Vartalon muoto &#8211; ohut vai pullea?<\/span><\/strong><\/p>\n<p style=\"text-align: left;\"><span style=\"color: #000000;\">Koska meill\u00e4 kaikilla on erilainen vartalonmuoto, my\u00f6s korkeussuositus riippuu kehon yksil\u00f6llisest\u00e4 arvioinnista. Jotkut ihmiset ovat laihoja, toiset taas lihavia, ja lihavuus voi vaihdella liev\u00e4st\u00e4 vakavaan. Lis\u00e4ksi olisi otettava huomioon rasvakudoksen jakautuminen. Joillakin ihmisill\u00e4 rasvakudos sijaitsee vy\u00f6t\u00e4r\u00f6n yl\u00e4puolella, vatsan ymp\u00e4rill\u00e4, kun taas toisilla se sijaitsee lantion ja reisien ymp\u00e4rill\u00e4, vy\u00f6t\u00e4r\u00f6n alapuolella. N\u00e4it\u00e4 vartalonmuotoja kutsutaan usein omenan- tai p\u00e4\u00e4ryn\u00e4nmuotoisiksi.<\/span><\/p>\n<p style=\"text-align: left;\"><span style=\"color: #000000;\">Omenanmuotoiset ihmiset k\u00e4ytt\u00e4v\u00e4t usein mieluummin vaatteita, jotka peitt\u00e4v\u00e4t vatsan suurimmaksi osaksi tai kokonaan. Jos tuotteen reuna sijaitsee keskell\u00e4 omenanmuotoista vatsaa, se voi tuntua eritt\u00e4in ep\u00e4miellytt\u00e4v\u00e4lt\u00e4, aiheuttaa painej\u00e4lki\u00e4 ja se voi liukua yl\u00f6s tai alas.<\/span><\/p>\n\n\t\t<\/div>\n\t\t\t\t\t<\/div>\n\n\t\n\n\t<div id=\"col-1658231416\" class=\"col medium-6 small-12 large-6\"  >\n\t\t\t\t<div class=\"col-inner\"  >\n\t\t\t\n\t\t\t\n\n<div class=\"is-divider divider clearfix\" style=\"background-color:rgb(255, 255, 255);\"><\/div>\n\n\t<div class=\"img has-hover x md-x lg-x y md-y lg-y\" id=\"image_1954963799\">\n\t\t\t\t\t\t\t\t<div class=\"img-inner dark\" >\n\t\t\t<img decoding=\"async\" width=\"283\" height=\"166\" src=\"https:\/\/meditex.ee\/wp-content\/uploads\/2019\/07\/Apple_Pear-shape.png\" class=\"attachment-large size-large\" alt=\"\" \/>\t\t\t\t\t\t\n\t\t\t\t\t<\/div>\n\t\t\t\t\t\t\t\t\n<style>\n#image_1954963799 {\n  width: 100%;\n}\n<\/style>\n\t<\/div>\n\t\n\n\n\t\t<\/div>\n\t\t\t\t\t<\/div>\n\n\t\n\n<\/div>\n<p style=\"text-align: left;\"><strong><span style=\"color: #000000;\">5. Vy\u00f6n lujuus<\/span><\/strong><\/p>\n<p style=\"text-align: left;\"><span style=\"color: #000000;\">Vy\u00f6n tai letkun on oltava tiukasti kiinni, jotta se tukee optimaalisesti, mutta se ei saa tuntua ep\u00e4miellytt\u00e4v\u00e4lt\u00e4, kapealta vatsan ymp\u00e4rill\u00e4 olevalta nauhalta. Jos vy\u00f6 tai tuubi tuntuu liian tiukalta ja ihon yl\u00e4- ja alaosassa esiintyy voimakasta turvotusta, \u00e4rsytyst\u00e4 ja ep\u00e4mukavuutta, on suositeltavaa k\u00e4ytt\u00e4\u00e4 korkeampaa versiota ja suurempaa numeroa.<\/span><\/p>\n<p style=\"text-align: left;\"><strong><span style=\"color: #000000;\">6. Reunanauhojen sijainti<\/span><\/strong><\/p>\n<p style=\"text-align: left;\"><span style=\"color: #000000;\">Reunanauhat (v\u00e4rinauhat) est\u00e4v\u00e4t alusvaatteita tai vy\u00f6t\u00e4\/putkea rullautumasta, ja on t\u00e4rke\u00e4\u00e4, ett\u00e4 reunat istuvat mukavasti eiv\u00e4tk\u00e4 rypisty tai aiheuta painaumia ihoon. Jos vy\u00f6 tai tuuba tuntuu ep\u00e4mukavalta, voidaan suositella korkeampaa tuotetta tai suurempaa kokoa.<\/span><\/p>\n<p style=\"text-align: left;\"><strong><span style=\"color: #000000;\">7. K\u00e4tevyys<\/span><\/strong><\/p>\n<p style=\"text-align: left;\"><span style=\"color: #000000;\">Tuotteen korkeudesta riippumatta sen on oltava mukava k\u00e4ytt\u00e4\u00e4. Optimaalisen tuen varmistamiseksi se on tietenkin kiinnitett\u00e4v\u00e4 tiukasti, mutta se ei saa aiheuttaa painej\u00e4lki\u00e4 tai punoitusta, kipua tai ep\u00e4mukavuutta. Jos tuote on ep\u00e4mukava k\u00e4ytt\u00e4\u00e4, kannattaa ehk\u00e4 kokeilla eri kokoa ja\/tai korkeutta.<\/span><\/p>\n<p> <\/p>\n<p><span style=\"font-size: 75%; color: #000000;\">L\u00e4hde: <a href=\"https:\/\/tytex.com\/finding-the-right-height-of-the-ostomy-garment\">https:\/\/tytex.com\/finding-the-right-height-of-the-ostomy-garment<\/a><\/span><\/p>\n<div class=\"social-icons share-icons share-row relative full-width text-right icon-style-fill\" ><a href=\"whatsapp:\/\/send?text=7%20tekij%C3%A4%C3%A4%2C%20jotka%20m%C3%A4%C3%A4ritt%C3%A4v%C3%A4t%20stooman%20ja%20laulutuotteen%20oikean%20korkeuden. - https:\/\/meditex.ee\/fi\/7-tekijaa-jotka-maarittavat-stooman-ja-laulutuotteen-oikean-korkeuden\/\" data-action=\"share\/whatsapp\/share\" class=\"icon primary button circle tooltip whatsapp show-for-medium\" title=\"Share on WhatsApp\" aria-label=\"Share on WhatsApp\"><i class=\"icon-whatsapp\" aria-hidden=\"true\"><\/i><\/a><a href=\"https:\/\/www.facebook.com\/sharer.php?u=https:\/\/meditex.ee\/fi\/7-tekijaa-jotka-maarittavat-stooman-ja-laulutuotteen-oikean-korkeuden\/\" data-label=\"Facebook\" onclick=\"window.open(this.href,this.title,'width=500,height=500,top=300px,left=300px'); return false;\" target=\"_blank\" class=\"icon primary button circle tooltip facebook\" title=\"Share on Facebook\" aria-label=\"Share on Facebook\" rel=\"noopener nofollow\"><i class=\"icon-facebook\" aria-hidden=\"true\"><\/i><\/a><a href=\"https:\/\/twitter.com\/share?url=https:\/\/meditex.ee\/fi\/7-tekijaa-jotka-maarittavat-stooman-ja-laulutuotteen-oikean-korkeuden\/\" onclick=\"window.open(this.href,this.title,'width=500,height=500,top=300px,left=300px'); return false;\" target=\"_blank\" class=\"icon primary button circle tooltip twitter\" title=\"Share on Twitter\" aria-label=\"Share on Twitter\" rel=\"noopener nofollow\"><i class=\"icon-twitter\" aria-hidden=\"true\"><\/i><\/a><a href=\"mailto:?subject=7%20tekij%C3%A4%C3%A4%2C%20jotka%20m%C3%A4%C3%A4ritt%C3%A4v%C3%A4t%20stooman%20ja%20laulutuotteen%20oikean%20korkeuden.&body=Check%20this%20out%3A%20https%3A%2F%2Fmeditex.ee%2Ffi%2F7-tekijaa-jotka-maarittavat-stooman-ja-laulutuotteen-oikean-korkeuden%2F\" class=\"icon primary button circle tooltip email\" title=\"Email to a Friend\" aria-label=\"Email to a Friend\" rel=\"nofollow\"><i class=\"icon-envelop\" aria-hidden=\"true\"><\/i><\/a><a href=\"https:\/\/pinterest.com\/pin\/create\/button?url=https:\/\/meditex.ee\/fi\/7-tekijaa-jotka-maarittavat-stooman-ja-laulutuotteen-oikean-korkeuden\/&media&description=7%20tekij%C3%A4%C3%A4%2C%20jotka%20m%C3%A4%C3%A4ritt%C3%A4v%C3%A4t%20stooman%20ja%20laulutuotteen%20oikean%20korkeuden.\" onclick=\"window.open(this.href,this.title,'width=500,height=500,top=300px,left=300px'); return false;\" target=\"_blank\" class=\"icon primary button circle tooltip pinterest\" title=\"Pin on Pinterest\" aria-label=\"Pin on Pinterest\" rel=\"noopener nofollow\"><i class=\"icon-pinterest\" aria-hidden=\"true\"><\/i><\/a><a href=\"https:\/\/www.linkedin.com\/shareArticle?mini=true&url=https:\/\/meditex.ee\/fi\/7-tekijaa-jotka-maarittavat-stooman-ja-laulutuotteen-oikean-korkeuden\/&title=7%20tekij%C3%A4%C3%A4%2C%20jotka%20m%C3%A4%C3%A4ritt%C3%A4v%C3%A4t%20stooman%20ja%20laulutuotteen%20oikean%20korkeuden.\" onclick=\"window.open(this.href,this.title,'width=500,height=500,top=300px,left=300px'); return false;\" target=\"_blank\" class=\"icon primary button circle tooltip linkedin\" title=\"Share on LinkedIn\" aria-label=\"Share on LinkedIn\" rel=\"noopener nofollow\"><i class=\"icon-linkedin\" aria-hidden=\"true\"><\/i><\/a><\/div>\n\n<div class=\"is-divider divider clearfix\" style=\"background-color:rgb(255, 255, 255);\"><\/div>\n\n<a href=\"https:\/\/meditex.ee\/pood\/\" class=\"button primary expand\" >\n\t\t<span>L\u00f6yd\u00e4 tuotteesi t\u00e4\u00e4lt\u00e4<\/span>\n\t<\/a>\n\n","protected":false},"excerpt":{"rendered":"<p>7 tekij\u00e4\u00e4, jotka m\u00e4\u00e4ritt\u00e4v\u00e4t stooman ja laulutuotteen oikean korkeuden. Corsinel-stooman ja -kalvon maksimaalisen tuen alusvaatteet, vy\u00f6t ja letkut kattavat useita eri korkeuksia, ja meilt\u00e4 kysyt\u00e4\u00e4n usein, mit\u00e4 korkeutta kannattaa k\u00e4ytt\u00e4\u00e4. T\u00e4ss\u00e4 ovat suosituksemme. Oikean korkeuden l\u00f6yt\u00e4miseksi on suositeltavaa ottaa huomioon seitsem\u00e4n alla lueteltua tekij\u00e4\u00e4. 1. Songan sijainti Songan sijainnilla on t\u00e4rke\u00e4 merkitys korkeutta suositeltaessa. Periaatteessa [&#8230;]\n","protected":false},"author":1,"featured_media":0,"parent":0,"menu_order":0,"comment_status":"closed","ping_status":"closed","template":"","meta":{"footnotes":""},"class_list":["post-16484","page","type-page","status-publish","hentry"],"yoast_head":"<!-- This site is optimized with the Yoast SEO plugin v27.4 - https:\/\/yoast.com\/product\/yoast-seo-wordpress\/ -->\n<title>7 tekij\u00e4\u00e4, jotka m\u00e4\u00e4ritt\u00e4v\u00e4t stooman ja laulutuotteen oikean korkeuden. - Meditex<\/title>\n<meta name=\"description\" content=\"Valikoimamme alusvaatteita, v\u00f6it\u00e4 ja letkuja, joissa on maksimaalinen tuki Corsinel-stoomalle ja -v\u00e4lisein\u00e4lle, kattaa useita eri korkeuksia.\" \/>\n<meta name=\"robots\" content=\"index, follow, max-snippet:-1, max-image-preview:large, max-video-preview:-1\" \/>\n<link rel=\"canonical\" href=\"https:\/\/meditex.ee\/fi\/7-tekijaa-jotka-maarittavat-stooman-ja-laulutuotteen-oikean-korkeuden\/\" \/>\n<meta property=\"og:locale\" content=\"fi_FI\" \/>\n<meta property=\"og:type\" content=\"article\" \/>\n<meta property=\"og:title\" content=\"7 tekij\u00e4\u00e4, jotka m\u00e4\u00e4ritt\u00e4v\u00e4t stooman ja laulutuotteen oikean korkeuden. - Meditex\" \/>\n<meta property=\"og:description\" content=\"Valikoimamme alusvaatteita, v\u00f6it\u00e4 ja letkuja, joissa on maksimaalinen tuki Corsinel-stoomalle ja -v\u00e4lisein\u00e4lle, kattaa useita eri korkeuksia.\" \/>\n<meta property=\"og:url\" content=\"https:\/\/meditex.ee\/fi\/7-tekijaa-jotka-maarittavat-stooman-ja-laulutuotteen-oikean-korkeuden\/\" \/>\n<meta property=\"og:site_name\" content=\"Meditex\" \/>\n<meta property=\"article:publisher\" content=\"https:\/\/www.facebook.com\/meditexepood\/\" \/>\n<meta property=\"article:modified_time\" content=\"2023-07-31T10:23:33+00:00\" \/>\n<meta name=\"twitter:card\" content=\"summary_large_image\" \/>\n<meta name=\"twitter:label1\" content=\"Arvioitu lukuaika\" \/>\n\t<meta name=\"twitter:data1\" content=\"3 minuuttia\" \/>\n<script type=\"application\/ld+json\" class=\"yoast-schema-graph\">{\"@context\":\"https:\\\/\\\/schema.org\",\"@graph\":[{\"@type\":\"WebPage\",\"@id\":\"https:\\\/\\\/meditex.ee\\\/fi\\\/7-tekijaa-jotka-maarittavat-stooman-ja-laulutuotteen-oikean-korkeuden\\\/\",\"url\":\"https:\\\/\\\/meditex.ee\\\/fi\\\/7-tekijaa-jotka-maarittavat-stooman-ja-laulutuotteen-oikean-korkeuden\\\/\",\"name\":\"7 tekij\u00e4\u00e4, jotka m\u00e4\u00e4ritt\u00e4v\u00e4t stooman ja laulutuotteen oikean korkeuden. - Meditex\",\"isPartOf\":{\"@id\":\"https:\\\/\\\/meditex.ee\\\/en\\\/#website\"},\"datePublished\":\"2023-07-31T10:23:32+00:00\",\"dateModified\":\"2023-07-31T10:23:33+00:00\",\"description\":\"Valikoimamme alusvaatteita, v\u00f6it\u00e4 ja letkuja, joissa on maksimaalinen tuki Corsinel-stoomalle ja -v\u00e4lisein\u00e4lle, kattaa useita eri korkeuksia.\",\"breadcrumb\":{\"@id\":\"https:\\\/\\\/meditex.ee\\\/fi\\\/7-tekijaa-jotka-maarittavat-stooman-ja-laulutuotteen-oikean-korkeuden\\\/#breadcrumb\"},\"inLanguage\":\"fi\",\"potentialAction\":[{\"@type\":\"ReadAction\",\"target\":[\"https:\\\/\\\/meditex.ee\\\/fi\\\/7-tekijaa-jotka-maarittavat-stooman-ja-laulutuotteen-oikean-korkeuden\\\/\"]}]},{\"@type\":\"BreadcrumbList\",\"@id\":\"https:\\\/\\\/meditex.ee\\\/fi\\\/7-tekijaa-jotka-maarittavat-stooman-ja-laulutuotteen-oikean-korkeuden\\\/#breadcrumb\",\"itemListElement\":[{\"@type\":\"ListItem\",\"position\":1,\"name\":\"Home\",\"item\":\"https:\\\/\\\/meditex.ee\\\/fi\\\/\"},{\"@type\":\"ListItem\",\"position\":2,\"name\":\"7 tekij\u00e4\u00e4, jotka m\u00e4\u00e4ritt\u00e4v\u00e4t stooman ja laulutuotteen oikean korkeuden.\"}]},{\"@type\":\"WebSite\",\"@id\":\"https:\\\/\\\/meditex.ee\\\/en\\\/#website\",\"url\":\"https:\\\/\\\/meditex.ee\\\/en\\\/\",\"name\":\"Meditex\",\"description\":\"\",\"publisher\":{\"@id\":\"https:\\\/\\\/meditex.ee\\\/en\\\/#organization\"},\"potentialAction\":[{\"@type\":\"SearchAction\",\"target\":{\"@type\":\"EntryPoint\",\"urlTemplate\":\"https:\\\/\\\/meditex.ee\\\/en\\\/?s={search_term_string}\"},\"query-input\":{\"@type\":\"PropertyValueSpecification\",\"valueRequired\":true,\"valueName\":\"search_term_string\"}}],\"inLanguage\":\"fi\"},{\"@type\":\"Organization\",\"@id\":\"https:\\\/\\\/meditex.ee\\\/en\\\/#organization\",\"name\":\"Meditex\",\"url\":\"https:\\\/\\\/meditex.ee\\\/en\\\/\",\"logo\":{\"@type\":\"ImageObject\",\"inLanguage\":\"fi\",\"@id\":\"https:\\\/\\\/meditex.ee\\\/en\\\/#\\\/schema\\\/logo\\\/image\\\/\",\"url\":\"https:\\\/\\\/meditex.ee\\\/wp-content\\\/uploads\\\/2018\\\/03\\\/mdtx_logo.png\",\"contentUrl\":\"https:\\\/\\\/meditex.ee\\\/wp-content\\\/uploads\\\/2018\\\/03\\\/mdtx_logo.png\",\"width\":669,\"height\":235,\"caption\":\"Meditex\"},\"image\":{\"@id\":\"https:\\\/\\\/meditex.ee\\\/en\\\/#\\\/schema\\\/logo\\\/image\\\/\"},\"sameAs\":[\"https:\\\/\\\/www.facebook.com\\\/meditexepood\\\/\"]}]}<\/script>\n<!-- \/ Yoast SEO plugin. -->","yoast_head_json":{"title":"7 tekij\u00e4\u00e4, jotka m\u00e4\u00e4ritt\u00e4v\u00e4t stooman ja laulutuotteen oikean korkeuden. - Meditex","description":"Valikoimamme alusvaatteita, v\u00f6it\u00e4 ja letkuja, joissa on maksimaalinen tuki Corsinel-stoomalle ja -v\u00e4lisein\u00e4lle, kattaa useita eri korkeuksia.","robots":{"index":"index","follow":"follow","max-snippet":"max-snippet:-1","max-image-preview":"max-image-preview:large","max-video-preview":"max-video-preview:-1"},"canonical":"https:\/\/meditex.ee\/fi\/7-tekijaa-jotka-maarittavat-stooman-ja-laulutuotteen-oikean-korkeuden\/","og_locale":"fi_FI","og_type":"article","og_title":"7 tekij\u00e4\u00e4, jotka m\u00e4\u00e4ritt\u00e4v\u00e4t stooman ja laulutuotteen oikean korkeuden. - Meditex","og_description":"Valikoimamme alusvaatteita, v\u00f6it\u00e4 ja letkuja, joissa on maksimaalinen tuki Corsinel-stoomalle ja -v\u00e4lisein\u00e4lle, kattaa useita eri korkeuksia.","og_url":"https:\/\/meditex.ee\/fi\/7-tekijaa-jotka-maarittavat-stooman-ja-laulutuotteen-oikean-korkeuden\/","og_site_name":"Meditex","article_publisher":"https:\/\/www.facebook.com\/meditexepood\/","article_modified_time":"2023-07-31T10:23:33+00:00","twitter_card":"summary_large_image","twitter_misc":{"Arvioitu lukuaika":"3 minuuttia"},"schema":{"@context":"https:\/\/schema.org","@graph":[{"@type":"WebPage","@id":"https:\/\/meditex.ee\/fi\/7-tekijaa-jotka-maarittavat-stooman-ja-laulutuotteen-oikean-korkeuden\/","url":"https:\/\/meditex.ee\/fi\/7-tekijaa-jotka-maarittavat-stooman-ja-laulutuotteen-oikean-korkeuden\/","name":"7 tekij\u00e4\u00e4, jotka m\u00e4\u00e4ritt\u00e4v\u00e4t stooman ja laulutuotteen oikean korkeuden. - Meditex","isPartOf":{"@id":"https:\/\/meditex.ee\/en\/#website"},"datePublished":"2023-07-31T10:23:32+00:00","dateModified":"2023-07-31T10:23:33+00:00","description":"Valikoimamme alusvaatteita, v\u00f6it\u00e4 ja letkuja, joissa on maksimaalinen tuki Corsinel-stoomalle ja -v\u00e4lisein\u00e4lle, kattaa useita eri korkeuksia.","breadcrumb":{"@id":"https:\/\/meditex.ee\/fi\/7-tekijaa-jotka-maarittavat-stooman-ja-laulutuotteen-oikean-korkeuden\/#breadcrumb"},"inLanguage":"fi","potentialAction":[{"@type":"ReadAction","target":["https:\/\/meditex.ee\/fi\/7-tekijaa-jotka-maarittavat-stooman-ja-laulutuotteen-oikean-korkeuden\/"]}]},{"@type":"BreadcrumbList","@id":"https:\/\/meditex.ee\/fi\/7-tekijaa-jotka-maarittavat-stooman-ja-laulutuotteen-oikean-korkeuden\/#breadcrumb","itemListElement":[{"@type":"ListItem","position":1,"name":"Home","item":"https:\/\/meditex.ee\/fi\/"},{"@type":"ListItem","position":2,"name":"7 tekij\u00e4\u00e4, jotka m\u00e4\u00e4ritt\u00e4v\u00e4t stooman ja laulutuotteen oikean korkeuden."}]},{"@type":"WebSite","@id":"https:\/\/meditex.ee\/en\/#website","url":"https:\/\/meditex.ee\/en\/","name":"Meditex","description":"","publisher":{"@id":"https:\/\/meditex.ee\/en\/#organization"},"potentialAction":[{"@type":"SearchAction","target":{"@type":"EntryPoint","urlTemplate":"https:\/\/meditex.ee\/en\/?s={search_term_string}"},"query-input":{"@type":"PropertyValueSpecification","valueRequired":true,"valueName":"search_term_string"}}],"inLanguage":"fi"},{"@type":"Organization","@id":"https:\/\/meditex.ee\/en\/#organization","name":"Meditex","url":"https:\/\/meditex.ee\/en\/","logo":{"@type":"ImageObject","inLanguage":"fi","@id":"https:\/\/meditex.ee\/en\/#\/schema\/logo\/image\/","url":"https:\/\/meditex.ee\/wp-content\/uploads\/2018\/03\/mdtx_logo.png","contentUrl":"https:\/\/meditex.ee\/wp-content\/uploads\/2018\/03\/mdtx_logo.png","width":669,"height":235,"caption":"Meditex"},"image":{"@id":"https:\/\/meditex.ee\/en\/#\/schema\/logo\/image\/"},"sameAs":["https:\/\/www.facebook.com\/meditexepood\/"]}]}},"_links":{"self":[{"href":"https:\/\/meditex.ee\/fi\/wp-json\/wp\/v2\/pages\/16484","targetHints":{"allow":["GET"]}}],"collection":[{"href":"https:\/\/meditex.ee\/fi\/wp-json\/wp\/v2\/pages"}],"about":[{"href":"https:\/\/meditex.ee\/fi\/wp-json\/wp\/v2\/types\/page"}],"author":[{"embeddable":true,"href":"https:\/\/meditex.ee\/fi\/wp-json\/wp\/v2\/users\/1"}],"replies":[{"embeddable":true,"href":"https:\/\/meditex.ee\/fi\/wp-json\/wp\/v2\/comments?post=16484"}],"version-history":[{"count":0,"href":"https:\/\/meditex.ee\/fi\/wp-json\/wp\/v2\/pages\/16484\/revisions"}],"wp:attachment":[{"href":"https:\/\/meditex.ee\/fi\/wp-json\/wp\/v2\/media?parent=16484"}],"curies":[{"name":"wp","href":"https:\/\/api.w.org\/{rel}","templated":true}]}}