{"id":16459,"date":"2023-07-31T09:48:42","date_gmt":"2023-07-31T09:48:42","guid":{"rendered":"https:\/\/meditex.ee\/tukialueet\/"},"modified":"2023-07-31T09:48:43","modified_gmt":"2023-07-31T09:48:43","slug":"tukialueet","status":"publish","type":"page","link":"https:\/\/meditex.ee\/fi\/tukialueet\/","title":{"rendered":"Tukialueet"},"content":{"rendered":"\n\t<div class=\"img has-hover x md-x lg-x y md-y lg-y\" id=\"image_489312986\">\n\t\t\t\t\t\t\t\t<div class=\"img-inner dark\" >\n\t\t\t<img decoding=\"async\" width=\"1020\" height=\"250\" src=\"https:\/\/meditex.ee\/wp-content\/uploads\/2018\/03\/Carefix-Compression-Bra-2_banner-1400x343.jpg\" class=\"attachment-large size-large\" alt=\"\" srcset=\"https:\/\/meditex.ee\/wp-content\/uploads\/2018\/03\/Carefix-Compression-Bra-2_banner-1400x343.jpg 1400w, https:\/\/meditex.ee\/wp-content\/uploads\/2018\/03\/Carefix-Compression-Bra-2_banner-510x125.jpg 510w, https:\/\/meditex.ee\/wp-content\/uploads\/2018\/03\/Carefix-Compression-Bra-2_banner-800x196.jpg 800w, https:\/\/meditex.ee\/wp-content\/uploads\/2018\/03\/Carefix-Compression-Bra-2_banner-768x188.jpg 768w, https:\/\/meditex.ee\/wp-content\/uploads\/2018\/03\/Carefix-Compression-Bra-2_banner-600x147.jpg 600w, https:\/\/meditex.ee\/wp-content\/uploads\/2018\/03\/Carefix-Compression-Bra-2_banner.jpg 2000w\" sizes=\"(max-width: 1020px) 100vw, 1020px\" \/>\t\t\t\t\t\t\n\t\t\t\t\t<\/div>\n\t\t\t\t\t\t\t\t\n<style>\n#image_489312986 {\n  width: 100%;\n}\n<\/style>\n\t<\/div>\n\t\n\n<div class=\"is-divider divider clearfix\" style=\"background-color:rgb(255, 255, 255);\"><\/div>\n\n<h3 style=\"text-align: left;\"><strong><span style=\"font-size: 110%; color: #000080;\">Tukivy\u00f6hykkeiden merkitys leikkauksen j\u00e4lkeisiss\u00e4 rintaliiveiss\u00e4<\/span><\/strong><\/h3>\n<div class=\"is-divider divider clearfix\" style=\"height:1px;background-color:rgb(255, 255, 255);\"><\/div>\n\n<p style=\"text-align: left;\"><strong><span style=\"font-size: 105%;\">Tiedet\u00e4\u00e4n, ett\u00e4 haavan ja leikkauksen j\u00e4lkeisen turvotuskudoksen kohdennettu kompressio parantaa leikkauksen j\u00e4lkeist\u00e4 paranemisprosessia, v\u00e4hent\u00e4\u00e4 infektioriski\u00e4 ja auttaa luomaan kauniimman arven.<\/span><\/strong><\/p>\n<p style=\"text-align: left;\"><strong><span style=\"font-size: 105%;\">Tytexin leikkauksen j\u00e4lkeiset rintaliivit on suunniteltu antamaan tarvitsemasi kompressio ja tuki juuri sinne, miss\u00e4 sit\u00e4 tarvitset. T\u00e4m\u00e4 saavutetaan tuotteisiin kudotuilla niin sanotuilla kohdennetuilla puristusalueilla.<\/span><\/strong><\/p>\n<p style=\"text-align: left;\"><span style=\"color: #282828;\">N\u00e4m\u00e4 vy\u00f6hykkeet on erityisesti suunniteltu kullekin tuotteelle l\u00e4\u00e4ketieteellisten k\u00e4ytt\u00f6aiheiden perusteella. N\u00e4m\u00e4 rintaliivit korjaavat ja tukevat rintoja leikkauksen j\u00e4lkeen tarjoamalla kohdennettua puristusta ja tukea. Lis\u00e4ksi ne luovat optimaaliset olosuhteet haavan paranemiselle ja kivunlievitykselle, mik\u00e4 puolestaan lis\u00e4\u00e4 mukavuutta ja nopeuttaa toipumista.<\/span><\/p>\n<p style=\"text-align: left;\"><span style=\"color: #282828;\">Alan kokemuksemme ja l\u00e4\u00e4ketieteellisen asiantuntemuksemme perusteella tied\u00e4mme tarkalleen, milloin tarvitaan puristusta ja tukea.<\/span><\/p>\n<p style=\"text-align: left;\"><span style=\"color: #282828;\">Lis\u00e4ksi rintaliivien sivuilla ja sel\u00e4ss\u00e4 on kompressio- ja tukivy\u00f6hykkeet, jotka tukevat ja parantavat ryhti\u00e4 ja v\u00e4hent\u00e4v\u00e4t leikkauksen j\u00e4lkeisi\u00e4 niska-, hartiaseudun ja selk\u00e4kipuja v\u00e4hent\u00e4m\u00e4tt\u00e4 liikkuvuutta.<\/span><\/p>\n<p style=\"text-align: left;\"><span style=\"color: #282828;\">T\u00e4t\u00e4 taitotietoa hy\u00f6dynnet\u00e4\u00e4n joka kerta, kun uusia rintaliivej\u00e4 kehitet\u00e4\u00e4n.<\/span><\/p>\n<p style=\"text-align: left;\"><span style=\"font-size: large; color: #282828;\"><b>Carefix-rintaliivit sis\u00e4lt\u00e4v\u00e4t erilaisia kudosrakenteita.<\/b><\/span><\/p>\n<p style=\"text-align: left;\"><span style=\"color: #282828;\">Jokaisessa rintaliiviss\u00e4 on omat t\u00e4ysin ainutlaatuiset kudosrakenteensa. Niit\u00e4 havainnollistetaan eri v\u00e4reill\u00e4. Numeroin 1-6 merkityt v\u00e4rit ilmaisevat kankaan joustavuutta eli kudotun rakenteen kyky\u00e4 puristaa ja tukea:<\/span><\/p>\n<ul style=\"text-align: left;\">\n<li>\n<p><span style=\"color: #282828;\">Mit\u00e4 pienempi luku on, sit\u00e4 v\u00e4hemm\u00e4n joustavuutta kudosrakenteessa on. T\u00e4m\u00e4n ansiosta rintaliivien painealueet ovat tarvittaessa vahvat ja vakaat. Lyhyesti sanottuna &#8211; vahva kudosrakenne on puristus.<\/span><\/p>\n<\/li>\n<li>\n<p><span style=\"color: #282828;\">Mit\u00e4 suurempi luku, sit\u00e4 joustavampi kudosrakenne, jolloin kangas antaa tarvittavan tuen ja liikkumisvapauden, eli l\u00f6ysempi kudosrakenne antaa tukea ja joustavuutta.<\/span><\/p>\n<\/li>\n<\/ul>\n<p style=\"text-align: left;\"><span style=\"color: #282828;\">Vahvojen kudosrakenteiden ja l\u00f6yhien kudosrakenteiden v\u00e4liss\u00e4 ovat niin sanotut siirtym\u00e4kudosrakenteet. Ne ovat olennainen osa kaikkia rintaliivej\u00e4, sill\u00e4 ne lis\u00e4\u00e4v\u00e4t k\u00e4ytt\u00f6mukavuutta ja luovat vartalon profiilin tasaisuuden.<\/span><\/p>\n<p style=\"text-align: left;\"><span style=\"color: #282828;\">Kudosrakenteen tekniikkaa ja kuvitusta kutsutaan nimell\u00e4 Tytex Zonetch.<\/span><span style=\"color: #333333;\">\n  <span style=\"font-family: Liberation Serif, serif;\">\n    <span style=\"font-size: medium;\">\u00ae.<\/span>\n  <\/span>\n<\/span><\/p>\n<p style=\"text-align: left;\"><span style=\"color: #282828;\">Eri tukivy\u00f6hykkeit\u00e4 kutsutaan my\u00f6s puristus- ja tukivy\u00f6hykkeiksi:<\/span><\/p>\n\t<div class=\"img has-hover x md-x lg-x y md-y lg-y\" id=\"image_1421292005\">\n\t\t\t\t\t\t\t\t<div class=\"img-inner dark\" >\n\t\t\t<img decoding=\"async\" width=\"1020\" height=\"328\" src=\"https:\/\/meditex.ee\/wp-content\/uploads\/2018\/03\/Compression-Support-Zones-Overview_est.png\" class=\"attachment-large size-large\" alt=\"\" srcset=\"https:\/\/meditex.ee\/wp-content\/uploads\/2018\/03\/Compression-Support-Zones-Overview_est.png 1247w, https:\/\/meditex.ee\/wp-content\/uploads\/2018\/03\/Compression-Support-Zones-Overview_est-510x164.png 510w, https:\/\/meditex.ee\/wp-content\/uploads\/2018\/03\/Compression-Support-Zones-Overview_est-800x257.png 800w, https:\/\/meditex.ee\/wp-content\/uploads\/2018\/03\/Compression-Support-Zones-Overview_est-768x247.png 768w, https:\/\/meditex.ee\/wp-content\/uploads\/2018\/03\/Compression-Support-Zones-Overview_est-600x193.png 600w\" sizes=\"(max-width: 1020px) 100vw, 1020px\" \/>\t\t\t\t\t\t\n\t\t\t\t\t<\/div>\n\t\t\t\t\t\t\t\t\n<style>\n#image_1421292005 {\n  width: 80%;\n}\n<\/style>\n\t<\/div>\n\t\n\n<p><span style=\"color: #282828;\">Huomaa, ett\u00e4 yhden rintaliivin vy\u00f6hykkeen v\u00e4ri ei v\u00e4ltt\u00e4m\u00e4tt\u00e4 ole sama kuin toisen rintaliivin vy\u00f6hykkeen v\u00e4ri, koska saman v\u00e4risen vy\u00f6hykkeen kudosrakenne voi vaihdella eri rintaliiveiss\u00e4.<\/span><\/p>\n<p><span style=\"color: #282828;\">Jokaisella rintaliivill\u00e4 on oma ZoneTech<span style=\"font-family: Liberation Serif, serif;\">\n  <span style=\"font-size: medium;\">\u00ae <\/span>\n<\/span>piirustus ja kuvaus. Alla on esimerkki Maryn rintaliivipiirroksesta. Kullekin yksitt\u00e4iselle rintaliiville on saatavana samanlainen grafiikka.<\/span><\/p>\n\t<div class=\"img has-hover x md-x lg-x y md-y lg-y\" id=\"image_1193467723\">\n\t\t\t\t\t\t\t\t<div class=\"img-inner dark\" >\n\t\t\t<img decoding=\"async\" width=\"599\" height=\"800\" src=\"https:\/\/meditex.ee\/wp-content\/uploads\/2018\/03\/Mary_crop_est-599x800.png\" class=\"attachment-large size-large\" alt=\"\" srcset=\"https:\/\/meditex.ee\/wp-content\/uploads\/2018\/03\/Mary_crop_est-599x800.png 599w, https:\/\/meditex.ee\/wp-content\/uploads\/2018\/03\/Mary_crop_est-510x682.png 510w, https:\/\/meditex.ee\/wp-content\/uploads\/2018\/03\/Mary_crop_est-299x400.png 299w, https:\/\/meditex.ee\/wp-content\/uploads\/2018\/03\/Mary_crop_est-600x802.png 600w, https:\/\/meditex.ee\/wp-content\/uploads\/2018\/03\/Mary_crop_est.png 734w\" sizes=\"(max-width: 599px) 100vw, 599px\" \/>\t\t\t\t\t\t\n\t\t\t\t\t<\/div>\n\t\t\t\t\t\t\t\t\n<style>\n#image_1193467723 {\n  width: 80%;\n}\n<\/style>\n\t<\/div>\n\t\n\n<p style=\"text-align: left;\"><span style=\"font-size: 120%; color: #282828;\"><strong>Testattu suorituskyky.<\/strong><\/span><\/p>\n<p style=\"text-align: left;\"><span style=\"color: #282828;\">Eri kompressio- ja tukivy\u00f6hykkeiden kudosrakenne m\u00e4\u00e4r\u00e4ytyy aina kirurgien ja sairaanhoitajien mieltymysten ja suositusten sek\u00e4 vy\u00f6hykkeiden sijainnin ja koon mukaan.<\/span><\/p>\n<p style=\"text-align: left;\"><span style=\"color: #282828;\">Kaikki Carefix-rintaliivien kompressio- ja tukialueet on testattu potilailla, jotka voivat k\u00e4ytt\u00e4\u00e4 kutakin rintaliivi\u00e4. T\u00e4m\u00e4 tarkoittaa, ett\u00e4 jokainen rintaliivi testataan merkint\u00f6jen, l\u00e4\u00e4ketieteellisen suorituskyvyn ja k\u00e4ytt\u00f6mukavuuden osalta. Kaiken kaikkiaan t\u00e4m\u00e4 tarkoittaa sit\u00e4, ett\u00e4 ompelurakenne, kaikki puristus- ja tukivy\u00f6hykkeiden paikat ja niiden koot valitaan huolellisesti kirurgien, sairaanhoitajien ja loppuk\u00e4ytt\u00e4jien suositusten ja mieltymysten perusteella.<\/span><\/p>\n<div class=\"row\"  id=\"row-436789590\">\n\n\n\t<div id=\"col-633125773\" class=\"col small-12 large-12\"  >\n\t\t\t\t<div class=\"col-inner\"  >\n\t\t\t\n\t\t\t\n\n<div class=\"is-divider divider clearfix\" style=\"height:1px;background-color:rgba(255, 255, 255, 0);\"><\/div>\n\n<p style=\"padding-left: 30px;\"><span style=\"color: #ffffff;\">Eri vy\u00f6hykkeiden yhdist\u00e4minen kussakin rintaliivimallissa perustuu k\u00e4ytt\u00e4j\u00e4testaukseen (kokeilu ja erehdys -menetelm\u00e4) ja tiiviiseen yhteisty\u00f6h\u00f6n l\u00e4\u00e4ketieteen ammattilaisten kanssa. Monia erilaisia yhdistelmi\u00e4 on testattu etuk\u00e4teen, jotta voidaan varmistaa, ett\u00e4 markkinoille saatettavat rintaliivit ovat hienos\u00e4\u00e4detty, korkealaatuinen tuote, joka on sek\u00e4 l\u00e4\u00e4ketieteellisesti toimiva ett\u00e4 mukava k\u00e4ytt\u00e4\u00e4.<\/span><\/p>\n<div class=\"is-divider divider clearfix\" style=\"height:1px;background-color:rgba(255, 255, 255, 0);\"><\/div>\n\n\n\t\t<\/div>\n\t\t\t\t\t<\/div>\n\n\t\n\n\n<style>\n#row-436789590 > .col > .col-inner {\n  background-color: rgb(34, 25, 97);\n}\n<\/style>\n<\/div>\n<p style=\"text-align: left;\"><span style=\"color: #282828;\">Erinomainen puristus- ja tukivy\u00f6hykkeiden yhdistelm\u00e4 sek\u00e4 l\u00e4\u00e4ketieteen ammattilaisten ja k\u00e4ytt\u00e4jien erityiset k\u00e4ytt\u00f6tarkoitukset ja suositukset tekev\u00e4t jokaisesta rintaliivist\u00e4 ainutlaatuisen.<\/span><\/p>\n<p style=\"text-align: left;\"><a href=\"https:\/\/tytex.com\/products\/post-surgery\/post-surgical-bras\/the-importance-of-compression-and-support-zones\"><span style=\"color: #000080;\">L\u00e4hde.<\/span><\/a><\/p>\n<div class=\"social-icons share-icons share-row relative full-width text-right icon-style-fill\" ><a href=\"whatsapp:\/\/send?text=Tukialueet - https:\/\/meditex.ee\/fi\/tukialueet\/\" data-action=\"share\/whatsapp\/share\" class=\"icon primary button circle tooltip whatsapp show-for-medium\" title=\"Share on WhatsApp\" aria-label=\"Share on WhatsApp\"><i class=\"icon-whatsapp\" aria-hidden=\"true\"><\/i><\/a><a href=\"https:\/\/www.facebook.com\/sharer.php?u=https:\/\/meditex.ee\/fi\/tukialueet\/\" data-label=\"Facebook\" onclick=\"window.open(this.href,this.title,'width=500,height=500,top=300px,left=300px'); return false;\" target=\"_blank\" class=\"icon primary button circle tooltip facebook\" title=\"Share on Facebook\" aria-label=\"Share on Facebook\" rel=\"noopener nofollow\"><i class=\"icon-facebook\" aria-hidden=\"true\"><\/i><\/a><a href=\"https:\/\/twitter.com\/share?url=https:\/\/meditex.ee\/fi\/tukialueet\/\" onclick=\"window.open(this.href,this.title,'width=500,height=500,top=300px,left=300px'); return false;\" target=\"_blank\" class=\"icon primary button circle tooltip twitter\" title=\"Share on Twitter\" aria-label=\"Share on Twitter\" rel=\"noopener nofollow\"><i class=\"icon-twitter\" aria-hidden=\"true\"><\/i><\/a><a href=\"mailto:?subject=Tukialueet&body=Check%20this%20out%3A%20https%3A%2F%2Fmeditex.ee%2Ffi%2Ftukialueet%2F\" class=\"icon primary button circle tooltip email\" title=\"Email to a Friend\" aria-label=\"Email to a Friend\" rel=\"nofollow\"><i class=\"icon-envelop\" aria-hidden=\"true\"><\/i><\/a><a href=\"https:\/\/pinterest.com\/pin\/create\/button?url=https:\/\/meditex.ee\/fi\/tukialueet\/&media&description=Tukialueet\" onclick=\"window.open(this.href,this.title,'width=500,height=500,top=300px,left=300px'); return false;\" target=\"_blank\" class=\"icon primary button circle tooltip pinterest\" title=\"Pin on Pinterest\" aria-label=\"Pin on Pinterest\" rel=\"noopener nofollow\"><i class=\"icon-pinterest\" aria-hidden=\"true\"><\/i><\/a><a href=\"https:\/\/www.linkedin.com\/shareArticle?mini=true&url=https:\/\/meditex.ee\/fi\/tukialueet\/&title=Tukialueet\" onclick=\"window.open(this.href,this.title,'width=500,height=500,top=300px,left=300px'); return false;\" target=\"_blank\" class=\"icon primary button circle tooltip linkedin\" title=\"Share on LinkedIn\" aria-label=\"Share on LinkedIn\" rel=\"noopener nofollow\"><i class=\"icon-linkedin\" aria-hidden=\"true\"><\/i><\/a><\/div>\n","protected":false},"excerpt":{"rendered":"<p>Tukivy\u00f6hykkeiden merkitys leikkauksen j\u00e4lkeisiss\u00e4 rintaliiveiss\u00e4 Tiedet\u00e4\u00e4n, ett\u00e4 haavan ja leikkauksen j\u00e4lkeisen turvotuskudoksen kohdennettu kompressio parantaa leikkauksen j\u00e4lkeist\u00e4 paranemisprosessia, v\u00e4hent\u00e4\u00e4 infektioriski\u00e4 ja auttaa luomaan kauniimman arven. Tytexin leikkauksen j\u00e4lkeiset rintaliivit on suunniteltu antamaan tarvitsemasi kompressio ja tuki juuri sinne, miss\u00e4 sit\u00e4 tarvitset. T\u00e4m\u00e4 saavutetaan tuotteisiin kudotuilla niin sanotuilla kohdennetuilla puristusalueilla. N\u00e4m\u00e4 vy\u00f6hykkeet on erityisesti suunniteltu kullekin [&#8230;]\n","protected":false},"author":1,"featured_media":0,"parent":0,"menu_order":0,"comment_status":"closed","ping_status":"closed","template":"","meta":{"footnotes":""},"class_list":["post-16459","page","type-page","status-publish","hentry"],"yoast_head":"<!-- This site is optimized with the Yoast SEO plugin v27.3 - https:\/\/yoast.com\/product\/yoast-seo-wordpress\/ -->\n<title>Tukialueet - Meditex<\/title>\n<meta name=\"robots\" content=\"index, follow, max-snippet:-1, max-image-preview:large, max-video-preview:-1\" \/>\n<link rel=\"canonical\" href=\"https:\/\/meditex.ee\/fi\/tukialueet\/\" \/>\n<meta property=\"og:locale\" content=\"fi_FI\" \/>\n<meta property=\"og:type\" content=\"article\" \/>\n<meta property=\"og:title\" content=\"Leikkauksen j\u00e4lkeiset rintaliivien tukivy\u00f6hykkeet ja niiden merkitys.\" \/>\n<meta property=\"og:description\" content=\"Carefix-rintaliivit on suunniteltu antamaan tarvitsemasi kompressio ja tuki juuri sinne, miss\u00e4 sit\u00e4 tarvitset.\" \/>\n<meta property=\"og:url\" content=\"https:\/\/meditex.ee\/fi\/tukialueet\/\" \/>\n<meta property=\"og:site_name\" content=\"Meditex\" \/>\n<meta property=\"article:publisher\" content=\"https:\/\/www.facebook.com\/meditexepood\/\" \/>\n<meta property=\"article:modified_time\" content=\"2023-07-31T09:48:43+00:00\" \/>\n<meta property=\"og:image\" content=\"https:\/\/meditex.ee\/wp-content\/uploads\/2020\/08\/Carefix-Compression-Bra-2_banner.jpg\" \/>\n<meta name=\"twitter:card\" content=\"summary_large_image\" \/>\n<meta name=\"twitter:label1\" content=\"Arvioitu lukuaika\" \/>\n\t<meta name=\"twitter:data1\" content=\"3 minuuttia\" \/>\n<script type=\"application\/ld+json\" class=\"yoast-schema-graph\">{\"@context\":\"https:\\\/\\\/schema.org\",\"@graph\":[{\"@type\":\"WebPage\",\"@id\":\"https:\\\/\\\/meditex.ee\\\/fi\\\/tukialueet\\\/\",\"url\":\"https:\\\/\\\/meditex.ee\\\/fi\\\/tukialueet\\\/\",\"name\":\"Tukialueet - Meditex\",\"isPartOf\":{\"@id\":\"https:\\\/\\\/meditex.ee\\\/en\\\/#website\"},\"datePublished\":\"2023-07-31T09:48:42+00:00\",\"dateModified\":\"2023-07-31T09:48:43+00:00\",\"breadcrumb\":{\"@id\":\"https:\\\/\\\/meditex.ee\\\/fi\\\/tukialueet\\\/#breadcrumb\"},\"inLanguage\":\"fi\",\"potentialAction\":[{\"@type\":\"ReadAction\",\"target\":[\"https:\\\/\\\/meditex.ee\\\/fi\\\/tukialueet\\\/\"]}]},{\"@type\":\"BreadcrumbList\",\"@id\":\"https:\\\/\\\/meditex.ee\\\/fi\\\/tukialueet\\\/#breadcrumb\",\"itemListElement\":[{\"@type\":\"ListItem\",\"position\":1,\"name\":\"Home\",\"item\":\"https:\\\/\\\/meditex.ee\\\/fi\\\/\"},{\"@type\":\"ListItem\",\"position\":2,\"name\":\"Tukialueet\"}]},{\"@type\":\"WebSite\",\"@id\":\"https:\\\/\\\/meditex.ee\\\/en\\\/#website\",\"url\":\"https:\\\/\\\/meditex.ee\\\/en\\\/\",\"name\":\"Meditex\",\"description\":\"\",\"publisher\":{\"@id\":\"https:\\\/\\\/meditex.ee\\\/en\\\/#organization\"},\"potentialAction\":[{\"@type\":\"SearchAction\",\"target\":{\"@type\":\"EntryPoint\",\"urlTemplate\":\"https:\\\/\\\/meditex.ee\\\/en\\\/?s={search_term_string}\"},\"query-input\":{\"@type\":\"PropertyValueSpecification\",\"valueRequired\":true,\"valueName\":\"search_term_string\"}}],\"inLanguage\":\"fi\"},{\"@type\":\"Organization\",\"@id\":\"https:\\\/\\\/meditex.ee\\\/en\\\/#organization\",\"name\":\"Meditex\",\"url\":\"https:\\\/\\\/meditex.ee\\\/en\\\/\",\"logo\":{\"@type\":\"ImageObject\",\"inLanguage\":\"fi\",\"@id\":\"https:\\\/\\\/meditex.ee\\\/en\\\/#\\\/schema\\\/logo\\\/image\\\/\",\"url\":\"https:\\\/\\\/meditex.ee\\\/wp-content\\\/uploads\\\/2018\\\/03\\\/mdtx_logo.png\",\"contentUrl\":\"https:\\\/\\\/meditex.ee\\\/wp-content\\\/uploads\\\/2018\\\/03\\\/mdtx_logo.png\",\"width\":669,\"height\":235,\"caption\":\"Meditex\"},\"image\":{\"@id\":\"https:\\\/\\\/meditex.ee\\\/en\\\/#\\\/schema\\\/logo\\\/image\\\/\"},\"sameAs\":[\"https:\\\/\\\/www.facebook.com\\\/meditexepood\\\/\"]}]}<\/script>\n<!-- \/ Yoast SEO plugin. -->","yoast_head_json":{"title":"Tukialueet - Meditex","robots":{"index":"index","follow":"follow","max-snippet":"max-snippet:-1","max-image-preview":"max-image-preview:large","max-video-preview":"max-video-preview:-1"},"canonical":"https:\/\/meditex.ee\/fi\/tukialueet\/","og_locale":"fi_FI","og_type":"article","og_title":"Leikkauksen j\u00e4lkeiset rintaliivien tukivy\u00f6hykkeet ja niiden merkitys.","og_description":"Carefix-rintaliivit on suunniteltu antamaan tarvitsemasi kompressio ja tuki juuri sinne, miss\u00e4 sit\u00e4 tarvitset.","og_url":"https:\/\/meditex.ee\/fi\/tukialueet\/","og_site_name":"Meditex","article_publisher":"https:\/\/www.facebook.com\/meditexepood\/","article_modified_time":"2023-07-31T09:48:43+00:00","og_image":[{"url":"https:\/\/meditex.ee\/wp-content\/uploads\/2020\/08\/Carefix-Compression-Bra-2_banner.jpg","type":"","width":"","height":""}],"twitter_card":"summary_large_image","twitter_misc":{"Arvioitu lukuaika":"3 minuuttia"},"schema":{"@context":"https:\/\/schema.org","@graph":[{"@type":"WebPage","@id":"https:\/\/meditex.ee\/fi\/tukialueet\/","url":"https:\/\/meditex.ee\/fi\/tukialueet\/","name":"Tukialueet - Meditex","isPartOf":{"@id":"https:\/\/meditex.ee\/en\/#website"},"datePublished":"2023-07-31T09:48:42+00:00","dateModified":"2023-07-31T09:48:43+00:00","breadcrumb":{"@id":"https:\/\/meditex.ee\/fi\/tukialueet\/#breadcrumb"},"inLanguage":"fi","potentialAction":[{"@type":"ReadAction","target":["https:\/\/meditex.ee\/fi\/tukialueet\/"]}]},{"@type":"BreadcrumbList","@id":"https:\/\/meditex.ee\/fi\/tukialueet\/#breadcrumb","itemListElement":[{"@type":"ListItem","position":1,"name":"Home","item":"https:\/\/meditex.ee\/fi\/"},{"@type":"ListItem","position":2,"name":"Tukialueet"}]},{"@type":"WebSite","@id":"https:\/\/meditex.ee\/en\/#website","url":"https:\/\/meditex.ee\/en\/","name":"Meditex","description":"","publisher":{"@id":"https:\/\/meditex.ee\/en\/#organization"},"potentialAction":[{"@type":"SearchAction","target":{"@type":"EntryPoint","urlTemplate":"https:\/\/meditex.ee\/en\/?s={search_term_string}"},"query-input":{"@type":"PropertyValueSpecification","valueRequired":true,"valueName":"search_term_string"}}],"inLanguage":"fi"},{"@type":"Organization","@id":"https:\/\/meditex.ee\/en\/#organization","name":"Meditex","url":"https:\/\/meditex.ee\/en\/","logo":{"@type":"ImageObject","inLanguage":"fi","@id":"https:\/\/meditex.ee\/en\/#\/schema\/logo\/image\/","url":"https:\/\/meditex.ee\/wp-content\/uploads\/2018\/03\/mdtx_logo.png","contentUrl":"https:\/\/meditex.ee\/wp-content\/uploads\/2018\/03\/mdtx_logo.png","width":669,"height":235,"caption":"Meditex"},"image":{"@id":"https:\/\/meditex.ee\/en\/#\/schema\/logo\/image\/"},"sameAs":["https:\/\/www.facebook.com\/meditexepood\/"]}]}},"_links":{"self":[{"href":"https:\/\/meditex.ee\/fi\/wp-json\/wp\/v2\/pages\/16459","targetHints":{"allow":["GET"]}}],"collection":[{"href":"https:\/\/meditex.ee\/fi\/wp-json\/wp\/v2\/pages"}],"about":[{"href":"https:\/\/meditex.ee\/fi\/wp-json\/wp\/v2\/types\/page"}],"author":[{"embeddable":true,"href":"https:\/\/meditex.ee\/fi\/wp-json\/wp\/v2\/users\/1"}],"replies":[{"embeddable":true,"href":"https:\/\/meditex.ee\/fi\/wp-json\/wp\/v2\/comments?post=16459"}],"version-history":[{"count":0,"href":"https:\/\/meditex.ee\/fi\/wp-json\/wp\/v2\/pages\/16459\/revisions"}],"wp:attachment":[{"href":"https:\/\/meditex.ee\/fi\/wp-json\/wp\/v2\/media?parent=16459"}],"curies":[{"name":"wp","href":"https:\/\/api.w.org\/{rel}","templated":true}]}}