{"id":16392,"date":"2023-07-31T09:48:22","date_gmt":"2023-07-31T09:48:22","guid":{"rendered":"https:\/\/meditex.ee\/4-suuntainen\/"},"modified":"2023-07-31T09:48:23","modified_gmt":"2023-07-31T09:48:23","slug":"4-suuntainen","status":"publish","type":"page","link":"https:\/\/meditex.ee\/fi\/4-suuntainen\/","title":{"rendered":"4-suuntainen"},"content":{"rendered":"\n<div class=\"text-center\"><div class=\"is-divider divider clearfix\" style=\"max-width:1100px;height:1px;\"><\/div><\/div>\n\n<div class=\"row\"  id=\"row-59708256\">\n\n\n\t<div id=\"col-573038851\" class=\"col medium-4 small-12 large-4\"  >\n\t\t\t\t<div class=\"col-inner\"  >\n\t\t\t\n\t\t\t\n\n\n\t\t<\/div>\n\t\t\t\t\t<\/div>\n\n\t\n\n\t<div id=\"col-835180134\" class=\"col medium-4 small-12 large-4\"  >\n\t\t\t\t<div class=\"col-inner\"  >\n\t\t\t\n\t\t\t\n\n\n\t\t<\/div>\n\t\t\t\t\t<\/div>\n\n\t\n\n\t<div id=\"col-765691710\" class=\"col medium-4 small-12 large-4\"  >\n\t\t\t\t<div class=\"col-inner text-right\"  >\n\t\t\t\n\t\t\t\n\n\t<div class=\"img has-hover x md-x lg-x y md-y lg-y\" id=\"image_701263178\">\n\t\t\t\t\t\t\t\t<div class=\"img-inner dark\" >\n\t\t\t<img fetchpriority=\"high\" decoding=\"async\" width=\"1020\" height=\"315\" src=\"https:\/\/meditex.ee\/wp-content\/uploads\/2018\/03\/CAREFIX_PAYOFF_4F-1400x433.png\" class=\"attachment-large size-large\" alt=\"\" srcset=\"https:\/\/meditex.ee\/wp-content\/uploads\/2018\/03\/CAREFIX_PAYOFF_4F-1400x433.png 1400w, https:\/\/meditex.ee\/wp-content\/uploads\/2018\/03\/CAREFIX_PAYOFF_4F-510x158.png 510w, https:\/\/meditex.ee\/wp-content\/uploads\/2018\/03\/CAREFIX_PAYOFF_4F-800x248.png 800w, https:\/\/meditex.ee\/wp-content\/uploads\/2018\/03\/CAREFIX_PAYOFF_4F-768x238.png 768w, https:\/\/meditex.ee\/wp-content\/uploads\/2018\/03\/CAREFIX_PAYOFF_4F-600x186.png 600w, https:\/\/meditex.ee\/wp-content\/uploads\/2018\/03\/CAREFIX_PAYOFF_4F.png 2038w\" sizes=\"(max-width: 1020px) 100vw, 1020px\" \/>\t\t\t\t\t\t\n\t\t\t\t\t<\/div>\n\t\t\t\t\t\t\t\t\n<style>\n#image_701263178 {\n  width: 80%;\n}\n<\/style>\n\t<\/div>\n\t\n\n\n\t\t<\/div>\n\t\t\t\t\t<\/div>\n\n\t\n\n<\/div>\n<div class=\"is-divider divider clearfix\" style=\"background-color:rgb(255, 255, 255);\"><\/div>\n\n<h3 style=\"text-align: left;\"><strong>\n  <span style=\"color: #000080;\">Miksi kori venyy nelj\u00e4\u00e4n suuntaan <\/span>\n<\/strong><strong>\n  <span style=\"color: #000080;\">leikkauksen j\u00e4lkeisist\u00e4 rintaliiveist\u00e4 <\/span>\n<\/strong><strong>\n  <span style=\"color: #000080;\">parempi kuin valmiiksi muotoiltu kori?<\/span>\n<\/strong><\/h3>\n<div class=\"is-divider divider clearfix\" style=\"background-color:rgb(255, 255, 255);\"><\/div>\n\n<div class=\"row\"  id=\"row-1468649562\">\n\n\n\t<div id=\"col-533413811\" class=\"col medium-6 small-12 large-6\"  >\n\t\t\t\t<div class=\"col-inner\"  >\n\t\t\t\n\t\t\t\n\n<div class=\"is-divider divider clearfix\" style=\"margin-top:25px;margin-bottom:25px;background-color:rgb(255, 255, 255);\"><\/div>\n\n<p style=\"text-align: left;\"><span style=\"font-size: 105%;\"><strong><span style=\"color: #000000;\">Usein her\u00e4\u00e4 kysymys, miksi nelj\u00e4nsuuntaisesta stretch-materiaalista valmistetut leikkauksen j\u00e4lkeiset rintaliivit ovat paremmat kuin valmiiksi muotoillut koririntaliivit.<\/span><\/strong><\/span><\/p>\n<p style=\"text-align: left;\"><span style=\"font-size: 105%;\"><strong><span style=\"color: #000000;\">Ongelma johtuu siit\u00e4, ett\u00e4 valmiiksi muotoiltu kuppi on tehty erityisesti leikkauksesta toipuvalle rintakeh\u00e4lle, ja sen pit\u00e4isi siksi olla mukavampi ja antaa parempaa tukea kuin kuppi, joka istuu tiukasti rinnan ymp\u00e4rille ja painaa sit\u00e4 vasten.<\/span><\/strong><\/span><\/p>\n<p style=\"text-align: left;\"><span style=\"font-size: 105%;\"><strong><span style=\"color: #000000;\">T\u00e4m\u00e4 ei pid\u00e4 paikkaansa useista syist\u00e4.<\/span><\/strong><\/span><\/p>\n\n\t\t<\/div>\n\t\t\t\t\t<\/div>\n\n\t\n\n\t<div id=\"col-1464556753\" class=\"col medium-6 small-12 large-6\"  >\n\t\t\t\t<div class=\"col-inner text-center\"  >\n\t\t\t\n\t\t\t\n\n<div class=\"is-divider divider clearfix\" style=\"height:1px;background-color:rgb(255, 255, 255);\"><\/div>\n\n\t<div class=\"img has-hover x md-x lg-x y md-y lg-y\" id=\"image_1903093861\">\n\t\t\t\t\t\t\t\t<div class=\"img-inner dark\" >\n\t\t\t<img decoding=\"async\" width=\"420\" height=\"400\" src=\"https:\/\/meditex.ee\/wp-content\/uploads\/2018\/03\/ZoneTech-bra-4-way-stretch_150dpi_3-420x400.png\" class=\"attachment-medium size-medium\" alt=\"\" \/>\t\t\t\t\t\t\n\t\t\t\t\t<\/div>\n\t\t\t\t\t\t\t\t\n<style>\n#image_1903093861 {\n  width: 60%;\n}\n<\/style>\n\t<\/div>\n\t\n\n\n\t\t<\/div>\n\t\t\t\t\t<\/div>\n\n\t\n\n<\/div>\n<div class=\"text-center\"><div class=\"is-divider divider clearfix\" style=\"max-width:1100px;height:1px;\"><\/div><\/div>\n\n<div class=\"row\"  id=\"row-1857267765\">\n\n\n\t<div id=\"col-805526341\" class=\"col medium-6 small-12 large-6\"  >\n\t\t\t\t<div class=\"col-inner text-center\"  >\n\t\t\t\n\t\t\t\n\n<div class=\"is-divider divider clearfix\" style=\"margin-top:40px;margin-bottom:40px;background-color:rgb(255, 255, 255);\"><\/div>\n\n\t<div class=\"img has-hover x md-x lg-x y md-y lg-y\" id=\"image_1623198912\">\n\t\t\t\t\t\t\t\t<div class=\"img-inner dark\" >\n\t\t\t<img decoding=\"async\" width=\"346\" height=\"400\" src=\"https:\/\/meditex.ee\/wp-content\/uploads\/2018\/03\/Carefix-bra_expandability_cropped-346x400.png\" class=\"attachment-medium size-medium\" alt=\"\" srcset=\"https:\/\/meditex.ee\/wp-content\/uploads\/2018\/03\/Carefix-bra_expandability_cropped-346x400.png 346w, https:\/\/meditex.ee\/wp-content\/uploads\/2018\/03\/Carefix-bra_expandability_cropped.png 457w\" sizes=\"(max-width: 346px) 100vw, 346px\" \/>\t\t\t\t\t\t\n\t\t\t\t\t<\/div>\n\t\t\t\t\t\t\t\t\n<style>\n#image_1623198912 {\n  width: 55%;\n}\n<\/style>\n\t<\/div>\n\t\n\n\n\t\t<\/div>\n\t\t\t\t\t<\/div>\n\n\t\n\n\t<div id=\"col-1034673785\" class=\"col medium-6 small-12 large-6\"  >\n\t\t\t\t<div class=\"col-inner\"  >\n\t\t\t\n\t\t\t\n\n<h3 style=\"text-align: left;\"><span style=\"color: #000000;\">Leikkauksen j\u00e4lkeinen turvotus on kohdennettu<\/span><\/h3>\n<p style=\"text-align: left;\"><span style=\"color: #000000;\">Riitt\u00e4v\u00e4 kompressio on tarpeen parhaan leikkaustuloksen saavuttamiseksi, infektioriskin v\u00e4hent\u00e4miseksi ja paranemisprosessin edist\u00e4miseksi. e. painetaso &#8211; ei liikaa, ei liian v\u00e4h\u00e4n. Nelisuuntaisesta joustavasta materiaalista valmistetut leikkauksen j\u00e4lkeiset rintaliivit antavat riitt\u00e4v\u00e4sti tukea ja puristusta v\u00e4hent\u00e4\u00e4kseen leikkauksen j\u00e4lkeist\u00e4 turvotusta sek\u00e4 veren ja nesteen kertymist\u00e4. T\u00e4m\u00e4 johtuu siit\u00e4, ett\u00e4 materiaali, joka venyy nelj\u00e4\u00e4n suuntaan, laajenee ja supistuu rintojen mukana. Jos leikkauksen j\u00e4lkeinen alue on turvonnut, rintaliivit kasvavat sen my\u00f6t\u00e4. Kun turvotus v\u00e4henee, materiaali kutistuu, jolloin kori sopii rintojen kokoon optimaalisesti koko toipumisajan.<\/span><\/p>\n<p><span style=\"color: #000000;\">T\u00e4ll\u00f6in puristustaso pysyy ennallaan, mik\u00e4 ei p\u00e4de valmiiksi muotoiltuun korkkiin, jossa materiaali on ohuempaa ja l\u00e4pin\u00e4kyv\u00e4mp\u00e4\u00e4 muotin luomiseen vaadittavan venytyksen ja kuumennuksen vuoksi. Kuumentamalla ja venytt\u00e4m\u00e4ll\u00e4 materiaalin rakenne vaurioituu ja sen kyky veny\u00e4 ja kutistua heikkenee. T\u00e4m\u00e4 tarkoittaa, ett\u00e4 materiaali ei sopeudu leikkauksen j\u00e4lkeiseen turvotukseen ja sen v\u00e4henemiseen samalla tavalla kuin nelisuuntainen venyv\u00e4 materiaali.<\/span><\/p>\n\n\t\t<\/div>\n\t\t\t\t\t<\/div>\n\n\t\n\n<\/div>\n<h3 style=\"text-align: left;\"><strong><span style=\"color: #000000;\">Leikkauksen j\u00e4lkeinen mukavuus on t\u00e4rke\u00e4\u00e4 toipumisvaiheessa.<\/span><\/strong><\/h3>\n<p style=\"text-align: left;\"><span style=\"color: #000000;\">Nelisuuntaisen joustavuusmateriaalin kyky laajeta ja supistua on erityisen t\u00e4rke\u00e4\u00e4 potilaan hyvinvoinnin ja mukavuuden kannalta, sill\u00e4 se takaa paremman rintojen tuen koko toipumisajan. Optimaalinen tuki on olennaisen t\u00e4rke\u00e4\u00e4 tehokkaan toipumisen kannalta, sill\u00e4 se v\u00e4hent\u00e4\u00e4 kipua ja ep\u00e4mukavuutta ja parantaa liikkuvuutta. Jos rintaliivit istuvat hyvin ja tuntuvat miellytt\u00e4vilt\u00e4, niit\u00e4 k\u00e4ytet\u00e4\u00e4n todenn\u00e4k\u00f6isesti pidemp\u00e4\u00e4n ja suositusten mukaisesti.<\/span><\/p>\n<p style=\"text-align: left;\"><span style=\"color: #000000;\">Kun kyseess\u00e4 ovat valmiiksi muotoillut h\u00e4kit, muotitusprosessi johtaa materiaalin tuen ja joustavuuden heikkenemiseen.<\/span><\/p>\n<div class=\"row\"  id=\"row-155173635\">\n\n\n\t<div id=\"col-840207387\" class=\"col medium-7 small-12 large-7\"  >\n\t\t\t\t<div class=\"col-inner\"  >\n\t\t\t\n\t\t\t\n\n<h3 style=\"text-align: left;\">Eri rintojen koot ja muodot otetaan huomioon.<\/h3>\n<p style=\"text-align: left;\"><span style=\"color: #000000;\">Leikkauksen j\u00e4lkeinen turvotus ja pieneneminen johtuu rintojen koon muutoksesta. Nelisuuntaiset materiaalirintaliivit sopivat t\u00e4h\u00e4n koteloon eri korikokojen kanssa. T\u00e4m\u00e4 tarkoittaa, ett\u00e4 monissa tapauksissa tarvitaan vain yksi rintaliivit. Valmiiksi muotoillut korit, jotka on tehty j\u00e4ykiksi (eiv\u00e4t laajeneviksi) muovausprosessin aikana, tarjoavat vain yhden korin koon, joten ne eiv\u00e4t ole muunneltavissa.<\/span><\/p>\n<p style=\"text-align: left;\"><span style=\"color: #000000;\">Lis\u00e4ksi nelisivuinen venytys on erityisen t\u00e4rke\u00e4\u00e4 tapauksissa, joissa vain toinen rinta on leikattu. Yhden rinnan leikkauksessa mahdollisuus useampaan kokoon on suuri etu, koska rintaliivit antavat edelleen tukea ja puristusta hoidetulle rinnalle ja tukea ja tilaa koko rinnalle. Kun k\u00e4ytet\u00e4\u00e4n valmiiksi muotoiltuja rintaliivej\u00e4, kupit eiv\u00e4t tarjoa riitt\u00e4v\u00e4\u00e4 puristusta koko leikkauksen j\u00e4lkeisen ajan, mik\u00e4 lis\u00e4\u00e4 infektioriski\u00e4 ja vaikuttaa kielteisesti koko paranemisprosessiin.<\/span><\/p>\n\n\t\t<\/div>\n\t\t\t\t\t<\/div>\n\n\t\n\n\t<div id=\"col-294535054\" class=\"col medium-5 small-12 large-5\"  >\n\t\t\t\t<div class=\"col-inner text-center\"  >\n\t\t\t\n\t\t\t\n\n<div class=\"is-divider divider clearfix\" style=\"margin-top:30px;margin-bottom:30px;background-color:rgb(255, 255, 255);\"><\/div>\n\n\t<div class=\"img has-hover x md-x lg-x y md-y lg-y\" id=\"image_1142449295\">\n\t\t\t\t\t\t\t\t<div class=\"img-inner dark\" >\n\t\t\t<img loading=\"lazy\" decoding=\"async\" width=\"345\" height=\"400\" src=\"https:\/\/meditex.ee\/wp-content\/uploads\/2018\/03\/Carefix-bra_single-breast_cropped-345x400.png\" class=\"attachment-medium size-medium\" alt=\"\" srcset=\"https:\/\/meditex.ee\/wp-content\/uploads\/2018\/03\/Carefix-bra_single-breast_cropped-345x400.png 345w, https:\/\/meditex.ee\/wp-content\/uploads\/2018\/03\/Carefix-bra_single-breast_cropped.png 476w\" sizes=\"(max-width: 345px) 100vw, 345px\" \/>\t\t\t\t\t\t\n\t\t\t\t\t<\/div>\n\t\t\t\t\t\t\t\t\n<style>\n#image_1142449295 {\n  width: 50%;\n}\n<\/style>\n\t<\/div>\n\t\n\n\n\t\t<\/div>\n\t\t\t\t\t<\/div>\n\n\t\n\n<\/div>\n<p style=\"text-align: left;\"><span style=\"color: #000000;\">Yhteenvetona voidaan todeta, ett\u00e4 valmiiksi muotoillut kupit sopivat vain tietyille rintojen anatomioille, koska materiaali ei pysty sovittamaan rintojen tietty\u00e4 \u00e4\u00e4riviivaa. Nelisuuntaisen stretch-materiaalin ansiosta kupit sopivat kaikenmuotoisille ja -kokoisille rinnoille, sill\u00e4 joustava materiaali sopii aina rintoihin.<\/span><\/p>\n<h3 style=\"text-align: left;\"><span style=\"color: #000000;\">T\u00e4ss\u00e4 on todiste: materiaalien suorituskyvyss\u00e4 on n\u00e4kyv\u00e4 ero.<\/span><\/h3>\n<p style=\"text-align: left;\"><span style=\"color: #000000;\">Jos samaa materiaalia tarkastellaan mikroskoopilla ennen ja j\u00e4lkeen muovailun, materiaalin muodonmuutos n\u00e4kyy hyvin selv\u00e4sti.<\/span><\/p>\n<div class=\"row\"  id=\"row-1929731910\">\n\n\n\t<div id=\"col-1800022935\" class=\"col medium-6 small-12 large-6\"  >\n\t\t\t\t<div class=\"col-inner\"  >\n\t\t\t\n\t\t\t\n\n<h4>Ei valettu<\/h4>\n\t<div class=\"img has-hover x md-x lg-x y md-y lg-y\" id=\"image_403957258\">\n\t\t\t\t\t\t\t\t<div class=\"img-inner dark\" >\n\t\t\t<img loading=\"lazy\" decoding=\"async\" width=\"311\" height=\"234\" src=\"https:\/\/meditex.ee\/wp-content\/uploads\/2018\/03\/Non-moulded.png\" class=\"attachment-large size-large\" alt=\"\" \/>\t\t\t\t\t\t\n\t\t\t\t\t<\/div>\n\t\t\t\t\t\t\t\t\n<style>\n#image_403957258 {\n  width: 60%;\n}\n<\/style>\n\t<\/div>\n\t\n\n<p style=\"text-align: left;\"><span style=\"color: #000000;\">Aasit ovat l\u00e4hell\u00e4 toisiaan molempiin suuntiin, sek\u00e4 vaaka- ett\u00e4 pystysuunnassa. Se s\u00e4ilytt\u00e4\u00e4 sek\u00e4 joustavuuden ett\u00e4 venyvyyden.<\/span><\/p>\n\n\t\t<\/div>\n\t\t\t\t\t<\/div>\n\n\t\n\n\t<div id=\"col-1821162918\" class=\"col medium-6 small-12 large-6\"  >\n\t\t\t\t<div class=\"col-inner\"  >\n\t\t\t\n\t\t\t\n\n<h3>Haettu osoitteesta<\/h3>\n\t<div class=\"img has-hover x md-x lg-x y md-y lg-y\" id=\"image_996943025\">\n\t\t\t\t\t\t\t\t<div class=\"img-inner dark\" >\n\t\t\t<img loading=\"lazy\" decoding=\"async\" width=\"311\" height=\"235\" src=\"https:\/\/meditex.ee\/wp-content\/uploads\/2018\/03\/Moulded.png\" class=\"attachment-large size-large\" alt=\"\" \/>\t\t\t\t\t\t\n\t\t\t\t\t<\/div>\n\t\t\t\t\t\t\t\t\n<style>\n#image_996943025 {\n  width: 60%;\n}\n<\/style>\n\t<\/div>\n\t\n\n<p style=\"text-align: left;\"><span style=\"color: #000000;\">Aasit ovat erodoituneet molempiin suuntiin, sek\u00e4 vaaka- ett\u00e4 pystysuunnassa. Materiaalia on aiemmin venytetty, mink\u00e4 vuoksi sen rakenne on vaurioitunut ja venym\u00e4 pienentynyt.<\/span><\/p>\n\n\t\t<\/div>\n\t\t\t\t\t<\/div>\n\n\t\n\n<\/div>\n<h3 style=\"text-align: left;\"><span style=\"color: #000000;\">Yhteenveto<\/span><\/h3>\n<p style=\"text-align: left;\"><span style=\"color: #000000;\">Kun kangas on valmiiksi muotoiltu, se muotoutuu ja menett\u00e4\u00e4 kykyns\u00e4 mukautua kehon muotoon.<\/span><\/p>\n<p> <\/p>\n<p style=\"text-align: left;\"><span style=\"color: #000000;\">Kirjoittaja: Heidi Vang Hagelskj\u00e6r, sairaanhoitaja ja tuotep\u00e4\u00e4llikk\u00f6 Tytexin l\u00e4\u00e4ketieteellisist\u00e4 tuotteista.<\/span><\/p>\n<p style=\"text-align: left;\"><span style=\"color: #0000ff;\"><a style=\"color: #0000ff;\" href=\"https:\/\/tytex.com\/products\/post-surgery\/post-surgical-bras\/4-way-stretch-vs-moulded-cups\">L\u00e4hde<\/a><\/span><\/p>\n<div class=\"social-icons share-icons share-row relative full-width text-right icon-style-fill\" style=\"font-size:80%\"><a href=\"whatsapp:\/\/send?text=4-suuntainen - https:\/\/meditex.ee\/fi\/4-suuntainen\/\" data-action=\"share\/whatsapp\/share\" class=\"icon primary button circle tooltip whatsapp show-for-medium\" title=\"Share on WhatsApp\" aria-label=\"Share on WhatsApp\"><i class=\"icon-whatsapp\" aria-hidden=\"true\"><\/i><\/a><a href=\"https:\/\/www.facebook.com\/sharer.php?u=https:\/\/meditex.ee\/fi\/4-suuntainen\/\" data-label=\"Facebook\" onclick=\"window.open(this.href,this.title,'width=500,height=500,top=300px,left=300px'); return false;\" target=\"_blank\" class=\"icon primary button circle tooltip facebook\" title=\"Share on Facebook\" aria-label=\"Share on Facebook\" rel=\"noopener nofollow\"><i class=\"icon-facebook\" aria-hidden=\"true\"><\/i><\/a><a href=\"https:\/\/twitter.com\/share?url=https:\/\/meditex.ee\/fi\/4-suuntainen\/\" onclick=\"window.open(this.href,this.title,'width=500,height=500,top=300px,left=300px'); return false;\" target=\"_blank\" class=\"icon primary button circle tooltip twitter\" title=\"Share on Twitter\" aria-label=\"Share on Twitter\" rel=\"noopener nofollow\"><i class=\"icon-twitter\" aria-hidden=\"true\"><\/i><\/a><a href=\"mailto:?subject=4-suuntainen&body=Check%20this%20out%3A%20https%3A%2F%2Fmeditex.ee%2Ffi%2F4-suuntainen%2F\" class=\"icon primary button circle tooltip email\" title=\"Email to a Friend\" aria-label=\"Email to a Friend\" rel=\"nofollow\"><i class=\"icon-envelop\" aria-hidden=\"true\"><\/i><\/a><a href=\"https:\/\/pinterest.com\/pin\/create\/button?url=https:\/\/meditex.ee\/fi\/4-suuntainen\/&media&description=4-suuntainen\" onclick=\"window.open(this.href,this.title,'width=500,height=500,top=300px,left=300px'); return false;\" target=\"_blank\" class=\"icon primary button circle tooltip pinterest\" title=\"Pin on Pinterest\" aria-label=\"Pin on Pinterest\" rel=\"noopener nofollow\"><i class=\"icon-pinterest\" aria-hidden=\"true\"><\/i><\/a><a href=\"https:\/\/www.linkedin.com\/shareArticle?mini=true&url=https:\/\/meditex.ee\/fi\/4-suuntainen\/&title=4-suuntainen\" onclick=\"window.open(this.href,this.title,'width=500,height=500,top=300px,left=300px'); return false;\" target=\"_blank\" class=\"icon primary button circle tooltip linkedin\" title=\"Share on LinkedIn\" aria-label=\"Share on LinkedIn\" rel=\"noopener nofollow\"><i class=\"icon-linkedin\" aria-hidden=\"true\"><\/i><\/a><\/div>\n","protected":false},"excerpt":{"rendered":"<p>Miksi kori venyy nelj\u00e4\u00e4n suuntaan leikkauksen j\u00e4lkeisist\u00e4 rintaliiveist\u00e4 parempi kuin valmiiksi muotoiltu kori? Leikkauksen j\u00e4lkeinen mukavuus on t\u00e4rke\u00e4\u00e4 toipumisvaiheessa. Nelisuuntaisen joustavuusmateriaalin kyky laajeta ja supistua on erityisen t\u00e4rke\u00e4\u00e4 potilaan hyvinvoinnin ja mukavuuden kannalta, sill\u00e4 se takaa paremman rintojen tuen koko toipumisajan. Optimaalinen tuki on olennaisen t\u00e4rke\u00e4\u00e4 tehokkaan toipumisen kannalta, sill\u00e4 se v\u00e4hent\u00e4\u00e4 kipua ja ep\u00e4mukavuutta [&#8230;]\n","protected":false},"author":1,"featured_media":0,"parent":0,"menu_order":0,"comment_status":"closed","ping_status":"closed","template":"","meta":{"footnotes":""},"class_list":["post-16392","page","type-page","status-publish","hentry"],"yoast_head":"<!-- This site is optimized with the Yoast SEO plugin v27.4 - https:\/\/yoast.com\/product\/yoast-seo-wordpress\/ -->\n<title>4-suuntainen% Venyv\u00e4n ostoskorin edut - Meditex% .ee verkkokaupan verkkosivusto<\/title>\n<meta name=\"description\" content=\"Nelisuuntaisesta joustavasta materiaalista valmistetut leikkauksen j\u00e4lkeiset rintaliivit antavat riitt\u00e4v\u00e4n tuen ja puristuksen.\" \/>\n<meta name=\"robots\" content=\"index, follow, max-snippet:-1, max-image-preview:large, max-video-preview:-1\" \/>\n<link rel=\"canonical\" href=\"https:\/\/meditex.ee\/fi\/4-suuntainen\/\" \/>\n<meta property=\"og:locale\" content=\"fi_FI\" \/>\n<meta property=\"og:type\" content=\"article\" \/>\n<meta property=\"og:title\" content=\"4-suuntainen% Venyv\u00e4n ostoskorin edut - Meditex% .ee verkkokaupan verkkosivusto\" \/>\n<meta property=\"og:description\" content=\"Nelisuuntaisesta joustavasta materiaalista valmistetut leikkauksen j\u00e4lkeiset rintaliivit antavat riitt\u00e4v\u00e4n tuen ja puristuksen.\" \/>\n<meta property=\"og:url\" content=\"https:\/\/meditex.ee\/fi\/4-suuntainen\/\" \/>\n<meta property=\"og:site_name\" content=\"Meditex\" \/>\n<meta property=\"article:publisher\" content=\"https:\/\/www.facebook.com\/meditexepood\/\" \/>\n<meta property=\"article:modified_time\" content=\"2023-07-31T09:48:23+00:00\" \/>\n<meta name=\"twitter:card\" content=\"summary_large_image\" \/>\n<meta name=\"twitter:label1\" content=\"Arvioitu lukuaika\" \/>\n\t<meta name=\"twitter:data1\" content=\"4 minuuttia\" \/>\n<script type=\"application\/ld+json\" class=\"yoast-schema-graph\">{\"@context\":\"https:\\\/\\\/schema.org\",\"@graph\":[{\"@type\":\"WebPage\",\"@id\":\"https:\\\/\\\/meditex.ee\\\/fi\\\/4-suuntainen\\\/\",\"url\":\"https:\\\/\\\/meditex.ee\\\/fi\\\/4-suuntainen\\\/\",\"name\":\"4-suuntainen% Venyv\u00e4n ostoskorin edut - Meditex% .ee verkkokaupan verkkosivusto\",\"isPartOf\":{\"@id\":\"https:\\\/\\\/meditex.ee\\\/en\\\/#website\"},\"datePublished\":\"2023-07-31T09:48:22+00:00\",\"dateModified\":\"2023-07-31T09:48:23+00:00\",\"description\":\"Nelisuuntaisesta joustavasta materiaalista valmistetut leikkauksen j\u00e4lkeiset rintaliivit antavat riitt\u00e4v\u00e4n tuen ja puristuksen.\",\"breadcrumb\":{\"@id\":\"https:\\\/\\\/meditex.ee\\\/fi\\\/4-suuntainen\\\/#breadcrumb\"},\"inLanguage\":\"fi\",\"potentialAction\":[{\"@type\":\"ReadAction\",\"target\":[\"https:\\\/\\\/meditex.ee\\\/fi\\\/4-suuntainen\\\/\"]}]},{\"@type\":\"BreadcrumbList\",\"@id\":\"https:\\\/\\\/meditex.ee\\\/fi\\\/4-suuntainen\\\/#breadcrumb\",\"itemListElement\":[{\"@type\":\"ListItem\",\"position\":1,\"name\":\"Home\",\"item\":\"https:\\\/\\\/meditex.ee\\\/fi\\\/\"},{\"@type\":\"ListItem\",\"position\":2,\"name\":\"4-suuntainen\"}]},{\"@type\":\"WebSite\",\"@id\":\"https:\\\/\\\/meditex.ee\\\/en\\\/#website\",\"url\":\"https:\\\/\\\/meditex.ee\\\/en\\\/\",\"name\":\"Meditex\",\"description\":\"\",\"publisher\":{\"@id\":\"https:\\\/\\\/meditex.ee\\\/en\\\/#organization\"},\"potentialAction\":[{\"@type\":\"SearchAction\",\"target\":{\"@type\":\"EntryPoint\",\"urlTemplate\":\"https:\\\/\\\/meditex.ee\\\/en\\\/?s={search_term_string}\"},\"query-input\":{\"@type\":\"PropertyValueSpecification\",\"valueRequired\":true,\"valueName\":\"search_term_string\"}}],\"inLanguage\":\"fi\"},{\"@type\":\"Organization\",\"@id\":\"https:\\\/\\\/meditex.ee\\\/en\\\/#organization\",\"name\":\"Meditex\",\"url\":\"https:\\\/\\\/meditex.ee\\\/en\\\/\",\"logo\":{\"@type\":\"ImageObject\",\"inLanguage\":\"fi\",\"@id\":\"https:\\\/\\\/meditex.ee\\\/en\\\/#\\\/schema\\\/logo\\\/image\\\/\",\"url\":\"https:\\\/\\\/meditex.ee\\\/wp-content\\\/uploads\\\/2018\\\/03\\\/mdtx_logo.png\",\"contentUrl\":\"https:\\\/\\\/meditex.ee\\\/wp-content\\\/uploads\\\/2018\\\/03\\\/mdtx_logo.png\",\"width\":669,\"height\":235,\"caption\":\"Meditex\"},\"image\":{\"@id\":\"https:\\\/\\\/meditex.ee\\\/en\\\/#\\\/schema\\\/logo\\\/image\\\/\"},\"sameAs\":[\"https:\\\/\\\/www.facebook.com\\\/meditexepood\\\/\"]}]}<\/script>\n<!-- \/ Yoast SEO plugin. -->","yoast_head_json":{"title":"4-suuntainen% Venyv\u00e4n ostoskorin edut - Meditex% .ee verkkokaupan verkkosivusto","description":"Nelisuuntaisesta joustavasta materiaalista valmistetut leikkauksen j\u00e4lkeiset rintaliivit antavat riitt\u00e4v\u00e4n tuen ja puristuksen.","robots":{"index":"index","follow":"follow","max-snippet":"max-snippet:-1","max-image-preview":"max-image-preview:large","max-video-preview":"max-video-preview:-1"},"canonical":"https:\/\/meditex.ee\/fi\/4-suuntainen\/","og_locale":"fi_FI","og_type":"article","og_title":"4-suuntainen% Venyv\u00e4n ostoskorin edut - Meditex% .ee verkkokaupan verkkosivusto","og_description":"Nelisuuntaisesta joustavasta materiaalista valmistetut leikkauksen j\u00e4lkeiset rintaliivit antavat riitt\u00e4v\u00e4n tuen ja puristuksen.","og_url":"https:\/\/meditex.ee\/fi\/4-suuntainen\/","og_site_name":"Meditex","article_publisher":"https:\/\/www.facebook.com\/meditexepood\/","article_modified_time":"2023-07-31T09:48:23+00:00","twitter_card":"summary_large_image","twitter_misc":{"Arvioitu lukuaika":"4 minuuttia"},"schema":{"@context":"https:\/\/schema.org","@graph":[{"@type":"WebPage","@id":"https:\/\/meditex.ee\/fi\/4-suuntainen\/","url":"https:\/\/meditex.ee\/fi\/4-suuntainen\/","name":"4-suuntainen% Venyv\u00e4n ostoskorin edut - Meditex% .ee verkkokaupan verkkosivusto","isPartOf":{"@id":"https:\/\/meditex.ee\/en\/#website"},"datePublished":"2023-07-31T09:48:22+00:00","dateModified":"2023-07-31T09:48:23+00:00","description":"Nelisuuntaisesta joustavasta materiaalista valmistetut leikkauksen j\u00e4lkeiset rintaliivit antavat riitt\u00e4v\u00e4n tuen ja puristuksen.","breadcrumb":{"@id":"https:\/\/meditex.ee\/fi\/4-suuntainen\/#breadcrumb"},"inLanguage":"fi","potentialAction":[{"@type":"ReadAction","target":["https:\/\/meditex.ee\/fi\/4-suuntainen\/"]}]},{"@type":"BreadcrumbList","@id":"https:\/\/meditex.ee\/fi\/4-suuntainen\/#breadcrumb","itemListElement":[{"@type":"ListItem","position":1,"name":"Home","item":"https:\/\/meditex.ee\/fi\/"},{"@type":"ListItem","position":2,"name":"4-suuntainen"}]},{"@type":"WebSite","@id":"https:\/\/meditex.ee\/en\/#website","url":"https:\/\/meditex.ee\/en\/","name":"Meditex","description":"","publisher":{"@id":"https:\/\/meditex.ee\/en\/#organization"},"potentialAction":[{"@type":"SearchAction","target":{"@type":"EntryPoint","urlTemplate":"https:\/\/meditex.ee\/en\/?s={search_term_string}"},"query-input":{"@type":"PropertyValueSpecification","valueRequired":true,"valueName":"search_term_string"}}],"inLanguage":"fi"},{"@type":"Organization","@id":"https:\/\/meditex.ee\/en\/#organization","name":"Meditex","url":"https:\/\/meditex.ee\/en\/","logo":{"@type":"ImageObject","inLanguage":"fi","@id":"https:\/\/meditex.ee\/en\/#\/schema\/logo\/image\/","url":"https:\/\/meditex.ee\/wp-content\/uploads\/2018\/03\/mdtx_logo.png","contentUrl":"https:\/\/meditex.ee\/wp-content\/uploads\/2018\/03\/mdtx_logo.png","width":669,"height":235,"caption":"Meditex"},"image":{"@id":"https:\/\/meditex.ee\/en\/#\/schema\/logo\/image\/"},"sameAs":["https:\/\/www.facebook.com\/meditexepood\/"]}]}},"_links":{"self":[{"href":"https:\/\/meditex.ee\/fi\/wp-json\/wp\/v2\/pages\/16392","targetHints":{"allow":["GET"]}}],"collection":[{"href":"https:\/\/meditex.ee\/fi\/wp-json\/wp\/v2\/pages"}],"about":[{"href":"https:\/\/meditex.ee\/fi\/wp-json\/wp\/v2\/types\/page"}],"author":[{"embeddable":true,"href":"https:\/\/meditex.ee\/fi\/wp-json\/wp\/v2\/users\/1"}],"replies":[{"embeddable":true,"href":"https:\/\/meditex.ee\/fi\/wp-json\/wp\/v2\/comments?post=16392"}],"version-history":[{"count":0,"href":"https:\/\/meditex.ee\/fi\/wp-json\/wp\/v2\/pages\/16392\/revisions"}],"wp:attachment":[{"href":"https:\/\/meditex.ee\/fi\/wp-json\/wp\/v2\/media?parent=16392"}],"curies":[{"name":"wp","href":"https:\/\/api.w.org\/{rel}","templated":true}]}}