{"id":16376,"date":"2023-07-31T09:48:18","date_gmt":"2023-07-31T09:48:18","guid":{"rendered":"https:\/\/meditex.ee\/tytex\/"},"modified":"2023-07-31T09:48:19","modified_gmt":"2023-07-31T09:48:19","slug":"tytex","status":"publish","type":"page","link":"https:\/\/meditex.ee\/fi\/tytex\/","title":{"rendered":"Tytex"},"content":{"rendered":"\t<div class=\"img has-hover x md-x lg-x y md-y lg-y\" id=\"image_1485693761\">\n\t\t\t\t\t\t\t\t<div class=\"img-inner dark\" >\n\t\t\t<img fetchpriority=\"high\" decoding=\"async\" width=\"1020\" height=\"250\" src=\"https:\/\/meditex.ee\/wp-content\/uploads\/2018\/03\/top_Proven-technologies-1400x343.jpg\" class=\"attachment-large size-large\" alt=\"\" srcset=\"https:\/\/meditex.ee\/wp-content\/uploads\/2018\/03\/top_Proven-technologies-1400x343.jpg 1400w, https:\/\/meditex.ee\/wp-content\/uploads\/2018\/03\/top_Proven-technologies-510x125.jpg 510w, https:\/\/meditex.ee\/wp-content\/uploads\/2018\/03\/top_Proven-technologies-800x196.jpg 800w, https:\/\/meditex.ee\/wp-content\/uploads\/2018\/03\/top_Proven-technologies-768x188.jpg 768w, https:\/\/meditex.ee\/wp-content\/uploads\/2018\/03\/top_Proven-technologies-1536x376.jpg 1536w, https:\/\/meditex.ee\/wp-content\/uploads\/2018\/03\/top_Proven-technologies-600x147.jpg 600w, https:\/\/meditex.ee\/wp-content\/uploads\/2018\/03\/top_Proven-technologies.jpg 2000w\" sizes=\"(max-width: 1020px) 100vw, 1020px\" \/>\t\t\t\t\t\t\n\t\t\t\t\t<\/div>\n\t\t\t\t\t\t\t\t\n<style>\n#image_1485693761 {\n  width: 100%;\n}\n<\/style>\n\t<\/div>\n\t\n<div class=\"is-divider divider clearfix\" style=\"background-color:rgb(255, 255, 255);\"><\/div>\n<h1 style=\"text-align: left;\"><span style=\"color: #000080;\">Tytexin tuotannossa k\u00e4ytetty teknologia<\/span><\/h1>\n<div class=\"is-divider divider clearfix\" style=\"background-color:rgb(255, 255, 255);\"><\/div>\n<p style=\"text-align: left;\" data-fontsize=\"16\" data-lineheight=\"19\"><span style=\"color: #000000;\"><span class=\"TextRun SCXW214365372\" lang=\"ET-EE\" xml:lang=\"ET-EE\"><span class=\"SpellingError SCXW214365372\">Tytexi<\/span><span class=\"NormalTextRun SCXW214365372\"> teknologia-alusta on <\/span> <\/span><span class=\"TextRun SCXW214365372\" lang=\"ET-EE\" xml:lang=\"ET-EE\"><span class=\"NormalTextRun SCXW214365372\">keskittyi loimi- ja kudelankatekniikkaan. Tuloksena on puolivalmisteita ja vartaloon sopivia kankaita.<\/span><\/span><\/span><\/p>\n<p style=\"text-align: left;\" data-fontsize=\"16\" data-lineheight=\"19\"><span style=\"color: #000000;\"><span class=\"TextRun SCXW143183666\" lang=\"ET-EE\"><br \/>\n  <span class=\"NormalTextRun SCXW143183666\">N\u00e4it\u00e4 tekniikoita pyrit\u00e4\u00e4n parantamaan p\u00e4ivitt\u00e4in kaikissa tuotetuissa l\u00e4\u00e4ketieteellisiss\u00e4 tekstiileiss\u00e4, mik\u00e4 johtaa seuraaviin tuloksiin. <\/span><br \/>\n<\/span><span class=\"TextRun SCXW143183666\" lang=\"ET-EE\"><br \/>\n  <span class=\"NormalTextRun SCXW143183666\">ett\u00e4 kaikki yrityksen valikoimaan kuuluvat tuotteet t\u00e4ytt\u00e4v\u00e4t nelj\u00e4 avainsanaa:<\/span><br \/>\n<\/span><\/span><\/p>\n<div class=\"row\"  id=\"row-472663412\">\n\n\t<div id=\"col-606541738\" class=\"col medium-5 small-12 large-5\"  >\n\t\t\t\t<div class=\"col-inner text-center\"  >\n\t\t\t\n\t\t\t\n<div class=\"is-divider divider clearfix\" style=\"background-color:rgb(255, 255, 255);\"><\/div>\n\t<div class=\"img has-hover x md-x lg-x y md-y lg-y\" id=\"image_1567207370\">\n\t\t\t\t\t\t\t\t<div class=\"img-inner dark\" >\n\t\t\t<img decoding=\"async\" width=\"90\" height=\"90\" src=\"https:\/\/meditex.ee\/wp-content\/uploads\/2018\/03\/4-way-stretch-90x90.png\" class=\"attachment-medium size-medium\" alt=\"\" \/>\t\t\t\t\t\t\n\t\t\t\t\t<\/div>\n\t\t\t\t\t\t\t\t\n<style>\n#image_1567207370 {\n  width: 25%;\n}\n<\/style>\n\t<\/div>\n\t\n\t\t<\/div>\n\t\t\t\t\t<\/div>\n\n\t\n\n\t<div id=\"col-1236036014\" class=\"col medium-6 small-12 large-6\"  >\n\t\t\t\t<div class=\"col-inner\"  >\n\t\t\t\n\t\t\t\n<h3 data-fontsize=\"20\" data-lineheight=\"28\"><span style=\"color: #000080;\"><b>4-suuntainen venytys<\/b><\/span><\/h3>\n<p style=\"text-align: left;\" data-fontsize=\"16\" data-lineheight=\"19\"><span style=\"color: #000000;\">Materiaali mukautuu luonnollisesti potilaan kehon \u00e4\u00e4riviivoihin.  <\/span><\/p>\n<p style=\"text-align: left;\" data-fontsize=\"16\" data-lineheight=\"19\"><span style=\"color: #000000;\">T\u00e4m\u00e4 ominaisuus on eritt\u00e4in t\u00e4rke\u00e4 l\u00e4\u00e4ketieteellisiss\u00e4 tekstiileiss\u00e4, sill\u00e4 se varmistaa, ett\u00e4 tuotteessa on riitt\u00e4v\u00e4 puristus, jota tarvitaan toipumiseen. Se takaa my\u00f6s parhaan mahdollisen k\u00e4ytt\u00f6mukavuuden pitk\u00e4aikaisessa k\u00e4yt\u00f6ss\u00e4.<\/span><\/p>\n\t\t<\/div>\n\t\t\t\t\t<\/div>\n\n\t\n<\/div>\n<div class=\"row\"  id=\"row-1528692019\">\n\n\t<div id=\"col-1023875008\" class=\"col medium-5 small-12 large-5\"  >\n\t\t\t\t<div class=\"col-inner text-center\"  >\n\t\t\t\n\t\t\t\n<div class=\"is-divider divider clearfix\" style=\"background-color:rgb(255, 255, 255);\"><\/div>\n\t<div class=\"img has-hover x md-x lg-x y md-y lg-y\" id=\"image_1735083904\">\n\t\t\t\t\t\t\t\t<div class=\"img-inner dark\" >\n\t\t\t<img decoding=\"async\" width=\"90\" height=\"90\" src=\"https:\/\/meditex.ee\/wp-content\/uploads\/2018\/03\/Real-seamless-90x90.png\" class=\"attachment-medium size-medium\" alt=\"\" \/>\t\t\t\t\t\t\n\t\t\t\t\t<\/div>\n\t\t\t\t\t\t\t\t\n<style>\n#image_1735083904 {\n  width: 25%;\n}\n<\/style>\n\t<\/div>\n\t\n\t\t<\/div>\n\t\t\t\t\t<\/div>\n\n\t\n\n\t<div id=\"col-57015929\" class=\"col medium-6 small-12 large-6\"  >\n\t\t\t\t<div class=\"col-inner\"  >\n\t\t\t\n\t\t\t\n<h3 style=\"text-align: left;\" data-fontsize=\"20\" data-lineheight=\"28\"><span style=\"color: #000080;\"><b>\u00d5mbl<\/b><b>neulominen ilman ovia<\/b><\/span><\/h3>\n<p style=\"text-align: left;\" data-fontsize=\"16\" data-lineheight=\"19\"><span style=\"color: #000000;\">Leikattu alue tarvitsee lepoa optimaalisen toipumisen varmistamiseksi. Siksi kaikki tuotteet on suunniteltu siten, ett\u00e4 haavojen, arpien tai muiden kriittisten alueiden kohdalla ei k\u00e4ytet\u00e4 tikkauksia. T\u00e4m\u00e4 takaa maksimaalisen ihoyst\u00e4v\u00e4llisyyden ja ehk\u00e4isee painej\u00e4lki\u00e4 sek\u00e4 ihon ja sen kudosten \u00e4rsytyst\u00e4.  <\/span><\/p>\n<p style=\"text-align: left;\" data-fontsize=\"16\" data-lineheight=\"19\"><span style=\"color: #000000;\">Toisin sanoen: 100-prosenttisesti saumaton kudos merkitsee nopeampaa paranemista, v\u00e4hemm\u00e4n arpia ja suurempaa potilaan mukavuutta.<\/span><\/p>\n\t\t<\/div>\n\t\t\t\t\t<\/div>\n\n\t\n<\/div>\n<div class=\"row\"  id=\"row-788675370\">\n\n\t<div id=\"col-1197132438\" class=\"col medium-5 small-12 large-5\"  >\n\t\t\t\t<div class=\"col-inner text-center\"  >\n\t\t\t\n\t\t\t\n<div class=\"is-divider divider clearfix\" style=\"background-color:rgb(255, 255, 255);\"><\/div>\n\t<div class=\"img has-hover x md-x lg-x y md-y lg-y\" id=\"image_1914550929\">\n\t\t\t\t\t\t\t\t<div class=\"img-inner dark\" >\n\t\t\t<img loading=\"lazy\" decoding=\"async\" width=\"90\" height=\"90\" src=\"https:\/\/meditex.ee\/wp-content\/uploads\/2018\/03\/Targeted-compression-fixation-90x90.png\" class=\"attachment-medium size-medium\" alt=\"\" \/>\t\t\t\t\t\t\n\t\t\t\t\t<\/div>\n\t\t\t\t\t\t\t\t\n<style>\n#image_1914550929 {\n  width: 25%;\n}\n<\/style>\n\t<\/div>\n\t\n\t\t<\/div>\n\t\t\t\t\t<\/div>\n\n\t\n\n\t<div id=\"col-1783401518\" class=\"col medium-6 small-12 large-6\"  >\n\t\t\t\t<div class=\"col-inner\"  >\n\t\t\t\n\t\t\t\n<h3 style=\"text-align: left;\" data-fontsize=\"20\" data-lineheight=\"28\"><span style=\"color: #000080;\"><b>Suuntainen puristus\/kiinnitys<\/b><\/span><\/h3>\n<p style=\"text-align: left;\" data-fontsize=\"16\" data-lineheight=\"19\"><span style=\"color: #000000;\">Kohdennettu puristus tai kiinnitys tarkoittaa, ett\u00e4 tuotteet on suunniteltu antamaan tarvittava puristus tai kiinnitys juuri sinne, miss\u00e4 sit\u00e4 tarvitaan.  <\/span><\/p>\n<p style=\"text-align: left;\" data-fontsize=\"16\" data-lineheight=\"19\"><span style=\"color: #000000;\">Kudosten puristuksen hallinta nopeuttaa paranemisprosessia ja lis\u00e4\u00e4 potilaan mukavuutta. Kullekin tuotteelle erityisesti suunnitellut puristusalueet<\/span>.<\/p>\n\t\t<\/div>\n\t\t\t\t\t<\/div>\n\n\t\n<\/div>\n<div class=\"row\"  id=\"row-296163885\">\n\n\t<div id=\"col-773004225\" class=\"col medium-5 small-12 large-5\"  >\n\t\t\t\t<div class=\"col-inner text-center\"  >\n\t\t\t\n\t\t\t\n<div class=\"is-divider divider clearfix\" style=\"background-color:rgb(255, 255, 255);\"><\/div>\n<div class=\"is-divider divider clearfix\" style=\"background-color:rgb(255, 255, 255);\"><\/div>\n<div class=\"is-divider divider clearfix\" style=\"background-color:rgb(255, 255, 255);\"><\/div>\n\t<div class=\"img has-hover x md-x lg-x y md-y lg-y\" id=\"image_1200001132\">\n\t\t\t\t\t\t\t\t<div class=\"img-inner dark\" >\n\t\t\t<img loading=\"lazy\" decoding=\"async\" width=\"90\" height=\"90\" src=\"https:\/\/meditex.ee\/wp-content\/uploads\/2018\/03\/Fact-based-sizing-90x90.png\" class=\"attachment-medium size-medium\" alt=\"\" \/>\t\t\t\t\t\t\n\t\t\t\t\t<\/div>\n\t\t\t\t\t\t\t\t\n<style>\n#image_1200001132 {\n  width: 25%;\n}\n<\/style>\n\t<\/div>\n\t\n\t\t<\/div>\n\t\t\t\t\t<\/div>\n\n\t\n\n\t<div id=\"col-1946016202\" class=\"col medium-6 small-12 large-6\"  >\n\t\t\t\t<div class=\"col-inner\"  >\n\t\t\t\n\t\t\t\n<h3 data-fontsize=\"20\" data-lineheight=\"28\"><span style=\"color: #000080;\"><b>Todelliset arvot<\/b><\/span><\/h3>\n<p style=\"text-align: left;\" data-fontsize=\"16\" data-lineheight=\"19\"><span style=\"color: #000000;\">L\u00e4\u00e4ketieteellisten tekstiilien ja leikkauksen j\u00e4lkeisten vaatteiden osalta yksi koko ei sovi kaikille. Tuotekoot perustuvat siis seuraaviin tekij\u00f6ihin:  <\/span><\/p>\n<ol style=\"text-align: left;\">\n<li>\n<p data-fontsize=\"16\" data-lineheight=\"19\"><span style=\"color: #000000;\">Kehon tuntemus &#8211; Tuotteiden mittaamiseen k\u00e4ytet\u00e4\u00e4n tilastollisia ja todistettuja kehon skannauksia ja mittauksia.  <\/span><\/p>\n<\/li>\n<li>\n<p data-fontsize=\"16\" data-lineheight=\"19\"><span style=\"color: #000000;\">Kimmovenym\u00e4n mittaaminen &#8211; lopputuotteen ylimitoitus.<\/span><\/p>\n<\/li>\n<li>\n<p data-fontsize=\"16\" data-lineheight=\"19\"><span style=\"color: #000000;\">Laaja tiet\u00e4mys ja kokemus eri kudontatekniikoiden yhdist\u00e4misest\u00e4 eri kokoja varten takaa oikean istuvuuden.<\/span><\/p>\n<\/li>\n<\/ol>\n<p style=\"text-align: left;\" data-fontsize=\"16\" data-lineheight=\"19\"><span style=\"color: #000000;\">  N\u00e4iden kolmen parametrin yhdistelm\u00e4 takaa aina t\u00e4ydellisen sopivuuden.  <\/span><\/p>\n\t\t<\/div>\n\t\t\t\t\t<\/div>\n\n\t\n<\/div>\n<div class=\"text-center\"><div class=\"is-divider divider clearfix\" ><\/div><\/div>\n<div class=\"row\"  id=\"row-662889318\">\n\n\t<div id=\"col-2037439558\" class=\"col medium-4 small-12 large-4\"  >\n\t\t\t\t<div class=\"col-inner text-center\"  >\n\t\t\t\n\t\t\t\n\t<div class=\"img has-hover x md-x lg-x y md-y lg-y\" id=\"image_1065485962\">\n\t\t\t\t\t\t\t\t<div class=\"img-inner dark\" >\n\t\t\t<img loading=\"lazy\" decoding=\"async\" width=\"320\" height=\"167\" src=\"https:\/\/meditex.ee\/wp-content\/uploads\/2018\/03\/STA100_Label_RGB_EN_6234-7001.jpg\" class=\"attachment-medium size-medium\" alt=\"\" \/>\t\t\t\t\t\t\n\t\t\t\t\t<\/div>\n\t\t\t\t\t\t\t\t\n<style>\n#image_1065485962 {\n  width: 100%;\n}\n<\/style>\n\t<\/div>\n\t\n\t\t<\/div>\n\t\t\t\t\t<\/div>\n\n\t\n\n\t<div id=\"col-272587611\" class=\"col medium-8 small-12 large-8\"  >\n\t\t\t\t<div class=\"col-inner\"  >\n\t\t\t\n\t\t\t\n<div class=\"fusion-text\">\n<p style=\"text-align: left;\" data-fontsize=\"16\" data-lineheight=\"19\"><span style=\"color: #000000;\">Kaikki Tytexin tuotteet ovat \u00d6ko-Tex Standard 100 -sertifioituja, mik\u00e4 tarkoittaa, ett\u00e4 mik\u00e4\u00e4n yrityksen tuotteista ei sis\u00e4ll\u00e4 haitallisia aineita.<\/span><\/p>\n<\/div>\n<div class=\"fusion-text\">\n<p style=\"text-align: left;\" data-fontsize=\"16\" data-lineheight=\"19\"><span style=\"color: #000000;\"><span class=\"TextRun SCXW92274836\" lang=\"ET-EE\"><br \/>\n  <span class=\"NormalTextRun SCXW92274836\">Lis\u00e4ksi yrityksell\u00e4 on seuraavat sertifikaatit: CE (luokka I), ISO 9001, ISO 13485, ISO 14001, SEDEX, FDA (USA), SF.<\/span><br \/>\n<\/span><span class=\"TextRun SCXW92274836\" lang=\"ET-EE\"><br \/>\n  <span class=\"NormalTextRun SCXW92274836\">DA (Kiina), PZN (Saksa), <\/span><br \/>\n  <span class=\"SpellingError SCXW92274836\">Hilfsmittel<\/span><br \/>\n  <span class=\"NormalTextRun SCXW92274836\"> PDA (Saksa), <\/span><br \/>\n  <span class=\"SpellingError SCXW92274836\">MiGel<\/span><br \/>\n  <span class=\"NormalTextRun SCXW92274836\"> (<\/span><br \/>\n  <span class=\"SpellingError SCXW92274836\">It\u00e4valta<\/span><br \/>\n  <span class=\"NormalTextRun SCXW92274836\">), e-<\/span><br \/>\n  <span class=\"SpellingError SCXW92274836\">media<\/span><br \/>\n  <span class=\"NormalTextRun SCXW92274836\"> (Sveitsi).<\/span><br \/>\n<\/span><\/span><\/p>\n<\/div>\n\t\t<\/div>\n\t\t\t\t\t<\/div>\n\n\t\n<\/div>\n<div class=\"social-icons share-icons share-row relative full-width text-right icon-style-fill\" style=\"font-size:80%\"><a href=\"whatsapp:\/\/send?text=Tytex - https:\/\/meditex.ee\/fi\/tytex\/\" data-action=\"share\/whatsapp\/share\" class=\"icon primary button circle tooltip whatsapp show-for-medium\" title=\"Share on WhatsApp\" aria-label=\"Share on WhatsApp\"><i class=\"icon-whatsapp\" aria-hidden=\"true\"><\/i><\/a><a href=\"https:\/\/www.facebook.com\/sharer.php?u=https:\/\/meditex.ee\/fi\/tytex\/\" data-label=\"Facebook\" onclick=\"window.open(this.href,this.title,'width=500,height=500,top=300px,left=300px'); return false;\" target=\"_blank\" class=\"icon primary button circle tooltip facebook\" title=\"Share on Facebook\" aria-label=\"Share on Facebook\" rel=\"noopener nofollow\"><i class=\"icon-facebook\" aria-hidden=\"true\"><\/i><\/a><a href=\"https:\/\/twitter.com\/share?url=https:\/\/meditex.ee\/fi\/tytex\/\" onclick=\"window.open(this.href,this.title,'width=500,height=500,top=300px,left=300px'); return false;\" target=\"_blank\" class=\"icon primary button circle tooltip twitter\" title=\"Share on Twitter\" aria-label=\"Share on Twitter\" rel=\"noopener nofollow\"><i class=\"icon-twitter\" aria-hidden=\"true\"><\/i><\/a><a href=\"mailto:?subject=Tytex&body=Check%20this%20out%3A%20https%3A%2F%2Fmeditex.ee%2Ffi%2Ftytex%2F\" class=\"icon primary button circle tooltip email\" title=\"Email to a Friend\" aria-label=\"Email to a Friend\" rel=\"nofollow\"><i class=\"icon-envelop\" aria-hidden=\"true\"><\/i><\/a><a href=\"https:\/\/pinterest.com\/pin\/create\/button?url=https:\/\/meditex.ee\/fi\/tytex\/&media&description=Tytex\" onclick=\"window.open(this.href,this.title,'width=500,height=500,top=300px,left=300px'); return false;\" target=\"_blank\" class=\"icon primary button circle tooltip pinterest\" title=\"Pin on Pinterest\" aria-label=\"Pin on Pinterest\" rel=\"noopener nofollow\"><i class=\"icon-pinterest\" aria-hidden=\"true\"><\/i><\/a><a href=\"https:\/\/www.linkedin.com\/shareArticle?mini=true&url=https:\/\/meditex.ee\/fi\/tytex\/&title=Tytex\" onclick=\"window.open(this.href,this.title,'width=500,height=500,top=300px,left=300px'); return false;\" target=\"_blank\" class=\"icon primary button circle tooltip linkedin\" title=\"Share on LinkedIn\" aria-label=\"Share on LinkedIn\" rel=\"noopener nofollow\"><i class=\"icon-linkedin\" aria-hidden=\"true\"><\/i><\/a><\/div>\n<div class=\"text-center\"><div class=\"is-divider divider clearfix\" ><\/div><\/div>\n<a href=\"https:\/\/meditex.ee\/pood\/\" class=\"button primary is-bevel is-large box-shadow-3 box-shadow-5-hover expand\" style=\"border-radius:8px;\">\n\t<i class=\"icon-shopping-cart\" aria-hidden=\"true\"><\/i>\t<span>Osta osoitteessa<\/span>\n\t<\/a>\n\n","protected":false},"excerpt":{"rendered":"<p>Tytexin tuotannossa k\u00e4ytetty teknologia Tytexi teknologia-alusta on keskittyi loimi- ja kudelankatekniikkaan. Tuloksena on puolivalmisteita ja vartaloon sopivia kankaita. N\u00e4it\u00e4 tekniikoita pyrit\u00e4\u00e4n parantamaan p\u00e4ivitt\u00e4in kaikissa tuotetuissa l\u00e4\u00e4ketieteellisiss\u00e4 tekstiileiss\u00e4, mik\u00e4 johtaa seuraaviin tuloksiin. ett\u00e4 kaikki yrityksen valikoimaan kuuluvat tuotteet t\u00e4ytt\u00e4v\u00e4t nelj\u00e4 avainsanaa:<\/p>\n","protected":false},"author":1,"featured_media":0,"parent":0,"menu_order":0,"comment_status":"closed","ping_status":"closed","template":"","meta":{"footnotes":""},"class_list":["post-16376","page","type-page","status-publish","hentry"],"yoast_head":"<!-- This site is optimized with the Yoast SEO plugin v27.4 - https:\/\/yoast.com\/product\/yoast-seo-wordpress\/ -->\n<title>Tytex - Meditex<\/title>\n<meta name=\"robots\" content=\"index, follow, max-snippet:-1, max-image-preview:large, max-video-preview:-1\" \/>\n<link rel=\"canonical\" href=\"https:\/\/meditex.ee\/fi\/?page_id=16376\" \/>\n<meta property=\"og:locale\" content=\"fi_FI\" \/>\n<meta property=\"og:type\" content=\"article\" \/>\n<meta property=\"og:title\" content=\"Tytex - Meditex\" \/>\n<meta property=\"og:description\" content=\"Tytexin tuotannossa k\u00e4ytetty teknologia Tytexi teknologia-alusta on keskittyi loimi- ja kudelankatekniikkaan. Tuloksena on puolivalmisteita ja vartaloon sopivia kankaita. N\u00e4it\u00e4 tekniikoita pyrit\u00e4\u00e4n parantamaan p\u00e4ivitt\u00e4in kaikissa tuotetuissa l\u00e4\u00e4ketieteellisiss\u00e4 tekstiileiss\u00e4, mik\u00e4 johtaa seuraaviin tuloksiin. ett\u00e4 kaikki yrityksen valikoimaan kuuluvat tuotteet t\u00e4ytt\u00e4v\u00e4t nelj\u00e4 avainsanaa:\" \/>\n<meta property=\"og:url\" content=\"https:\/\/meditex.ee\/fi\/?page_id=16376\" \/>\n<meta property=\"og:site_name\" content=\"Meditex\" \/>\n<meta property=\"article:publisher\" content=\"https:\/\/www.facebook.com\/meditexepood\/\" \/>\n<meta property=\"article:modified_time\" content=\"2023-07-31T09:48:19+00:00\" \/>\n<meta name=\"twitter:card\" content=\"summary_large_image\" \/>\n<meta name=\"twitter:label1\" content=\"Arvioitu lukuaika\" \/>\n\t<meta name=\"twitter:data1\" content=\"2 minuuttia\" \/>\n<script type=\"application\/ld+json\" class=\"yoast-schema-graph\">{\"@context\":\"https:\\\/\\\/schema.org\",\"@graph\":[{\"@type\":\"WebPage\",\"@id\":\"https:\\\/\\\/meditex.ee\\\/fi\\\/?page_id=16376\",\"url\":\"https:\\\/\\\/meditex.ee\\\/fi\\\/?page_id=16376\",\"name\":\"Tytex - Meditex\",\"isPartOf\":{\"@id\":\"https:\\\/\\\/meditex.ee\\\/en\\\/#website\"},\"datePublished\":\"2023-07-31T09:48:18+00:00\",\"dateModified\":\"2023-07-31T09:48:19+00:00\",\"breadcrumb\":{\"@id\":\"https:\\\/\\\/meditex.ee\\\/fi\\\/?page_id=16376#breadcrumb\"},\"inLanguage\":\"fi\",\"potentialAction\":[{\"@type\":\"ReadAction\",\"target\":[\"https:\\\/\\\/meditex.ee\\\/fi\\\/?page_id=16376\"]}]},{\"@type\":\"BreadcrumbList\",\"@id\":\"https:\\\/\\\/meditex.ee\\\/fi\\\/?page_id=16376#breadcrumb\",\"itemListElement\":[{\"@type\":\"ListItem\",\"position\":1,\"name\":\"Home\",\"item\":\"https:\\\/\\\/meditex.ee\\\/fi\\\/\"},{\"@type\":\"ListItem\",\"position\":2,\"name\":\"Tytex\"}]},{\"@type\":\"WebSite\",\"@id\":\"https:\\\/\\\/meditex.ee\\\/en\\\/#website\",\"url\":\"https:\\\/\\\/meditex.ee\\\/en\\\/\",\"name\":\"Meditex\",\"description\":\"\",\"publisher\":{\"@id\":\"https:\\\/\\\/meditex.ee\\\/en\\\/#organization\"},\"potentialAction\":[{\"@type\":\"SearchAction\",\"target\":{\"@type\":\"EntryPoint\",\"urlTemplate\":\"https:\\\/\\\/meditex.ee\\\/en\\\/?s={search_term_string}\"},\"query-input\":{\"@type\":\"PropertyValueSpecification\",\"valueRequired\":true,\"valueName\":\"search_term_string\"}}],\"inLanguage\":\"fi\"},{\"@type\":\"Organization\",\"@id\":\"https:\\\/\\\/meditex.ee\\\/en\\\/#organization\",\"name\":\"Meditex\",\"url\":\"https:\\\/\\\/meditex.ee\\\/en\\\/\",\"logo\":{\"@type\":\"ImageObject\",\"inLanguage\":\"fi\",\"@id\":\"https:\\\/\\\/meditex.ee\\\/en\\\/#\\\/schema\\\/logo\\\/image\\\/\",\"url\":\"https:\\\/\\\/meditex.ee\\\/wp-content\\\/uploads\\\/2018\\\/03\\\/mdtx_logo.png\",\"contentUrl\":\"https:\\\/\\\/meditex.ee\\\/wp-content\\\/uploads\\\/2018\\\/03\\\/mdtx_logo.png\",\"width\":669,\"height\":235,\"caption\":\"Meditex\"},\"image\":{\"@id\":\"https:\\\/\\\/meditex.ee\\\/en\\\/#\\\/schema\\\/logo\\\/image\\\/\"},\"sameAs\":[\"https:\\\/\\\/www.facebook.com\\\/meditexepood\\\/\"]}]}<\/script>\n<!-- \/ Yoast SEO plugin. -->","yoast_head_json":{"title":"Tytex - Meditex","robots":{"index":"index","follow":"follow","max-snippet":"max-snippet:-1","max-image-preview":"max-image-preview:large","max-video-preview":"max-video-preview:-1"},"canonical":"https:\/\/meditex.ee\/fi\/?page_id=16376","og_locale":"fi_FI","og_type":"article","og_title":"Tytex - Meditex","og_description":"Tytexin tuotannossa k\u00e4ytetty teknologia Tytexi teknologia-alusta on keskittyi loimi- ja kudelankatekniikkaan. Tuloksena on puolivalmisteita ja vartaloon sopivia kankaita. N\u00e4it\u00e4 tekniikoita pyrit\u00e4\u00e4n parantamaan p\u00e4ivitt\u00e4in kaikissa tuotetuissa l\u00e4\u00e4ketieteellisiss\u00e4 tekstiileiss\u00e4, mik\u00e4 johtaa seuraaviin tuloksiin. ett\u00e4 kaikki yrityksen valikoimaan kuuluvat tuotteet t\u00e4ytt\u00e4v\u00e4t nelj\u00e4 avainsanaa:","og_url":"https:\/\/meditex.ee\/fi\/?page_id=16376","og_site_name":"Meditex","article_publisher":"https:\/\/www.facebook.com\/meditexepood\/","article_modified_time":"2023-07-31T09:48:19+00:00","twitter_card":"summary_large_image","twitter_misc":{"Arvioitu lukuaika":"2 minuuttia"},"schema":{"@context":"https:\/\/schema.org","@graph":[{"@type":"WebPage","@id":"https:\/\/meditex.ee\/fi\/?page_id=16376","url":"https:\/\/meditex.ee\/fi\/?page_id=16376","name":"Tytex - Meditex","isPartOf":{"@id":"https:\/\/meditex.ee\/en\/#website"},"datePublished":"2023-07-31T09:48:18+00:00","dateModified":"2023-07-31T09:48:19+00:00","breadcrumb":{"@id":"https:\/\/meditex.ee\/fi\/?page_id=16376#breadcrumb"},"inLanguage":"fi","potentialAction":[{"@type":"ReadAction","target":["https:\/\/meditex.ee\/fi\/?page_id=16376"]}]},{"@type":"BreadcrumbList","@id":"https:\/\/meditex.ee\/fi\/?page_id=16376#breadcrumb","itemListElement":[{"@type":"ListItem","position":1,"name":"Home","item":"https:\/\/meditex.ee\/fi\/"},{"@type":"ListItem","position":2,"name":"Tytex"}]},{"@type":"WebSite","@id":"https:\/\/meditex.ee\/en\/#website","url":"https:\/\/meditex.ee\/en\/","name":"Meditex","description":"","publisher":{"@id":"https:\/\/meditex.ee\/en\/#organization"},"potentialAction":[{"@type":"SearchAction","target":{"@type":"EntryPoint","urlTemplate":"https:\/\/meditex.ee\/en\/?s={search_term_string}"},"query-input":{"@type":"PropertyValueSpecification","valueRequired":true,"valueName":"search_term_string"}}],"inLanguage":"fi"},{"@type":"Organization","@id":"https:\/\/meditex.ee\/en\/#organization","name":"Meditex","url":"https:\/\/meditex.ee\/en\/","logo":{"@type":"ImageObject","inLanguage":"fi","@id":"https:\/\/meditex.ee\/en\/#\/schema\/logo\/image\/","url":"https:\/\/meditex.ee\/wp-content\/uploads\/2018\/03\/mdtx_logo.png","contentUrl":"https:\/\/meditex.ee\/wp-content\/uploads\/2018\/03\/mdtx_logo.png","width":669,"height":235,"caption":"Meditex"},"image":{"@id":"https:\/\/meditex.ee\/en\/#\/schema\/logo\/image\/"},"sameAs":["https:\/\/www.facebook.com\/meditexepood\/"]}]}},"_links":{"self":[{"href":"https:\/\/meditex.ee\/fi\/wp-json\/wp\/v2\/pages\/16376","targetHints":{"allow":["GET"]}}],"collection":[{"href":"https:\/\/meditex.ee\/fi\/wp-json\/wp\/v2\/pages"}],"about":[{"href":"https:\/\/meditex.ee\/fi\/wp-json\/wp\/v2\/types\/page"}],"author":[{"embeddable":true,"href":"https:\/\/meditex.ee\/fi\/wp-json\/wp\/v2\/users\/1"}],"replies":[{"embeddable":true,"href":"https:\/\/meditex.ee\/fi\/wp-json\/wp\/v2\/comments?post=16376"}],"version-history":[{"count":0,"href":"https:\/\/meditex.ee\/fi\/wp-json\/wp\/v2\/pages\/16376\/revisions"}],"wp:attachment":[{"href":"https:\/\/meditex.ee\/fi\/wp-json\/wp\/v2\/media?parent=16376"}],"curies":[{"name":"wp","href":"https:\/\/api.w.org\/{rel}","templated":true}]}}