{"id":10106,"date":"2020-03-06T11:47:15","date_gmt":"2020-03-06T11:47:15","guid":{"rendered":"https:\/\/meditex.ee\/?page_id=10106"},"modified":"2020-03-06T11:47:18","modified_gmt":"2020-03-06T11:47:18","slug":"nordicare","status":"publish","type":"page","link":"https:\/\/meditex.ee\/fi\/nordicare\/","title":{"rendered":"NordiCare"},"content":{"rendered":"\n\t<div id=\"gap-1589242152\" class=\"gap-element clearfix\" style=\"display:block; height:auto;\">\n\t\t\n<style>\n#gap-1589242152 {\n  padding-top: 30px;\n}\n<\/style>\n\t<\/div>\n\t\n\n<div class=\"row\"  id=\"row-955116724\">\n\n\n\t<div id=\"col-663806489\" class=\"col medium-6 small-12 large-6\"  >\n\t\t\t\t<div class=\"col-inner\"  >\n\t\t\t\n\t\t\t\n\n<p><img decoding=\"async\" class=\"alignnonewp-image-9962\" src=\"https:\/\/meditex.ee\/wp-content\/uploads\/2020\/03\/nordicare_logo.png\" alt=\"\" width=\"193\" height=\"61\"><\/p>\n<p class=\"Standard\" style=\"text-align: left;\"><span style=\"color: #000000;\"><span class=\"TextRun SCXW112992593 BCX0\" lang=\"FI\" xml:lang=\"FI\" data-contrast=\"auto\"><span class=\"SpellingError SCXW112992593 BCX0\" data-ccp-parastyle=\"Standard\">NordiCare<\/span><\/span><span class=\"TextRun SCXW112992593 BCX0\" lang=\"FI\" xml:lang=\"FI\" data-contrast=\"auto\"><span class=\"NormalTextRun SCXW112992593 BCX0\" data-ccp-parastyle=\"Standard\">&nbsp;on alan johtava ruotsalainen l\u00e4\u00e4keteknologia<\/span><\/span><span class=\"TextRun SCXW112992593 BCX0\" lang=\"FI\" xml:lang=\"FI\" data-contrast=\"auto\"><span class=\"NormalTextRun SCXW112992593 BCX0\" data-ccp-parastyle=\"Standard\">&#8211;<\/span><\/span><span class=\"TextRun SCXW112992593 BCX0\" lang=\"FI\" xml:lang=\"FI\" data-contrast=\"auto\"><span class=\"NormalTextRun SCXW112992593 BCX0\" data-ccp-parastyle=\"Standard\">alan yritys, jolla on asiakkaita terveydenhuollossa ja kuntoutuksessa<\/span><\/span><span class=\"TextRun SCXW112992593 BCX0\" lang=\"FI\" xml:lang=\"FI\" data-contrast=\"auto\"><span class=\"NormalTextRun SCXW112992593 BCX0\" data-ccp-parastyle=\"Standard\">&nbsp;koko&nbsp;<\/span><\/span><span class=\"TextRun SCXW112992593 BCX0\" lang=\"FI\" xml:lang=\"FI\" data-contrast=\"auto\"><span class=\"NormalTextRun SCXW112992593 BCX0\" data-ccp-parastyle=\"Standard\">Pohjoismai<\/span><\/span><span class=\"TextRun SCXW112992593 BCX0\" lang=\"FI\" xml:lang=\"FI\" data-contrast=\"auto\"><span class=\"NormalTextRun SCXW112992593 BCX0\" data-ccp-parastyle=\"Standard\">ssa<\/span><\/span><span class=\"TextRun SCXW112992593 BCX0\" lang=\"FI\" xml:lang=\"FI\" data-contrast=\"auto\"><span class=\"NormalTextRun SCXW112992593 BCX0\" data-ccp-parastyle=\"Standard\">. Suunnittelemme ja markkinoimme huolella valittuja tuotteita ja ratkaisuja. Visiomme on luoda tuotteita ja ratkaisuja, jotka tuovat lis\u00e4arvoa asiakkaillemme.<\/span><\/span><\/span><\/p>\n<p style=\"text-align: left;\"><strong><span style=\"color: #000000;\">Parempi terveystalous&nbsp;<\/span><\/strong><\/p>\n<p style=\"text-align: left;\"><span style=\"color: #000000;\">Nyky\u00e4\u00e4n terveydenhuollolla&nbsp;on kasvava haaste &#8211; l\u00f6yt\u00e4\u00e4 kustannustehokkaita ratkaisuja sek\u00e4 parempaan ett\u00e4 enemm\u00e4n aikaa s\u00e4\u00e4st\u00e4v\u00e4\u00e4n&nbsp;hoitoon&nbsp;ja kuntoutukseen. Ratkaisujen kehitt\u00e4minen t\u00e4h\u00e4n haasteeseen on yksi&nbsp;&nbsp;NordiCaren&nbsp;vahvimmista liikkeellepanevista voimista.&nbsp;<\/span><\/p>\n\n\t\t<\/div>\n\t\t\t\t\t<\/div>\n\n\t\n\n\t<div id=\"col-1977650793\" class=\"col medium-6 small-12 large-6\"  >\n\t\t\t\t<div class=\"col-inner\"  >\n\t\t\t\n\t\t\t\n\n\t<div class=\"img has-hover x md-x lg-x y md-y lg-y\" id=\"image_1964251542\">\n\t\t\t\t\t\t\t\t<div class=\"img-inner dark\" >\n\t\t\t<img decoding=\"async\" width=\"494\" height=\"386\" src=\"https:\/\/meditex.ee\/wp-content\/uploads\/2020\/03\/nordicare.jpg\" class=\"attachment-large size-large\" alt=\"\" \/>\t\t\t\t\t\t\n\t\t\t\t\t<\/div>\n\t\t\t\t\t\t\t\t\n<style>\n#image_1964251542 {\n  width: 100%;\n}\n<\/style>\n\t<\/div>\n\t\n\n\n\t\t<\/div>\n\t\t\t\t\t<\/div>\n\n\t\n\n<\/div>\n<div class=\"row\"  id=\"row-1990844062\">\n\n\n\t<div id=\"col-881913268\" class=\"col medium-5 small-12 large-5\"  >\n\t\t\t\t<div class=\"col-inner\"  >\n\t\t\t\n\t\t\t\n\n\t<div class=\"img has-hover x md-x lg-x y md-y lg-y\" id=\"image_163856803\">\n\t\t\t\t\t\t\t\t<div class=\"img-inner dark\" >\n\t\t\t<img decoding=\"async\" width=\"494\" height=\"303\" src=\"https:\/\/meditex.ee\/wp-content\/uploads\/2020\/03\/tooted.png\" class=\"attachment-large size-large\" alt=\"\" \/>\t\t\t\t\t\t\n\t\t\t\t\t<\/div>\n\t\t\t\t\t\t\t\t\n<style>\n#image_163856803 {\n  width: 80%;\n}\n<\/style>\n\t<\/div>\n\t\n\n\n\t\t<\/div>\n\t\t\t\t\t<\/div>\n\n\t\n\n\t<div id=\"col-255579518\" class=\"col medium-7 small-12 large-7\"  >\n\t\t\t\t<div class=\"col-inner\"  >\n\t\t\t\n\t\t\t\n\n<p style=\"text-align: left;\"><strong><span style=\"color: #000000;\">Ihmisl\u00e4ht\u00f6inen muotoilu&nbsp;<\/span><\/strong><\/p>\n<p style=\"text-align: left;\"><span style=\"color: #000000;\">Keskeinen osa&nbsp;NordiCaren&nbsp;tuotekehityst\u00e4 on&nbsp;toimivuus&nbsp;ja k\u00e4ytt\u00e4j\u00e4yst\u00e4v\u00e4llisyys &#8211; liikkeellepaneva voimamme on kehitt\u00e4\u00e4 toimivia tuotteita houkuttelevassa&nbsp;muotoilussa, joka helpottaa sek\u00e4 k\u00e4ytt\u00e4jien ett\u00e4 l\u00e4\u00e4ketieteen&nbsp;ammattilaisten&nbsp;arkea. Kutsumme sit\u00e4&nbsp;ihmisl\u00e4ht\u00f6iseksi muotoiluksi.&nbsp;<\/span><\/p>\n\n\t\t<\/div>\n\t\t\t\t\t<\/div>\n\n\t\n\n<\/div>\n<p style=\"text-align: left;\"><strong><span style=\"color: #000000;\">Huolellisesti valittu<\/span><\/strong><\/p>\n<p style=\"text-align: left;\"><span style=\"color: #000000;\">NordiCaren&nbsp;mallisto on kehitetty&nbsp;asiakkaiden tarpeiden&nbsp;mukaan. Voidaksemme tarjota parhaita ratkaisuja ja parasta laatua teemme yhteisty\u00f6t\u00e4 valittujen kansainv\u00e4lisesti johtavien materiaalivalmistajien kanssa. Valikoimaa kehitet\u00e4\u00e4n jatkuvasti, ja&nbsp;kumppanien valinta on v\u00e4hint\u00e4\u00e4n yht\u00e4 t\u00e4rke\u00e4\u00e4 kuin heid\u00e4n oma suunnittelu- ja kehitysty\u00f6ns\u00e4. Asiakkaiden tulee aina tuntea olonsa turvalliseksi&nbsp;NordiCaren&nbsp;tuotteiden&nbsp;&nbsp;valinnassa sek\u00e4 laadun, toiminnan ett\u00e4 ymp\u00e4rist\u00f6vaikutusten osalta. Kutsumme sit\u00e4 huolellisesti&nbsp;valituksi.<\/span><span data-ccp-props=\"{}\">&nbsp;<\/span><\/p>\n<div class=\"row\"  id=\"row-502449546\">\n\n\n\t<div id=\"col-1600537863\" class=\"col medium-6 small-12 large-6\"  >\n\t\t\t\t<div class=\"col-inner\"  >\n\t\t\t\n\t\t\t\n\n<p style=\"text-align: left;\"><strong><span style=\"color: #000000;\">Historia ja asiakkaat<\/span><\/strong><\/p>\n<p style=\"text-align: left;\"><span style=\"color: #000000;\">NordiCare&nbsp;on perustettu vuonna 2004 ja on suunnittelu- ja innovaatioyhti\u00f6n Carlia&nbsp;Consulting AB:n kokonaan omistama&nbsp;tyt\u00e4ryhti\u00f6. Yhti\u00f6t\u00e4 johtaa toimitusjohtaja Helena&nbsp;Peters, joka&nbsp;oli aktiivisena&nbsp;my\u00f6s Carlia&nbsp;Consulting AB:n&nbsp;perustamisessa&nbsp;vuonna&nbsp;1994.&nbsp;&nbsp;NordiCarella&nbsp;on nyky\u00e4\u00e4n&nbsp;hieman yli 2000 asiakasta, mukaan lukien julkiset yliopistosairaalat ja yksityiset terveydenhuollon tarjoajat kaikkialla Pohjoismaissa.&nbsp;<\/span><\/p>\n\n\t\t<\/div>\n\t\t\t\t\t<\/div>\n\n\t\n\n\t<div id=\"col-346879668\" class=\"col medium-6 small-12 large-6\"  >\n\t\t\t\t<div class=\"col-inner\"  >\n\t\t\t\n\t\t\t\n\n\t<div class=\"img has-hover x md-x lg-x y md-y lg-y\" id=\"image_1486999992\">\n\t\t\t\t\t\t\t\t<div class=\"img-inner dark\" >\n\t\t\t<img decoding=\"async\" width=\"1020\" height=\"377\" src=\"https:\/\/meditex.ee\/wp-content\/uploads\/2020\/03\/unnamed-1400x518.jpg\" class=\"attachment-large size-large\" alt=\"\" srcset=\"https:\/\/meditex.ee\/wp-content\/uploads\/2020\/03\/unnamed-1400x518.jpg 1400w, https:\/\/meditex.ee\/wp-content\/uploads\/2020\/03\/unnamed-510x189.jpg 510w, https:\/\/meditex.ee\/wp-content\/uploads\/2020\/03\/unnamed-800x296.jpg 800w, https:\/\/meditex.ee\/wp-content\/uploads\/2020\/03\/unnamed-768x284.jpg 768w, https:\/\/meditex.ee\/wp-content\/uploads\/2020\/03\/unnamed-600x222.jpg 600w, https:\/\/meditex.ee\/wp-content\/uploads\/2020\/03\/unnamed.jpg 1500w\" sizes=\"(max-width: 1020px) 100vw, 1020px\" \/>\t\t\t\t\t\t\n\t\t\t\t\t<\/div>\n\t\t\t\t\t\t\t\t\n<style>\n#image_1486999992 {\n  width: 100%;\n}\n<\/style>\n\t<\/div>\n\t\n\n\n\t\t<\/div>\n\t\t\t\t\t<\/div>\n\n\t\n\n<\/div>\n<p style=\"text-align: left;\"><span style=\"color: #000000;\"><strong>Ruotsin&nbsp;Medtechin&nbsp;j\u00e4sen<\/strong>&nbsp;<\/span><\/p>\n<p style=\"text-align: left;\"><span style=\"color: #000000;\">NordiCare&nbsp;on ollut ruotsalaisen&nbsp;Medtechin&nbsp;j\u00e4sen&nbsp;vuodesta 2015. Ruotsalainen&nbsp;Medtech&nbsp;on l\u00e4\u00e4ketieteen alan organisaatio ja&nbsp;sill\u00e4 on&nbsp;nyky\u00e4\u00e4n noin 170 j\u00e4senyrityst\u00e4, joiden osuus&nbsp;Ruotsin l\u00e4\u00e4ketieteellisen teknologian markkinoista on l\u00e4hes 90 prosenttia.&nbsp;<\/span><\/p>\n<p><img decoding=\"async\" class=\" wp-image-10096 alignright\" src=\"https:\/\/meditex.ee\/wp-content\/uploads\/2020\/03\/swedish_medtech_logo.png\" alt=\"\" width=\"152\" height=\"74\"><\/p>\n","protected":false},"excerpt":{"rendered":"<p>Huolellisesti valittu NordiCaren&nbsp;mallisto on kehitetty&nbsp;asiakkaiden tarpeiden&nbsp;mukaan. Voidaksemme tarjota parhaita ratkaisuja ja parasta laatua teemme yhteisty\u00f6t\u00e4 valittujen kansainv\u00e4lisesti johtavien materiaalivalmistajien kanssa. Valikoimaa kehitet\u00e4\u00e4n jatkuvasti, ja&nbsp;kumppanien valinta on v\u00e4hint\u00e4\u00e4n yht\u00e4 t\u00e4rke\u00e4\u00e4 kuin heid\u00e4n oma suunnittelu- ja kehitysty\u00f6ns\u00e4. Asiakkaiden tulee aina tuntea olonsa turvalliseksi&nbsp;NordiCaren&nbsp;tuotteiden&nbsp;&nbsp;valinnassa sek\u00e4 laadun, toiminnan ett\u00e4 ymp\u00e4rist\u00f6vaikutusten osalta. Kutsumme sit\u00e4 huolellisesti&nbsp;valituksi.&nbsp; Ruotsin&nbsp;Medtechin&nbsp;j\u00e4sen&nbsp; NordiCare&nbsp;on ollut ruotsalaisen&nbsp;Medtechin&nbsp;j\u00e4sen&nbsp;vuodesta 2015. [&#8230;]\n","protected":false},"author":1,"featured_media":0,"parent":0,"menu_order":0,"comment_status":"closed","ping_status":"closed","template":"","meta":{"footnotes":""},"class_list":["post-10106","page","type-page","status-publish","hentry"],"yoast_head":"<!-- This site is optimized with the Yoast SEO plugin v27.3 - https:\/\/yoast.com\/product\/yoast-seo-wordpress\/ -->\n<title>NordiCare - Meditex<\/title>\n<meta name=\"robots\" content=\"index, follow, max-snippet:-1, max-image-preview:large, max-video-preview:-1\" \/>\n<link rel=\"canonical\" href=\"https:\/\/meditex.ee\/fi\/nordicare\/\" \/>\n<meta property=\"og:locale\" content=\"fi_FI\" \/>\n<meta property=\"og:type\" content=\"article\" \/>\n<meta property=\"og:title\" content=\"NordiCare - Meditex\" \/>\n<meta property=\"og:description\" content=\"Huolellisesti valittu NordiCaren&nbsp;mallisto on kehitetty&nbsp;asiakkaiden tarpeiden&nbsp;mukaan. Voidaksemme tarjota parhaita ratkaisuja ja parasta laatua teemme yhteisty\u00f6t\u00e4 valittujen kansainv\u00e4lisesti johtavien materiaalivalmistajien kanssa. Valikoimaa kehitet\u00e4\u00e4n jatkuvasti, ja&nbsp;kumppanien valinta on v\u00e4hint\u00e4\u00e4n yht\u00e4 t\u00e4rke\u00e4\u00e4 kuin heid\u00e4n oma suunnittelu- ja kehitysty\u00f6ns\u00e4. Asiakkaiden tulee aina tuntea olonsa turvalliseksi&nbsp;NordiCaren&nbsp;tuotteiden&nbsp;&nbsp;valinnassa sek\u00e4 laadun, toiminnan ett\u00e4 ymp\u00e4rist\u00f6vaikutusten osalta. Kutsumme sit\u00e4 huolellisesti&nbsp;valituksi.&nbsp; Ruotsin&nbsp;Medtechin&nbsp;j\u00e4sen&nbsp; NordiCare&nbsp;on ollut ruotsalaisen&nbsp;Medtechin&nbsp;j\u00e4sen&nbsp;vuodesta 2015. [...]\" \/>\n<meta property=\"og:url\" content=\"https:\/\/meditex.ee\/fi\/nordicare\/\" \/>\n<meta property=\"og:site_name\" content=\"Meditex\" \/>\n<meta property=\"article:publisher\" content=\"https:\/\/www.facebook.com\/meditexepood\/\" \/>\n<meta property=\"article:modified_time\" content=\"2020-03-06T11:47:18+00:00\" \/>\n<meta property=\"og:image\" content=\"https:\/\/meditex.ee\/wp-content\/uploads\/2020\/03\/nordicare_logo.png\" \/>\n<meta name=\"twitter:card\" content=\"summary_large_image\" \/>\n<meta name=\"twitter:label1\" content=\"Arvioitu lukuaika\" \/>\n\t<meta name=\"twitter:data1\" content=\"2 minuuttia\" \/>\n<script type=\"application\/ld+json\" class=\"yoast-schema-graph\">{\"@context\":\"https:\\\/\\\/schema.org\",\"@graph\":[{\"@type\":\"WebPage\",\"@id\":\"https:\\\/\\\/meditex.ee\\\/fi\\\/nordicare\\\/\",\"url\":\"https:\\\/\\\/meditex.ee\\\/fi\\\/nordicare\\\/\",\"name\":\"NordiCare - Meditex\",\"isPartOf\":{\"@id\":\"https:\\\/\\\/meditex.ee\\\/en\\\/#website\"},\"primaryImageOfPage\":{\"@id\":\"https:\\\/\\\/meditex.ee\\\/fi\\\/nordicare\\\/#primaryimage\"},\"image\":{\"@id\":\"https:\\\/\\\/meditex.ee\\\/fi\\\/nordicare\\\/#primaryimage\"},\"thumbnailUrl\":\"https:\\\/\\\/meditex.ee\\\/wp-content\\\/uploads\\\/2020\\\/03\\\/nordicare_logo.png\",\"datePublished\":\"2020-03-06T11:47:15+00:00\",\"dateModified\":\"2020-03-06T11:47:18+00:00\",\"breadcrumb\":{\"@id\":\"https:\\\/\\\/meditex.ee\\\/fi\\\/nordicare\\\/#breadcrumb\"},\"inLanguage\":\"fi\",\"potentialAction\":[{\"@type\":\"ReadAction\",\"target\":[\"https:\\\/\\\/meditex.ee\\\/fi\\\/nordicare\\\/\"]}]},{\"@type\":\"ImageObject\",\"inLanguage\":\"fi\",\"@id\":\"https:\\\/\\\/meditex.ee\\\/fi\\\/nordicare\\\/#primaryimage\",\"url\":\"https:\\\/\\\/meditex.ee\\\/wp-content\\\/uploads\\\/2020\\\/03\\\/nordicare_logo.png\",\"contentUrl\":\"https:\\\/\\\/meditex.ee\\\/wp-content\\\/uploads\\\/2020\\\/03\\\/nordicare_logo.png\"},{\"@type\":\"BreadcrumbList\",\"@id\":\"https:\\\/\\\/meditex.ee\\\/fi\\\/nordicare\\\/#breadcrumb\",\"itemListElement\":[{\"@type\":\"ListItem\",\"position\":1,\"name\":\"Home\",\"item\":\"https:\\\/\\\/meditex.ee\\\/fi\\\/\"},{\"@type\":\"ListItem\",\"position\":2,\"name\":\"NordiCare\"}]},{\"@type\":\"WebSite\",\"@id\":\"https:\\\/\\\/meditex.ee\\\/en\\\/#website\",\"url\":\"https:\\\/\\\/meditex.ee\\\/en\\\/\",\"name\":\"Meditex\",\"description\":\"\",\"publisher\":{\"@id\":\"https:\\\/\\\/meditex.ee\\\/en\\\/#organization\"},\"potentialAction\":[{\"@type\":\"SearchAction\",\"target\":{\"@type\":\"EntryPoint\",\"urlTemplate\":\"https:\\\/\\\/meditex.ee\\\/en\\\/?s={search_term_string}\"},\"query-input\":{\"@type\":\"PropertyValueSpecification\",\"valueRequired\":true,\"valueName\":\"search_term_string\"}}],\"inLanguage\":\"fi\"},{\"@type\":\"Organization\",\"@id\":\"https:\\\/\\\/meditex.ee\\\/en\\\/#organization\",\"name\":\"Meditex\",\"url\":\"https:\\\/\\\/meditex.ee\\\/en\\\/\",\"logo\":{\"@type\":\"ImageObject\",\"inLanguage\":\"fi\",\"@id\":\"https:\\\/\\\/meditex.ee\\\/en\\\/#\\\/schema\\\/logo\\\/image\\\/\",\"url\":\"https:\\\/\\\/meditex.ee\\\/wp-content\\\/uploads\\\/2018\\\/03\\\/mdtx_logo.png\",\"contentUrl\":\"https:\\\/\\\/meditex.ee\\\/wp-content\\\/uploads\\\/2018\\\/03\\\/mdtx_logo.png\",\"width\":669,\"height\":235,\"caption\":\"Meditex\"},\"image\":{\"@id\":\"https:\\\/\\\/meditex.ee\\\/en\\\/#\\\/schema\\\/logo\\\/image\\\/\"},\"sameAs\":[\"https:\\\/\\\/www.facebook.com\\\/meditexepood\\\/\"]}]}<\/script>\n<!-- \/ Yoast SEO plugin. -->","yoast_head_json":{"title":"NordiCare - Meditex","robots":{"index":"index","follow":"follow","max-snippet":"max-snippet:-1","max-image-preview":"max-image-preview:large","max-video-preview":"max-video-preview:-1"},"canonical":"https:\/\/meditex.ee\/fi\/nordicare\/","og_locale":"fi_FI","og_type":"article","og_title":"NordiCare - Meditex","og_description":"Huolellisesti valittu NordiCaren&nbsp;mallisto on kehitetty&nbsp;asiakkaiden tarpeiden&nbsp;mukaan. Voidaksemme tarjota parhaita ratkaisuja ja parasta laatua teemme yhteisty\u00f6t\u00e4 valittujen kansainv\u00e4lisesti johtavien materiaalivalmistajien kanssa. Valikoimaa kehitet\u00e4\u00e4n jatkuvasti, ja&nbsp;kumppanien valinta on v\u00e4hint\u00e4\u00e4n yht\u00e4 t\u00e4rke\u00e4\u00e4 kuin heid\u00e4n oma suunnittelu- ja kehitysty\u00f6ns\u00e4. Asiakkaiden tulee aina tuntea olonsa turvalliseksi&nbsp;NordiCaren&nbsp;tuotteiden&nbsp;&nbsp;valinnassa sek\u00e4 laadun, toiminnan ett\u00e4 ymp\u00e4rist\u00f6vaikutusten osalta. Kutsumme sit\u00e4 huolellisesti&nbsp;valituksi.&nbsp; Ruotsin&nbsp;Medtechin&nbsp;j\u00e4sen&nbsp; NordiCare&nbsp;on ollut ruotsalaisen&nbsp;Medtechin&nbsp;j\u00e4sen&nbsp;vuodesta 2015. [...]","og_url":"https:\/\/meditex.ee\/fi\/nordicare\/","og_site_name":"Meditex","article_publisher":"https:\/\/www.facebook.com\/meditexepood\/","article_modified_time":"2020-03-06T11:47:18+00:00","og_image":[{"url":"https:\/\/meditex.ee\/wp-content\/uploads\/2020\/03\/nordicare_logo.png","type":"","width":"","height":""}],"twitter_card":"summary_large_image","twitter_misc":{"Arvioitu lukuaika":"2 minuuttia"},"schema":{"@context":"https:\/\/schema.org","@graph":[{"@type":"WebPage","@id":"https:\/\/meditex.ee\/fi\/nordicare\/","url":"https:\/\/meditex.ee\/fi\/nordicare\/","name":"NordiCare - Meditex","isPartOf":{"@id":"https:\/\/meditex.ee\/en\/#website"},"primaryImageOfPage":{"@id":"https:\/\/meditex.ee\/fi\/nordicare\/#primaryimage"},"image":{"@id":"https:\/\/meditex.ee\/fi\/nordicare\/#primaryimage"},"thumbnailUrl":"https:\/\/meditex.ee\/wp-content\/uploads\/2020\/03\/nordicare_logo.png","datePublished":"2020-03-06T11:47:15+00:00","dateModified":"2020-03-06T11:47:18+00:00","breadcrumb":{"@id":"https:\/\/meditex.ee\/fi\/nordicare\/#breadcrumb"},"inLanguage":"fi","potentialAction":[{"@type":"ReadAction","target":["https:\/\/meditex.ee\/fi\/nordicare\/"]}]},{"@type":"ImageObject","inLanguage":"fi","@id":"https:\/\/meditex.ee\/fi\/nordicare\/#primaryimage","url":"https:\/\/meditex.ee\/wp-content\/uploads\/2020\/03\/nordicare_logo.png","contentUrl":"https:\/\/meditex.ee\/wp-content\/uploads\/2020\/03\/nordicare_logo.png"},{"@type":"BreadcrumbList","@id":"https:\/\/meditex.ee\/fi\/nordicare\/#breadcrumb","itemListElement":[{"@type":"ListItem","position":1,"name":"Home","item":"https:\/\/meditex.ee\/fi\/"},{"@type":"ListItem","position":2,"name":"NordiCare"}]},{"@type":"WebSite","@id":"https:\/\/meditex.ee\/en\/#website","url":"https:\/\/meditex.ee\/en\/","name":"Meditex","description":"","publisher":{"@id":"https:\/\/meditex.ee\/en\/#organization"},"potentialAction":[{"@type":"SearchAction","target":{"@type":"EntryPoint","urlTemplate":"https:\/\/meditex.ee\/en\/?s={search_term_string}"},"query-input":{"@type":"PropertyValueSpecification","valueRequired":true,"valueName":"search_term_string"}}],"inLanguage":"fi"},{"@type":"Organization","@id":"https:\/\/meditex.ee\/en\/#organization","name":"Meditex","url":"https:\/\/meditex.ee\/en\/","logo":{"@type":"ImageObject","inLanguage":"fi","@id":"https:\/\/meditex.ee\/en\/#\/schema\/logo\/image\/","url":"https:\/\/meditex.ee\/wp-content\/uploads\/2018\/03\/mdtx_logo.png","contentUrl":"https:\/\/meditex.ee\/wp-content\/uploads\/2018\/03\/mdtx_logo.png","width":669,"height":235,"caption":"Meditex"},"image":{"@id":"https:\/\/meditex.ee\/en\/#\/schema\/logo\/image\/"},"sameAs":["https:\/\/www.facebook.com\/meditexepood\/"]}]}},"_links":{"self":[{"href":"https:\/\/meditex.ee\/fi\/wp-json\/wp\/v2\/pages\/10106","targetHints":{"allow":["GET"]}}],"collection":[{"href":"https:\/\/meditex.ee\/fi\/wp-json\/wp\/v2\/pages"}],"about":[{"href":"https:\/\/meditex.ee\/fi\/wp-json\/wp\/v2\/types\/page"}],"author":[{"embeddable":true,"href":"https:\/\/meditex.ee\/fi\/wp-json\/wp\/v2\/users\/1"}],"replies":[{"embeddable":true,"href":"https:\/\/meditex.ee\/fi\/wp-json\/wp\/v2\/comments?post=10106"}],"version-history":[{"count":0,"href":"https:\/\/meditex.ee\/fi\/wp-json\/wp\/v2\/pages\/10106\/revisions"}],"wp:attachment":[{"href":"https:\/\/meditex.ee\/fi\/wp-json\/wp\/v2\/media?parent=10106"}],"curies":[{"name":"wp","href":"https:\/\/api.w.org\/{rel}","templated":true}]}}