{"id":17360,"date":"2023-10-03T08:22:57","date_gmt":"2023-10-03T08:22:57","guid":{"rendered":"https:\/\/meditex.ee\/?post_type=product&#038;p=17360"},"modified":"2023-10-18T11:18:58","modified_gmt":"2023-10-18T11:18:58","slug":"corsinel-belt-with-panel","status":"publish","type":"product","link":"https:\/\/meditex.ee\/en\/product\/corsinel-belt-with-panel\/","title":{"rendered":"Corsinel belt with panel"},"content":{"rendered":"<div class=\"row row-small align-bottom\"  id=\"row-87775252\">\n\n\t<div id=\"col-1624215101\" class=\"col medium-6 small-12 large-6\"  >\n\t\t\t\t<div class=\"col-inner\"  >\n\t\t\t\n\t\t\t\n\t<div class=\"img has-hover x md-x lg-x y md-y lg-y\" id=\"image_608605590\">\n\t\t\t\t\t\t\t\t<div class=\"img-inner dark\" >\n\t\t\t<img decoding=\"async\" width=\"320\" height=\"320\" src=\"https:\/\/meditex.ee\/wp-content\/uploads\/2023\/04\/Maximum-Support-Icon.webp\" class=\"attachment-large size-large\" alt=\"maksimaalne tugi\" srcset=\"https:\/\/meditex.ee\/wp-content\/uploads\/2023\/04\/Maximum-Support-Icon.webp 320w, https:\/\/meditex.ee\/wp-content\/uploads\/2023\/04\/Maximum-Support-Icon-100x100.webp 100w, https:\/\/meditex.ee\/wp-content\/uploads\/2023\/04\/Maximum-Support-Icon-280x280.webp 280w\" sizes=\"(max-width: 320px) 100vw, 320px\" \/>\t\t\t\t\t\t\n\t\t\t\t\t<\/div>\n\t\t\t\t\t\t\t\t\n<style>\n#image_608605590 {\n  width: 30%;\n}\n<\/style>\n\t<\/div>\n\t\n\t\t<\/div>\n\t\t\t\t\t<\/div>\n\n\t\n\n\t<div id=\"col-251846896\" class=\"col medium-6 small-12 large-6\"  >\n\t\t\t\t<div class=\"col-inner text-right\"  >\n\t\t\t\n\t\t\t\n\t<div class=\"img has-hover x md-x lg-x y md-y lg-y\" id=\"image_1113294912\">\n\t\t\t\t\t\t\t\t<div class=\"img-inner dark\" >\n\t\t\t<img decoding=\"async\" width=\"1000\" height=\"285\" src=\"https:\/\/meditex.ee\/wp-content\/uploads\/2023\/04\/logo_86_11zon.jpg\" class=\"attachment-large size-large\" alt=\"\" srcset=\"https:\/\/meditex.ee\/wp-content\/uploads\/2023\/04\/logo_86_11zon.jpg 1000w, https:\/\/meditex.ee\/wp-content\/uploads\/2023\/04\/logo_86_11zon-510x145.jpg 510w, https:\/\/meditex.ee\/wp-content\/uploads\/2023\/04\/logo_86_11zon-800x228.jpg 800w, https:\/\/meditex.ee\/wp-content\/uploads\/2023\/04\/logo_86_11zon-768x219.jpg 768w\" sizes=\"(max-width: 1000px) 100vw, 1000px\" \/>\t\t\t\t\t\t\n\t\t\t\t\t<\/div>\n\t\t\t\t\t\t\t\t\n<style>\n#image_1113294912 {\n  width: 100%;\n}\n<\/style>\n\t<\/div>\n\t\n\t\t<\/div>\n\t\t\t\t\t<\/div>\n\n\t\n<\/div>\n<h3 style=\"text-align: left;\" data-fontsize=\"16\" data-lineheight=\"19\"><span style=\"color: #000000;\"><strong>Corsinel belt with panel, maximum support<\/strong><\/span><\/h3>\n<p><strong>Indication:<\/strong> Medical device providing compression to a parastomal hernia, enabling the user to cut a hole for a stoma pouch<\/p>\n<p><strong>Unique features:<\/strong><\/p>\n<ul>\n<li>Maximum support for hernia management<\/li>\n<li>The uniquely designed front panel offers the opportunity to cut a hole to fit the individual stoma pouch, while maintaining controlled compression of a parastomal hernia<\/li>\n<li>Offers discretion and relief from dragging sensation, assisting mobility<\/li>\n<li>Soft, seamless and breathable material for optimum comfort<\/li>\n<li>Air, moisture permeable and skin-friendly material<\/li>\n<li>Silicone anti-roll pattern at the top and bottom band prevents the belt from rolling<\/li>\n<li>Cutting template included<\/li>\n<li>Velcro adjustable front closure<\/li>\n<li>Height is 21.5 &#8211; 28 cm depending on size<\/li>\n<\/ul>\n\t<div id=\"gap-619818795\" class=\"gap-element clearfix\" style=\"display:block; height:auto;\">\n\t\t\n<style>\n#gap-619818795 {\n  padding-top: 30px;\n}\n<\/style>\n\t<\/div>\n\t\n<div class=\"row\"  id=\"row-2138722667\">\n\n\t<div id=\"col-1121189178\" class=\"col small-12 large-12\"  >\n\t\t\t\t<div class=\"col-inner\"  >\n\t\t\t\n\t\t\t\n<p style=\"text-align: left;\"><strong>Material:<\/strong> 50% polyamide, 50% elasthane<\/p>\n<p style=\"text-align: left;\"><strong>Sizes:<\/strong><\/p>\n\t\t<\/div>\n\t\t\t\t\t<\/div>\n\n\t\n<\/div>\n<div class=\"row\"  id=\"row-1018456221\">\n\n\t<div id=\"col-1362392989\" class=\"col medium-6 small-12 large-6\"  >\n\t\t\t\t<div class=\"col-inner\"  >\n\t\t\t\n\t\t\t\n\t<div class=\"img has-hover x md-x lg-x y md-y lg-y\" id=\"image_884230983\">\n\t\t\t\t\t\t\t\t<div class=\"img-inner dark\" >\n\t\t\t<img decoding=\"async\" width=\"583\" height=\"427\" src=\"https:\/\/meditex.ee\/wp-content\/uploads\/2023\/10\/belt-with-panel.webp\" class=\"attachment-large size-large\" alt=\"\" srcset=\"https:\/\/meditex.ee\/wp-content\/uploads\/2023\/10\/belt-with-panel.webp 583w, https:\/\/meditex.ee\/wp-content\/uploads\/2023\/10\/belt-with-panel-546x400.webp 546w, https:\/\/meditex.ee\/wp-content\/uploads\/2023\/10\/belt-with-panel-510x374.webp 510w\" sizes=\"(max-width: 583px) 100vw, 583px\" \/>\t\t\t\t\t\t\n\t\t\t\t\t<\/div>\n\t\t\t\t\t\t\t\t\n<style>\n#image_884230983 {\n  width: 80%;\n}\n<\/style>\n\t<\/div>\n\t\n\t\t<\/div>\n\t\t\t\t\t<\/div>\n\n\t\n\n\t<div id=\"col-1372360337\" class=\"col medium-5 small-12 large-5\"  >\n\t\t\t\t<div class=\"col-inner\"  >\n\t\t\t\n\t\t\t\n\t<div class=\"img has-hover x md-x lg-x y md-y lg-y\" id=\"image_745299622\">\n\t\t\t\t\t\t\t\t<div class=\"img-inner dark\" >\n\t\t\t<img decoding=\"async\" width=\"480\" height=\"300\" src=\"https:\/\/meditex.ee\/wp-content\/uploads\/2023\/05\/Corsinel_Measuring-waitline_.webp\" class=\"attachment-large size-large\" alt=\"\" \/>\t\t\t\t\t\t\n\t\t\t\t\t<\/div>\n\t\t\t\t\t\t\t\t\n<style>\n#image_745299622 {\n  width: 100%;\n}\n<\/style>\n\t<\/div>\n\t\n<p style=\"text-align: left;\"><span style=\"color: #000000;\">NB! Always measure yourself to find the right size.<\/span><\/p>\n\t\t<\/div>\n\t\t\t\t\t<\/div>\n\n\t\n\n\t<div id=\"col-527968889\" class=\"col medium-4 small-12 large-4\"  >\n\t\t\t\t<div class=\"col-inner\"  >\n\t\t\t\n\t\t\t\n\t\t<\/div>\n\t\t\t\t\t<\/div>\n\n\t\n<\/div>\n<div class=\"row\"  id=\"row-1216348142\">\n\n\t<div id=\"col-1933794191\" class=\"col medium-4 small-12 large-4\"  >\n\t\t\t\t<div class=\"col-inner\"  >\n\t\t\t\n\t\t\t\n<p>Care instructions:<\/p>\n\t<div class=\"img has-hover x md-x lg-x y md-y lg-y\" id=\"image_1725968370\">\n\t\t\t\t\t\t\t\t<div class=\"img-inner dark\" >\n\t\t\t<img decoding=\"async\" width=\"800\" height=\"200\" src=\"https:\/\/meditex.ee\/wp-content\/uploads\/2023\/04\/hooldus_11zon.jpg\" class=\"attachment-large size-large\" alt=\"\" srcset=\"https:\/\/meditex.ee\/wp-content\/uploads\/2023\/04\/hooldus_11zon.jpg 800w, https:\/\/meditex.ee\/wp-content\/uploads\/2023\/04\/hooldus_11zon-510x128.jpg 510w, https:\/\/meditex.ee\/wp-content\/uploads\/2023\/04\/hooldus_11zon-768x192.jpg 768w\" sizes=\"(max-width: 800px) 100vw, 800px\" \/>\t\t\t\t\t\t\n\t\t\t\t\t<\/div>\n\t\t\t\t\t\t\t\t\n<style>\n#image_1725968370 {\n  width: 100%;\n}\n<\/style>\n\t<\/div>\n\t\n\t\t<\/div>\n\t\t\t\t\t<\/div>\n\n\t\n<\/div>\n<div class=\"is-divider divider clearfix\" style=\"max-width:1100px;height:1px;background-color:rgb(0, 0, 0);\"><\/div>\n<p data-fontsize=\"16\" data-lineheight=\"19\">Read more about the Corsinel <a href=\"https:\/\/meditex.ee\/en\/corsinel\/\">https:\/\/meditex.ee\/en\/corsinel\/<\/a><\/p>\n<p data-fontsize=\"16\" data-lineheight=\"19\">Information on producer`s website <a href=\"https:\/\/tinyurl.com\/ww4aeda4\">https:\/\/tinyurl.com\/ww4aeda4<\/a><\/p>\n","protected":false},"excerpt":{"rendered":"<p style=\"text-align: left;\"><span style=\"font-size: 75%; color: #000000;\">Maksimaalse toega stoomiv\u00f6\u00f6 ava v\u00f5imalusega.<\/span><\/p>\n","protected":false},"featured_media":17417,"template":"","meta":[],"product_brand":[],"product_cat":[134],"product_tag":[120,122],"class_list":{"0":"post-17360","1":"product","2":"type-product","3":"status-publish","4":"has-post-thumbnail","6":"product_cat-ostomy-and-hernia-belts-and-tubes","7":"product_tag-corsinel-en","8":"product_tag-maximum-support","10":"first","11":"instock","12":"taxable","13":"shipping-taxable","14":"purchasable","15":"product-type-variable"},"yoast_head":"<!-- This site is optimized with the Yoast SEO plugin v27.3 - https:\/\/yoast.com\/product\/yoast-seo-wordpress\/ -->\n<title>Corsinel belt with panel, maximum support<\/title>\n<meta name=\"description\" content=\"Corsinel belt with panel is medical device providing compression to a parastomal hernia, enabling the user to cut a hole for a stoma pouch.\" \/>\n<meta name=\"robots\" content=\"index, follow, max-snippet:-1, max-image-preview:large, max-video-preview:-1\" \/>\n<link rel=\"canonical\" href=\"https:\/\/meditex.ee\/en\/product\/corsinel-belt-with-panel\/\" \/>\n<meta property=\"og:locale\" content=\"en_US\" \/>\n<meta property=\"og:type\" content=\"article\" \/>\n<meta property=\"og:title\" content=\"Corsinel belt with panel, maximum support\" \/>\n<meta property=\"og:description\" content=\"Corsinel belt with panel is medical device providing compression to a parastomal hernia, enabling the user to cut a hole for a stoma pouch.\" \/>\n<meta property=\"og:url\" content=\"https:\/\/meditex.ee\/en\/product\/corsinel-belt-with-panel\/\" \/>\n<meta property=\"og:site_name\" content=\"Meditex\" \/>\n<meta property=\"article:publisher\" content=\"https:\/\/www.facebook.com\/meditexepood\/\" \/>\n<meta property=\"article:modified_time\" content=\"2023-10-18T11:18:58+00:00\" \/>\n<meta property=\"og:image\" content=\"https:\/\/meditex.ee\/wp-content\/uploads\/2023\/10\/3412_PANEL_FRONT.webp\" \/>\n\t<meta property=\"og:image:width\" content=\"2480\" \/>\n\t<meta property=\"og:image:height\" content=\"2480\" \/>\n\t<meta property=\"og:image:type\" content=\"image\/webp\" \/>\n<meta name=\"twitter:card\" content=\"summary_large_image\" \/>\n<meta name=\"twitter:label1\" content=\"Est. reading time\" \/>\n\t<meta name=\"twitter:data1\" content=\"2 minutes\" \/>\n<script type=\"application\/ld+json\" class=\"yoast-schema-graph\">{\"@context\":\"https:\\\/\\\/schema.org\",\"@graph\":[{\"@type\":\"WebPage\",\"@id\":\"https:\\\/\\\/meditex.ee\\\/en\\\/product\\\/corsinel-belt-with-panel\\\/\",\"url\":\"https:\\\/\\\/meditex.ee\\\/en\\\/product\\\/corsinel-belt-with-panel\\\/\",\"name\":\"Corsinel belt with panel, maximum support\",\"isPartOf\":{\"@id\":\"https:\\\/\\\/meditex.ee\\\/en\\\/#website\"},\"primaryImageOfPage\":{\"@id\":\"https:\\\/\\\/meditex.ee\\\/en\\\/product\\\/corsinel-belt-with-panel\\\/#primaryimage\"},\"image\":{\"@id\":\"https:\\\/\\\/meditex.ee\\\/en\\\/product\\\/corsinel-belt-with-panel\\\/#primaryimage\"},\"thumbnailUrl\":\"https:\\\/\\\/meditex.ee\\\/wp-content\\\/uploads\\\/2023\\\/10\\\/3412_PANEL_FRONT.webp\",\"datePublished\":\"2023-10-03T08:22:57+00:00\",\"dateModified\":\"2023-10-18T11:18:58+00:00\",\"description\":\"Corsinel belt with panel is medical device providing compression to a parastomal hernia, enabling the user to cut a hole for a stoma pouch.\",\"breadcrumb\":{\"@id\":\"https:\\\/\\\/meditex.ee\\\/en\\\/product\\\/corsinel-belt-with-panel\\\/#breadcrumb\"},\"inLanguage\":\"en-US\",\"potentialAction\":[{\"@type\":\"ReadAction\",\"target\":[\"https:\\\/\\\/meditex.ee\\\/en\\\/product\\\/corsinel-belt-with-panel\\\/\"]}]},{\"@type\":\"ImageObject\",\"inLanguage\":\"en-US\",\"@id\":\"https:\\\/\\\/meditex.ee\\\/en\\\/product\\\/corsinel-belt-with-panel\\\/#primaryimage\",\"url\":\"https:\\\/\\\/meditex.ee\\\/wp-content\\\/uploads\\\/2023\\\/10\\\/3412_PANEL_FRONT.webp\",\"contentUrl\":\"https:\\\/\\\/meditex.ee\\\/wp-content\\\/uploads\\\/2023\\\/10\\\/3412_PANEL_FRONT.webp\",\"width\":2480,\"height\":2480},{\"@type\":\"BreadcrumbList\",\"@id\":\"https:\\\/\\\/meditex.ee\\\/en\\\/product\\\/corsinel-belt-with-panel\\\/#breadcrumb\",\"itemListElement\":[{\"@type\":\"ListItem\",\"position\":1,\"name\":\"Home\",\"item\":\"https:\\\/\\\/meditex.ee\\\/en\\\/\"},{\"@type\":\"ListItem\",\"position\":2,\"name\":\"Shop\",\"item\":\"https:\\\/\\\/meditex.ee\\\/en\\\/shop\\\/\"},{\"@type\":\"ListItem\",\"position\":3,\"name\":\"Corsinel belt with panel\"}]},{\"@type\":\"WebSite\",\"@id\":\"https:\\\/\\\/meditex.ee\\\/en\\\/#website\",\"url\":\"https:\\\/\\\/meditex.ee\\\/en\\\/\",\"name\":\"Meditex\",\"description\":\"\",\"publisher\":{\"@id\":\"https:\\\/\\\/meditex.ee\\\/en\\\/#organization\"},\"potentialAction\":[{\"@type\":\"SearchAction\",\"target\":{\"@type\":\"EntryPoint\",\"urlTemplate\":\"https:\\\/\\\/meditex.ee\\\/en\\\/?s={search_term_string}\"},\"query-input\":{\"@type\":\"PropertyValueSpecification\",\"valueRequired\":true,\"valueName\":\"search_term_string\"}}],\"inLanguage\":\"en-US\"},{\"@type\":\"Organization\",\"@id\":\"https:\\\/\\\/meditex.ee\\\/en\\\/#organization\",\"name\":\"Meditex\",\"url\":\"https:\\\/\\\/meditex.ee\\\/en\\\/\",\"logo\":{\"@type\":\"ImageObject\",\"inLanguage\":\"en-US\",\"@id\":\"https:\\\/\\\/meditex.ee\\\/en\\\/#\\\/schema\\\/logo\\\/image\\\/\",\"url\":\"https:\\\/\\\/meditex.ee\\\/wp-content\\\/uploads\\\/2018\\\/03\\\/mdtx_logo.png\",\"contentUrl\":\"https:\\\/\\\/meditex.ee\\\/wp-content\\\/uploads\\\/2018\\\/03\\\/mdtx_logo.png\",\"width\":669,\"height\":235,\"caption\":\"Meditex\"},\"image\":{\"@id\":\"https:\\\/\\\/meditex.ee\\\/en\\\/#\\\/schema\\\/logo\\\/image\\\/\"},\"sameAs\":[\"https:\\\/\\\/www.facebook.com\\\/meditexepood\\\/\"]}]}<\/script>\n<!-- \/ Yoast SEO plugin. -->","yoast_head_json":{"title":"Corsinel belt with panel, maximum support","description":"Corsinel belt with panel is medical device providing compression to a parastomal hernia, enabling the user to cut a hole for a stoma pouch.","robots":{"index":"index","follow":"follow","max-snippet":"max-snippet:-1","max-image-preview":"max-image-preview:large","max-video-preview":"max-video-preview:-1"},"canonical":"https:\/\/meditex.ee\/en\/product\/corsinel-belt-with-panel\/","og_locale":"en_US","og_type":"article","og_title":"Corsinel belt with panel, maximum support","og_description":"Corsinel belt with panel is medical device providing compression to a parastomal hernia, enabling the user to cut a hole for a stoma pouch.","og_url":"https:\/\/meditex.ee\/en\/product\/corsinel-belt-with-panel\/","og_site_name":"Meditex","article_publisher":"https:\/\/www.facebook.com\/meditexepood\/","article_modified_time":"2023-10-18T11:18:58+00:00","og_image":[{"width":2480,"height":2480,"url":"https:\/\/meditex.ee\/wp-content\/uploads\/2023\/10\/3412_PANEL_FRONT.webp","type":"image\/webp"}],"twitter_card":"summary_large_image","twitter_misc":{"Est. reading time":"2 minutes"},"schema":{"@context":"https:\/\/schema.org","@graph":[{"@type":"WebPage","@id":"https:\/\/meditex.ee\/en\/product\/corsinel-belt-with-panel\/","url":"https:\/\/meditex.ee\/en\/product\/corsinel-belt-with-panel\/","name":"Corsinel belt with panel, maximum support","isPartOf":{"@id":"https:\/\/meditex.ee\/en\/#website"},"primaryImageOfPage":{"@id":"https:\/\/meditex.ee\/en\/product\/corsinel-belt-with-panel\/#primaryimage"},"image":{"@id":"https:\/\/meditex.ee\/en\/product\/corsinel-belt-with-panel\/#primaryimage"},"thumbnailUrl":"https:\/\/meditex.ee\/wp-content\/uploads\/2023\/10\/3412_PANEL_FRONT.webp","datePublished":"2023-10-03T08:22:57+00:00","dateModified":"2023-10-18T11:18:58+00:00","description":"Corsinel belt with panel is medical device providing compression to a parastomal hernia, enabling the user to cut a hole for a stoma pouch.","breadcrumb":{"@id":"https:\/\/meditex.ee\/en\/product\/corsinel-belt-with-panel\/#breadcrumb"},"inLanguage":"en-US","potentialAction":[{"@type":"ReadAction","target":["https:\/\/meditex.ee\/en\/product\/corsinel-belt-with-panel\/"]}]},{"@type":"ImageObject","inLanguage":"en-US","@id":"https:\/\/meditex.ee\/en\/product\/corsinel-belt-with-panel\/#primaryimage","url":"https:\/\/meditex.ee\/wp-content\/uploads\/2023\/10\/3412_PANEL_FRONT.webp","contentUrl":"https:\/\/meditex.ee\/wp-content\/uploads\/2023\/10\/3412_PANEL_FRONT.webp","width":2480,"height":2480},{"@type":"BreadcrumbList","@id":"https:\/\/meditex.ee\/en\/product\/corsinel-belt-with-panel\/#breadcrumb","itemListElement":[{"@type":"ListItem","position":1,"name":"Home","item":"https:\/\/meditex.ee\/en\/"},{"@type":"ListItem","position":2,"name":"Shop","item":"https:\/\/meditex.ee\/en\/shop\/"},{"@type":"ListItem","position":3,"name":"Corsinel belt with panel"}]},{"@type":"WebSite","@id":"https:\/\/meditex.ee\/en\/#website","url":"https:\/\/meditex.ee\/en\/","name":"Meditex","description":"","publisher":{"@id":"https:\/\/meditex.ee\/en\/#organization"},"potentialAction":[{"@type":"SearchAction","target":{"@type":"EntryPoint","urlTemplate":"https:\/\/meditex.ee\/en\/?s={search_term_string}"},"query-input":{"@type":"PropertyValueSpecification","valueRequired":true,"valueName":"search_term_string"}}],"inLanguage":"en-US"},{"@type":"Organization","@id":"https:\/\/meditex.ee\/en\/#organization","name":"Meditex","url":"https:\/\/meditex.ee\/en\/","logo":{"@type":"ImageObject","inLanguage":"en-US","@id":"https:\/\/meditex.ee\/en\/#\/schema\/logo\/image\/","url":"https:\/\/meditex.ee\/wp-content\/uploads\/2018\/03\/mdtx_logo.png","contentUrl":"https:\/\/meditex.ee\/wp-content\/uploads\/2018\/03\/mdtx_logo.png","width":669,"height":235,"caption":"Meditex"},"image":{"@id":"https:\/\/meditex.ee\/en\/#\/schema\/logo\/image\/"},"sameAs":["https:\/\/www.facebook.com\/meditexepood\/"]}]}},"_links":{"self":[{"href":"https:\/\/meditex.ee\/en\/wp-json\/wp\/v2\/product\/17360","targetHints":{"allow":["GET"]}}],"collection":[{"href":"https:\/\/meditex.ee\/en\/wp-json\/wp\/v2\/product"}],"about":[{"href":"https:\/\/meditex.ee\/en\/wp-json\/wp\/v2\/types\/product"}],"wp:featuredmedia":[{"embeddable":true,"href":"https:\/\/meditex.ee\/en\/wp-json\/wp\/v2\/media\/17417"}],"wp:attachment":[{"href":"https:\/\/meditex.ee\/en\/wp-json\/wp\/v2\/media?parent=17360"}],"wp:term":[{"taxonomy":"product_brand","embeddable":true,"href":"https:\/\/meditex.ee\/en\/wp-json\/wp\/v2\/product_brand?post=17360"},{"taxonomy":"product_cat","embeddable":true,"href":"https:\/\/meditex.ee\/en\/wp-json\/wp\/v2\/product_cat?post=17360"},{"taxonomy":"product_tag","embeddable":true,"href":"https:\/\/meditex.ee\/en\/wp-json\/wp\/v2\/product_tag?post=17360"}],"curies":[{"name":"wp","href":"https:\/\/api.w.org\/{rel}","templated":true}]}}