{"id":1679,"date":"2018-04-03T09:14:08","date_gmt":"2018-04-03T09:14:08","guid":{"rendered":"https:\/\/meditex.ee\/product\/implant-stabilizer-band\/"},"modified":"2023-07-31T10:25:12","modified_gmt":"2023-07-31T10:25:12","slug":"stabilising-voo","status":"publish","type":"product","link":"https:\/\/meditex.ee\/en\/product\/stabilising-voo\/","title":{"rendered":"Carefix implants stabilising belt"},"content":{"rendered":"<div class=\"row align-bottom\"  id=\"row-1493282402\">\n\n\t<div id=\"col-385227723\" class=\"col medium-4 small-12 large-4\"  >\n\t\t\t\t<div class=\"col-inner\"  >\n\t\t\t\n\t\t\t\n\t\t<\/div>\n\t\t\t\t\t<\/div>\n\n\t\n\n\t<div id=\"col-474137168\" class=\"col medium-4 small-12 large-4\"  >\n\t\t\t\t<div class=\"col-inner\"  >\n\t\t\t\n\t\t\t\n\t\t<\/div>\n\t\t\t\t\t<\/div>\n\n\t\n\n\t<div id=\"col-1995369435\" class=\"col medium-4 small-12 large-4\"  >\n\t\t\t\t<div class=\"col-inner text-right\"  >\n\t\t\t\n\t\t\t\n\t<div class=\"img has-hover x md-x lg-x y md-y lg-y\" id=\"image_129113905\">\n\t\t\t\t\t\t\t\t<div class=\"img-inner dark\" >\n\t\t\t<img decoding=\"async\" width=\"1020\" height=\"315\" src=\"https:\/\/meditex.ee\/wp-content\/uploads\/2018\/03\/CAREFIX_PAYOFF_4F-1400x433.png\" class=\"attachment-large size-large\" alt=\"\" srcset=\"https:\/\/meditex.ee\/wp-content\/uploads\/2018\/03\/CAREFIX_PAYOFF_4F-1400x433.png 1400w, https:\/\/meditex.ee\/wp-content\/uploads\/2018\/03\/CAREFIX_PAYOFF_4F-510x158.png 510w, https:\/\/meditex.ee\/wp-content\/uploads\/2018\/03\/CAREFIX_PAYOFF_4F-800x248.png 800w, https:\/\/meditex.ee\/wp-content\/uploads\/2018\/03\/CAREFIX_PAYOFF_4F-768x238.png 768w, https:\/\/meditex.ee\/wp-content\/uploads\/2018\/03\/CAREFIX_PAYOFF_4F-600x186.png 600w, https:\/\/meditex.ee\/wp-content\/uploads\/2018\/03\/CAREFIX_PAYOFF_4F.png 2038w\" sizes=\"(max-width: 1020px) 100vw, 1020px\" \/>\t\t\t\t\t\t\n\t\t\t\t\t<\/div>\n\t\t\t\t\t\t\t\t\n<style>\n#image_129113905 {\n  width: 50%;\n}\n<\/style>\n\t<\/div>\n\t\n\t\t<\/div>\n\t\t\t\t\t<\/div>\n\n\t\n<\/div>\n<p class=\"western\" style=\"text-align: left;\"><span style=\"font-size: 105%; color: #000000;\"><strong><span style=\"font-family: Arial, serif;\">KIRJELDUS: <\/span><\/strong><span style=\"font-family: 'HelveticaNeueLT Std Lt', sans-serif;\">Implantaadi stabiliseerivi v\u00f6\u00f6 on loodud rinnaimplantaatide stabiliseerimiseks ja paigutamiseks rindade suurendamise j\u00e4rel. Tootel on eest reguleeritav takjakinnitus jning see on valmistatud pehmest hingavast materjalist. V\u00f6\u00f6 pakub ideaalse tasakaalu mugavuse ja kompressiooni vahel. Implantaadi stabilisaatori v\u00f6\u00f6d on lihtne kasutada ja kohaldada.<\/span><\/span><\/p>\n<p class=\"western\" style=\"text-align: left;\"><span style=\"font-size: 105%; color: #000000;\"><strong><span style=\"font-family: Arial, serif;\">KOOSTIS:<\/span><\/strong><span style=\"font-family: Arial, serif;\"> 62% pol\u00fcamiid, 29% viskoos, 9% elastaan<\/span><\/span><\/p>\n<p class=\"western\" style=\"text-align: left;\"><span style=\"font-size: 105%; color: #000000;\"><strong><span style=\"font-family: Arial, serif;\">SUURUS:<\/span><\/strong><span style=\"font-family: Arial, serif;\">\u00a090X9,5 \u0441\u043c<\/span><\/span><\/p>\n<p class=\"western\" style=\"text-align: left;\"><span style=\"color: #333399; font-size: 105%;\"><strong><span style=\"font-family: Arial, serif;\">KOKKUSOBIVAD TOOTED:<\/span><\/strong><\/span><\/p>\n<div class=\"row row-full-width align-equal align-center\"  id=\"row-193715956\">\n\n\t<div id=\"col-970350423\" class=\"col medium-3 small-6 large-3\"  >\n\t\t\t\t<div class=\"col-inner text-center\"  >\n\t\t\t\n\t\t\t\n\t<div class=\"box has-hover   has-hover box-text-bottom\" >\n\n\t\t<div class=\"box-image\" >\n\t\t\t<a href=\"https:\/\/meditex.ee\/product\/ava\/\" >\t\t\t<div class=\"\" >\n\t\t\t\t<img decoding=\"async\" width=\"600\" height=\"767\" src=\"https:\/\/meditex.ee\/wp-content\/uploads\/2018\/03\/ava_3444_wh_front_100.jpg\" class=\"attachment- size-\" alt=\"\" srcset=\"https:\/\/meditex.ee\/wp-content\/uploads\/2018\/03\/ava_3444_wh_front_100.jpg 600w, https:\/\/meditex.ee\/wp-content\/uploads\/2018\/03\/ava_3444_wh_front_100-510x652.jpg 510w, https:\/\/meditex.ee\/wp-content\/uploads\/2018\/03\/ava_3444_wh_front_100-313x400.jpg 313w\" sizes=\"(max-width: 600px) 100vw, 600px\" \/>\t\t\t\t\t\t\t\t\t\t\t<\/div>\n\t\t\t<\/a>\t\t<\/div>\n\n\t\t<div class=\"box-text text-center\" >\n\t\t\t<div class=\"box-text-inner\">\n\t\t\t\t\n<h3 style=\"text-align: center;\"><a href=\"https:\/\/meditex.ee\/en\/product\/ava\/\"><span style=\"color: #000000;\">AVA<\/span><\/a><\/h3>\n\t\t\t<\/div>\n\t\t<\/div>\n\t<\/div>\n\t\n\t\t<\/div>\n\t\t\t\t\t<\/div>\n\n\t\n\n\t<div id=\"col-1333270321\" class=\"col medium-3 small-6 large-3\"  >\n\t\t\t\t<div class=\"col-inner text-center\"  >\n\t\t\t\n\t\t\t\n\t<div class=\"box has-hover   has-hover box-text-bottom\" >\n\n\t\t<div class=\"box-image\" >\n\t\t\t<a href=\"https:\/\/meditex.ee\/product\/alice\/\" >\t\t\t<div class=\"\" >\n\t\t\t\t<img decoding=\"async\" width=\"400\" height=\"532\" src=\"https:\/\/meditex.ee\/wp-content\/uploads\/2018\/04\/alice_3291_bl_front_100-400x532.jpg\" class=\"attachment- size-\" alt=\"\" srcset=\"https:\/\/meditex.ee\/wp-content\/uploads\/2018\/04\/alice_3291_bl_front_100-400x532.jpg 400w, https:\/\/meditex.ee\/wp-content\/uploads\/2018\/04\/alice_3291_bl_front_100-400x532-301x400.jpg 301w\" sizes=\"(max-width: 400px) 100vw, 400px\" \/>\t\t\t\t\t\t\t\t\t\t\t<\/div>\n\t\t\t<\/a>\t\t<\/div>\n\n\t\t<div class=\"box-text text-center\" >\n\t\t\t<div class=\"box-text-inner\">\n\t\t\t\t\n<h3 style=\"text-align: center;\"><a href=\"https:\/\/meditex.ee\/en\/product\/alice\/\"><span style=\"color: #000000;\">ALICE<\/span><\/a><\/h3>\n\t\t\t<\/div>\n\t\t<\/div>\n\t<\/div>\n\t\n\t\t<\/div>\n\t\t\t\t\t<\/div>\n\n\t\n\n\t<div id=\"col-514832030\" class=\"col medium-3 small-6 large-3\"  >\n\t\t\t\t<div class=\"col-inner text-center\"  >\n\t\t\t\n\t\t\t\n\t<div class=\"box has-hover   has-hover box-text-bottom\" >\n\n\t\t<div class=\"box-image\" >\n\t\t\t<a href=\"https:\/\/meditex.ee\/product\/mary\/\" >\t\t\t<div class=\"\" >\n\t\t\t\t<img decoding=\"async\" width=\"600\" height=\"767\" src=\"https:\/\/meditex.ee\/wp-content\/uploads\/2018\/03\/mary_3343_wh2_front_100.jpg\" class=\"attachment- size-\" alt=\"\" srcset=\"https:\/\/meditex.ee\/wp-content\/uploads\/2018\/03\/mary_3343_wh2_front_100.jpg 600w, https:\/\/meditex.ee\/wp-content\/uploads\/2018\/03\/mary_3343_wh2_front_100-510x652.jpg 510w, https:\/\/meditex.ee\/wp-content\/uploads\/2018\/03\/mary_3343_wh2_front_100-313x400.jpg 313w\" sizes=\"(max-width: 600px) 100vw, 600px\" \/>\t\t\t\t\t\t\t\t\t\t\t<\/div>\n\t\t\t<\/a>\t\t<\/div>\n\n\t\t<div class=\"box-text text-center\" >\n\t\t\t<div class=\"box-text-inner\">\n\t\t\t\t\n<h3 style=\"text-align: center;\"><a href=\"https:\/\/meditex.ee\/lv\/?post_type=product&#038;p=15610\"><span style=\"color: #000000;\">MARY<\/span><\/a><\/h3>\n\t\t\t<\/div>\n\t\t<\/div>\n\t<\/div>\n\t\n\t\t<\/div>\n\t\t\t\t\t<\/div>\n\n\t\n\n\t<div id=\"col-628978831\" class=\"col medium-3 small-6 large-3\"  >\n\t\t\t\t<div class=\"col-inner text-center\"  >\n\t\t\t\n\t\t\t\n\t<div class=\"box has-hover   has-hover box-text-bottom\" >\n\n\t\t<div class=\"box-image\" >\n\t\t\t<a href=\"https:\/\/meditex.ee\/product\/bella\/\" >\t\t\t<div class=\"\" >\n\t\t\t\t<img decoding=\"async\" width=\"600\" height=\"767\" src=\"https:\/\/meditex.ee\/wp-content\/uploads\/2018\/04\/bella_3212_wh_front_100.jpg\" class=\"attachment- size-\" alt=\"\" srcset=\"https:\/\/meditex.ee\/wp-content\/uploads\/2018\/04\/bella_3212_wh_front_100.jpg 600w, https:\/\/meditex.ee\/wp-content\/uploads\/2018\/04\/bella_3212_wh_front_100-510x652.jpg 510w, https:\/\/meditex.ee\/wp-content\/uploads\/2018\/04\/bella_3212_wh_front_100-313x400.jpg 313w\" sizes=\"(max-width: 600px) 100vw, 600px\" \/>\t\t\t\t\t\t\t\t\t\t\t<\/div>\n\t\t\t<\/a>\t\t<\/div>\n\n\t\t<div class=\"box-text text-center\" >\n\t\t\t<div class=\"box-text-inner\">\n\t\t\t\t\n<h3 style=\"text-align: center;\"><a href=\"https:\/\/meditex.ee\/en\/product\/bella\/\"><span style=\"color: #000000;\">BELLA<\/span><\/a><\/h3>\n\t\t\t<\/div>\n\t\t<\/div>\n\t<\/div>\n\t\n\t\t<\/div>\n\t\t\t\t\t<\/div>\n\n\t\n<\/div>\n","protected":false},"excerpt":{"rendered":"<p style=\"text-align: left;\" align=\"justify\"><span style=\"color: #000000; font-size: 75%;\"><span style=\"font-family: HelveticaNeueLT Std Lt, sans-serif;\">For the stabilisation and positioning of breast implants for optimal surgical results and elegantly shaped breasts.<\/span><\/span><\/p>\n","protected":false},"featured_media":1487,"template":"","meta":[],"product_brand":[],"product_cat":[367],"product_tag":[119],"class_list":{"0":"post-1679","1":"product","2":"type-product","3":"status-publish","4":"has-post-thumbnail","6":"product_cat-additional-products-en","7":"product_tag-carefix-en","9":"first","10":"instock","11":"taxable","12":"shipping-taxable","13":"purchasable","14":"product-type-variable","15":"has-default-attributes"},"yoast_head":"<!-- This site is optimized with the Yoast SEO plugin v27.3 - https:\/\/yoast.com\/product\/yoast-seo-wordpress\/ -->\n<title>Carefix implants stabilising belt<\/title>\n<meta name=\"description\" content=\"To stabilise breast implants after breast augmentation. For an adjustable jacket fastening and made from soft breathable material.\" \/>\n<meta name=\"robots\" content=\"index, follow, max-snippet:-1, max-image-preview:large, max-video-preview:-1\" \/>\n<link rel=\"canonical\" href=\"https:\/\/meditex.ee\/toode\/stabiliseeriv-voo\/\" \/>\n<meta property=\"og:locale\" content=\"en_US\" \/>\n<meta property=\"og:type\" content=\"article\" \/>\n<meta property=\"og:title\" content=\"Carefix implants stabilising belt\" \/>\n<meta property=\"og:description\" content=\"To stabilise breast implants after breast augmentation. For an adjustable jacket fastening and made from soft breathable material.\" \/>\n<meta property=\"og:url\" content=\"https:\/\/meditex.ee\/toode\/stabiliseeriv-voo\/\" \/>\n<meta property=\"og:site_name\" content=\"Meditex\" \/>\n<meta property=\"article:publisher\" content=\"https:\/\/www.facebook.com\/meditexepood\/\" \/>\n<meta property=\"article:modified_time\" content=\"2023-07-31T10:25:12+00:00\" \/>\n<meta property=\"og:image\" content=\"https:\/\/meditex.ee\/wp-content\/uploads\/2018\/04\/isb_8113_black_front_100.jpg\" \/>\n\t<meta property=\"og:image:width\" content=\"600\" \/>\n\t<meta property=\"og:image:height\" content=\"639\" \/>\n\t<meta property=\"og:image:type\" content=\"image\/jpeg\" \/>\n<meta name=\"twitter:card\" content=\"summary_large_image\" \/>\n<meta name=\"twitter:label1\" content=\"Est. reading time\" \/>\n\t<meta name=\"twitter:data1\" content=\"1 minute\" \/>\n<script type=\"application\/ld+json\" class=\"yoast-schema-graph\">{\"@context\":\"https:\\\/\\\/schema.org\",\"@graph\":[{\"@type\":\"WebPage\",\"@id\":\"https:\\\/\\\/meditex.ee\\\/toode\\\/stabiliseeriv-voo\\\/\",\"url\":\"https:\\\/\\\/meditex.ee\\\/toode\\\/stabiliseeriv-voo\\\/\",\"name\":\"Carefix implants stabilising belt\",\"isPartOf\":{\"@id\":\"https:\\\/\\\/meditex.ee\\\/en\\\/#website\"},\"primaryImageOfPage\":{\"@id\":\"https:\\\/\\\/meditex.ee\\\/toode\\\/stabiliseeriv-voo\\\/#primaryimage\"},\"image\":{\"@id\":\"https:\\\/\\\/meditex.ee\\\/toode\\\/stabiliseeriv-voo\\\/#primaryimage\"},\"thumbnailUrl\":\"https:\\\/\\\/meditex.ee\\\/wp-content\\\/uploads\\\/2018\\\/04\\\/isb_8113_black_front_100.jpg\",\"datePublished\":\"2018-04-03T09:14:08+00:00\",\"dateModified\":\"2023-07-31T10:25:12+00:00\",\"description\":\"To stabilise breast implants after breast augmentation. For an adjustable jacket fastening and made from soft breathable material.\",\"breadcrumb\":{\"@id\":\"https:\\\/\\\/meditex.ee\\\/toode\\\/stabiliseeriv-voo\\\/#breadcrumb\"},\"inLanguage\":\"en-US\",\"potentialAction\":[{\"@type\":\"ReadAction\",\"target\":[\"https:\\\/\\\/meditex.ee\\\/toode\\\/stabiliseeriv-voo\\\/\"]}]},{\"@type\":\"ImageObject\",\"inLanguage\":\"en-US\",\"@id\":\"https:\\\/\\\/meditex.ee\\\/toode\\\/stabiliseeriv-voo\\\/#primaryimage\",\"url\":\"https:\\\/\\\/meditex.ee\\\/wp-content\\\/uploads\\\/2018\\\/04\\\/isb_8113_black_front_100.jpg\",\"contentUrl\":\"https:\\\/\\\/meditex.ee\\\/wp-content\\\/uploads\\\/2018\\\/04\\\/isb_8113_black_front_100.jpg\",\"width\":600,\"height\":639,\"caption\":\"Rinnaimplantaadid taastumine\"},{\"@type\":\"BreadcrumbList\",\"@id\":\"https:\\\/\\\/meditex.ee\\\/toode\\\/stabiliseeriv-voo\\\/#breadcrumb\",\"itemListElement\":[{\"@type\":\"ListItem\",\"position\":1,\"name\":\"Home\",\"item\":\"https:\\\/\\\/meditex.ee\\\/en\\\/\"},{\"@type\":\"ListItem\",\"position\":2,\"name\":\"Shop\",\"item\":\"https:\\\/\\\/meditex.ee\\\/en\\\/shop\\\/\"},{\"@type\":\"ListItem\",\"position\":3,\"name\":\"Carefix implants stabilising belt\"}]},{\"@type\":\"WebSite\",\"@id\":\"https:\\\/\\\/meditex.ee\\\/en\\\/#website\",\"url\":\"https:\\\/\\\/meditex.ee\\\/en\\\/\",\"name\":\"Meditex\",\"description\":\"\",\"publisher\":{\"@id\":\"https:\\\/\\\/meditex.ee\\\/en\\\/#organization\"},\"potentialAction\":[{\"@type\":\"SearchAction\",\"target\":{\"@type\":\"EntryPoint\",\"urlTemplate\":\"https:\\\/\\\/meditex.ee\\\/en\\\/?s={search_term_string}\"},\"query-input\":{\"@type\":\"PropertyValueSpecification\",\"valueRequired\":true,\"valueName\":\"search_term_string\"}}],\"inLanguage\":\"en-US\"},{\"@type\":\"Organization\",\"@id\":\"https:\\\/\\\/meditex.ee\\\/en\\\/#organization\",\"name\":\"Meditex\",\"url\":\"https:\\\/\\\/meditex.ee\\\/en\\\/\",\"logo\":{\"@type\":\"ImageObject\",\"inLanguage\":\"en-US\",\"@id\":\"https:\\\/\\\/meditex.ee\\\/en\\\/#\\\/schema\\\/logo\\\/image\\\/\",\"url\":\"https:\\\/\\\/meditex.ee\\\/wp-content\\\/uploads\\\/2018\\\/03\\\/mdtx_logo.png\",\"contentUrl\":\"https:\\\/\\\/meditex.ee\\\/wp-content\\\/uploads\\\/2018\\\/03\\\/mdtx_logo.png\",\"width\":669,\"height\":235,\"caption\":\"Meditex\"},\"image\":{\"@id\":\"https:\\\/\\\/meditex.ee\\\/en\\\/#\\\/schema\\\/logo\\\/image\\\/\"},\"sameAs\":[\"https:\\\/\\\/www.facebook.com\\\/meditexepood\\\/\"]}]}<\/script>\n<!-- \/ Yoast SEO plugin. -->","yoast_head_json":{"title":"Carefix implants stabilising belt","description":"To stabilise breast implants after breast augmentation. For an adjustable jacket fastening and made from soft breathable material.","robots":{"index":"index","follow":"follow","max-snippet":"max-snippet:-1","max-image-preview":"max-image-preview:large","max-video-preview":"max-video-preview:-1"},"canonical":"https:\/\/meditex.ee\/toode\/stabiliseeriv-voo\/","og_locale":"en_US","og_type":"article","og_title":"Carefix implants stabilising belt","og_description":"To stabilise breast implants after breast augmentation. For an adjustable jacket fastening and made from soft breathable material.","og_url":"https:\/\/meditex.ee\/toode\/stabiliseeriv-voo\/","og_site_name":"Meditex","article_publisher":"https:\/\/www.facebook.com\/meditexepood\/","article_modified_time":"2023-07-31T10:25:12+00:00","og_image":[{"width":600,"height":639,"url":"https:\/\/meditex.ee\/wp-content\/uploads\/2018\/04\/isb_8113_black_front_100.jpg","type":"image\/jpeg"}],"twitter_card":"summary_large_image","twitter_misc":{"Est. reading time":"1 minute"},"schema":{"@context":"https:\/\/schema.org","@graph":[{"@type":"WebPage","@id":"https:\/\/meditex.ee\/toode\/stabiliseeriv-voo\/","url":"https:\/\/meditex.ee\/toode\/stabiliseeriv-voo\/","name":"Carefix implants stabilising belt","isPartOf":{"@id":"https:\/\/meditex.ee\/en\/#website"},"primaryImageOfPage":{"@id":"https:\/\/meditex.ee\/toode\/stabiliseeriv-voo\/#primaryimage"},"image":{"@id":"https:\/\/meditex.ee\/toode\/stabiliseeriv-voo\/#primaryimage"},"thumbnailUrl":"https:\/\/meditex.ee\/wp-content\/uploads\/2018\/04\/isb_8113_black_front_100.jpg","datePublished":"2018-04-03T09:14:08+00:00","dateModified":"2023-07-31T10:25:12+00:00","description":"To stabilise breast implants after breast augmentation. For an adjustable jacket fastening and made from soft breathable material.","breadcrumb":{"@id":"https:\/\/meditex.ee\/toode\/stabiliseeriv-voo\/#breadcrumb"},"inLanguage":"en-US","potentialAction":[{"@type":"ReadAction","target":["https:\/\/meditex.ee\/toode\/stabiliseeriv-voo\/"]}]},{"@type":"ImageObject","inLanguage":"en-US","@id":"https:\/\/meditex.ee\/toode\/stabiliseeriv-voo\/#primaryimage","url":"https:\/\/meditex.ee\/wp-content\/uploads\/2018\/04\/isb_8113_black_front_100.jpg","contentUrl":"https:\/\/meditex.ee\/wp-content\/uploads\/2018\/04\/isb_8113_black_front_100.jpg","width":600,"height":639,"caption":"Rinnaimplantaadid taastumine"},{"@type":"BreadcrumbList","@id":"https:\/\/meditex.ee\/toode\/stabiliseeriv-voo\/#breadcrumb","itemListElement":[{"@type":"ListItem","position":1,"name":"Home","item":"https:\/\/meditex.ee\/en\/"},{"@type":"ListItem","position":2,"name":"Shop","item":"https:\/\/meditex.ee\/en\/shop\/"},{"@type":"ListItem","position":3,"name":"Carefix implants stabilising belt"}]},{"@type":"WebSite","@id":"https:\/\/meditex.ee\/en\/#website","url":"https:\/\/meditex.ee\/en\/","name":"Meditex","description":"","publisher":{"@id":"https:\/\/meditex.ee\/en\/#organization"},"potentialAction":[{"@type":"SearchAction","target":{"@type":"EntryPoint","urlTemplate":"https:\/\/meditex.ee\/en\/?s={search_term_string}"},"query-input":{"@type":"PropertyValueSpecification","valueRequired":true,"valueName":"search_term_string"}}],"inLanguage":"en-US"},{"@type":"Organization","@id":"https:\/\/meditex.ee\/en\/#organization","name":"Meditex","url":"https:\/\/meditex.ee\/en\/","logo":{"@type":"ImageObject","inLanguage":"en-US","@id":"https:\/\/meditex.ee\/en\/#\/schema\/logo\/image\/","url":"https:\/\/meditex.ee\/wp-content\/uploads\/2018\/03\/mdtx_logo.png","contentUrl":"https:\/\/meditex.ee\/wp-content\/uploads\/2018\/03\/mdtx_logo.png","width":669,"height":235,"caption":"Meditex"},"image":{"@id":"https:\/\/meditex.ee\/en\/#\/schema\/logo\/image\/"},"sameAs":["https:\/\/www.facebook.com\/meditexepood\/"]}]}},"_links":{"self":[{"href":"https:\/\/meditex.ee\/en\/wp-json\/wp\/v2\/product\/1679","targetHints":{"allow":["GET"]}}],"collection":[{"href":"https:\/\/meditex.ee\/en\/wp-json\/wp\/v2\/product"}],"about":[{"href":"https:\/\/meditex.ee\/en\/wp-json\/wp\/v2\/types\/product"}],"wp:featuredmedia":[{"embeddable":true,"href":"https:\/\/meditex.ee\/en\/wp-json\/wp\/v2\/media\/1487"}],"wp:attachment":[{"href":"https:\/\/meditex.ee\/en\/wp-json\/wp\/v2\/media?parent=1679"}],"wp:term":[{"taxonomy":"product_brand","embeddable":true,"href":"https:\/\/meditex.ee\/en\/wp-json\/wp\/v2\/product_brand?post=1679"},{"taxonomy":"product_cat","embeddable":true,"href":"https:\/\/meditex.ee\/en\/wp-json\/wp\/v2\/product_cat?post=1679"},{"taxonomy":"product_tag","embeddable":true,"href":"https:\/\/meditex.ee\/en\/wp-json\/wp\/v2\/product_tag?post=1679"}],"curies":[{"name":"wp","href":"https:\/\/api.w.org\/{rel}","templated":true}]}}