{"id":1836,"date":"2018-06-19T13:09:33","date_gmt":"2018-06-19T13:09:33","guid":{"rendered":"https:\/\/meditex.ee\/?page_id=1836"},"modified":"2023-07-31T09:48:39","modified_gmt":"2023-07-31T09:48:39","slug":"isavela","status":"publish","type":"page","link":"https:\/\/meditex.ee\/en\/isavela\/","title":{"rendered":"Isavela"},"content":{"rendered":"\n<div class=\"row\"  id=\"row-1265277819\">\n\n\n\t<div id=\"col-422418436\" class=\"col medium-6 small-12 large-6\"  >\n\t\t\t\t<div class=\"col-inner\"  >\n\t\t\t\n\t\t\t\n\n<div class=\"is-divider divider clearfix\" style=\"background-color:rgb(255, 255, 255);\"><\/div>\n\n<h2><span style=\"color: #000080;\">SURVERIIDED<\/span><\/h2>\n\n\t\t<\/div>\n\t\t\t\t\t<\/div>\n\n\t\n\n\t<div id=\"col-1016159846\" class=\"col medium-6 small-12 large-6\"  >\n\t\t\t\t<div class=\"col-inner text-right\"  >\n\t\t\t\n\t\t\t\n\n\t<div class=\"img has-hover x md-x lg-x y md-y lg-y\" id=\"image_436356610\">\n\t\t\t\t\t\t\t\t<div class=\"img-inner dark\" >\n\t\t\t<img decoding=\"async\" width=\"486\" height=\"199\" src=\"https:\/\/meditex.ee\/wp-content\/uploads\/2020\/10\/isavela_logo-1.png\" class=\"attachment-large size-large\" alt=\"\" \/>\t\t\t\t\t\t\n\t\t\t\t\t<\/div>\n\t\t\t\t\t\t\t\t\n<style>\n#image_436356610 {\n  width: 60%;\n}\n<\/style>\n\t<\/div>\n\t\n\n\n\t\t<\/div>\n\t\t\t\t\t<\/div>\n\n\t\n\n<\/div>\n<p style=\"text-align: left;\"><span style=\"color: #000000;\">Isavela Enterprises, Inc. asutati 2008. aastal seoses n\u00f5udlusega k\u00f5rgekvaliteediliste ja samas soodsate surveriiete j\u00e4rgi, mis oleks tehtud vastupidavast USA kangast.<\/span><\/p>\n<div class=\"row\"  id=\"row-204635546\">\n\n\n\t<div id=\"col-1452417076\" class=\"col medium-6 small-12 large-6\"  >\n\t\t\t\t<div class=\"col-inner\"  >\n\t\t\t\n\t\t\t\n\n<p style=\"text-align: left;\"><span style=\"color: #000000;\">After ten successful years, Isavela has emerged as the world&#8217;s leading manufacturer of pressure garments. Their high-tech fabric is made in America. The Comprexxwear\u00ae fabric developed by the company has the right amount of compression.<\/span><\/p>\n<p style=\"text-align: left;\"><span style=\"color: #000000;\">Isavela compression garments are specially designed and purpose-built with compression panels to help reduce bleeding and swelling, both immediately after the surgical procedure and during the healing process.  <\/span><\/p>\n\n\t\t<\/div>\n\t\t\t\t\t<\/div>\n\n\t\n\n\t<div id=\"col-648453387\" class=\"col medium-6 small-12 large-6\"  >\n\t\t\t\t<div class=\"col-inner text-center\"  >\n\t\t\t\n\t\t\t\n\n\t<div class=\"img has-hover x md-x lg-x y md-y lg-y\" id=\"image_299348574\">\n\t\t\t\t\t\t\t\t<div class=\"img-inner dark\" >\n\t\t\t<img decoding=\"async\" width=\"640\" height=\"427\" src=\"https:\/\/meditex.ee\/wp-content\/uploads\/2018\/03\/isavela-compression-garments-manufacturing-technology-autonesting-setting-rules.jpg\" class=\"attachment-large size-large\" alt=\"\" srcset=\"https:\/\/meditex.ee\/wp-content\/uploads\/2018\/03\/isavela-compression-garments-manufacturing-technology-autonesting-setting-rules.jpg 640w, https:\/\/meditex.ee\/wp-content\/uploads\/2018\/03\/isavela-compression-garments-manufacturing-technology-autonesting-setting-rules-510x340.jpg 510w, https:\/\/meditex.ee\/wp-content\/uploads\/2018\/03\/isavela-compression-garments-manufacturing-technology-autonesting-setting-rules-600x400.jpg 600w\" sizes=\"(max-width: 640px) 100vw, 640px\" \/>\t\t\t\t\t\t\n\t\t\t\t\t<\/div>\n\t\t\t\t\t\t\t\t\n<style>\n#image_299348574 {\n  width: 70%;\n}\n<\/style>\n\t<\/div>\n\t\n\n\n\t\t<\/div>\n\t\t\t\t\t<\/div>\n\n\t\n\n<\/div>\n<div class=\"row\"  id=\"row-924381552\">\n\n\n\t<div id=\"col-1614788137\" class=\"col medium-6 small-12 large-6\"  >\n\t\t\t\t<div class=\"col-inner text-center\"  >\n\t\t\t\n\t\t\t\n\n<div class=\"is-divider divider clearfix\" style=\"height:20px;background-color:rgb(255, 255, 255);\"><\/div>\n\n\t<div class=\"img has-hover x md-x lg-x y md-y lg-y\" id=\"image_400737564\">\n\t\t\t\t\t\t\t\t<div class=\"img-inner dark\" >\n\t\t\t<img decoding=\"async\" width=\"640\" height=\"427\" src=\"https:\/\/meditex.ee\/wp-content\/uploads\/2018\/03\/isavela-compression-garments-manufacturing-technology-cutter-automation-closeup.jpg\" class=\"attachment-large size-large\" alt=\"\" srcset=\"https:\/\/meditex.ee\/wp-content\/uploads\/2018\/03\/isavela-compression-garments-manufacturing-technology-cutter-automation-closeup.jpg 640w, https:\/\/meditex.ee\/wp-content\/uploads\/2018\/03\/isavela-compression-garments-manufacturing-technology-cutter-automation-closeup-510x340.jpg 510w, https:\/\/meditex.ee\/wp-content\/uploads\/2018\/03\/isavela-compression-garments-manufacturing-technology-cutter-automation-closeup-600x400.jpg 600w\" sizes=\"(max-width: 640px) 100vw, 640px\" \/>\t\t\t\t\t\t\n\t\t\t\t\t<\/div>\n\t\t\t\t\t\t\t\t\n<style>\n#image_400737564 {\n  width: 80%;\n}\n<\/style>\n\t<\/div>\n\t\n\n\n\t\t<\/div>\n\t\t\t\t\t<\/div>\n\n\t\n\n\t<div id=\"col-329108743\" class=\"col medium-6 small-12 large-6\"  >\n\t\t\t\t<div class=\"col-inner\"  >\n\t\t\t\n\t\t\t\n\n<p style=\"text-align: left;\"><span style=\"color: #000000;\">Comprexxwear\u00ae surverie is like a second skin, only better, so it can be worn comfortably every day or until the surgeon recommends. Isavela breathable and soft surfer clothes keep cool and dry. Plus, they have an anti-odour treatment to keep you fresh.<\/span><\/p>\n<p style=\"text-align: left;\"><span style=\"color: #000000;\">Isavela clothes are ideal for use:<\/span><\/p>\n<p style=\"text-align: left;\"><span style=\"color: #000000;\">-after surgery<\/span><\/p>\n<p style=\"text-align: left;\"><span style=\"color: #000000;\">-during pregnancy<\/span><\/p>\n<p style=\"text-align: left;\"><span style=\"color: #000000;\">-after childbirth<\/span><\/p>\n<p style=\"text-align: left;\"><span style=\"color: #000000;\">-as corrective fabrics<\/span><\/p>\n<p style=\"text-align: left;\"><span style=\"color: #000000;\">-on top of the tufts of plastic<\/span><\/p>\n\n\t\t<\/div>\n\t\t\t\t\t<\/div>\n\n\t\n\n<\/div>\n<p style=\"text-align: left;\"><span style=\"color: #000000;\">Isavela r\u00f5ivad pakuvad Teile taastumisperioodi ajal mugavust, enesekindlust ning optimaalseid tingimusi.<\/span><\/p>\n<div class=\"row\"  id=\"row-462094938\">\n\n\n\t<div id=\"col-1564505240\" class=\"col small-12 large-12\"  >\n\t\t\t\t<div class=\"col-inner\"  >\n\t\t\t\n\t\t\t\n\n\t<div class=\"img has-hover x md-x lg-x y md-y lg-y\" id=\"image_1036645686\">\n\t\t\t\t\t\t\t\t<div class=\"img-inner dark\" >\n\t\t\t<img decoding=\"async\" width=\"683\" height=\"400\" src=\"https:\/\/meditex.ee\/wp-content\/uploads\/2020\/10\/isavela-683x400.png\" class=\"attachment-medium size-medium\" alt=\"\" srcset=\"https:\/\/meditex.ee\/wp-content\/uploads\/2020\/10\/isavela-683x400.png 683w, https:\/\/meditex.ee\/wp-content\/uploads\/2020\/10\/isavela-510x299.png 510w, https:\/\/meditex.ee\/wp-content\/uploads\/2020\/10\/isavela-768x450.png 768w, https:\/\/meditex.ee\/wp-content\/uploads\/2020\/10\/isavela-600x351.png 600w, https:\/\/meditex.ee\/wp-content\/uploads\/2020\/10\/isavela.png 1170w\" sizes=\"(max-width: 683px) 100vw, 683px\" \/>\t\t\t\t\t\t\n\t\t\t\t\t<\/div>\n\t\t\t\t\t\t\t\t\n<style>\n#image_1036645686 {\n  width: 100%;\n}\n<\/style>\n\t<\/div>\n\t\n\n\n\t\t<\/div>\n\t\t\t\t\t<\/div>\n\n\t\n\n<\/div>\n<div class=\"text-center\"><div class=\"is-divider divider clearfix\" style=\"background-color:rgb(255, 255, 255);\"><\/div><\/div>\n\n<a href=\"http:\/\/meditex.ee\/shop\" class=\"button primary is-bevel box-shadow-3 box-shadow-5-hover expand\" style=\"border-radius:8px;\">\n\t<i class=\"icon-shopping-cart\" aria-hidden=\"true\"><\/i>\t<span>Shop at<\/span>\n\t<\/a>\n\n\n\n","protected":false},"excerpt":{"rendered":"<p>Isavela Enterprises, Inc. asutati 2008. aastal seoses n\u00f5udlusega k\u00f5rgekvaliteediliste ja samas soodsate surveriiete j\u00e4rgi, mis oleks tehtud vastupidavast USA kangast. Isavela r\u00f5ivad pakuvad Teile taastumisperioodi ajal mugavust, enesekindlust ning optimaalseid tingimusi.<\/p>\n","protected":false},"author":1,"featured_media":0,"parent":0,"menu_order":0,"comment_status":"closed","ping_status":"closed","template":"","meta":{"footnotes":""},"class_list":["post-1836","page","type-page","status-publish","hentry"],"yoast_head":"<!-- This site is optimized with the Yoast SEO plugin v27.3 - https:\/\/yoast.com\/product\/yoast-seo-wordpress\/ -->\n<title>Isavela - Meditex<\/title>\n<meta name=\"robots\" content=\"index, follow, max-snippet:-1, max-image-preview:large, max-video-preview:-1\" \/>\n<link rel=\"canonical\" href=\"https:\/\/meditex.ee\/en\/isavela\/\" \/>\n<meta property=\"og:locale\" content=\"en_US\" \/>\n<meta property=\"og:type\" content=\"article\" \/>\n<meta property=\"og:title\" content=\"Isavela - Meditex\" \/>\n<meta property=\"og:description\" content=\"Isavela Enterprises, Inc. asutati 2008. aastal seoses n\u00f5udlusega k\u00f5rgekvaliteediliste ja samas soodsate surveriiete j\u00e4rgi, mis oleks tehtud vastupidavast USA kangast. Isavela r\u00f5ivad pakuvad Teile taastumisperioodi ajal mugavust, enesekindlust ning optimaalseid tingimusi.\" \/>\n<meta property=\"og:url\" content=\"https:\/\/meditex.ee\/en\/isavela\/\" \/>\n<meta property=\"og:site_name\" content=\"Meditex\" \/>\n<meta property=\"article:publisher\" content=\"https:\/\/www.facebook.com\/meditexepood\/\" \/>\n<meta property=\"article:modified_time\" content=\"2023-07-31T09:48:39+00:00\" \/>\n<meta name=\"twitter:card\" content=\"summary_large_image\" \/>\n<meta name=\"twitter:label1\" content=\"Est. reading time\" \/>\n\t<meta name=\"twitter:data1\" content=\"1 minute\" \/>\n<script type=\"application\/ld+json\" class=\"yoast-schema-graph\">{\"@context\":\"https:\\\/\\\/schema.org\",\"@graph\":[{\"@type\":\"WebPage\",\"@id\":\"https:\\\/\\\/meditex.ee\\\/en\\\/isavela\\\/\",\"url\":\"https:\\\/\\\/meditex.ee\\\/en\\\/isavela\\\/\",\"name\":\"Isavela - Meditex\",\"isPartOf\":{\"@id\":\"https:\\\/\\\/meditex.ee\\\/en\\\/#website\"},\"datePublished\":\"2018-06-19T13:09:33+00:00\",\"dateModified\":\"2023-07-31T09:48:39+00:00\",\"breadcrumb\":{\"@id\":\"https:\\\/\\\/meditex.ee\\\/en\\\/isavela\\\/#breadcrumb\"},\"inLanguage\":\"en-US\",\"potentialAction\":[{\"@type\":\"ReadAction\",\"target\":[\"https:\\\/\\\/meditex.ee\\\/en\\\/isavela\\\/\"]}]},{\"@type\":\"BreadcrumbList\",\"@id\":\"https:\\\/\\\/meditex.ee\\\/en\\\/isavela\\\/#breadcrumb\",\"itemListElement\":[{\"@type\":\"ListItem\",\"position\":1,\"name\":\"Home\",\"item\":\"https:\\\/\\\/meditex.ee\\\/en\\\/\"},{\"@type\":\"ListItem\",\"position\":2,\"name\":\"Isavela\"}]},{\"@type\":\"WebSite\",\"@id\":\"https:\\\/\\\/meditex.ee\\\/en\\\/#website\",\"url\":\"https:\\\/\\\/meditex.ee\\\/en\\\/\",\"name\":\"Meditex\",\"description\":\"\",\"publisher\":{\"@id\":\"https:\\\/\\\/meditex.ee\\\/en\\\/#organization\"},\"potentialAction\":[{\"@type\":\"SearchAction\",\"target\":{\"@type\":\"EntryPoint\",\"urlTemplate\":\"https:\\\/\\\/meditex.ee\\\/en\\\/?s={search_term_string}\"},\"query-input\":{\"@type\":\"PropertyValueSpecification\",\"valueRequired\":true,\"valueName\":\"search_term_string\"}}],\"inLanguage\":\"en-US\"},{\"@type\":\"Organization\",\"@id\":\"https:\\\/\\\/meditex.ee\\\/en\\\/#organization\",\"name\":\"Meditex\",\"url\":\"https:\\\/\\\/meditex.ee\\\/en\\\/\",\"logo\":{\"@type\":\"ImageObject\",\"inLanguage\":\"en-US\",\"@id\":\"https:\\\/\\\/meditex.ee\\\/en\\\/#\\\/schema\\\/logo\\\/image\\\/\",\"url\":\"https:\\\/\\\/meditex.ee\\\/wp-content\\\/uploads\\\/2018\\\/03\\\/mdtx_logo.png\",\"contentUrl\":\"https:\\\/\\\/meditex.ee\\\/wp-content\\\/uploads\\\/2018\\\/03\\\/mdtx_logo.png\",\"width\":669,\"height\":235,\"caption\":\"Meditex\"},\"image\":{\"@id\":\"https:\\\/\\\/meditex.ee\\\/en\\\/#\\\/schema\\\/logo\\\/image\\\/\"},\"sameAs\":[\"https:\\\/\\\/www.facebook.com\\\/meditexepood\\\/\"]}]}<\/script>\n<!-- \/ Yoast SEO plugin. -->","yoast_head_json":{"title":"Isavela - Meditex","robots":{"index":"index","follow":"follow","max-snippet":"max-snippet:-1","max-image-preview":"max-image-preview:large","max-video-preview":"max-video-preview:-1"},"canonical":"https:\/\/meditex.ee\/en\/isavela\/","og_locale":"en_US","og_type":"article","og_title":"Isavela - Meditex","og_description":"Isavela Enterprises, Inc. asutati 2008. aastal seoses n\u00f5udlusega k\u00f5rgekvaliteediliste ja samas soodsate surveriiete j\u00e4rgi, mis oleks tehtud vastupidavast USA kangast. Isavela r\u00f5ivad pakuvad Teile taastumisperioodi ajal mugavust, enesekindlust ning optimaalseid tingimusi.","og_url":"https:\/\/meditex.ee\/en\/isavela\/","og_site_name":"Meditex","article_publisher":"https:\/\/www.facebook.com\/meditexepood\/","article_modified_time":"2023-07-31T09:48:39+00:00","twitter_card":"summary_large_image","twitter_misc":{"Est. reading time":"1 minute"},"schema":{"@context":"https:\/\/schema.org","@graph":[{"@type":"WebPage","@id":"https:\/\/meditex.ee\/en\/isavela\/","url":"https:\/\/meditex.ee\/en\/isavela\/","name":"Isavela - Meditex","isPartOf":{"@id":"https:\/\/meditex.ee\/en\/#website"},"datePublished":"2018-06-19T13:09:33+00:00","dateModified":"2023-07-31T09:48:39+00:00","breadcrumb":{"@id":"https:\/\/meditex.ee\/en\/isavela\/#breadcrumb"},"inLanguage":"en-US","potentialAction":[{"@type":"ReadAction","target":["https:\/\/meditex.ee\/en\/isavela\/"]}]},{"@type":"BreadcrumbList","@id":"https:\/\/meditex.ee\/en\/isavela\/#breadcrumb","itemListElement":[{"@type":"ListItem","position":1,"name":"Home","item":"https:\/\/meditex.ee\/en\/"},{"@type":"ListItem","position":2,"name":"Isavela"}]},{"@type":"WebSite","@id":"https:\/\/meditex.ee\/en\/#website","url":"https:\/\/meditex.ee\/en\/","name":"Meditex","description":"","publisher":{"@id":"https:\/\/meditex.ee\/en\/#organization"},"potentialAction":[{"@type":"SearchAction","target":{"@type":"EntryPoint","urlTemplate":"https:\/\/meditex.ee\/en\/?s={search_term_string}"},"query-input":{"@type":"PropertyValueSpecification","valueRequired":true,"valueName":"search_term_string"}}],"inLanguage":"en-US"},{"@type":"Organization","@id":"https:\/\/meditex.ee\/en\/#organization","name":"Meditex","url":"https:\/\/meditex.ee\/en\/","logo":{"@type":"ImageObject","inLanguage":"en-US","@id":"https:\/\/meditex.ee\/en\/#\/schema\/logo\/image\/","url":"https:\/\/meditex.ee\/wp-content\/uploads\/2018\/03\/mdtx_logo.png","contentUrl":"https:\/\/meditex.ee\/wp-content\/uploads\/2018\/03\/mdtx_logo.png","width":669,"height":235,"caption":"Meditex"},"image":{"@id":"https:\/\/meditex.ee\/en\/#\/schema\/logo\/image\/"},"sameAs":["https:\/\/www.facebook.com\/meditexepood\/"]}]}},"_links":{"self":[{"href":"https:\/\/meditex.ee\/en\/wp-json\/wp\/v2\/pages\/1836","targetHints":{"allow":["GET"]}}],"collection":[{"href":"https:\/\/meditex.ee\/en\/wp-json\/wp\/v2\/pages"}],"about":[{"href":"https:\/\/meditex.ee\/en\/wp-json\/wp\/v2\/types\/page"}],"author":[{"embeddable":true,"href":"https:\/\/meditex.ee\/en\/wp-json\/wp\/v2\/users\/1"}],"replies":[{"embeddable":true,"href":"https:\/\/meditex.ee\/en\/wp-json\/wp\/v2\/comments?post=1836"}],"version-history":[{"count":0,"href":"https:\/\/meditex.ee\/en\/wp-json\/wp\/v2\/pages\/1836\/revisions"}],"wp:attachment":[{"href":"https:\/\/meditex.ee\/en\/wp-json\/wp\/v2\/media?parent=1836"}],"curies":[{"name":"wp","href":"https:\/\/api.w.org\/{rel}","templated":true}]}}